{"id":196295,"date":"2023-02-09T14:43:43","date_gmt":"2023-02-09T13:43:43","guid":{"rendered":"https:\/\/staging.lucky-hunter.com\/product\/do-all-prairie-popper-cible-en-acier-pour-cal-22\/"},"modified":"2025-06-24T12:16:43","modified_gmt":"2025-06-24T10:16:43","slug":"do-all-prairie-popper-cible-en-acier-pour-cal-22","status":"publish","type":"product","link":"https:\/\/staging.lucky-hunter.com\/fr\/product\/do-all-prairie-popper-cible-en-acier-pour-cal-22\/","title":{"rendered":"DO ALL Prairie Popper &#8211; Cible en Acier pour Cal.22"},"content":{"rendered":"<h2><strong>Une cible en acier amusante et durable de Do-All Outdoors<\/strong><\/h2>\n<p>En tant que chasseur, il n&#8217;y a rien de tel que l&#8217;excitation de toucher une cible en plein centre. Et pour perfectionner vos comp\u00e9tences en tir, il n&#8217;y a pas de meilleur moyen que d&#8217;utiliser une silhouette de chien de prairie en acier pour calibre .22.<\/p>\n<p>Cette cible compacte et facile \u00e0 installer est con\u00e7ue pour offrir une exp\u00e9rience de tir ultime. Avec les piquets de sol inclus, vous pouvez l&#8217;installer en quelques secondes et commencer \u00e0 pratiquer votre vis\u00e9e. Et avec l&#8217;autocollant de cible inclus, vous aurez toujours une indication claire de l&#8217;endroit o\u00f9 viser.<\/p>\n<p>Le meilleur aspect de cette cible est son design \u00e0 ressort qui permet de faire tomber et remonter la cible apr\u00e8s chaque tir. Cela permet des heures de plaisir \u00e0 viser et \u00e0 voir vos tirs toucher leur cible, avec une r\u00e9action satisfaisante et visible. Que vous soyez un tireur exp\u00e9riment\u00e9 ou d\u00e9butant, cette cible vous offrira un divertissement sans fin.<\/p>\n<p>Si vous cherchez un moyen efficace d&#8217;am\u00e9liorer vos comp\u00e9tences de tir tout en vous amusant, ne cherchez pas plus loin que la silhouette de chien de prairie en acier pour calibre .22.<\/p>\n<ul>\n<li>Silhouette de chien de prairie en acier pour calibre .22<\/li>\n<li>Compacte et facile \u00e0 installer<\/li>\n<li>Piquets de sol inclus<\/li>\n<li>Autocollant de cible inclus<\/li>\n<li>Design \u00e0 ressort pour faire tomber et remonter la cible pour des heures de plaisir<\/li>\n<li>Grande r\u00e9action visuelle<\/li>\n<\/ul>\n","protected":false},"excerpt":{"rendered":"<p>Am\u00e9liorez vos comp\u00e9tences de tir avec la silhouette de DO ALL chien de prairie en acier pour calibre .22.<\/p>\n","protected":false},"featured_media":57472,"template":"","meta":[],"product_brand":[8134],"product_cat":[8172],"product_tag":[],"yoast_head":"<!-- This site is optimized with the Yoast SEO plugin v24.3 - https:\/\/yoast.com\/wordpress\/plugins\/seo\/ -->\n<title>DO ALL Prairie Popper - Cible en Acier pour Cal.22<\/title>\n<meta name=\"description\" content=\"Am\u00e9liorez vos comp\u00e9tences de tir avec la silhouette de DO ALL chien de prairie en acier pour calibre .22.\u00a0\" \/>\n<meta name=\"robots\" content=\"noindex, follow, max-snippet:-1, max-image-preview:large, max-video-preview:-1\" \/>\n<meta property=\"og:locale\" content=\"fr_FR\" \/>\n<meta property=\"og:type\" content=\"article\" \/>\n<meta property=\"og:title\" content=\"DO ALL Prairie Popper - Cible en Acier pour Cal.22\" \/>\n<meta property=\"og:description\" content=\"Am\u00e9liorez vos comp\u00e9tences de tir avec la silhouette de DO ALL chien de prairie en acier pour calibre .22.\u00a0\" \/>\n<meta property=\"og:url\" content=\"https:\/\/staging.lucky-hunter.com\/product\/prairie-popper-steel-target-for-cal-22\/\" \/>\n<meta property=\"og:site_name\" content=\"Lucky-Hunter\" \/>\n<meta property=\"article:modified_time\" content=\"2025-06-24T10:16:43+00:00\" \/>\n<meta property=\"og:image\" content=\"https:\/\/staging.lucky-hunter.com\/wp-content\/uploads\/2023\/02\/22PP-prairie-dog-side_1024x1024.webp\" \/>\n\t<meta property=\"og:image:width\" content=\"500\" \/>\n\t<meta property=\"og:image:height\" content=\"500\" \/>\n\t<meta property=\"og:image:type\" content=\"image\/webp\" \/>\n<meta name=\"twitter:card\" content=\"summary_large_image\" \/>\n<meta name=\"twitter:label1\" content=\"Dur\u00e9e de lecture estim\u00e9e\" \/>\n\t<meta name=\"twitter:data1\" content=\"2 minutes\" \/>\n<script type=\"application\/ld+json\" class=\"yoast-schema-graph\">{\"@context\":\"https:\/\/schema.org\",\"@graph\":[{\"@type\":\"WebPage\",\"@id\":\"https:\/\/staging.lucky-hunter.com\/product\/prairie-popper-steel-target-for-cal-22\/\",\"url\":\"https:\/\/staging.lucky-hunter.com\/product\/prairie-popper-steel-target-for-cal-22\/\",\"name\":\"DO ALL Prairie Popper - Cible en Acier pour Cal.22\",\"isPartOf\":{\"@id\":\"https:\/\/staging.lucky-hunter.com\/#website\"},\"primaryImageOfPage\":{\"@id\":\"https:\/\/staging.lucky-hunter.com\/product\/prairie-popper-steel-target-for-cal-22\/#primaryimage\"},\"image\":{\"@id\":\"https:\/\/staging.lucky-hunter.com\/product\/prairie-popper-steel-target-for-cal-22\/#primaryimage\"},\"thumbnailUrl\":\"https:\/\/staging.lucky-hunter.com\/wp-content\/uploads\/2023\/02\/22PP-prairie-dog-side_1024x1024.webp\",\"datePublished\":\"2023-02-09T13:43:43+00:00\",\"dateModified\":\"2025-06-24T10:16:43+00:00\",\"description\":\"Am\u00e9liorez vos comp\u00e9tences de tir avec la silhouette de DO ALL chien de prairie en acier pour calibre .22.\u00a0\",\"breadcrumb\":{\"@id\":\"https:\/\/staging.lucky-hunter.com\/product\/prairie-popper-steel-target-for-cal-22\/#breadcrumb\"},\"inLanguage\":\"fr-FR\",\"potentialAction\":[{\"@type\":\"ReadAction\",\"target\":[\"https:\/\/staging.lucky-hunter.com\/product\/prairie-popper-steel-target-for-cal-22\/\"]}]},{\"@type\":\"ImageObject\",\"inLanguage\":\"fr-FR\",\"@id\":\"https:\/\/staging.lucky-hunter.com\/product\/prairie-popper-steel-target-for-cal-22\/#primaryimage\",\"url\":\"https:\/\/staging.lucky-hunter.com\/wp-content\/uploads\/2023\/02\/22PP-prairie-dog-side_1024x1024.webp\",\"contentUrl\":\"https:\/\/staging.lucky-hunter.com\/wp-content\/uploads\/2023\/02\/22PP-prairie-dog-side_1024x1024.webp\",\"width\":500,\"height\":500,\"caption\":\"Cible en acier\"},{\"@type\":\"BreadcrumbList\",\"@id\":\"https:\/\/staging.lucky-hunter.com\/product\/prairie-popper-steel-target-for-cal-22\/#breadcrumb\",\"itemListElement\":[{\"@type\":\"ListItem\",\"position\":1,\"name\":\"Home\",\"item\":\"https:\/\/staging.lucky-hunter.com\/fr\/\"},{\"@type\":\"ListItem\",\"position\":2,\"name\":\"Boutique\",\"item\":\"https:\/\/staging.lucky-hunter.com\/fr\/shop\/\"},{\"@type\":\"ListItem\",\"position\":3,\"name\":\"DO ALL Prairie Popper &#8211; Cible en Acier pour Cal.22\"}]},{\"@type\":\"WebSite\",\"@id\":\"https:\/\/staging.lucky-hunter.com\/#website\",\"url\":\"https:\/\/staging.lucky-hunter.com\/\",\"name\":\"Lucky-Hunter\",\"description\":\"Gear Up or Give Up\",\"potentialAction\":[{\"@type\":\"SearchAction\",\"target\":{\"@type\":\"EntryPoint\",\"urlTemplate\":\"https:\/\/staging.lucky-hunter.com\/?s={search_term_string}\"},\"query-input\":{\"@type\":\"PropertyValueSpecification\",\"valueRequired\":true,\"valueName\":\"search_term_string\"}}],\"inLanguage\":\"fr-FR\"}]}<\/script>\n<!-- \/ Yoast SEO plugin. -->","yoast_head_json":{"title":"DO ALL Prairie Popper - Cible en Acier pour Cal.22","description":"Am\u00e9liorez vos comp\u00e9tences de tir avec la silhouette de DO ALL chien de prairie en acier pour calibre .22.\u00a0","robots":{"index":"noindex","follow":"follow","max-snippet":"max-snippet:-1","max-image-preview":"max-image-preview:large","max-video-preview":"max-video-preview:-1"},"og_locale":"fr_FR","og_type":"article","og_title":"DO ALL Prairie Popper - Cible en Acier pour Cal.22","og_description":"Am\u00e9liorez vos comp\u00e9tences de tir avec la silhouette de DO ALL chien de prairie en acier pour calibre .22.\u00a0","og_url":"https:\/\/staging.lucky-hunter.com\/product\/prairie-popper-steel-target-for-cal-22\/","og_site_name":"Lucky-Hunter","article_modified_time":"2025-06-24T10:16:43+00:00","og_image":[{"width":500,"height":500,"url":"https:\/\/staging.lucky-hunter.com\/wp-content\/uploads\/2023\/02\/22PP-prairie-dog-side_1024x1024.webp","type":"image\/webp"}],"twitter_card":"summary_large_image","twitter_misc":{"Dur\u00e9e de lecture estim\u00e9e":"2 minutes"},"schema":{"@context":"https:\/\/schema.org","@graph":[{"@type":"WebPage","@id":"https:\/\/staging.lucky-hunter.com\/product\/prairie-popper-steel-target-for-cal-22\/","url":"https:\/\/staging.lucky-hunter.com\/product\/prairie-popper-steel-target-for-cal-22\/","name":"DO ALL Prairie Popper - Cible en Acier pour Cal.22","isPartOf":{"@id":"https:\/\/staging.lucky-hunter.com\/#website"},"primaryImageOfPage":{"@id":"https:\/\/staging.lucky-hunter.com\/product\/prairie-popper-steel-target-for-cal-22\/#primaryimage"},"image":{"@id":"https:\/\/staging.lucky-hunter.com\/product\/prairie-popper-steel-target-for-cal-22\/#primaryimage"},"thumbnailUrl":"https:\/\/staging.lucky-hunter.com\/wp-content\/uploads\/2023\/02\/22PP-prairie-dog-side_1024x1024.webp","datePublished":"2023-02-09T13:43:43+00:00","dateModified":"2025-06-24T10:16:43+00:00","description":"Am\u00e9liorez vos comp\u00e9tences de tir avec la silhouette de DO ALL chien de prairie en acier pour calibre .22.\u00a0","breadcrumb":{"@id":"https:\/\/staging.lucky-hunter.com\/product\/prairie-popper-steel-target-for-cal-22\/#breadcrumb"},"inLanguage":"fr-FR","potentialAction":[{"@type":"ReadAction","target":["https:\/\/staging.lucky-hunter.com\/product\/prairie-popper-steel-target-for-cal-22\/"]}]},{"@type":"ImageObject","inLanguage":"fr-FR","@id":"https:\/\/staging.lucky-hunter.com\/product\/prairie-popper-steel-target-for-cal-22\/#primaryimage","url":"https:\/\/staging.lucky-hunter.com\/wp-content\/uploads\/2023\/02\/22PP-prairie-dog-side_1024x1024.webp","contentUrl":"https:\/\/staging.lucky-hunter.com\/wp-content\/uploads\/2023\/02\/22PP-prairie-dog-side_1024x1024.webp","width":500,"height":500,"caption":"Cible en acier"},{"@type":"BreadcrumbList","@id":"https:\/\/staging.lucky-hunter.com\/product\/prairie-popper-steel-target-for-cal-22\/#breadcrumb","itemListElement":[{"@type":"ListItem","position":1,"name":"Home","item":"https:\/\/staging.lucky-hunter.com\/fr\/"},{"@type":"ListItem","position":2,"name":"Boutique","item":"https:\/\/staging.lucky-hunter.com\/fr\/shop\/"},{"@type":"ListItem","position":3,"name":"DO ALL Prairie Popper &#8211; Cible en Acier pour Cal.22"}]},{"@type":"WebSite","@id":"https:\/\/staging.lucky-hunter.com\/#website","url":"https:\/\/staging.lucky-hunter.com\/","name":"Lucky-Hunter","description":"Gear Up or Give Up","potentialAction":[{"@type":"SearchAction","target":{"@type":"EntryPoint","urlTemplate":"https:\/\/staging.lucky-hunter.com\/?s={search_term_string}"},"query-input":{"@type":"PropertyValueSpecification","valueRequired":true,"valueName":"search_term_string"}}],"inLanguage":"fr-FR"}]}},"_links":{"self":[{"href":"https:\/\/staging.lucky-hunter.com\/fr\/wp-json\/wp\/v2\/product\/196295"}],"collection":[{"href":"https:\/\/staging.lucky-hunter.com\/fr\/wp-json\/wp\/v2\/product"}],"about":[{"href":"https:\/\/staging.lucky-hunter.com\/fr\/wp-json\/wp\/v2\/types\/product"}],"wp:featuredmedia":[{"embeddable":true,"href":"https:\/\/staging.lucky-hunter.com\/fr\/wp-json\/wp\/v2\/media\/57472"}],"wp:attachment":[{"href":"https:\/\/staging.lucky-hunter.com\/fr\/wp-json\/wp\/v2\/media?parent=196295"}],"wp:term":[{"taxonomy":"product_brand","embeddable":true,"href":"https:\/\/staging.lucky-hunter.com\/fr\/wp-json\/wp\/v2\/product_brand?post=196295"},{"taxonomy":"product_cat","embeddable":true,"href":"https:\/\/staging.lucky-hunter.com\/fr\/wp-json\/wp\/v2\/product_cat?post=196295"},{"taxonomy":"product_tag","embeddable":true,"href":"https:\/\/staging.lucky-hunter.com\/fr\/wp-json\/wp\/v2\/product_tag?post=196295"}],"curies":[{"name":"wp","href":"https:\/\/api.w.org\/{rel}","templated":true}]}}