{"id":196250,"date":"2023-03-17T14:48:16","date_gmt":"2023-03-17T13:48:16","guid":{"rendered":"https:\/\/staging.lucky-hunter.com\/product\/do-all-money-shot-double\/"},"modified":"2025-06-24T11:34:13","modified_gmt":"2025-06-24T09:34:13","slug":"do-all-money-double","status":"publish","type":"product","link":"https:\/\/staging.lucky-hunter.com\/fr\/product\/do-all-money-double\/","title":{"rendered":"DO ALL Money Double"},"content":{"rendered":"<p>&nbsp;<\/p>\n<ul>\n<li>Cible durable et polyvalente pour tous les calibres (.22 &#8211; .50)<\/li>\n<li>Conception auto-r\u00e9parante permettant une utilisation r\u00e9p\u00e9t\u00e9e<\/li>\n<li>Facile \u00e0 utiliser, pas besoin de r\u00e9initialiser constamment la cible<\/li>\n<li>Fabriqu\u00e9e \u00e0 partir de mat\u00e9riaux l\u00e9gers mais robustes pour une portabilit\u00e9 optimale<\/li>\n<li>Peut \u00eatre utilis\u00e9e comme support de cible en papier pour les plus grandes cibles Impact Seal<\/li>\n<\/ul>\n<p>Cette cible est le choix parfait pour quiconque cherche \u00e0 perfectionner ses comp\u00e9tences de tir. Elle est capable de supporter des milliers de tirs et est con\u00e7ue pour se r\u00e9parer automatiquement apr\u00e8s chaque impact de balle. De plus, l&#8217;impact de la balle fait tourner la cible autour de la base, ce qui signifie qu&#8217;il n&#8217;est pas n\u00e9cessaire de r\u00e9initialiser constamment la cible entre les tirs. La cible est fabriqu\u00e9e \u00e0 partir d&#8217;un mat\u00e9riau l\u00e9ger mais durable qui assure une utilisation longue dur\u00e9e. Elle est class\u00e9e pour tous les calibres, ce qui en fait un excellent choix pour les fusils et les pistolets. Pour ceux qui ont besoin de cibles plus grandes, les cibles Impact Seal peuvent \u00e9galement \u00eatre utilis\u00e9es comme support de cible en papier. Avec cette cible, les tireurs de tous niveaux peuvent s&#8217;entra\u00eener en toute confiance et avec pr\u00e9cision.<\/p>\n","protected":false},"excerpt":{"rendered":"<p>Mat\u00e9riau avanc\u00e9, dommages minimaux, cibles durables pour un plaisir de tir sans fin. Support \u00e9pais, norme de haute r\u00e9sistance, emballage compact.<\/p>\n","protected":false},"featured_media":58699,"template":"","meta":[],"product_brand":[8134],"product_cat":[8172],"product_tag":[],"yoast_head":"<!-- This site is optimized with the Yoast SEO plugin v24.3 - https:\/\/yoast.com\/wordpress\/plugins\/seo\/ -->\n<title>DO ALL Money Double | Lucky-hunter.com<\/title>\n<meta name=\"description\" content=\"Mat\u00e9riau avanc\u00e9, dommages minimaux, cibles durables pour un plaisir de tir sans fin. Support \u00e9pais, norme de haute r\u00e9sistance, emballage compact.\" \/>\n<meta name=\"robots\" content=\"noindex, follow, max-snippet:-1, max-image-preview:large, max-video-preview:-1\" \/>\n<meta property=\"og:locale\" content=\"fr_FR\" \/>\n<meta property=\"og:type\" content=\"article\" \/>\n<meta property=\"og:title\" content=\"DO ALL Money Double | Lucky-hunter.com\" \/>\n<meta property=\"og:description\" content=\"Mat\u00e9riau avanc\u00e9, dommages minimaux, cibles durables pour un plaisir de tir sans fin. Support \u00e9pais, norme de haute r\u00e9sistance, emballage compact.\" \/>\n<meta property=\"og:url\" content=\"https:\/\/staging.lucky-hunter.com\/product\/money-shot-double\/\" \/>\n<meta property=\"og:site_name\" content=\"Lucky-Hunter\" \/>\n<meta property=\"article:modified_time\" content=\"2025-06-24T09:34:13+00:00\" \/>\n<meta property=\"og:image\" content=\"https:\/\/staging.lucky-hunter.com\/wp-content\/uploads\/2023\/03\/ST-195.png\" \/>\n\t<meta property=\"og:image:width\" content=\"1000\" \/>\n\t<meta property=\"og:image:height\" content=\"1000\" \/>\n\t<meta property=\"og:image:type\" content=\"image\/png\" \/>\n<meta name=\"twitter:card\" content=\"summary_large_image\" \/>\n<meta name=\"twitter:label1\" content=\"Dur\u00e9e de lecture estim\u00e9e\" \/>\n\t<meta name=\"twitter:data1\" content=\"2 minutes\" \/>\n<script type=\"application\/ld+json\" class=\"yoast-schema-graph\">{\"@context\":\"https:\/\/schema.org\",\"@graph\":[{\"@type\":\"WebPage\",\"@id\":\"https:\/\/staging.lucky-hunter.com\/product\/money-shot-double\/\",\"url\":\"https:\/\/staging.lucky-hunter.com\/product\/money-shot-double\/\",\"name\":\"DO ALL Money Double | Lucky-hunter.com\",\"isPartOf\":{\"@id\":\"https:\/\/staging.lucky-hunter.com\/#website\"},\"primaryImageOfPage\":{\"@id\":\"https:\/\/staging.lucky-hunter.com\/product\/money-shot-double\/#primaryimage\"},\"image\":{\"@id\":\"https:\/\/staging.lucky-hunter.com\/product\/money-shot-double\/#primaryimage\"},\"thumbnailUrl\":\"https:\/\/staging.lucky-hunter.com\/wp-content\/uploads\/2023\/03\/ST-195.png\",\"datePublished\":\"2023-03-17T13:48:16+00:00\",\"dateModified\":\"2025-06-24T09:34:13+00:00\",\"description\":\"Mat\u00e9riau avanc\u00e9, dommages minimaux, cibles durables pour un plaisir de tir sans fin. Support \u00e9pais, norme de haute r\u00e9sistance, emballage compact.\",\"breadcrumb\":{\"@id\":\"https:\/\/staging.lucky-hunter.com\/product\/money-shot-double\/#breadcrumb\"},\"inLanguage\":\"fr-FR\",\"potentialAction\":[{\"@type\":\"ReadAction\",\"target\":[\"https:\/\/staging.lucky-hunter.com\/product\/money-shot-double\/\"]}]},{\"@type\":\"ImageObject\",\"inLanguage\":\"fr-FR\",\"@id\":\"https:\/\/staging.lucky-hunter.com\/product\/money-shot-double\/#primaryimage\",\"url\":\"https:\/\/staging.lucky-hunter.com\/wp-content\/uploads\/2023\/03\/ST-195.png\",\"contentUrl\":\"https:\/\/staging.lucky-hunter.com\/wp-content\/uploads\/2023\/03\/ST-195.png\",\"width\":1000,\"height\":1000,\"caption\":\"Do All Money Shot\"},{\"@type\":\"BreadcrumbList\",\"@id\":\"https:\/\/staging.lucky-hunter.com\/product\/money-shot-double\/#breadcrumb\",\"itemListElement\":[{\"@type\":\"ListItem\",\"position\":1,\"name\":\"Home\",\"item\":\"https:\/\/staging.lucky-hunter.com\/fr\/\"},{\"@type\":\"ListItem\",\"position\":2,\"name\":\"Boutique\",\"item\":\"https:\/\/staging.lucky-hunter.com\/fr\/shop\/\"},{\"@type\":\"ListItem\",\"position\":3,\"name\":\"DO ALL Money Double\"}]},{\"@type\":\"WebSite\",\"@id\":\"https:\/\/staging.lucky-hunter.com\/#website\",\"url\":\"https:\/\/staging.lucky-hunter.com\/\",\"name\":\"Lucky-Hunter\",\"description\":\"Gear Up or Give Up\",\"potentialAction\":[{\"@type\":\"SearchAction\",\"target\":{\"@type\":\"EntryPoint\",\"urlTemplate\":\"https:\/\/staging.lucky-hunter.com\/?s={search_term_string}\"},\"query-input\":{\"@type\":\"PropertyValueSpecification\",\"valueRequired\":true,\"valueName\":\"search_term_string\"}}],\"inLanguage\":\"fr-FR\"}]}<\/script>\n<!-- \/ Yoast SEO plugin. -->","yoast_head_json":{"title":"DO ALL Money Double | Lucky-hunter.com","description":"Mat\u00e9riau avanc\u00e9, dommages minimaux, cibles durables pour un plaisir de tir sans fin. Support \u00e9pais, norme de haute r\u00e9sistance, emballage compact.","robots":{"index":"noindex","follow":"follow","max-snippet":"max-snippet:-1","max-image-preview":"max-image-preview:large","max-video-preview":"max-video-preview:-1"},"og_locale":"fr_FR","og_type":"article","og_title":"DO ALL Money Double | Lucky-hunter.com","og_description":"Mat\u00e9riau avanc\u00e9, dommages minimaux, cibles durables pour un plaisir de tir sans fin. Support \u00e9pais, norme de haute r\u00e9sistance, emballage compact.","og_url":"https:\/\/staging.lucky-hunter.com\/product\/money-shot-double\/","og_site_name":"Lucky-Hunter","article_modified_time":"2025-06-24T09:34:13+00:00","og_image":[{"width":1000,"height":1000,"url":"https:\/\/staging.lucky-hunter.com\/wp-content\/uploads\/2023\/03\/ST-195.png","type":"image\/png"}],"twitter_card":"summary_large_image","twitter_misc":{"Dur\u00e9e de lecture estim\u00e9e":"2 minutes"},"schema":{"@context":"https:\/\/schema.org","@graph":[{"@type":"WebPage","@id":"https:\/\/staging.lucky-hunter.com\/product\/money-shot-double\/","url":"https:\/\/staging.lucky-hunter.com\/product\/money-shot-double\/","name":"DO ALL Money Double | Lucky-hunter.com","isPartOf":{"@id":"https:\/\/staging.lucky-hunter.com\/#website"},"primaryImageOfPage":{"@id":"https:\/\/staging.lucky-hunter.com\/product\/money-shot-double\/#primaryimage"},"image":{"@id":"https:\/\/staging.lucky-hunter.com\/product\/money-shot-double\/#primaryimage"},"thumbnailUrl":"https:\/\/staging.lucky-hunter.com\/wp-content\/uploads\/2023\/03\/ST-195.png","datePublished":"2023-03-17T13:48:16+00:00","dateModified":"2025-06-24T09:34:13+00:00","description":"Mat\u00e9riau avanc\u00e9, dommages minimaux, cibles durables pour un plaisir de tir sans fin. Support \u00e9pais, norme de haute r\u00e9sistance, emballage compact.","breadcrumb":{"@id":"https:\/\/staging.lucky-hunter.com\/product\/money-shot-double\/#breadcrumb"},"inLanguage":"fr-FR","potentialAction":[{"@type":"ReadAction","target":["https:\/\/staging.lucky-hunter.com\/product\/money-shot-double\/"]}]},{"@type":"ImageObject","inLanguage":"fr-FR","@id":"https:\/\/staging.lucky-hunter.com\/product\/money-shot-double\/#primaryimage","url":"https:\/\/staging.lucky-hunter.com\/wp-content\/uploads\/2023\/03\/ST-195.png","contentUrl":"https:\/\/staging.lucky-hunter.com\/wp-content\/uploads\/2023\/03\/ST-195.png","width":1000,"height":1000,"caption":"Do All Money Shot"},{"@type":"BreadcrumbList","@id":"https:\/\/staging.lucky-hunter.com\/product\/money-shot-double\/#breadcrumb","itemListElement":[{"@type":"ListItem","position":1,"name":"Home","item":"https:\/\/staging.lucky-hunter.com\/fr\/"},{"@type":"ListItem","position":2,"name":"Boutique","item":"https:\/\/staging.lucky-hunter.com\/fr\/shop\/"},{"@type":"ListItem","position":3,"name":"DO ALL Money Double"}]},{"@type":"WebSite","@id":"https:\/\/staging.lucky-hunter.com\/#website","url":"https:\/\/staging.lucky-hunter.com\/","name":"Lucky-Hunter","description":"Gear Up or Give Up","potentialAction":[{"@type":"SearchAction","target":{"@type":"EntryPoint","urlTemplate":"https:\/\/staging.lucky-hunter.com\/?s={search_term_string}"},"query-input":{"@type":"PropertyValueSpecification","valueRequired":true,"valueName":"search_term_string"}}],"inLanguage":"fr-FR"}]}},"_links":{"self":[{"href":"https:\/\/staging.lucky-hunter.com\/fr\/wp-json\/wp\/v2\/product\/196250"}],"collection":[{"href":"https:\/\/staging.lucky-hunter.com\/fr\/wp-json\/wp\/v2\/product"}],"about":[{"href":"https:\/\/staging.lucky-hunter.com\/fr\/wp-json\/wp\/v2\/types\/product"}],"wp:featuredmedia":[{"embeddable":true,"href":"https:\/\/staging.lucky-hunter.com\/fr\/wp-json\/wp\/v2\/media\/58699"}],"wp:attachment":[{"href":"https:\/\/staging.lucky-hunter.com\/fr\/wp-json\/wp\/v2\/media?parent=196250"}],"wp:term":[{"taxonomy":"product_brand","embeddable":true,"href":"https:\/\/staging.lucky-hunter.com\/fr\/wp-json\/wp\/v2\/product_brand?post=196250"},{"taxonomy":"product_cat","embeddable":true,"href":"https:\/\/staging.lucky-hunter.com\/fr\/wp-json\/wp\/v2\/product_cat?post=196250"},{"taxonomy":"product_tag","embeddable":true,"href":"https:\/\/staging.lucky-hunter.com\/fr\/wp-json\/wp\/v2\/product_tag?post=196250"}],"curies":[{"name":"wp","href":"https:\/\/api.w.org\/{rel}","templated":true}]}}