{"id":196236,"date":"2023-03-17T14:15:20","date_gmt":"2023-03-17T13:15:20","guid":{"rendered":"https:\/\/staging.lucky-hunter.com\/product\/do-all-cible-suspendue-lone-prairie-dog\/"},"modified":"2025-06-24T11:49:57","modified_gmt":"2025-06-24T09:49:57","slug":"do-all-cible-suspendue-lone-prairie-dog","status":"publish","type":"product","link":"https:\/\/staging.lucky-hunter.com\/fr\/product\/do-all-cible-suspendue-lone-prairie-dog\/","title":{"rendered":"DO ALL Cible Suspendue Lone Prairie Dog"},"content":{"rendered":"<p>&nbsp;<\/p>\n<ul>\n<li>Mat\u00e9riau auto-r\u00e9parant tr\u00e8s durable<\/li>\n<li>Supporte des centaines de tirs<\/li>\n<li>Class\u00e9 pour tous les calibres<\/li>\n<li>Technologie Impact Seal\u00ae<\/li>\n<li>Offre une pratique de tir durable<\/li>\n<\/ul>\n<p>Nos cibles sont fabriqu\u00e9es \u00e0 partir de mat\u00e9riaux auto-r\u00e9parants de la plus haute qualit\u00e9, garantissant qu&#8217;elles peuvent supporter des centaines de tirs sans perdre leur durabilit\u00e9. Avec une classification pour tous les calibres, vous pouvez utiliser nos cibles pour tous vos besoins de tir. La technologie Impact Seal\u00ae facilite la gu\u00e9rison rapide des zones d&#8217;impact, rendant nos cibles durables et parfaites pour une pratique de tir r\u00e9guli\u00e8re. Dites adieu aux cibles en papier fragiles qui ne r\u00e9sistent m\u00eame pas aux balles les plus l\u00e9g\u00e8res. Notre technologie Impact Seal\u00ae et notre mat\u00e9riau auto-r\u00e9parant vous assurent que nos cibles vous dureront longtemps. Profitez de vos sessions de tir sans vous soucier des dommages caus\u00e9s \u00e0 la cible, et affinez vos comp\u00e9tences avec nos cibles tr\u00e8s fiables et durables.<\/p>\n","protected":false},"excerpt":{"rendered":"<p>Impact Seal\u00ae cr\u00e9e Lone Prairie Dog : cible auto-r\u00e9parante pour tous les calibres.<\/p>\n","protected":false},"featured_media":58634,"template":"","meta":[],"product_brand":[9608],"product_cat":[8172],"product_tag":[],"yoast_head":"<!-- This site is optimized with the Yoast SEO plugin v24.3 - https:\/\/yoast.com\/wordpress\/plugins\/seo\/ -->\n<title>DO ALL Cible Suspendue Lone Prairie Dog | Lucky-hunter.com<\/title>\n<meta name=\"description\" content=\"Class\u00e9e pour tous les calibres, vous pouvez utiliser nos cibles pour tous vos besoins de tir. La technologie Impact Seal\u00ae facilite la gu\u00e9rison rapide des zones d&#039;impact.\" \/>\n<meta name=\"robots\" content=\"noindex, follow, max-snippet:-1, max-image-preview:large, max-video-preview:-1\" \/>\n<meta property=\"og:locale\" content=\"fr_FR\" \/>\n<meta property=\"og:type\" content=\"article\" \/>\n<meta property=\"og:title\" content=\"DO ALL Cible Suspendue Lone Prairie Dog | Lucky-hunter.com\" \/>\n<meta property=\"og:description\" content=\"Class\u00e9e pour tous les calibres, vous pouvez utiliser nos cibles pour tous vos besoins de tir. La technologie Impact Seal\u00ae facilite la gu\u00e9rison rapide des zones d&#039;impact.\" \/>\n<meta property=\"og:url\" content=\"https:\/\/staging.lucky-hunter.com\/fr\/product\/do-all-cible-suspendue-lone-prairie-dog\/\" \/>\n<meta property=\"og:site_name\" content=\"Lucky-Hunter\" \/>\n<meta property=\"article:modified_time\" content=\"2025-06-24T09:49:57+00:00\" \/>\n<meta property=\"og:image\" content=\"https:\/\/staging.lucky-hunter.com\/wp-content\/uploads\/2023\/03\/ST-135.png\" \/>\n\t<meta property=\"og:image:width\" content=\"1000\" \/>\n\t<meta property=\"og:image:height\" content=\"1000\" \/>\n\t<meta property=\"og:image:type\" content=\"image\/png\" \/>\n<meta name=\"twitter:card\" content=\"summary_large_image\" \/>\n<meta name=\"twitter:label1\" content=\"Dur\u00e9e de lecture estim\u00e9e\" \/>\n\t<meta name=\"twitter:data1\" content=\"1 minute\" \/>\n<script type=\"application\/ld+json\" class=\"yoast-schema-graph\">{\"@context\":\"https:\/\/schema.org\",\"@graph\":[{\"@type\":\"WebPage\",\"@id\":\"https:\/\/staging.lucky-hunter.com\/fr\/product\/do-all-cible-suspendue-lone-prairie-dog\/\",\"url\":\"https:\/\/staging.lucky-hunter.com\/fr\/product\/do-all-cible-suspendue-lone-prairie-dog\/\",\"name\":\"DO ALL Cible Suspendue Lone Prairie Dog | Lucky-hunter.com\",\"isPartOf\":{\"@id\":\"https:\/\/staging.lucky-hunter.com\/#website\"},\"primaryImageOfPage\":{\"@id\":\"https:\/\/staging.lucky-hunter.com\/fr\/product\/do-all-cible-suspendue-lone-prairie-dog\/#primaryimage\"},\"image\":{\"@id\":\"https:\/\/staging.lucky-hunter.com\/fr\/product\/do-all-cible-suspendue-lone-prairie-dog\/#primaryimage\"},\"thumbnailUrl\":\"https:\/\/staging.lucky-hunter.com\/wp-content\/uploads\/2023\/03\/ST-135.png\",\"datePublished\":\"2023-03-17T13:15:20+00:00\",\"dateModified\":\"2025-06-24T09:49:57+00:00\",\"description\":\"Class\u00e9e pour tous les calibres, vous pouvez utiliser nos cibles pour tous vos besoins de tir. La technologie Impact Seal\u00ae facilite la gu\u00e9rison rapide des zones d'impact.\",\"breadcrumb\":{\"@id\":\"https:\/\/staging.lucky-hunter.com\/fr\/product\/do-all-cible-suspendue-lone-prairie-dog\/#breadcrumb\"},\"inLanguage\":\"fr-FR\",\"potentialAction\":[{\"@type\":\"ReadAction\",\"target\":[\"https:\/\/staging.lucky-hunter.com\/fr\/product\/do-all-cible-suspendue-lone-prairie-dog\/\"]}]},{\"@type\":\"ImageObject\",\"inLanguage\":\"fr-FR\",\"@id\":\"https:\/\/staging.lucky-hunter.com\/fr\/product\/do-all-cible-suspendue-lone-prairie-dog\/#primaryimage\",\"url\":\"https:\/\/staging.lucky-hunter.com\/wp-content\/uploads\/2023\/03\/ST-135.png\",\"contentUrl\":\"https:\/\/staging.lucky-hunter.com\/wp-content\/uploads\/2023\/03\/ST-135.png\",\"width\":1000,\"height\":1000,\"caption\":\"Cible Do All\"},{\"@type\":\"BreadcrumbList\",\"@id\":\"https:\/\/staging.lucky-hunter.com\/fr\/product\/do-all-cible-suspendue-lone-prairie-dog\/#breadcrumb\",\"itemListElement\":[{\"@type\":\"ListItem\",\"position\":1,\"name\":\"Home\",\"item\":\"https:\/\/staging.lucky-hunter.com\/fr\/\"},{\"@type\":\"ListItem\",\"position\":2,\"name\":\"Boutique\",\"item\":\"https:\/\/staging.lucky-hunter.com\/fr\/shop\/\"},{\"@type\":\"ListItem\",\"position\":3,\"name\":\"DO ALL Cible Suspendue Lone Prairie Dog\"}]},{\"@type\":\"WebSite\",\"@id\":\"https:\/\/staging.lucky-hunter.com\/#website\",\"url\":\"https:\/\/staging.lucky-hunter.com\/\",\"name\":\"Lucky-Hunter\",\"description\":\"Gear Up or Give Up\",\"potentialAction\":[{\"@type\":\"SearchAction\",\"target\":{\"@type\":\"EntryPoint\",\"urlTemplate\":\"https:\/\/staging.lucky-hunter.com\/?s={search_term_string}\"},\"query-input\":{\"@type\":\"PropertyValueSpecification\",\"valueRequired\":true,\"valueName\":\"search_term_string\"}}],\"inLanguage\":\"fr-FR\"}]}<\/script>\n<!-- \/ Yoast SEO plugin. -->","yoast_head_json":{"title":"DO ALL Cible Suspendue Lone Prairie Dog | Lucky-hunter.com","description":"Class\u00e9e pour tous les calibres, vous pouvez utiliser nos cibles pour tous vos besoins de tir. La technologie Impact Seal\u00ae facilite la gu\u00e9rison rapide des zones d'impact.","robots":{"index":"noindex","follow":"follow","max-snippet":"max-snippet:-1","max-image-preview":"max-image-preview:large","max-video-preview":"max-video-preview:-1"},"og_locale":"fr_FR","og_type":"article","og_title":"DO ALL Cible Suspendue Lone Prairie Dog | Lucky-hunter.com","og_description":"Class\u00e9e pour tous les calibres, vous pouvez utiliser nos cibles pour tous vos besoins de tir. La technologie Impact Seal\u00ae facilite la gu\u00e9rison rapide des zones d'impact.","og_url":"https:\/\/staging.lucky-hunter.com\/fr\/product\/do-all-cible-suspendue-lone-prairie-dog\/","og_site_name":"Lucky-Hunter","article_modified_time":"2025-06-24T09:49:57+00:00","og_image":[{"width":1000,"height":1000,"url":"https:\/\/staging.lucky-hunter.com\/wp-content\/uploads\/2023\/03\/ST-135.png","type":"image\/png"}],"twitter_card":"summary_large_image","twitter_misc":{"Dur\u00e9e de lecture estim\u00e9e":"1 minute"},"schema":{"@context":"https:\/\/schema.org","@graph":[{"@type":"WebPage","@id":"https:\/\/staging.lucky-hunter.com\/fr\/product\/do-all-cible-suspendue-lone-prairie-dog\/","url":"https:\/\/staging.lucky-hunter.com\/fr\/product\/do-all-cible-suspendue-lone-prairie-dog\/","name":"DO ALL Cible Suspendue Lone Prairie Dog | Lucky-hunter.com","isPartOf":{"@id":"https:\/\/staging.lucky-hunter.com\/#website"},"primaryImageOfPage":{"@id":"https:\/\/staging.lucky-hunter.com\/fr\/product\/do-all-cible-suspendue-lone-prairie-dog\/#primaryimage"},"image":{"@id":"https:\/\/staging.lucky-hunter.com\/fr\/product\/do-all-cible-suspendue-lone-prairie-dog\/#primaryimage"},"thumbnailUrl":"https:\/\/staging.lucky-hunter.com\/wp-content\/uploads\/2023\/03\/ST-135.png","datePublished":"2023-03-17T13:15:20+00:00","dateModified":"2025-06-24T09:49:57+00:00","description":"Class\u00e9e pour tous les calibres, vous pouvez utiliser nos cibles pour tous vos besoins de tir. La technologie Impact Seal\u00ae facilite la gu\u00e9rison rapide des zones d'impact.","breadcrumb":{"@id":"https:\/\/staging.lucky-hunter.com\/fr\/product\/do-all-cible-suspendue-lone-prairie-dog\/#breadcrumb"},"inLanguage":"fr-FR","potentialAction":[{"@type":"ReadAction","target":["https:\/\/staging.lucky-hunter.com\/fr\/product\/do-all-cible-suspendue-lone-prairie-dog\/"]}]},{"@type":"ImageObject","inLanguage":"fr-FR","@id":"https:\/\/staging.lucky-hunter.com\/fr\/product\/do-all-cible-suspendue-lone-prairie-dog\/#primaryimage","url":"https:\/\/staging.lucky-hunter.com\/wp-content\/uploads\/2023\/03\/ST-135.png","contentUrl":"https:\/\/staging.lucky-hunter.com\/wp-content\/uploads\/2023\/03\/ST-135.png","width":1000,"height":1000,"caption":"Cible Do All"},{"@type":"BreadcrumbList","@id":"https:\/\/staging.lucky-hunter.com\/fr\/product\/do-all-cible-suspendue-lone-prairie-dog\/#breadcrumb","itemListElement":[{"@type":"ListItem","position":1,"name":"Home","item":"https:\/\/staging.lucky-hunter.com\/fr\/"},{"@type":"ListItem","position":2,"name":"Boutique","item":"https:\/\/staging.lucky-hunter.com\/fr\/shop\/"},{"@type":"ListItem","position":3,"name":"DO ALL Cible Suspendue Lone Prairie Dog"}]},{"@type":"WebSite","@id":"https:\/\/staging.lucky-hunter.com\/#website","url":"https:\/\/staging.lucky-hunter.com\/","name":"Lucky-Hunter","description":"Gear Up or Give Up","potentialAction":[{"@type":"SearchAction","target":{"@type":"EntryPoint","urlTemplate":"https:\/\/staging.lucky-hunter.com\/?s={search_term_string}"},"query-input":{"@type":"PropertyValueSpecification","valueRequired":true,"valueName":"search_term_string"}}],"inLanguage":"fr-FR"}]}},"_links":{"self":[{"href":"https:\/\/staging.lucky-hunter.com\/fr\/wp-json\/wp\/v2\/product\/196236"}],"collection":[{"href":"https:\/\/staging.lucky-hunter.com\/fr\/wp-json\/wp\/v2\/product"}],"about":[{"href":"https:\/\/staging.lucky-hunter.com\/fr\/wp-json\/wp\/v2\/types\/product"}],"wp:featuredmedia":[{"embeddable":true,"href":"https:\/\/staging.lucky-hunter.com\/fr\/wp-json\/wp\/v2\/media\/58634"}],"wp:attachment":[{"href":"https:\/\/staging.lucky-hunter.com\/fr\/wp-json\/wp\/v2\/media?parent=196236"}],"wp:term":[{"taxonomy":"product_brand","embeddable":true,"href":"https:\/\/staging.lucky-hunter.com\/fr\/wp-json\/wp\/v2\/product_brand?post=196236"},{"taxonomy":"product_cat","embeddable":true,"href":"https:\/\/staging.lucky-hunter.com\/fr\/wp-json\/wp\/v2\/product_cat?post=196236"},{"taxonomy":"product_tag","embeddable":true,"href":"https:\/\/staging.lucky-hunter.com\/fr\/wp-json\/wp\/v2\/product_tag?post=196236"}],"curies":[{"name":"wp","href":"https:\/\/api.w.org\/{rel}","templated":true}]}}