{"id":196003,"date":"2023-02-09T11:07:22","date_gmt":"2023-02-09T10:07:22","guid":{"rendered":"https:\/\/staging.lucky-hunter.com\/product\/cible-pour-carabine-a-air-comprime-do-all-auto-reinitialisable\/"},"modified":"2025-06-24T12:18:44","modified_gmt":"2025-06-24T10:18:44","slug":"cible-pour-carabine-a-air-comprime-do-all-auto-reinitialisable","status":"publish","type":"product","link":"https:\/\/staging.lucky-hunter.com\/fr\/product\/cible-pour-carabine-a-air-comprime-do-all-auto-reinitialisable\/","title":{"rendered":"Cible pour Carabine \u00e0 Air Comprim\u00e9 DO ALL- Auto-R\u00e9initialisable"},"content":{"rendered":"<h2><strong>Am\u00e9liorez votre tir avec cette cible pour carabine \u00e0 air comprim\u00e9<\/strong><\/h2>\n<p>Le syst\u00e8me de r\u00e9initialisation sans les mains \u00e0 5 cibles de Do-All Outdoors\u00ae est un produit innovant et unique con\u00e7u pour les amateurs de carabines \u00e0 air comprim\u00e9 qui souhaitent am\u00e9liorer leurs comp\u00e9tences en tir.<\/p>\n<p>Que vous soyez un tireur exp\u00e9riment\u00e9 ou d\u00e9butant, ce syst\u00e8me de cibles est l&#8217;outil parfait pour am\u00e9liorer votre pr\u00e9cision et votre exactitude. Gr\u00e2ce \u00e0 son design de r\u00e9initialisation sans les mains, vous pouvez passer moins de temps \u00e0 r\u00e9initialiser les cibles et plus de temps \u00e0 vous concentrer sur votre vis\u00e9e et votre tir.<\/p>\n<p>Le syst\u00e8me \u00e0 5 cibles est fabriqu\u00e9 \u00e0 partir de mat\u00e9riaux de haute qualit\u00e9, assurant qu&#8217;il est \u00e0 la fois durable et r\u00e9sistant. La construction robuste est parfaite pour une utilisation r\u00e9guli\u00e8re, que vous vous entra\u00eeniez dans votre jardin ou sur un stand de tir.<\/p>\n<p>La peinture en poudre r\u00e9sistante aux intemp\u00e9ries prot\u00e8ge le syst\u00e8me des \u00e9l\u00e9ments, vous permettant de l&#8217;utiliser m\u00eame par mauvais temps. Cela vous assure de pouvoir continuer \u00e0 am\u00e9liorer vos comp\u00e9tences de tir et \u00e0 perfectionner votre vis\u00e9e, quel que soit le temps.<\/p>\n<p>Si vous cherchez un moyen fiable et efficace d&#8217;am\u00e9liorer vos comp\u00e9tences de tir avec une carabine \u00e0 air comprim\u00e9, le syst\u00e8me de r\u00e9initialisation sans les mains \u00e0 5 cibles de Do-All Outdoors\u00ae est le choix parfait. Que vous soyez un tireur exp\u00e9riment\u00e9 ou d\u00e9butant, ce produit innovant vous aidera \u00e0 atteindre votre plein potentiel.<\/p>\n","protected":false},"excerpt":{"rendered":"<p>Am\u00e9liorez vos comp\u00e9tences de tir avec cette cible pour carabine \u00e0 air comprim\u00e9 de Do-All. Vous r\u00e9initialisez la cible avec un seul tir, au lieu de faire des allers-retours.<\/p>\n","protected":false},"featured_media":57420,"template":"","meta":[],"product_brand":[8134],"product_cat":[8172],"product_tag":[],"yoast_head":"<!-- This site is optimized with the Yoast SEO plugin v24.3 - https:\/\/yoast.com\/wordpress\/plugins\/seo\/ -->\n<title>Cible pour Carabine \u00e0 Air Comprim\u00e9 DO ALL- Auto-R\u00e9initialisable<\/title>\n<meta name=\"description\" content=\"Am\u00e9liorez vos comp\u00e9tences de tir avec cette cible pour carabine \u00e0 air comprim\u00e9 de Do-All. Vous r\u00e9initialisez la cible avec un seul tir, au lieu de faire des allers-retours.\" \/>\n<meta name=\"robots\" content=\"noindex, follow, max-snippet:-1, max-image-preview:large, max-video-preview:-1\" \/>\n<meta property=\"og:locale\" content=\"fr_FR\" \/>\n<meta property=\"og:type\" content=\"article\" \/>\n<meta property=\"og:title\" content=\"Cible pour Carabine \u00e0 Air Comprim\u00e9 DO ALL- Auto-R\u00e9initialisable\" \/>\n<meta property=\"og:description\" content=\"Am\u00e9liorez vos comp\u00e9tences de tir avec cette cible pour carabine \u00e0 air comprim\u00e9 de Do-All. Vous r\u00e9initialisez la cible avec un seul tir, au lieu de faire des allers-retours.\" \/>\n<meta property=\"og:url\" content=\"https:\/\/staging.lucky-hunter.com\/fr\/product\/cible-pour-carabine-a-air-comprime-do-all-auto-reinitialisable\/\" \/>\n<meta property=\"og:site_name\" content=\"Lucky-Hunter\" \/>\n<meta property=\"article:modified_time\" content=\"2025-06-24T10:18:44+00:00\" \/>\n<meta property=\"og:image\" content=\"https:\/\/staging.lucky-hunter.com\/wp-content\/uploads\/2023\/02\/ST-65.png\" \/>\n\t<meta property=\"og:image:width\" content=\"1000\" \/>\n\t<meta property=\"og:image:height\" content=\"1000\" \/>\n\t<meta property=\"og:image:type\" content=\"image\/png\" \/>\n<meta name=\"twitter:card\" content=\"summary_large_image\" \/>\n<meta name=\"twitter:label1\" content=\"Dur\u00e9e de lecture estim\u00e9e\" \/>\n\t<meta name=\"twitter:data1\" content=\"2 minutes\" \/>\n<script type=\"application\/ld+json\" class=\"yoast-schema-graph\">{\"@context\":\"https:\/\/schema.org\",\"@graph\":[{\"@type\":\"WebPage\",\"@id\":\"https:\/\/staging.lucky-hunter.com\/fr\/product\/cible-pour-carabine-a-air-comprime-do-all-auto-reinitialisable\/\",\"url\":\"https:\/\/staging.lucky-hunter.com\/fr\/product\/cible-pour-carabine-a-air-comprime-do-all-auto-reinitialisable\/\",\"name\":\"Cible pour Carabine \u00e0 Air Comprim\u00e9 DO ALL- Auto-R\u00e9initialisable\",\"isPartOf\":{\"@id\":\"https:\/\/staging.lucky-hunter.com\/#website\"},\"primaryImageOfPage\":{\"@id\":\"https:\/\/staging.lucky-hunter.com\/fr\/product\/cible-pour-carabine-a-air-comprime-do-all-auto-reinitialisable\/#primaryimage\"},\"image\":{\"@id\":\"https:\/\/staging.lucky-hunter.com\/fr\/product\/cible-pour-carabine-a-air-comprime-do-all-auto-reinitialisable\/#primaryimage\"},\"thumbnailUrl\":\"https:\/\/staging.lucky-hunter.com\/wp-content\/uploads\/2023\/02\/ST-65.png\",\"datePublished\":\"2023-02-09T10:07:22+00:00\",\"dateModified\":\"2025-06-24T10:18:44+00:00\",\"description\":\"Am\u00e9liorez vos comp\u00e9tences de tir avec cette cible pour carabine \u00e0 air comprim\u00e9 de Do-All. Vous r\u00e9initialisez la cible avec un seul tir, au lieu de faire des allers-retours.\",\"breadcrumb\":{\"@id\":\"https:\/\/staging.lucky-hunter.com\/fr\/product\/cible-pour-carabine-a-air-comprime-do-all-auto-reinitialisable\/#breadcrumb\"},\"inLanguage\":\"fr-FR\",\"potentialAction\":[{\"@type\":\"ReadAction\",\"target\":[\"https:\/\/staging.lucky-hunter.com\/fr\/product\/cible-pour-carabine-a-air-comprime-do-all-auto-reinitialisable\/\"]}]},{\"@type\":\"ImageObject\",\"inLanguage\":\"fr-FR\",\"@id\":\"https:\/\/staging.lucky-hunter.com\/fr\/product\/cible-pour-carabine-a-air-comprime-do-all-auto-reinitialisable\/#primaryimage\",\"url\":\"https:\/\/staging.lucky-hunter.com\/wp-content\/uploads\/2023\/02\/ST-65.png\",\"contentUrl\":\"https:\/\/staging.lucky-hunter.com\/wp-content\/uploads\/2023\/02\/ST-65.png\",\"width\":1000,\"height\":1000,\"caption\":\"Cible pour carabine \u00e0 air comprim\u00e9\"},{\"@type\":\"BreadcrumbList\",\"@id\":\"https:\/\/staging.lucky-hunter.com\/fr\/product\/cible-pour-carabine-a-air-comprime-do-all-auto-reinitialisable\/#breadcrumb\",\"itemListElement\":[{\"@type\":\"ListItem\",\"position\":1,\"name\":\"Home\",\"item\":\"https:\/\/staging.lucky-hunter.com\/fr\/\"},{\"@type\":\"ListItem\",\"position\":2,\"name\":\"Boutique\",\"item\":\"https:\/\/staging.lucky-hunter.com\/fr\/shop\/\"},{\"@type\":\"ListItem\",\"position\":3,\"name\":\"Cible pour Carabine \u00e0 Air Comprim\u00e9 DO ALL- Auto-R\u00e9initialisable\"}]},{\"@type\":\"WebSite\",\"@id\":\"https:\/\/staging.lucky-hunter.com\/#website\",\"url\":\"https:\/\/staging.lucky-hunter.com\/\",\"name\":\"Lucky-Hunter\",\"description\":\"Gear Up or Give Up\",\"potentialAction\":[{\"@type\":\"SearchAction\",\"target\":{\"@type\":\"EntryPoint\",\"urlTemplate\":\"https:\/\/staging.lucky-hunter.com\/?s={search_term_string}\"},\"query-input\":{\"@type\":\"PropertyValueSpecification\",\"valueRequired\":true,\"valueName\":\"search_term_string\"}}],\"inLanguage\":\"fr-FR\"}]}<\/script>\n<!-- \/ Yoast SEO plugin. -->","yoast_head_json":{"title":"Cible pour Carabine \u00e0 Air Comprim\u00e9 DO ALL- Auto-R\u00e9initialisable","description":"Am\u00e9liorez vos comp\u00e9tences de tir avec cette cible pour carabine \u00e0 air comprim\u00e9 de Do-All. Vous r\u00e9initialisez la cible avec un seul tir, au lieu de faire des allers-retours.","robots":{"index":"noindex","follow":"follow","max-snippet":"max-snippet:-1","max-image-preview":"max-image-preview:large","max-video-preview":"max-video-preview:-1"},"og_locale":"fr_FR","og_type":"article","og_title":"Cible pour Carabine \u00e0 Air Comprim\u00e9 DO ALL- Auto-R\u00e9initialisable","og_description":"Am\u00e9liorez vos comp\u00e9tences de tir avec cette cible pour carabine \u00e0 air comprim\u00e9 de Do-All. Vous r\u00e9initialisez la cible avec un seul tir, au lieu de faire des allers-retours.","og_url":"https:\/\/staging.lucky-hunter.com\/fr\/product\/cible-pour-carabine-a-air-comprime-do-all-auto-reinitialisable\/","og_site_name":"Lucky-Hunter","article_modified_time":"2025-06-24T10:18:44+00:00","og_image":[{"width":1000,"height":1000,"url":"https:\/\/staging.lucky-hunter.com\/wp-content\/uploads\/2023\/02\/ST-65.png","type":"image\/png"}],"twitter_card":"summary_large_image","twitter_misc":{"Dur\u00e9e de lecture estim\u00e9e":"2 minutes"},"schema":{"@context":"https:\/\/schema.org","@graph":[{"@type":"WebPage","@id":"https:\/\/staging.lucky-hunter.com\/fr\/product\/cible-pour-carabine-a-air-comprime-do-all-auto-reinitialisable\/","url":"https:\/\/staging.lucky-hunter.com\/fr\/product\/cible-pour-carabine-a-air-comprime-do-all-auto-reinitialisable\/","name":"Cible pour Carabine \u00e0 Air Comprim\u00e9 DO ALL- Auto-R\u00e9initialisable","isPartOf":{"@id":"https:\/\/staging.lucky-hunter.com\/#website"},"primaryImageOfPage":{"@id":"https:\/\/staging.lucky-hunter.com\/fr\/product\/cible-pour-carabine-a-air-comprime-do-all-auto-reinitialisable\/#primaryimage"},"image":{"@id":"https:\/\/staging.lucky-hunter.com\/fr\/product\/cible-pour-carabine-a-air-comprime-do-all-auto-reinitialisable\/#primaryimage"},"thumbnailUrl":"https:\/\/staging.lucky-hunter.com\/wp-content\/uploads\/2023\/02\/ST-65.png","datePublished":"2023-02-09T10:07:22+00:00","dateModified":"2025-06-24T10:18:44+00:00","description":"Am\u00e9liorez vos comp\u00e9tences de tir avec cette cible pour carabine \u00e0 air comprim\u00e9 de Do-All. Vous r\u00e9initialisez la cible avec un seul tir, au lieu de faire des allers-retours.","breadcrumb":{"@id":"https:\/\/staging.lucky-hunter.com\/fr\/product\/cible-pour-carabine-a-air-comprime-do-all-auto-reinitialisable\/#breadcrumb"},"inLanguage":"fr-FR","potentialAction":[{"@type":"ReadAction","target":["https:\/\/staging.lucky-hunter.com\/fr\/product\/cible-pour-carabine-a-air-comprime-do-all-auto-reinitialisable\/"]}]},{"@type":"ImageObject","inLanguage":"fr-FR","@id":"https:\/\/staging.lucky-hunter.com\/fr\/product\/cible-pour-carabine-a-air-comprime-do-all-auto-reinitialisable\/#primaryimage","url":"https:\/\/staging.lucky-hunter.com\/wp-content\/uploads\/2023\/02\/ST-65.png","contentUrl":"https:\/\/staging.lucky-hunter.com\/wp-content\/uploads\/2023\/02\/ST-65.png","width":1000,"height":1000,"caption":"Cible pour carabine \u00e0 air comprim\u00e9"},{"@type":"BreadcrumbList","@id":"https:\/\/staging.lucky-hunter.com\/fr\/product\/cible-pour-carabine-a-air-comprime-do-all-auto-reinitialisable\/#breadcrumb","itemListElement":[{"@type":"ListItem","position":1,"name":"Home","item":"https:\/\/staging.lucky-hunter.com\/fr\/"},{"@type":"ListItem","position":2,"name":"Boutique","item":"https:\/\/staging.lucky-hunter.com\/fr\/shop\/"},{"@type":"ListItem","position":3,"name":"Cible pour Carabine \u00e0 Air Comprim\u00e9 DO ALL- Auto-R\u00e9initialisable"}]},{"@type":"WebSite","@id":"https:\/\/staging.lucky-hunter.com\/#website","url":"https:\/\/staging.lucky-hunter.com\/","name":"Lucky-Hunter","description":"Gear Up or Give Up","potentialAction":[{"@type":"SearchAction","target":{"@type":"EntryPoint","urlTemplate":"https:\/\/staging.lucky-hunter.com\/?s={search_term_string}"},"query-input":{"@type":"PropertyValueSpecification","valueRequired":true,"valueName":"search_term_string"}}],"inLanguage":"fr-FR"}]}},"_links":{"self":[{"href":"https:\/\/staging.lucky-hunter.com\/fr\/wp-json\/wp\/v2\/product\/196003"}],"collection":[{"href":"https:\/\/staging.lucky-hunter.com\/fr\/wp-json\/wp\/v2\/product"}],"about":[{"href":"https:\/\/staging.lucky-hunter.com\/fr\/wp-json\/wp\/v2\/types\/product"}],"wp:featuredmedia":[{"embeddable":true,"href":"https:\/\/staging.lucky-hunter.com\/fr\/wp-json\/wp\/v2\/media\/57420"}],"wp:attachment":[{"href":"https:\/\/staging.lucky-hunter.com\/fr\/wp-json\/wp\/v2\/media?parent=196003"}],"wp:term":[{"taxonomy":"product_brand","embeddable":true,"href":"https:\/\/staging.lucky-hunter.com\/fr\/wp-json\/wp\/v2\/product_brand?post=196003"},{"taxonomy":"product_cat","embeddable":true,"href":"https:\/\/staging.lucky-hunter.com\/fr\/wp-json\/wp\/v2\/product_cat?post=196003"},{"taxonomy":"product_tag","embeddable":true,"href":"https:\/\/staging.lucky-hunter.com\/fr\/wp-json\/wp\/v2\/product_tag?post=196003"}],"curies":[{"name":"wp","href":"https:\/\/api.w.org\/{rel}","templated":true}]}}