{"id":195963,"date":"2018-05-24T10:07:58","date_gmt":"2018-05-24T08:07:58","guid":{"rendered":"https:\/\/staging.lucky-hunter.com\/product\/lanceur-a-main-rrt\/"},"modified":"2025-09-15T14:48:49","modified_gmt":"2025-09-15T12:48:49","slug":"llanceur-a-main-rrt-rend-lentrainement-de-votre-chien-plus-excitant","status":"publish","type":"product","link":"https:\/\/staging.lucky-hunter.com\/fr\/product\/llanceur-a-main-rrt-rend-lentrainement-de-votre-chien-plus-excitant\/","title":{"rendered":"Lanceur \u00e0 Main &#8211; RRT"},"content":{"rendered":"<h1><strong>Lanceur \u00e0 Main RRT &#8211; rend l&#8217;entra\u00eenement de votre chien plus excitant<\/strong><\/h1>\n<p>Ce lanceur de dummy portatif a \u00e9t\u00e9 invent\u00e9 par American Retriev-R Trainer en 1965, et depuis, il est devenu mondialement c\u00e9l\u00e8bre et le plus populaire sur le march\u00e9.<\/p>\n<p>Le lanceur de dummy combine le son d&#8217;une arme \u00e0 feu avec un dummy lanc\u00e9. Par cons\u00e9quent, votre entra\u00eenement canin sera tr\u00e8s proche d&#8217;une situation de chasse r\u00e9aliste.<\/p>\n<p>Avec son design unique, le lanceur RRT peut \u00eatre utilis\u00e9 d&#8217;une seule main. C&#8217;est un grand avantage lorsque vous entra\u00eenez des chiots ou de jeunes chiens, car vous avez l&#8217;autre main libre pour guider le chien.<\/p>\n<p>Fabriqu\u00e9 en aluminium de haute qualit\u00e9, il r\u00e9siste \u00e0 la rouille et \u00e0 la corrosion.<\/p>\n<p>Les broches d&#8217;allumage sont en acier inoxydable et ont un ensemble en laiton qui emp\u00eache l&#8217;accumulation de salet\u00e9 dans la poign\u00e9e.<\/p>\n<p>Garantie de 2 ans.<\/p>\n<p>Calibre 22.<\/p>\n<p>&#8211;<\/p>\n<p>Depuis 1965, les propri\u00e9taires de chiens professionnels et enthousiastes du monde entier utilisent des \u00e9quipements d&#8217;entra\u00eenement de American Retriev-R-Trainer.<\/p>\n<p>Tout l&#8217;\u00e9quipement est con\u00e7u et fabriqu\u00e9 aux \u00c9tats-Unis.<\/p>\n","protected":false},"excerpt":{"rendered":"<p>Le lanceur de dummy combine le son d&#8217;une arme \u00e0 feu avec un dummy lanc\u00e9. Par cons\u00e9quent, votre entra\u00eenement canin sera tr\u00e8s proche d&#8217;une situation de chasse r\u00e9aliste.<\/p>\n","protected":false},"featured_media":57887,"template":"","meta":[],"product_brand":[8223],"product_cat":[8188],"product_tag":[],"yoast_head":"<!-- This site is optimized with the Yoast SEO plugin v24.3 - https:\/\/yoast.com\/wordpress\/plugins\/seo\/ -->\n<title>Lanceur \u00e0 Main RRT. Rend l&#039;entra\u00eenement de votre chien plus excitant<\/title>\n<meta name=\"description\" content=\"Entra\u00eenez facilement votre chien. Le Lanceur \u00e0 Main RRT combine le lancement d&#039;un dummy avec le son d&#039;un coup de feu pour entra\u00eener votre chien \u00e0 rapporter efficacement.\" \/>\n<meta name=\"robots\" content=\"noindex, follow, max-snippet:-1, max-image-preview:large, max-video-preview:-1\" \/>\n<meta property=\"og:locale\" content=\"fr_FR\" \/>\n<meta property=\"og:type\" content=\"article\" \/>\n<meta property=\"og:title\" content=\"Lanceur \u00e0 Main RRT. Rend l&#039;entra\u00eenement de votre chien plus excitant\" \/>\n<meta property=\"og:description\" content=\"Entra\u00eenez facilement votre chien. Le Lanceur \u00e0 Main RRT combine le lancement d&#039;un dummy avec le son d&#039;un coup de feu pour entra\u00eener votre chien \u00e0 rapporter efficacement.\" \/>\n<meta property=\"og:url\" content=\"https:\/\/staging.lucky-hunter.com\/fr\/product\/llanceur-a-main-rrt-rend-lentrainement-de-votre-chien-plus-excitant\/\" \/>\n<meta property=\"og:site_name\" content=\"Lucky-Hunter\" \/>\n<meta property=\"article:modified_time\" content=\"2025-09-15T12:48:49+00:00\" \/>\n<meta property=\"og:image\" content=\"https:\/\/staging.lucky-hunter.com\/wp-content\/uploads\/2018\/05\/JH-105.png\" \/>\n\t<meta property=\"og:image:width\" content=\"1000\" \/>\n\t<meta property=\"og:image:height\" content=\"1000\" \/>\n\t<meta property=\"og:image:type\" content=\"image\/png\" \/>\n<meta name=\"twitter:card\" content=\"summary_large_image\" \/>\n<meta name=\"twitter:label1\" content=\"Dur\u00e9e de lecture estim\u00e9e\" \/>\n\t<meta name=\"twitter:data1\" content=\"1 minute\" \/>\n<script type=\"application\/ld+json\" class=\"yoast-schema-graph\">{\"@context\":\"https:\/\/schema.org\",\"@graph\":[{\"@type\":\"WebPage\",\"@id\":\"https:\/\/staging.lucky-hunter.com\/fr\/product\/llanceur-a-main-rrt-rend-lentrainement-de-votre-chien-plus-excitant\/\",\"url\":\"https:\/\/staging.lucky-hunter.com\/fr\/product\/llanceur-a-main-rrt-rend-lentrainement-de-votre-chien-plus-excitant\/\",\"name\":\"Lanceur \u00e0 Main RRT. Rend l'entra\u00eenement de votre chien plus excitant\",\"isPartOf\":{\"@id\":\"https:\/\/staging.lucky-hunter.com\/#website\"},\"primaryImageOfPage\":{\"@id\":\"https:\/\/staging.lucky-hunter.com\/fr\/product\/llanceur-a-main-rrt-rend-lentrainement-de-votre-chien-plus-excitant\/#primaryimage\"},\"image\":{\"@id\":\"https:\/\/staging.lucky-hunter.com\/fr\/product\/llanceur-a-main-rrt-rend-lentrainement-de-votre-chien-plus-excitant\/#primaryimage\"},\"thumbnailUrl\":\"https:\/\/staging.lucky-hunter.com\/wp-content\/uploads\/2018\/05\/JH-105.png\",\"datePublished\":\"2018-05-24T08:07:58+00:00\",\"dateModified\":\"2025-09-15T12:48:49+00:00\",\"description\":\"Entra\u00eenez facilement votre chien. Le Lanceur \u00e0 Main RRT combine le lancement d'un dummy avec le son d'un coup de feu pour entra\u00eener votre chien \u00e0 rapporter efficacement.\",\"breadcrumb\":{\"@id\":\"https:\/\/staging.lucky-hunter.com\/fr\/product\/llanceur-a-main-rrt-rend-lentrainement-de-votre-chien-plus-excitant\/#breadcrumb\"},\"inLanguage\":\"fr-FR\",\"potentialAction\":[{\"@type\":\"ReadAction\",\"target\":[\"https:\/\/staging.lucky-hunter.com\/fr\/product\/llanceur-a-main-rrt-rend-lentrainement-de-votre-chien-plus-excitant\/\"]}]},{\"@type\":\"ImageObject\",\"inLanguage\":\"fr-FR\",\"@id\":\"https:\/\/staging.lucky-hunter.com\/fr\/product\/llanceur-a-main-rrt-rend-lentrainement-de-votre-chien-plus-excitant\/#primaryimage\",\"url\":\"https:\/\/staging.lucky-hunter.com\/wp-content\/uploads\/2018\/05\/JH-105.png\",\"contentUrl\":\"https:\/\/staging.lucky-hunter.com\/wp-content\/uploads\/2018\/05\/JH-105.png\",\"width\":1000,\"height\":1000},{\"@type\":\"BreadcrumbList\",\"@id\":\"https:\/\/staging.lucky-hunter.com\/fr\/product\/llanceur-a-main-rrt-rend-lentrainement-de-votre-chien-plus-excitant\/#breadcrumb\",\"itemListElement\":[{\"@type\":\"ListItem\",\"position\":1,\"name\":\"Home\",\"item\":\"https:\/\/staging.lucky-hunter.com\/fr\/\"},{\"@type\":\"ListItem\",\"position\":2,\"name\":\"Boutique\",\"item\":\"https:\/\/staging.lucky-hunter.com\/fr\/shop\/\"},{\"@type\":\"ListItem\",\"position\":3,\"name\":\"Lanceur \u00e0 Main &#8211; RRT\"}]},{\"@type\":\"WebSite\",\"@id\":\"https:\/\/staging.lucky-hunter.com\/#website\",\"url\":\"https:\/\/staging.lucky-hunter.com\/\",\"name\":\"Lucky-Hunter\",\"description\":\"Gear Up or Give Up\",\"potentialAction\":[{\"@type\":\"SearchAction\",\"target\":{\"@type\":\"EntryPoint\",\"urlTemplate\":\"https:\/\/staging.lucky-hunter.com\/?s={search_term_string}\"},\"query-input\":{\"@type\":\"PropertyValueSpecification\",\"valueRequired\":true,\"valueName\":\"search_term_string\"}}],\"inLanguage\":\"fr-FR\"}]}<\/script>\n<!-- \/ Yoast SEO plugin. -->","yoast_head_json":{"title":"Lanceur \u00e0 Main RRT. Rend l'entra\u00eenement de votre chien plus excitant","description":"Entra\u00eenez facilement votre chien. Le Lanceur \u00e0 Main RRT combine le lancement d'un dummy avec le son d'un coup de feu pour entra\u00eener votre chien \u00e0 rapporter efficacement.","robots":{"index":"noindex","follow":"follow","max-snippet":"max-snippet:-1","max-image-preview":"max-image-preview:large","max-video-preview":"max-video-preview:-1"},"og_locale":"fr_FR","og_type":"article","og_title":"Lanceur \u00e0 Main RRT. Rend l'entra\u00eenement de votre chien plus excitant","og_description":"Entra\u00eenez facilement votre chien. Le Lanceur \u00e0 Main RRT combine le lancement d'un dummy avec le son d'un coup de feu pour entra\u00eener votre chien \u00e0 rapporter efficacement.","og_url":"https:\/\/staging.lucky-hunter.com\/fr\/product\/llanceur-a-main-rrt-rend-lentrainement-de-votre-chien-plus-excitant\/","og_site_name":"Lucky-Hunter","article_modified_time":"2025-09-15T12:48:49+00:00","og_image":[{"width":1000,"height":1000,"url":"https:\/\/staging.lucky-hunter.com\/wp-content\/uploads\/2018\/05\/JH-105.png","type":"image\/png"}],"twitter_card":"summary_large_image","twitter_misc":{"Dur\u00e9e de lecture estim\u00e9e":"1 minute"},"schema":{"@context":"https:\/\/schema.org","@graph":[{"@type":"WebPage","@id":"https:\/\/staging.lucky-hunter.com\/fr\/product\/llanceur-a-main-rrt-rend-lentrainement-de-votre-chien-plus-excitant\/","url":"https:\/\/staging.lucky-hunter.com\/fr\/product\/llanceur-a-main-rrt-rend-lentrainement-de-votre-chien-plus-excitant\/","name":"Lanceur \u00e0 Main RRT. Rend l'entra\u00eenement de votre chien plus excitant","isPartOf":{"@id":"https:\/\/staging.lucky-hunter.com\/#website"},"primaryImageOfPage":{"@id":"https:\/\/staging.lucky-hunter.com\/fr\/product\/llanceur-a-main-rrt-rend-lentrainement-de-votre-chien-plus-excitant\/#primaryimage"},"image":{"@id":"https:\/\/staging.lucky-hunter.com\/fr\/product\/llanceur-a-main-rrt-rend-lentrainement-de-votre-chien-plus-excitant\/#primaryimage"},"thumbnailUrl":"https:\/\/staging.lucky-hunter.com\/wp-content\/uploads\/2018\/05\/JH-105.png","datePublished":"2018-05-24T08:07:58+00:00","dateModified":"2025-09-15T12:48:49+00:00","description":"Entra\u00eenez facilement votre chien. Le Lanceur \u00e0 Main RRT combine le lancement d'un dummy avec le son d'un coup de feu pour entra\u00eener votre chien \u00e0 rapporter efficacement.","breadcrumb":{"@id":"https:\/\/staging.lucky-hunter.com\/fr\/product\/llanceur-a-main-rrt-rend-lentrainement-de-votre-chien-plus-excitant\/#breadcrumb"},"inLanguage":"fr-FR","potentialAction":[{"@type":"ReadAction","target":["https:\/\/staging.lucky-hunter.com\/fr\/product\/llanceur-a-main-rrt-rend-lentrainement-de-votre-chien-plus-excitant\/"]}]},{"@type":"ImageObject","inLanguage":"fr-FR","@id":"https:\/\/staging.lucky-hunter.com\/fr\/product\/llanceur-a-main-rrt-rend-lentrainement-de-votre-chien-plus-excitant\/#primaryimage","url":"https:\/\/staging.lucky-hunter.com\/wp-content\/uploads\/2018\/05\/JH-105.png","contentUrl":"https:\/\/staging.lucky-hunter.com\/wp-content\/uploads\/2018\/05\/JH-105.png","width":1000,"height":1000},{"@type":"BreadcrumbList","@id":"https:\/\/staging.lucky-hunter.com\/fr\/product\/llanceur-a-main-rrt-rend-lentrainement-de-votre-chien-plus-excitant\/#breadcrumb","itemListElement":[{"@type":"ListItem","position":1,"name":"Home","item":"https:\/\/staging.lucky-hunter.com\/fr\/"},{"@type":"ListItem","position":2,"name":"Boutique","item":"https:\/\/staging.lucky-hunter.com\/fr\/shop\/"},{"@type":"ListItem","position":3,"name":"Lanceur \u00e0 Main &#8211; RRT"}]},{"@type":"WebSite","@id":"https:\/\/staging.lucky-hunter.com\/#website","url":"https:\/\/staging.lucky-hunter.com\/","name":"Lucky-Hunter","description":"Gear Up or Give Up","potentialAction":[{"@type":"SearchAction","target":{"@type":"EntryPoint","urlTemplate":"https:\/\/staging.lucky-hunter.com\/?s={search_term_string}"},"query-input":{"@type":"PropertyValueSpecification","valueRequired":true,"valueName":"search_term_string"}}],"inLanguage":"fr-FR"}]}},"_links":{"self":[{"href":"https:\/\/staging.lucky-hunter.com\/fr\/wp-json\/wp\/v2\/product\/195963"}],"collection":[{"href":"https:\/\/staging.lucky-hunter.com\/fr\/wp-json\/wp\/v2\/product"}],"about":[{"href":"https:\/\/staging.lucky-hunter.com\/fr\/wp-json\/wp\/v2\/types\/product"}],"wp:featuredmedia":[{"embeddable":true,"href":"https:\/\/staging.lucky-hunter.com\/fr\/wp-json\/wp\/v2\/media\/57887"}],"wp:attachment":[{"href":"https:\/\/staging.lucky-hunter.com\/fr\/wp-json\/wp\/v2\/media?parent=195963"}],"wp:term":[{"taxonomy":"product_brand","embeddable":true,"href":"https:\/\/staging.lucky-hunter.com\/fr\/wp-json\/wp\/v2\/product_brand?post=195963"},{"taxonomy":"product_cat","embeddable":true,"href":"https:\/\/staging.lucky-hunter.com\/fr\/wp-json\/wp\/v2\/product_cat?post=195963"},{"taxonomy":"product_tag","embeddable":true,"href":"https:\/\/staging.lucky-hunter.com\/fr\/wp-json\/wp\/v2\/product_tag?post=195963"}],"curies":[{"name":"wp","href":"https:\/\/api.w.org\/{rel}","templated":true}]}}