{"id":195939,"date":"2024-01-29T16:42:05","date_gmt":"2024-01-29T15:42:05","guid":{"rendered":"https:\/\/staging.lucky-hunter.com\/product\/tricky-pink-appeau-pour-oie-a-bec-court-en-roseau-long\/"},"modified":"2025-06-23T15:31:01","modified_gmt":"2025-06-23T13:31:01","slug":"appeau-pour-oie-a-bec-court-en-roseau-long-tricky-pink","status":"publish","type":"product","link":"https:\/\/staging.lucky-hunter.com\/fr\/product\/appeau-pour-oie-a-bec-court-en-roseau-long-tricky-pink\/","title":{"rendered":"Appeau pour Oie \u00e0 Bec Court en Roseau Long &#8211; Tricky Pink"},"content":{"rendered":"<p><iframe title=\"tutorial Pinkfoot goose call - short reed UK wildfowling www.trickypinkdecoys.com\" width=\"1020\" height=\"574\" src=\"https:\/\/www.youtube.com\/embed\/EnYAIS8sWZU?wmode=transparent&amp;rel=0&amp;feature=oembed&#038;enablejsapi=1&#038;origin=https:\/\/staging.lucky-hunter.com\" frameborder=\"0\" allow=\"accelerometer; autoplay; clipboard-write; encrypted-media; gyroscope; picture-in-picture; web-share\" referrerpolicy=\"strict-origin-when-cross-origin\" allowfullscreen><\/iframe><\/p>\n<h2><strong>Assembl\u00e9 et accord\u00e9 \u00e0 la main par un innovateur britannique passionn\u00e9 de l&#8217;appel de gibier<\/strong><\/h2>\n<p>En qu\u00eate d&#8217;inspiration, le fondateur de Tricky Pink s&#8217;est tourn\u00e9 vers l&#8217;Am\u00e9rique o\u00f9 l&#8217;appel est un sport en soi, et il a \u00e9t\u00e9 stup\u00e9fait de voir \u00e0 quel point le march\u00e9 britannique \u00e9tait en retard en termes de mat\u00e9riaux et de techniques. Roseaux courts, appels r\u00e9duits, roseaux ras\u00e9s, trous de tonalit\u00e9 &#8211; tant de choses \u00e0 apprendre et \u00e0 d\u00e9velopper pour les chasseurs de gibier d&#8217;eau au Royaume-Uni.<\/p>\n<p>Chez Lucky Hunter, nous sommes fiers de pr\u00e9senter les excellents appeaux en acrylique faits \u00e0 la main et accord\u00e9s \u00e0 la main de Tricky Pink Decoys sur le march\u00e9 europ\u00e9en.<\/p>\n<div>Ce Appeau pour Oie \u00e0 Bec Court est fabriqu\u00e9 avec les meilleurs mat\u00e9riaux disponibles. L&#8217;acrylique est largement consid\u00e9r\u00e9 comme le meilleur mat\u00e9riau \u00e0 utiliser pour les appeaux de gibier d&#8217;eau en raison des sons de qualit\u00e9 sup\u00e9rieure qu&#8217;ils produisent.<\/div>\n<div><\/div>\n<div>D\u00e9velopp\u00e9 et produit sp\u00e9cifiquement pour les conditions difficiles des marais ou des champs, vous offrant des opportunit\u00e9s suppl\u00e9mentaires qui peuvent rendre ces matins et soir\u00e9es glaciales dans le marais ou \u00e0 l&#8217;aff\u00fbt plus fructueuses!<\/div>\n<div><\/div>\n<div><strong>Comment utiliser :<\/strong><\/div>\n<ul>\n<li>Saisissez l&#8217;appeau par l&#8217;insert entre votre pouce et votre index, avec le reste de votre main continuez \u00e0 enrouler vos autres doigts pour former une chambre d&#8217;\u00e9cho, du m\u00eame diam\u00e8tre que l&#8217;insert de l&#8217;appeau.<\/li>\n<li>Placez l&#8217;embouchure de l&#8217;appeau contre vos l\u00e8vres comme si vous buviez \u00e0 une bouteille en formant un joint \u00e9tanche pour produire un son de base &#8220;wink&#8221; avec la langue plac\u00e9e contre le toit de votre bouche.<\/li>\n<li>Accumulez la pression de l&#8217;air et rel\u00e2chez une rafale d&#8217;air en abaissant votre langue en disant &#8220;TUT&#8221; dans l&#8217;appeau.<\/li>\n<li>Une fois qu&#8217;une seule note est ma\u00eetris\u00e9e, encha\u00eenez 2 rafales d&#8217;air &#8220;TUT-TUT&#8221; (c&#8217;est la note de base qui constituera 95 % de l&#8217;appel des oies \u00e0 bec court).<\/li>\n<li>De temps en temps, variez en ajoutant une triple note pour diversifier &#8220;TUT-TUT-TUT&#8221;.<\/li>\n<li>En utilisant votre main non dominante pour bloquer rapidement l&#8217;ouverture cr\u00e9\u00e9e par votre main dominante, vous pouvez changer la tonalit\u00e9 de l&#8217;appeau pour imiter un plus grand nombre d&#8217;oies.<\/li>\n<\/ul>\n","protected":false},"excerpt":{"rendered":"<p>L&#8217;Appeau pour Oie \u00e0 Bec Court en Acrylique de Tricky Pink est fabriqu\u00e9 avec les meilleurs mat\u00e9riaux. D\u00e9velopp\u00e9 pour les conditions difficiles des marais et des champs boueux.<\/p>\n","protected":false},"featured_media":70271,"template":"","meta":[],"product_brand":[9546],"product_cat":[8168],"product_tag":[],"yoast_head":"<!-- This site is optimized with the Yoast SEO plugin v24.3 - https:\/\/yoast.com\/wordpress\/plugins\/seo\/ -->\n<title>Appeau pour Oie \u00e0 Bec Court en Roseau Long - Tricky Pink<\/title>\n<meta name=\"description\" content=\"L&#039;Appeau pour Oie \u00e0 Bec Court en Acrylique de Tricky Pink est fabriqu\u00e9 avec les meilleurs mat\u00e9riaux. D\u00e9velopp\u00e9 pour les conditions difficiles des marais et des champs boueux.\" \/>\n<meta name=\"robots\" content=\"noindex, follow, max-snippet:-1, max-image-preview:large, max-video-preview:-1\" \/>\n<meta property=\"og:locale\" content=\"fr_FR\" \/>\n<meta property=\"og:type\" content=\"article\" \/>\n<meta property=\"og:title\" content=\"Appeau pour Oie \u00e0 Bec Court en Roseau Long - Tricky Pink\" \/>\n<meta property=\"og:description\" content=\"L&#039;Appeau pour Oie \u00e0 Bec Court en Acrylique de Tricky Pink est fabriqu\u00e9 avec les meilleurs mat\u00e9riaux. D\u00e9velopp\u00e9 pour les conditions difficiles des marais et des champs boueux.\" \/>\n<meta property=\"og:url\" content=\"https:\/\/staging.lucky-hunter.com\/fr\/product\/appeau-pour-oie-a-bec-court-en-roseau-long-tricky-pink\/\" \/>\n<meta property=\"og:site_name\" content=\"Lucky-Hunter\" \/>\n<meta property=\"article:modified_time\" content=\"2025-06-23T13:31:01+00:00\" \/>\n<meta property=\"og:image\" content=\"https:\/\/staging.lucky-hunter.com\/wp-content\/uploads\/2024\/01\/LK-142.png\" \/>\n\t<meta property=\"og:image:width\" content=\"1000\" \/>\n\t<meta property=\"og:image:height\" content=\"1000\" \/>\n\t<meta property=\"og:image:type\" content=\"image\/png\" \/>\n<meta name=\"twitter:card\" content=\"summary_large_image\" \/>\n<meta name=\"twitter:label1\" content=\"Dur\u00e9e de lecture estim\u00e9e\" \/>\n\t<meta name=\"twitter:data1\" content=\"2 minutes\" \/>\n<script type=\"application\/ld+json\" class=\"yoast-schema-graph\">{\"@context\":\"https:\/\/schema.org\",\"@graph\":[{\"@type\":\"WebPage\",\"@id\":\"https:\/\/staging.lucky-hunter.com\/fr\/product\/appeau-pour-oie-a-bec-court-en-roseau-long-tricky-pink\/\",\"url\":\"https:\/\/staging.lucky-hunter.com\/fr\/product\/appeau-pour-oie-a-bec-court-en-roseau-long-tricky-pink\/\",\"name\":\"Appeau pour Oie \u00e0 Bec Court en Roseau Long - Tricky Pink\",\"isPartOf\":{\"@id\":\"https:\/\/staging.lucky-hunter.com\/#website\"},\"primaryImageOfPage\":{\"@id\":\"https:\/\/staging.lucky-hunter.com\/fr\/product\/appeau-pour-oie-a-bec-court-en-roseau-long-tricky-pink\/#primaryimage\"},\"image\":{\"@id\":\"https:\/\/staging.lucky-hunter.com\/fr\/product\/appeau-pour-oie-a-bec-court-en-roseau-long-tricky-pink\/#primaryimage\"},\"thumbnailUrl\":\"https:\/\/staging.lucky-hunter.com\/wp-content\/uploads\/2024\/01\/LK-142.png\",\"datePublished\":\"2024-01-29T15:42:05+00:00\",\"dateModified\":\"2025-06-23T13:31:01+00:00\",\"description\":\"L'Appeau pour Oie \u00e0 Bec Court en Acrylique de Tricky Pink est fabriqu\u00e9 avec les meilleurs mat\u00e9riaux. D\u00e9velopp\u00e9 pour les conditions difficiles des marais et des champs boueux.\",\"breadcrumb\":{\"@id\":\"https:\/\/staging.lucky-hunter.com\/fr\/product\/appeau-pour-oie-a-bec-court-en-roseau-long-tricky-pink\/#breadcrumb\"},\"inLanguage\":\"fr-FR\",\"potentialAction\":[{\"@type\":\"ReadAction\",\"target\":[\"https:\/\/staging.lucky-hunter.com\/fr\/product\/appeau-pour-oie-a-bec-court-en-roseau-long-tricky-pink\/\"]}]},{\"@type\":\"ImageObject\",\"inLanguage\":\"fr-FR\",\"@id\":\"https:\/\/staging.lucky-hunter.com\/fr\/product\/appeau-pour-oie-a-bec-court-en-roseau-long-tricky-pink\/#primaryimage\",\"url\":\"https:\/\/staging.lucky-hunter.com\/wp-content\/uploads\/2024\/01\/LK-142.png\",\"contentUrl\":\"https:\/\/staging.lucky-hunter.com\/wp-content\/uploads\/2024\/01\/LK-142.png\",\"width\":1000,\"height\":1000},{\"@type\":\"BreadcrumbList\",\"@id\":\"https:\/\/staging.lucky-hunter.com\/fr\/product\/appeau-pour-oie-a-bec-court-en-roseau-long-tricky-pink\/#breadcrumb\",\"itemListElement\":[{\"@type\":\"ListItem\",\"position\":1,\"name\":\"Home\",\"item\":\"https:\/\/staging.lucky-hunter.com\/fr\/\"},{\"@type\":\"ListItem\",\"position\":2,\"name\":\"Boutique\",\"item\":\"https:\/\/staging.lucky-hunter.com\/fr\/shop\/\"},{\"@type\":\"ListItem\",\"position\":3,\"name\":\"Appeau pour Oie \u00e0 Bec Court en Roseau Long &#8211; Tricky Pink\"}]},{\"@type\":\"WebSite\",\"@id\":\"https:\/\/staging.lucky-hunter.com\/#website\",\"url\":\"https:\/\/staging.lucky-hunter.com\/\",\"name\":\"Lucky-Hunter\",\"description\":\"Gear Up or Give Up\",\"potentialAction\":[{\"@type\":\"SearchAction\",\"target\":{\"@type\":\"EntryPoint\",\"urlTemplate\":\"https:\/\/staging.lucky-hunter.com\/?s={search_term_string}\"},\"query-input\":{\"@type\":\"PropertyValueSpecification\",\"valueRequired\":true,\"valueName\":\"search_term_string\"}}],\"inLanguage\":\"fr-FR\"}]}<\/script>\n<!-- \/ Yoast SEO plugin. -->","yoast_head_json":{"title":"Appeau pour Oie \u00e0 Bec Court en Roseau Long - Tricky Pink","description":"L'Appeau pour Oie \u00e0 Bec Court en Acrylique de Tricky Pink est fabriqu\u00e9 avec les meilleurs mat\u00e9riaux. D\u00e9velopp\u00e9 pour les conditions difficiles des marais et des champs boueux.","robots":{"index":"noindex","follow":"follow","max-snippet":"max-snippet:-1","max-image-preview":"max-image-preview:large","max-video-preview":"max-video-preview:-1"},"og_locale":"fr_FR","og_type":"article","og_title":"Appeau pour Oie \u00e0 Bec Court en Roseau Long - Tricky Pink","og_description":"L'Appeau pour Oie \u00e0 Bec Court en Acrylique de Tricky Pink est fabriqu\u00e9 avec les meilleurs mat\u00e9riaux. D\u00e9velopp\u00e9 pour les conditions difficiles des marais et des champs boueux.","og_url":"https:\/\/staging.lucky-hunter.com\/fr\/product\/appeau-pour-oie-a-bec-court-en-roseau-long-tricky-pink\/","og_site_name":"Lucky-Hunter","article_modified_time":"2025-06-23T13:31:01+00:00","og_image":[{"width":1000,"height":1000,"url":"https:\/\/staging.lucky-hunter.com\/wp-content\/uploads\/2024\/01\/LK-142.png","type":"image\/png"}],"twitter_card":"summary_large_image","twitter_misc":{"Dur\u00e9e de lecture estim\u00e9e":"2 minutes"},"schema":{"@context":"https:\/\/schema.org","@graph":[{"@type":"WebPage","@id":"https:\/\/staging.lucky-hunter.com\/fr\/product\/appeau-pour-oie-a-bec-court-en-roseau-long-tricky-pink\/","url":"https:\/\/staging.lucky-hunter.com\/fr\/product\/appeau-pour-oie-a-bec-court-en-roseau-long-tricky-pink\/","name":"Appeau pour Oie \u00e0 Bec Court en Roseau Long - Tricky Pink","isPartOf":{"@id":"https:\/\/staging.lucky-hunter.com\/#website"},"primaryImageOfPage":{"@id":"https:\/\/staging.lucky-hunter.com\/fr\/product\/appeau-pour-oie-a-bec-court-en-roseau-long-tricky-pink\/#primaryimage"},"image":{"@id":"https:\/\/staging.lucky-hunter.com\/fr\/product\/appeau-pour-oie-a-bec-court-en-roseau-long-tricky-pink\/#primaryimage"},"thumbnailUrl":"https:\/\/staging.lucky-hunter.com\/wp-content\/uploads\/2024\/01\/LK-142.png","datePublished":"2024-01-29T15:42:05+00:00","dateModified":"2025-06-23T13:31:01+00:00","description":"L'Appeau pour Oie \u00e0 Bec Court en Acrylique de Tricky Pink est fabriqu\u00e9 avec les meilleurs mat\u00e9riaux. D\u00e9velopp\u00e9 pour les conditions difficiles des marais et des champs boueux.","breadcrumb":{"@id":"https:\/\/staging.lucky-hunter.com\/fr\/product\/appeau-pour-oie-a-bec-court-en-roseau-long-tricky-pink\/#breadcrumb"},"inLanguage":"fr-FR","potentialAction":[{"@type":"ReadAction","target":["https:\/\/staging.lucky-hunter.com\/fr\/product\/appeau-pour-oie-a-bec-court-en-roseau-long-tricky-pink\/"]}]},{"@type":"ImageObject","inLanguage":"fr-FR","@id":"https:\/\/staging.lucky-hunter.com\/fr\/product\/appeau-pour-oie-a-bec-court-en-roseau-long-tricky-pink\/#primaryimage","url":"https:\/\/staging.lucky-hunter.com\/wp-content\/uploads\/2024\/01\/LK-142.png","contentUrl":"https:\/\/staging.lucky-hunter.com\/wp-content\/uploads\/2024\/01\/LK-142.png","width":1000,"height":1000},{"@type":"BreadcrumbList","@id":"https:\/\/staging.lucky-hunter.com\/fr\/product\/appeau-pour-oie-a-bec-court-en-roseau-long-tricky-pink\/#breadcrumb","itemListElement":[{"@type":"ListItem","position":1,"name":"Home","item":"https:\/\/staging.lucky-hunter.com\/fr\/"},{"@type":"ListItem","position":2,"name":"Boutique","item":"https:\/\/staging.lucky-hunter.com\/fr\/shop\/"},{"@type":"ListItem","position":3,"name":"Appeau pour Oie \u00e0 Bec Court en Roseau Long &#8211; Tricky Pink"}]},{"@type":"WebSite","@id":"https:\/\/staging.lucky-hunter.com\/#website","url":"https:\/\/staging.lucky-hunter.com\/","name":"Lucky-Hunter","description":"Gear Up or Give Up","potentialAction":[{"@type":"SearchAction","target":{"@type":"EntryPoint","urlTemplate":"https:\/\/staging.lucky-hunter.com\/?s={search_term_string}"},"query-input":{"@type":"PropertyValueSpecification","valueRequired":true,"valueName":"search_term_string"}}],"inLanguage":"fr-FR"}]}},"_links":{"self":[{"href":"https:\/\/staging.lucky-hunter.com\/fr\/wp-json\/wp\/v2\/product\/195939"}],"collection":[{"href":"https:\/\/staging.lucky-hunter.com\/fr\/wp-json\/wp\/v2\/product"}],"about":[{"href":"https:\/\/staging.lucky-hunter.com\/fr\/wp-json\/wp\/v2\/types\/product"}],"wp:featuredmedia":[{"embeddable":true,"href":"https:\/\/staging.lucky-hunter.com\/fr\/wp-json\/wp\/v2\/media\/70271"}],"wp:attachment":[{"href":"https:\/\/staging.lucky-hunter.com\/fr\/wp-json\/wp\/v2\/media?parent=195939"}],"wp:term":[{"taxonomy":"product_brand","embeddable":true,"href":"https:\/\/staging.lucky-hunter.com\/fr\/wp-json\/wp\/v2\/product_brand?post=195939"},{"taxonomy":"product_cat","embeddable":true,"href":"https:\/\/staging.lucky-hunter.com\/fr\/wp-json\/wp\/v2\/product_cat?post=195939"},{"taxonomy":"product_tag","embeddable":true,"href":"https:\/\/staging.lucky-hunter.com\/fr\/wp-json\/wp\/v2\/product_tag?post=195939"}],"curies":[{"name":"wp","href":"https:\/\/api.w.org\/{rel}","templated":true}]}}