{"id":195786,"date":"2021-11-23T13:11:41","date_gmt":"2021-11-23T12:11:41","guid":{"rendered":"https:\/\/staging.lucky-hunter.com\/product\/baril-dalimentation-avec-couvercle-a-vis-60-litres\/"},"modified":"2025-06-24T15:23:23","modified_gmt":"2025-06-24T13:23:23","slug":"baril-dalimentation-avec-couvercle-a-vis-60-litres","status":"publish","type":"product","link":"https:\/\/staging.lucky-hunter.com\/fr\/product\/baril-dalimentation-avec-couvercle-a-vis-60-litres\/","title":{"rendered":"Baril d&#8217;alimentation avec couvercle \u00e0 vis 60 litres"},"content":{"rendered":"<p>Baril d&#8217;alimentation avec couvercle \u00e0 vis et boucle en aluminium de bonne et solide qualit\u00e9 pour votre site d&#8217;alimentation.<\/p>\n<p>Le baril est \u00e9galement tr\u00e8s utile pour stocker des aliments ou des liquides.<\/p>\n<p>Le couvercle sp\u00e9cialement con\u00e7u avec joint en caoutchouc assure que le baril est bien ferm\u00e9 et peut \u00eatre facilement ouvert et scell\u00e9.<\/p>\n<p><strong>Caract\u00e9ristiques :<\/strong><\/p>\n<ul>\n<li>Baril neuf et inutilis\u00e9<\/li>\n<li>Capacit\u00e9 : 60 litres (38 x 65 cm)<\/li>\n<li>Couleur : noir<\/li>\n<li>Moul\u00e9 en une seule pi\u00e8ce<\/li>\n<li>Avec poign\u00e9es pour une manipulation facile<\/li>\n<li>Parfait pour monter une machine d&#8217;alimentation automatique ou une spirale d&#8217;alimentation.<\/li>\n<\/ul>\n","protected":false},"excerpt":{"rendered":"<p>Baril d&#8217;alimentation avec couvercle \u00e0 vis et boucle en aluminium de bonne et solide qualit\u00e9 pour votre site d&#8217;alimentation.<\/p>\n","protected":false},"featured_media":30512,"template":"","meta":[],"product_brand":[8121],"product_cat":[8233],"product_tag":[],"yoast_head":"<!-- This site is optimized with the Yoast SEO plugin v24.3 - https:\/\/yoast.com\/wordpress\/plugins\/seo\/ -->\n<title>Baril d&#039;alimentation avec couvercle \u00e0 vis 60 litres - Noir<\/title>\n<meta name=\"description\" content=\"Baril d&#039;alimentation avec couvercle \u00e0 vis et boucle en aluminium de bonne et solide qualit\u00e9 pour votre site d&#039;alimentation.\" \/>\n<meta name=\"robots\" content=\"noindex, follow, max-snippet:-1, max-image-preview:large, max-video-preview:-1\" \/>\n<meta property=\"og:locale\" content=\"fr_FR\" \/>\n<meta property=\"og:type\" content=\"article\" \/>\n<meta property=\"og:title\" content=\"Baril d&#039;alimentation avec couvercle \u00e0 vis 60 litres - Noir\" \/>\n<meta property=\"og:description\" content=\"Baril d&#039;alimentation avec couvercle \u00e0 vis et boucle en aluminium de bonne et solide qualit\u00e9 pour votre site d&#039;alimentation.\" \/>\n<meta property=\"og:url\" content=\"https:\/\/staging.lucky-hunter.com\/fr\/product\/baril-dalimentation-avec-couvercle-a-vis-60-litres\/\" \/>\n<meta property=\"og:site_name\" content=\"Lucky-Hunter\" \/>\n<meta property=\"article:modified_time\" content=\"2025-06-24T13:23:23+00:00\" \/>\n<meta property=\"og:image\" content=\"https:\/\/staging.lucky-hunter.com\/wp-content\/uploads\/2021\/11\/WF-145_WF-150-1.png\" \/>\n\t<meta property=\"og:image:width\" content=\"1000\" \/>\n\t<meta property=\"og:image:height\" content=\"1000\" \/>\n\t<meta property=\"og:image:type\" content=\"image\/png\" \/>\n<meta name=\"twitter:card\" content=\"summary_large_image\" \/>\n<meta name=\"twitter:label1\" content=\"Dur\u00e9e de lecture estim\u00e9e\" \/>\n\t<meta name=\"twitter:data1\" content=\"1 minute\" \/>\n<script type=\"application\/ld+json\" class=\"yoast-schema-graph\">{\"@context\":\"https:\/\/schema.org\",\"@graph\":[{\"@type\":\"WebPage\",\"@id\":\"https:\/\/staging.lucky-hunter.com\/fr\/product\/baril-dalimentation-avec-couvercle-a-vis-60-litres\/\",\"url\":\"https:\/\/staging.lucky-hunter.com\/fr\/product\/baril-dalimentation-avec-couvercle-a-vis-60-litres\/\",\"name\":\"Baril d'alimentation avec couvercle \u00e0 vis 60 litres - Noir\",\"isPartOf\":{\"@id\":\"https:\/\/staging.lucky-hunter.com\/#website\"},\"primaryImageOfPage\":{\"@id\":\"https:\/\/staging.lucky-hunter.com\/fr\/product\/baril-dalimentation-avec-couvercle-a-vis-60-litres\/#primaryimage\"},\"image\":{\"@id\":\"https:\/\/staging.lucky-hunter.com\/fr\/product\/baril-dalimentation-avec-couvercle-a-vis-60-litres\/#primaryimage\"},\"thumbnailUrl\":\"https:\/\/staging.lucky-hunter.com\/wp-content\/uploads\/2021\/11\/WF-145_WF-150-1.png\",\"datePublished\":\"2021-11-23T12:11:41+00:00\",\"dateModified\":\"2025-06-24T13:23:23+00:00\",\"description\":\"Baril d'alimentation avec couvercle \u00e0 vis et boucle en aluminium de bonne et solide qualit\u00e9 pour votre site d'alimentation.\",\"breadcrumb\":{\"@id\":\"https:\/\/staging.lucky-hunter.com\/fr\/product\/baril-dalimentation-avec-couvercle-a-vis-60-litres\/#breadcrumb\"},\"inLanguage\":\"fr-FR\",\"potentialAction\":[{\"@type\":\"ReadAction\",\"target\":[\"https:\/\/staging.lucky-hunter.com\/fr\/product\/baril-dalimentation-avec-couvercle-a-vis-60-litres\/\"]}]},{\"@type\":\"ImageObject\",\"inLanguage\":\"fr-FR\",\"@id\":\"https:\/\/staging.lucky-hunter.com\/fr\/product\/baril-dalimentation-avec-couvercle-a-vis-60-litres\/#primaryimage\",\"url\":\"https:\/\/staging.lucky-hunter.com\/wp-content\/uploads\/2021\/11\/WF-145_WF-150-1.png\",\"contentUrl\":\"https:\/\/staging.lucky-hunter.com\/wp-content\/uploads\/2021\/11\/WF-145_WF-150-1.png\",\"width\":1000,\"height\":1000},{\"@type\":\"BreadcrumbList\",\"@id\":\"https:\/\/staging.lucky-hunter.com\/fr\/product\/baril-dalimentation-avec-couvercle-a-vis-60-litres\/#breadcrumb\",\"itemListElement\":[{\"@type\":\"ListItem\",\"position\":1,\"name\":\"Home\",\"item\":\"https:\/\/staging.lucky-hunter.com\/fr\/\"},{\"@type\":\"ListItem\",\"position\":2,\"name\":\"Boutique\",\"item\":\"https:\/\/staging.lucky-hunter.com\/fr\/shop\/\"},{\"@type\":\"ListItem\",\"position\":3,\"name\":\"Baril d&#8217;alimentation avec couvercle \u00e0 vis 60 litres\"}]},{\"@type\":\"WebSite\",\"@id\":\"https:\/\/staging.lucky-hunter.com\/#website\",\"url\":\"https:\/\/staging.lucky-hunter.com\/\",\"name\":\"Lucky-Hunter\",\"description\":\"Gear Up or Give Up\",\"potentialAction\":[{\"@type\":\"SearchAction\",\"target\":{\"@type\":\"EntryPoint\",\"urlTemplate\":\"https:\/\/staging.lucky-hunter.com\/?s={search_term_string}\"},\"query-input\":{\"@type\":\"PropertyValueSpecification\",\"valueRequired\":true,\"valueName\":\"search_term_string\"}}],\"inLanguage\":\"fr-FR\"}]}<\/script>\n<!-- \/ Yoast SEO plugin. -->","yoast_head_json":{"title":"Baril d'alimentation avec couvercle \u00e0 vis 60 litres - Noir","description":"Baril d'alimentation avec couvercle \u00e0 vis et boucle en aluminium de bonne et solide qualit\u00e9 pour votre site d'alimentation.","robots":{"index":"noindex","follow":"follow","max-snippet":"max-snippet:-1","max-image-preview":"max-image-preview:large","max-video-preview":"max-video-preview:-1"},"og_locale":"fr_FR","og_type":"article","og_title":"Baril d'alimentation avec couvercle \u00e0 vis 60 litres - Noir","og_description":"Baril d'alimentation avec couvercle \u00e0 vis et boucle en aluminium de bonne et solide qualit\u00e9 pour votre site d'alimentation.","og_url":"https:\/\/staging.lucky-hunter.com\/fr\/product\/baril-dalimentation-avec-couvercle-a-vis-60-litres\/","og_site_name":"Lucky-Hunter","article_modified_time":"2025-06-24T13:23:23+00:00","og_image":[{"width":1000,"height":1000,"url":"https:\/\/staging.lucky-hunter.com\/wp-content\/uploads\/2021\/11\/WF-145_WF-150-1.png","type":"image\/png"}],"twitter_card":"summary_large_image","twitter_misc":{"Dur\u00e9e de lecture estim\u00e9e":"1 minute"},"schema":{"@context":"https:\/\/schema.org","@graph":[{"@type":"WebPage","@id":"https:\/\/staging.lucky-hunter.com\/fr\/product\/baril-dalimentation-avec-couvercle-a-vis-60-litres\/","url":"https:\/\/staging.lucky-hunter.com\/fr\/product\/baril-dalimentation-avec-couvercle-a-vis-60-litres\/","name":"Baril d'alimentation avec couvercle \u00e0 vis 60 litres - Noir","isPartOf":{"@id":"https:\/\/staging.lucky-hunter.com\/#website"},"primaryImageOfPage":{"@id":"https:\/\/staging.lucky-hunter.com\/fr\/product\/baril-dalimentation-avec-couvercle-a-vis-60-litres\/#primaryimage"},"image":{"@id":"https:\/\/staging.lucky-hunter.com\/fr\/product\/baril-dalimentation-avec-couvercle-a-vis-60-litres\/#primaryimage"},"thumbnailUrl":"https:\/\/staging.lucky-hunter.com\/wp-content\/uploads\/2021\/11\/WF-145_WF-150-1.png","datePublished":"2021-11-23T12:11:41+00:00","dateModified":"2025-06-24T13:23:23+00:00","description":"Baril d'alimentation avec couvercle \u00e0 vis et boucle en aluminium de bonne et solide qualit\u00e9 pour votre site d'alimentation.","breadcrumb":{"@id":"https:\/\/staging.lucky-hunter.com\/fr\/product\/baril-dalimentation-avec-couvercle-a-vis-60-litres\/#breadcrumb"},"inLanguage":"fr-FR","potentialAction":[{"@type":"ReadAction","target":["https:\/\/staging.lucky-hunter.com\/fr\/product\/baril-dalimentation-avec-couvercle-a-vis-60-litres\/"]}]},{"@type":"ImageObject","inLanguage":"fr-FR","@id":"https:\/\/staging.lucky-hunter.com\/fr\/product\/baril-dalimentation-avec-couvercle-a-vis-60-litres\/#primaryimage","url":"https:\/\/staging.lucky-hunter.com\/wp-content\/uploads\/2021\/11\/WF-145_WF-150-1.png","contentUrl":"https:\/\/staging.lucky-hunter.com\/wp-content\/uploads\/2021\/11\/WF-145_WF-150-1.png","width":1000,"height":1000},{"@type":"BreadcrumbList","@id":"https:\/\/staging.lucky-hunter.com\/fr\/product\/baril-dalimentation-avec-couvercle-a-vis-60-litres\/#breadcrumb","itemListElement":[{"@type":"ListItem","position":1,"name":"Home","item":"https:\/\/staging.lucky-hunter.com\/fr\/"},{"@type":"ListItem","position":2,"name":"Boutique","item":"https:\/\/staging.lucky-hunter.com\/fr\/shop\/"},{"@type":"ListItem","position":3,"name":"Baril d&#8217;alimentation avec couvercle \u00e0 vis 60 litres"}]},{"@type":"WebSite","@id":"https:\/\/staging.lucky-hunter.com\/#website","url":"https:\/\/staging.lucky-hunter.com\/","name":"Lucky-Hunter","description":"Gear Up or Give Up","potentialAction":[{"@type":"SearchAction","target":{"@type":"EntryPoint","urlTemplate":"https:\/\/staging.lucky-hunter.com\/?s={search_term_string}"},"query-input":{"@type":"PropertyValueSpecification","valueRequired":true,"valueName":"search_term_string"}}],"inLanguage":"fr-FR"}]}},"_links":{"self":[{"href":"https:\/\/staging.lucky-hunter.com\/fr\/wp-json\/wp\/v2\/product\/195786"}],"collection":[{"href":"https:\/\/staging.lucky-hunter.com\/fr\/wp-json\/wp\/v2\/product"}],"about":[{"href":"https:\/\/staging.lucky-hunter.com\/fr\/wp-json\/wp\/v2\/types\/product"}],"wp:featuredmedia":[{"embeddable":true,"href":"https:\/\/staging.lucky-hunter.com\/fr\/wp-json\/wp\/v2\/media\/30512"}],"wp:attachment":[{"href":"https:\/\/staging.lucky-hunter.com\/fr\/wp-json\/wp\/v2\/media?parent=195786"}],"wp:term":[{"taxonomy":"product_brand","embeddable":true,"href":"https:\/\/staging.lucky-hunter.com\/fr\/wp-json\/wp\/v2\/product_brand?post=195786"},{"taxonomy":"product_cat","embeddable":true,"href":"https:\/\/staging.lucky-hunter.com\/fr\/wp-json\/wp\/v2\/product_cat?post=195786"},{"taxonomy":"product_tag","embeddable":true,"href":"https:\/\/staging.lucky-hunter.com\/fr\/wp-json\/wp\/v2\/product_tag?post=195786"}],"curies":[{"name":"wp","href":"https:\/\/api.w.org\/{rel}","templated":true}]}}