{"id":195766,"date":"2023-05-15T13:43:31","date_gmt":"2023-05-15T11:43:31","guid":{"rendered":"https:\/\/staging.lucky-hunter.com\/product\/repose-fusil-pour-affut-couche-final-approach\/"},"modified":"2025-06-24T11:02:15","modified_gmt":"2025-06-24T09:02:15","slug":"repose-fusil-pour-affut-couche-final-approach","status":"publish","type":"product","link":"https:\/\/staging.lucky-hunter.com\/fr\/product\/repose-fusil-pour-affut-couche-final-approach\/","title":{"rendered":"Repose-Fusil pour Aff\u00fbt Couch\u00e9 | Final Approach"},"content":{"rendered":"<h2><strong>Gardez votre fusil hors de la boue avec ce repose-fusil<\/strong><\/h2>\n<p>Gardez votre fusil hors de la boue et point\u00e9 dans une direction s\u00e9curis\u00e9e ! Si vous utilisez des aff\u00fbts couch\u00e9s pour chasser, ce repose-fusil est exactement ce qu&#8217;il vous faut. Le repose-fusil pour aff\u00fbt couch\u00e9 de Final Approach est con\u00e7u pour \u00eatre facile \u00e0 utiliser et convient \u00e0 la plupart des fusils de chasse. Il suffit de d\u00e9visser le piquet de la position de rangement et de le visser au bas pour l&#8217;utiliser sur le terrain. Son design compact le rend facile \u00e0 ranger dans un sac d&#8217;aff\u00fbt. Vous ne voudrez plus chasser sans l&#8217;un de ces repose-fusils !<\/p>\n<p><strong>CARACT\u00c9RISTIQUES<\/strong><\/p>\n<ul>\n<li>Compact pour un rangement facile<\/li>\n<li>Convient \u00e0 la plupart des crosses et des canons<\/li>\n<li>\u00c9l\u00e8ve le fusil de 15 cm au-dessus du sol<\/li>\n<li>Piquet en m\u00e9tal de 17 cm<\/li>\n<li>Piquet en m\u00e9tal filet\u00e9<\/li>\n<\/ul>\n","protected":false},"excerpt":{"rendered":"<p>Gardez votre fusil hors de la boue et point\u00e9 dans une direction s\u00e9curis\u00e9e ! Si vous utilisez des aff\u00fbts couch\u00e9s pour chasser, ce repose-fusil est exactement ce qu&#8217;il vous faut.<\/p>\n","protected":false},"featured_media":60691,"template":"","meta":[],"product_brand":[8136],"product_cat":[8161],"product_tag":[],"yoast_head":"<!-- This site is optimized with the Yoast SEO plugin v24.3 - https:\/\/yoast.com\/wordpress\/plugins\/seo\/ -->\n<title>Repose-Fusil pour Aff\u00fbt Couch\u00e9 | Final Approach | Lucky-hunter.com<\/title>\n<meta name=\"description\" content=\"Gardez votre fusil hors de la boue et point\u00e9 dans une direction s\u00e9curis\u00e9e ! Si vous utilisez des aff\u00fbts couch\u00e9s pour chasser, ce repose-fusil est exactement ce qu&#039;il vous faut.\" \/>\n<meta name=\"robots\" content=\"noindex, follow, max-snippet:-1, max-image-preview:large, max-video-preview:-1\" \/>\n<meta property=\"og:locale\" content=\"fr_FR\" \/>\n<meta property=\"og:type\" content=\"article\" \/>\n<meta property=\"og:title\" content=\"Repose-Fusil pour Aff\u00fbt Couch\u00e9 | Final Approach | Lucky-hunter.com\" \/>\n<meta property=\"og:description\" content=\"Gardez votre fusil hors de la boue et point\u00e9 dans une direction s\u00e9curis\u00e9e ! Si vous utilisez des aff\u00fbts couch\u00e9s pour chasser, ce repose-fusil est exactement ce qu&#039;il vous faut.\" \/>\n<meta property=\"og:url\" content=\"https:\/\/staging.lucky-hunter.com\/fr\/product\/repose-fusil-pour-affut-couche-final-approach\/\" \/>\n<meta property=\"og:site_name\" content=\"Lucky-Hunter\" \/>\n<meta property=\"article:modified_time\" content=\"2025-06-24T09:02:15+00:00\" \/>\n<meta property=\"og:image\" content=\"https:\/\/staging.lucky-hunter.com\/wp-content\/uploads\/2023\/05\/PU-602.png\" \/>\n\t<meta property=\"og:image:width\" content=\"1000\" \/>\n\t<meta property=\"og:image:height\" content=\"1000\" \/>\n\t<meta property=\"og:image:type\" content=\"image\/png\" \/>\n<meta name=\"twitter:card\" content=\"summary_large_image\" \/>\n<meta name=\"twitter:label1\" content=\"Dur\u00e9e de lecture estim\u00e9e\" \/>\n\t<meta name=\"twitter:data1\" content=\"1 minute\" \/>\n<script type=\"application\/ld+json\" class=\"yoast-schema-graph\">{\"@context\":\"https:\/\/schema.org\",\"@graph\":[{\"@type\":\"WebPage\",\"@id\":\"https:\/\/staging.lucky-hunter.com\/fr\/product\/repose-fusil-pour-affut-couche-final-approach\/\",\"url\":\"https:\/\/staging.lucky-hunter.com\/fr\/product\/repose-fusil-pour-affut-couche-final-approach\/\",\"name\":\"Repose-Fusil pour Aff\u00fbt Couch\u00e9 | Final Approach | Lucky-hunter.com\",\"isPartOf\":{\"@id\":\"https:\/\/staging.lucky-hunter.com\/#website\"},\"primaryImageOfPage\":{\"@id\":\"https:\/\/staging.lucky-hunter.com\/fr\/product\/repose-fusil-pour-affut-couche-final-approach\/#primaryimage\"},\"image\":{\"@id\":\"https:\/\/staging.lucky-hunter.com\/fr\/product\/repose-fusil-pour-affut-couche-final-approach\/#primaryimage\"},\"thumbnailUrl\":\"https:\/\/staging.lucky-hunter.com\/wp-content\/uploads\/2023\/05\/PU-602.png\",\"datePublished\":\"2023-05-15T11:43:31+00:00\",\"dateModified\":\"2025-06-24T09:02:15+00:00\",\"description\":\"Gardez votre fusil hors de la boue et point\u00e9 dans une direction s\u00e9curis\u00e9e ! Si vous utilisez des aff\u00fbts couch\u00e9s pour chasser, ce repose-fusil est exactement ce qu'il vous faut.\",\"breadcrumb\":{\"@id\":\"https:\/\/staging.lucky-hunter.com\/fr\/product\/repose-fusil-pour-affut-couche-final-approach\/#breadcrumb\"},\"inLanguage\":\"fr-FR\",\"potentialAction\":[{\"@type\":\"ReadAction\",\"target\":[\"https:\/\/staging.lucky-hunter.com\/fr\/product\/repose-fusil-pour-affut-couche-final-approach\/\"]}]},{\"@type\":\"ImageObject\",\"inLanguage\":\"fr-FR\",\"@id\":\"https:\/\/staging.lucky-hunter.com\/fr\/product\/repose-fusil-pour-affut-couche-final-approach\/#primaryimage\",\"url\":\"https:\/\/staging.lucky-hunter.com\/wp-content\/uploads\/2023\/05\/PU-602.png\",\"contentUrl\":\"https:\/\/staging.lucky-hunter.com\/wp-content\/uploads\/2023\/05\/PU-602.png\",\"width\":1000,\"height\":1000,\"caption\":\"Repose-Fusil\"},{\"@type\":\"BreadcrumbList\",\"@id\":\"https:\/\/staging.lucky-hunter.com\/fr\/product\/repose-fusil-pour-affut-couche-final-approach\/#breadcrumb\",\"itemListElement\":[{\"@type\":\"ListItem\",\"position\":1,\"name\":\"Home\",\"item\":\"https:\/\/staging.lucky-hunter.com\/fr\/\"},{\"@type\":\"ListItem\",\"position\":2,\"name\":\"Boutique\",\"item\":\"https:\/\/staging.lucky-hunter.com\/fr\/shop\/\"},{\"@type\":\"ListItem\",\"position\":3,\"name\":\"Repose-Fusil pour Aff\u00fbt Couch\u00e9 | Final Approach\"}]},{\"@type\":\"WebSite\",\"@id\":\"https:\/\/staging.lucky-hunter.com\/#website\",\"url\":\"https:\/\/staging.lucky-hunter.com\/\",\"name\":\"Lucky-Hunter\",\"description\":\"Gear Up or Give Up\",\"potentialAction\":[{\"@type\":\"SearchAction\",\"target\":{\"@type\":\"EntryPoint\",\"urlTemplate\":\"https:\/\/staging.lucky-hunter.com\/?s={search_term_string}\"},\"query-input\":{\"@type\":\"PropertyValueSpecification\",\"valueRequired\":true,\"valueName\":\"search_term_string\"}}],\"inLanguage\":\"fr-FR\"}]}<\/script>\n<!-- \/ Yoast SEO plugin. -->","yoast_head_json":{"title":"Repose-Fusil pour Aff\u00fbt Couch\u00e9 | Final Approach | Lucky-hunter.com","description":"Gardez votre fusil hors de la boue et point\u00e9 dans une direction s\u00e9curis\u00e9e ! Si vous utilisez des aff\u00fbts couch\u00e9s pour chasser, ce repose-fusil est exactement ce qu'il vous faut.","robots":{"index":"noindex","follow":"follow","max-snippet":"max-snippet:-1","max-image-preview":"max-image-preview:large","max-video-preview":"max-video-preview:-1"},"og_locale":"fr_FR","og_type":"article","og_title":"Repose-Fusil pour Aff\u00fbt Couch\u00e9 | Final Approach | Lucky-hunter.com","og_description":"Gardez votre fusil hors de la boue et point\u00e9 dans une direction s\u00e9curis\u00e9e ! Si vous utilisez des aff\u00fbts couch\u00e9s pour chasser, ce repose-fusil est exactement ce qu'il vous faut.","og_url":"https:\/\/staging.lucky-hunter.com\/fr\/product\/repose-fusil-pour-affut-couche-final-approach\/","og_site_name":"Lucky-Hunter","article_modified_time":"2025-06-24T09:02:15+00:00","og_image":[{"width":1000,"height":1000,"url":"https:\/\/staging.lucky-hunter.com\/wp-content\/uploads\/2023\/05\/PU-602.png","type":"image\/png"}],"twitter_card":"summary_large_image","twitter_misc":{"Dur\u00e9e de lecture estim\u00e9e":"1 minute"},"schema":{"@context":"https:\/\/schema.org","@graph":[{"@type":"WebPage","@id":"https:\/\/staging.lucky-hunter.com\/fr\/product\/repose-fusil-pour-affut-couche-final-approach\/","url":"https:\/\/staging.lucky-hunter.com\/fr\/product\/repose-fusil-pour-affut-couche-final-approach\/","name":"Repose-Fusil pour Aff\u00fbt Couch\u00e9 | Final Approach | Lucky-hunter.com","isPartOf":{"@id":"https:\/\/staging.lucky-hunter.com\/#website"},"primaryImageOfPage":{"@id":"https:\/\/staging.lucky-hunter.com\/fr\/product\/repose-fusil-pour-affut-couche-final-approach\/#primaryimage"},"image":{"@id":"https:\/\/staging.lucky-hunter.com\/fr\/product\/repose-fusil-pour-affut-couche-final-approach\/#primaryimage"},"thumbnailUrl":"https:\/\/staging.lucky-hunter.com\/wp-content\/uploads\/2023\/05\/PU-602.png","datePublished":"2023-05-15T11:43:31+00:00","dateModified":"2025-06-24T09:02:15+00:00","description":"Gardez votre fusil hors de la boue et point\u00e9 dans une direction s\u00e9curis\u00e9e ! Si vous utilisez des aff\u00fbts couch\u00e9s pour chasser, ce repose-fusil est exactement ce qu'il vous faut.","breadcrumb":{"@id":"https:\/\/staging.lucky-hunter.com\/fr\/product\/repose-fusil-pour-affut-couche-final-approach\/#breadcrumb"},"inLanguage":"fr-FR","potentialAction":[{"@type":"ReadAction","target":["https:\/\/staging.lucky-hunter.com\/fr\/product\/repose-fusil-pour-affut-couche-final-approach\/"]}]},{"@type":"ImageObject","inLanguage":"fr-FR","@id":"https:\/\/staging.lucky-hunter.com\/fr\/product\/repose-fusil-pour-affut-couche-final-approach\/#primaryimage","url":"https:\/\/staging.lucky-hunter.com\/wp-content\/uploads\/2023\/05\/PU-602.png","contentUrl":"https:\/\/staging.lucky-hunter.com\/wp-content\/uploads\/2023\/05\/PU-602.png","width":1000,"height":1000,"caption":"Repose-Fusil"},{"@type":"BreadcrumbList","@id":"https:\/\/staging.lucky-hunter.com\/fr\/product\/repose-fusil-pour-affut-couche-final-approach\/#breadcrumb","itemListElement":[{"@type":"ListItem","position":1,"name":"Home","item":"https:\/\/staging.lucky-hunter.com\/fr\/"},{"@type":"ListItem","position":2,"name":"Boutique","item":"https:\/\/staging.lucky-hunter.com\/fr\/shop\/"},{"@type":"ListItem","position":3,"name":"Repose-Fusil pour Aff\u00fbt Couch\u00e9 | Final Approach"}]},{"@type":"WebSite","@id":"https:\/\/staging.lucky-hunter.com\/#website","url":"https:\/\/staging.lucky-hunter.com\/","name":"Lucky-Hunter","description":"Gear Up or Give Up","potentialAction":[{"@type":"SearchAction","target":{"@type":"EntryPoint","urlTemplate":"https:\/\/staging.lucky-hunter.com\/?s={search_term_string}"},"query-input":{"@type":"PropertyValueSpecification","valueRequired":true,"valueName":"search_term_string"}}],"inLanguage":"fr-FR"}]}},"_links":{"self":[{"href":"https:\/\/staging.lucky-hunter.com\/fr\/wp-json\/wp\/v2\/product\/195766"}],"collection":[{"href":"https:\/\/staging.lucky-hunter.com\/fr\/wp-json\/wp\/v2\/product"}],"about":[{"href":"https:\/\/staging.lucky-hunter.com\/fr\/wp-json\/wp\/v2\/types\/product"}],"wp:featuredmedia":[{"embeddable":true,"href":"https:\/\/staging.lucky-hunter.com\/fr\/wp-json\/wp\/v2\/media\/60691"}],"wp:attachment":[{"href":"https:\/\/staging.lucky-hunter.com\/fr\/wp-json\/wp\/v2\/media?parent=195766"}],"wp:term":[{"taxonomy":"product_brand","embeddable":true,"href":"https:\/\/staging.lucky-hunter.com\/fr\/wp-json\/wp\/v2\/product_brand?post=195766"},{"taxonomy":"product_cat","embeddable":true,"href":"https:\/\/staging.lucky-hunter.com\/fr\/wp-json\/wp\/v2\/product_cat?post=195766"},{"taxonomy":"product_tag","embeddable":true,"href":"https:\/\/staging.lucky-hunter.com\/fr\/wp-json\/wp\/v2\/product_tag?post=195766"}],"curies":[{"name":"wp","href":"https:\/\/api.w.org\/{rel}","templated":true}]}}