{"id":195733,"date":"2023-10-14T01:13:18","date_gmt":"2023-10-13T23:13:18","guid":{"rendered":"https:\/\/staging.lucky-hunter.com\/product\/mojo-baton-magnetique-pick-stick\/"},"modified":"2025-06-23T15:45:05","modified_gmt":"2025-06-23T13:45:05","slug":"mojo-baton-magnetique-pick-stick","status":"publish","type":"product","link":"https:\/\/staging.lucky-hunter.com\/fr\/product\/mojo-baton-magnetique-pick-stick\/","title":{"rendered":"B\u00e2ton Magn\u00e9tique Pick Stick &#8211; MOJO"},"content":{"rendered":"<h2><strong>B\u00e2ton Magn\u00e9tique &#8211; Ramassage super facile des douilles usag\u00e9es<\/strong><\/h2>\n<p>https:\/\/www.youtube.com\/watch?v=T45WUM2K_5s<\/p>\n<div><\/div>\n<div>Avec le B\u00e2ton Magn\u00e9tique MOJO Pick Stick, il n&#8217;a jamais \u00e9t\u00e9 aussi facile de ramasser vos douilles usag\u00e9es !<\/div>\n<div><\/div>\n<div>Gr\u00e2ce \u00e0 un aimant sp\u00e9cialement con\u00e7u mont\u00e9 dans le b\u00e2ton r\u00e9glable, vous pouvez collecter jusqu&#8217;\u00e0 25 douilles \u00e0 la fois.<\/div>\n<div><\/div>\n<div>Il peut \u00eatre facilement transport\u00e9 dans le sac \u00e0 dos, car il est r\u00e9glable en hauteur de 82,5 \u00e0 141 cm environ.<\/div>\n<div><\/div>\n<div>Fabriqu\u00e9 avec une poign\u00e9e confortable et pratique.<\/div>\n<div><\/div>\n<div>Peut \u00eatre utilis\u00e9 \u00e0 la fois dans l&#8217;eau et sur terre.<\/div>\n","protected":false},"excerpt":{"rendered":"<p>Avec MOJO B\u00e2ton Magn\u00e9tique Pick Stick, il n&#8217;a jamais \u00e9t\u00e9 aussi facile de ramasser vos douilles usag\u00e9es. Collectez jusqu&#8217;\u00e0 25 douilles \u00e0 la fois.<\/p>\n","protected":false},"featured_media":68871,"template":"","meta":[],"product_brand":[8122],"product_cat":[9683,8172],"product_tag":[],"yoast_head":"<!-- This site is optimized with the Yoast SEO plugin v24.3 - https:\/\/yoast.com\/wordpress\/plugins\/seo\/ -->\n<title>MOJO B\u00e2ton Magn\u00e9tique Pick Stick - Ramassage facile des douilles usag\u00e9es<\/title>\n<meta name=\"description\" content=\"Avec MOJO B\u00e2ton Magn\u00e9tique Pick Stick, il n&#039;a jamais \u00e9t\u00e9 aussi facile de ramasser vos douilles usag\u00e9es. Collectez jusqu&#039;\u00e0 25 douilles \u00e0 la fois.\" \/>\n<meta name=\"robots\" content=\"noindex, follow, max-snippet:-1, max-image-preview:large, max-video-preview:-1\" \/>\n<meta property=\"og:locale\" content=\"fr_FR\" \/>\n<meta property=\"og:type\" content=\"article\" \/>\n<meta property=\"og:title\" content=\"MOJO B\u00e2ton Magn\u00e9tique Pick Stick - Ramassage facile des douilles usag\u00e9es\" \/>\n<meta property=\"og:description\" content=\"Avec MOJO B\u00e2ton Magn\u00e9tique Pick Stick, il n&#039;a jamais \u00e9t\u00e9 aussi facile de ramasser vos douilles usag\u00e9es. Collectez jusqu&#039;\u00e0 25 douilles \u00e0 la fois.\" \/>\n<meta property=\"og:url\" content=\"https:\/\/staging.lucky-hunter.com\/fr\/product\/mojo-baton-magnetique-pick-stick\/\" \/>\n<meta property=\"og:site_name\" content=\"Lucky-Hunter\" \/>\n<meta property=\"article:modified_time\" content=\"2025-06-23T13:45:05+00:00\" \/>\n<meta property=\"og:image\" content=\"https:\/\/staging.lucky-hunter.com\/wp-content\/uploads\/2023\/10\/510404-1.png\" \/>\n\t<meta property=\"og:image:width\" content=\"994\" \/>\n\t<meta property=\"og:image:height\" content=\"1000\" \/>\n\t<meta property=\"og:image:type\" content=\"image\/png\" \/>\n<meta name=\"twitter:card\" content=\"summary_large_image\" \/>\n<meta name=\"twitter:label1\" content=\"Dur\u00e9e de lecture estim\u00e9e\" \/>\n\t<meta name=\"twitter:data1\" content=\"1 minute\" \/>\n<script type=\"application\/ld+json\" class=\"yoast-schema-graph\">{\"@context\":\"https:\/\/schema.org\",\"@graph\":[{\"@type\":\"WebPage\",\"@id\":\"https:\/\/staging.lucky-hunter.com\/fr\/product\/mojo-baton-magnetique-pick-stick\/\",\"url\":\"https:\/\/staging.lucky-hunter.com\/fr\/product\/mojo-baton-magnetique-pick-stick\/\",\"name\":\"MOJO B\u00e2ton Magn\u00e9tique Pick Stick - Ramassage facile des douilles usag\u00e9es\",\"isPartOf\":{\"@id\":\"https:\/\/staging.lucky-hunter.com\/#website\"},\"primaryImageOfPage\":{\"@id\":\"https:\/\/staging.lucky-hunter.com\/fr\/product\/mojo-baton-magnetique-pick-stick\/#primaryimage\"},\"image\":{\"@id\":\"https:\/\/staging.lucky-hunter.com\/fr\/product\/mojo-baton-magnetique-pick-stick\/#primaryimage\"},\"thumbnailUrl\":\"https:\/\/staging.lucky-hunter.com\/wp-content\/uploads\/2023\/10\/510404-1.png\",\"datePublished\":\"2023-10-13T23:13:18+00:00\",\"dateModified\":\"2025-06-23T13:45:05+00:00\",\"description\":\"Avec MOJO B\u00e2ton Magn\u00e9tique Pick Stick, il n'a jamais \u00e9t\u00e9 aussi facile de ramasser vos douilles usag\u00e9es. Collectez jusqu'\u00e0 25 douilles \u00e0 la fois.\",\"breadcrumb\":{\"@id\":\"https:\/\/staging.lucky-hunter.com\/fr\/product\/mojo-baton-magnetique-pick-stick\/#breadcrumb\"},\"inLanguage\":\"fr-FR\",\"potentialAction\":[{\"@type\":\"ReadAction\",\"target\":[\"https:\/\/staging.lucky-hunter.com\/fr\/product\/mojo-baton-magnetique-pick-stick\/\"]}]},{\"@type\":\"ImageObject\",\"inLanguage\":\"fr-FR\",\"@id\":\"https:\/\/staging.lucky-hunter.com\/fr\/product\/mojo-baton-magnetique-pick-stick\/#primaryimage\",\"url\":\"https:\/\/staging.lucky-hunter.com\/wp-content\/uploads\/2023\/10\/510404-1.png\",\"contentUrl\":\"https:\/\/staging.lucky-hunter.com\/wp-content\/uploads\/2023\/10\/510404-1.png\",\"width\":994,\"height\":1000},{\"@type\":\"BreadcrumbList\",\"@id\":\"https:\/\/staging.lucky-hunter.com\/fr\/product\/mojo-baton-magnetique-pick-stick\/#breadcrumb\",\"itemListElement\":[{\"@type\":\"ListItem\",\"position\":1,\"name\":\"Home\",\"item\":\"https:\/\/staging.lucky-hunter.com\/fr\/\"},{\"@type\":\"ListItem\",\"position\":2,\"name\":\"Boutique\",\"item\":\"https:\/\/staging.lucky-hunter.com\/fr\/shop\/\"},{\"@type\":\"ListItem\",\"position\":3,\"name\":\"B\u00e2ton Magn\u00e9tique Pick Stick &#8211; MOJO\"}]},{\"@type\":\"WebSite\",\"@id\":\"https:\/\/staging.lucky-hunter.com\/#website\",\"url\":\"https:\/\/staging.lucky-hunter.com\/\",\"name\":\"Lucky-Hunter\",\"description\":\"Gear Up or Give Up\",\"potentialAction\":[{\"@type\":\"SearchAction\",\"target\":{\"@type\":\"EntryPoint\",\"urlTemplate\":\"https:\/\/staging.lucky-hunter.com\/?s={search_term_string}\"},\"query-input\":{\"@type\":\"PropertyValueSpecification\",\"valueRequired\":true,\"valueName\":\"search_term_string\"}}],\"inLanguage\":\"fr-FR\"}]}<\/script>\n<!-- \/ Yoast SEO plugin. -->","yoast_head_json":{"title":"MOJO B\u00e2ton Magn\u00e9tique Pick Stick - Ramassage facile des douilles usag\u00e9es","description":"Avec MOJO B\u00e2ton Magn\u00e9tique Pick Stick, il n'a jamais \u00e9t\u00e9 aussi facile de ramasser vos douilles usag\u00e9es. Collectez jusqu'\u00e0 25 douilles \u00e0 la fois.","robots":{"index":"noindex","follow":"follow","max-snippet":"max-snippet:-1","max-image-preview":"max-image-preview:large","max-video-preview":"max-video-preview:-1"},"og_locale":"fr_FR","og_type":"article","og_title":"MOJO B\u00e2ton Magn\u00e9tique Pick Stick - Ramassage facile des douilles usag\u00e9es","og_description":"Avec MOJO B\u00e2ton Magn\u00e9tique Pick Stick, il n'a jamais \u00e9t\u00e9 aussi facile de ramasser vos douilles usag\u00e9es. Collectez jusqu'\u00e0 25 douilles \u00e0 la fois.","og_url":"https:\/\/staging.lucky-hunter.com\/fr\/product\/mojo-baton-magnetique-pick-stick\/","og_site_name":"Lucky-Hunter","article_modified_time":"2025-06-23T13:45:05+00:00","og_image":[{"width":994,"height":1000,"url":"https:\/\/staging.lucky-hunter.com\/wp-content\/uploads\/2023\/10\/510404-1.png","type":"image\/png"}],"twitter_card":"summary_large_image","twitter_misc":{"Dur\u00e9e de lecture estim\u00e9e":"1 minute"},"schema":{"@context":"https:\/\/schema.org","@graph":[{"@type":"WebPage","@id":"https:\/\/staging.lucky-hunter.com\/fr\/product\/mojo-baton-magnetique-pick-stick\/","url":"https:\/\/staging.lucky-hunter.com\/fr\/product\/mojo-baton-magnetique-pick-stick\/","name":"MOJO B\u00e2ton Magn\u00e9tique Pick Stick - Ramassage facile des douilles usag\u00e9es","isPartOf":{"@id":"https:\/\/staging.lucky-hunter.com\/#website"},"primaryImageOfPage":{"@id":"https:\/\/staging.lucky-hunter.com\/fr\/product\/mojo-baton-magnetique-pick-stick\/#primaryimage"},"image":{"@id":"https:\/\/staging.lucky-hunter.com\/fr\/product\/mojo-baton-magnetique-pick-stick\/#primaryimage"},"thumbnailUrl":"https:\/\/staging.lucky-hunter.com\/wp-content\/uploads\/2023\/10\/510404-1.png","datePublished":"2023-10-13T23:13:18+00:00","dateModified":"2025-06-23T13:45:05+00:00","description":"Avec MOJO B\u00e2ton Magn\u00e9tique Pick Stick, il n'a jamais \u00e9t\u00e9 aussi facile de ramasser vos douilles usag\u00e9es. Collectez jusqu'\u00e0 25 douilles \u00e0 la fois.","breadcrumb":{"@id":"https:\/\/staging.lucky-hunter.com\/fr\/product\/mojo-baton-magnetique-pick-stick\/#breadcrumb"},"inLanguage":"fr-FR","potentialAction":[{"@type":"ReadAction","target":["https:\/\/staging.lucky-hunter.com\/fr\/product\/mojo-baton-magnetique-pick-stick\/"]}]},{"@type":"ImageObject","inLanguage":"fr-FR","@id":"https:\/\/staging.lucky-hunter.com\/fr\/product\/mojo-baton-magnetique-pick-stick\/#primaryimage","url":"https:\/\/staging.lucky-hunter.com\/wp-content\/uploads\/2023\/10\/510404-1.png","contentUrl":"https:\/\/staging.lucky-hunter.com\/wp-content\/uploads\/2023\/10\/510404-1.png","width":994,"height":1000},{"@type":"BreadcrumbList","@id":"https:\/\/staging.lucky-hunter.com\/fr\/product\/mojo-baton-magnetique-pick-stick\/#breadcrumb","itemListElement":[{"@type":"ListItem","position":1,"name":"Home","item":"https:\/\/staging.lucky-hunter.com\/fr\/"},{"@type":"ListItem","position":2,"name":"Boutique","item":"https:\/\/staging.lucky-hunter.com\/fr\/shop\/"},{"@type":"ListItem","position":3,"name":"B\u00e2ton Magn\u00e9tique Pick Stick &#8211; MOJO"}]},{"@type":"WebSite","@id":"https:\/\/staging.lucky-hunter.com\/#website","url":"https:\/\/staging.lucky-hunter.com\/","name":"Lucky-Hunter","description":"Gear Up or Give Up","potentialAction":[{"@type":"SearchAction","target":{"@type":"EntryPoint","urlTemplate":"https:\/\/staging.lucky-hunter.com\/?s={search_term_string}"},"query-input":{"@type":"PropertyValueSpecification","valueRequired":true,"valueName":"search_term_string"}}],"inLanguage":"fr-FR"}]}},"_links":{"self":[{"href":"https:\/\/staging.lucky-hunter.com\/fr\/wp-json\/wp\/v2\/product\/195733"}],"collection":[{"href":"https:\/\/staging.lucky-hunter.com\/fr\/wp-json\/wp\/v2\/product"}],"about":[{"href":"https:\/\/staging.lucky-hunter.com\/fr\/wp-json\/wp\/v2\/types\/product"}],"wp:featuredmedia":[{"embeddable":true,"href":"https:\/\/staging.lucky-hunter.com\/fr\/wp-json\/wp\/v2\/media\/68871"}],"wp:attachment":[{"href":"https:\/\/staging.lucky-hunter.com\/fr\/wp-json\/wp\/v2\/media?parent=195733"}],"wp:term":[{"taxonomy":"product_brand","embeddable":true,"href":"https:\/\/staging.lucky-hunter.com\/fr\/wp-json\/wp\/v2\/product_brand?post=195733"},{"taxonomy":"product_cat","embeddable":true,"href":"https:\/\/staging.lucky-hunter.com\/fr\/wp-json\/wp\/v2\/product_cat?post=195733"},{"taxonomy":"product_tag","embeddable":true,"href":"https:\/\/staging.lucky-hunter.com\/fr\/wp-json\/wp\/v2\/product_tag?post=195733"}],"curies":[{"name":"wp","href":"https:\/\/api.w.org\/{rel}","templated":true}]}}