{"id":195696,"date":"2023-10-01T12:37:32","date_gmt":"2023-10-01T10:37:32","guid":{"rendered":"https:\/\/staging.lucky-hunter.com\/product\/mojo-flock-a-flicker-2-4-pcs\/"},"modified":"2025-06-23T15:49:18","modified_gmt":"2025-06-23T13:49:18","slug":"mojo-flock-a-flicker-2","status":"publish","type":"product","link":"https:\/\/staging.lucky-hunter.com\/fr\/product\/mojo-flock-a-flicker-2\/","title":{"rendered":"MOJO Flock a Flicker 2"},"content":{"rendered":"<h2><strong>Nouvelle version am\u00e9lior\u00e9e du Flock a Flicker de MOJO Outdoors<\/strong><\/h2>\n<p><iframe title=\"MOJO\u00ae Flock A Flicker\u2122 2 Overview\" width=\"1020\" height=\"574\" src=\"https:\/\/www.youtube.com\/embed\/OrgzV_CQbWQ?start=2&#038;wmode=transparent&amp;rel=0&amp;feature=oembed&#038;enablejsapi=1&#038;origin=https:\/\/staging.lucky-hunter.com\" frameborder=\"0\" allow=\"accelerometer; autoplay; clipboard-write; encrypted-media; gyroscope; picture-in-picture; web-share\" referrerpolicy=\"strict-origin-when-cross-origin\" allowfullscreen><\/iframe><\/p>\n<p>&nbsp;<\/p>\n<div>Une innovation passionnante du concept de formes \u00e0 ailes tournantes qui a r\u00e9volutionn\u00e9 la chasse aux canards.<\/div>\n<div><\/div>\n<div>Les petites ailes tournent tr\u00e8s rapidement et le c\u00f4t\u00e9 blanc produit un &#8220;clignotement&#8221; qui signale aux canards migrateurs qu&#8217;ils peuvent atterrir en toute s\u00e9curit\u00e9 pour se reposer et manger.<\/div>\n<div><\/div>\n<div>Si vous observez un vol de canards \u00e0 distance, vous verrez ces &#8220;clignotements&#8221;, donc ces Flock a Flickers aident vraiment \u00e0 donner \u00e0 votre installation de formes un aspect naturel.<\/div>\n<div><\/div>\n<div>MOJO a am\u00e9lior\u00e9 ce produit avec un minuteur sp\u00e9cialement con\u00e7u qui fait tourner les ailes \u00e0 certains intervalles. De plus, la forme a une nouvelle base am\u00e9lior\u00e9e et plus grande avec un meilleur joint autour de l&#8217;arbre du moteur, ce qui la rend plus r\u00e9sistante \u00e0 l&#8217;eau.<\/div>\n<div><\/div>\n<div>Peut \u00eatre utilis\u00e9 \u00e0 la fois sur l&#8217;eau et sur terre.<\/div>\n<div><\/div>\n<div>Le MOJO Flock a Flickers 2 dispose de deux \u0153illets sur le c\u00f4t\u00e9 et le bas, ce qui permet de le fixer facilement avec une ligne de formes et une ancre.<\/div>\n<div><\/div>\n<div>La base est dot\u00e9e d&#8217;un bouton marche\/arr\u00eat tactile doux, facile \u00e0 utiliser par temps froid et avec des gants.<\/div>\n<div><\/div>\n<div>Temps de fonctionnement jusqu&#8217;\u00e0 30 heures avec 3 piles AA de qualit\u00e9 (non incluses).<\/div>\n<div><\/div>\n<div>Vendu en packs de 4.<\/div>\n","protected":false},"excerpt":{"rendered":"<p>Le Flock a Flicker de MOJO Outdoors est une innovation passionnante du concept d&#8217;ailes tournantes qui a r\u00e9volutionn\u00e9 la chasse aux canards.<\/p>\n","protected":false},"featured_media":64248,"template":"","meta":[],"product_brand":[8122],"product_cat":[9737],"product_tag":[9235],"yoast_head":"<!-- This site is optimized with the Yoast SEO plugin v24.3 - https:\/\/yoast.com\/wordpress\/plugins\/seo\/ -->\n<title>MOJO Flock a Flicker 2<\/title>\n<meta name=\"description\" content=\"Le Flock a Flicker de MOJO Outdoors est une innovation passionnante du concept d&#039;ailes tournantes qui a r\u00e9volutionn\u00e9 la chasse aux canards.\" \/>\n<meta name=\"robots\" content=\"noindex, follow, max-snippet:-1, max-image-preview:large, max-video-preview:-1\" \/>\n<meta property=\"og:locale\" content=\"fr_FR\" \/>\n<meta property=\"og:type\" content=\"article\" \/>\n<meta property=\"og:title\" content=\"MOJO Flock a Flicker 2\" \/>\n<meta property=\"og:description\" content=\"Le Flock a Flicker de MOJO Outdoors est une innovation passionnante du concept d&#039;ailes tournantes qui a r\u00e9volutionn\u00e9 la chasse aux canards.\" \/>\n<meta property=\"og:url\" content=\"https:\/\/staging.lucky-hunter.com\/fr\/product\/mojo-flock-a-flicker-2\/\" \/>\n<meta property=\"og:site_name\" content=\"Lucky-Hunter\" \/>\n<meta property=\"article:modified_time\" content=\"2025-06-23T13:49:18+00:00\" \/>\n<meta property=\"og:image\" content=\"https:\/\/staging.lucky-hunter.com\/wp-content\/uploads\/2023\/10\/510474.png\" \/>\n\t<meta property=\"og:image:width\" content=\"1000\" \/>\n\t<meta property=\"og:image:height\" content=\"1000\" \/>\n\t<meta property=\"og:image:type\" content=\"image\/png\" \/>\n<meta name=\"twitter:card\" content=\"summary_large_image\" \/>\n<meta name=\"twitter:label1\" content=\"Dur\u00e9e de lecture estim\u00e9e\" \/>\n\t<meta name=\"twitter:data1\" content=\"2 minutes\" \/>\n<script type=\"application\/ld+json\" class=\"yoast-schema-graph\">{\"@context\":\"https:\/\/schema.org\",\"@graph\":[{\"@type\":\"WebPage\",\"@id\":\"https:\/\/staging.lucky-hunter.com\/fr\/product\/mojo-flock-a-flicker-2\/\",\"url\":\"https:\/\/staging.lucky-hunter.com\/fr\/product\/mojo-flock-a-flicker-2\/\",\"name\":\"MOJO Flock a Flicker 2\",\"isPartOf\":{\"@id\":\"https:\/\/staging.lucky-hunter.com\/#website\"},\"primaryImageOfPage\":{\"@id\":\"https:\/\/staging.lucky-hunter.com\/fr\/product\/mojo-flock-a-flicker-2\/#primaryimage\"},\"image\":{\"@id\":\"https:\/\/staging.lucky-hunter.com\/fr\/product\/mojo-flock-a-flicker-2\/#primaryimage\"},\"thumbnailUrl\":\"https:\/\/staging.lucky-hunter.com\/wp-content\/uploads\/2023\/10\/510474.png\",\"datePublished\":\"2023-10-01T10:37:32+00:00\",\"dateModified\":\"2025-06-23T13:49:18+00:00\",\"description\":\"Le Flock a Flicker de MOJO Outdoors est une innovation passionnante du concept d'ailes tournantes qui a r\u00e9volutionn\u00e9 la chasse aux canards.\",\"breadcrumb\":{\"@id\":\"https:\/\/staging.lucky-hunter.com\/fr\/product\/mojo-flock-a-flicker-2\/#breadcrumb\"},\"inLanguage\":\"fr-FR\",\"potentialAction\":[{\"@type\":\"ReadAction\",\"target\":[\"https:\/\/staging.lucky-hunter.com\/fr\/product\/mojo-flock-a-flicker-2\/\"]}]},{\"@type\":\"ImageObject\",\"inLanguage\":\"fr-FR\",\"@id\":\"https:\/\/staging.lucky-hunter.com\/fr\/product\/mojo-flock-a-flicker-2\/#primaryimage\",\"url\":\"https:\/\/staging.lucky-hunter.com\/wp-content\/uploads\/2023\/10\/510474.png\",\"contentUrl\":\"https:\/\/staging.lucky-hunter.com\/wp-content\/uploads\/2023\/10\/510474.png\",\"width\":1000,\"height\":1000},{\"@type\":\"BreadcrumbList\",\"@id\":\"https:\/\/staging.lucky-hunter.com\/fr\/product\/mojo-flock-a-flicker-2\/#breadcrumb\",\"itemListElement\":[{\"@type\":\"ListItem\",\"position\":1,\"name\":\"Home\",\"item\":\"https:\/\/staging.lucky-hunter.com\/fr\/\"},{\"@type\":\"ListItem\",\"position\":2,\"name\":\"Boutique\",\"item\":\"https:\/\/staging.lucky-hunter.com\/fr\/shop\/\"},{\"@type\":\"ListItem\",\"position\":3,\"name\":\"MOJO Flock a Flicker 2\"}]},{\"@type\":\"WebSite\",\"@id\":\"https:\/\/staging.lucky-hunter.com\/#website\",\"url\":\"https:\/\/staging.lucky-hunter.com\/\",\"name\":\"Lucky-Hunter\",\"description\":\"Gear Up or Give Up\",\"potentialAction\":[{\"@type\":\"SearchAction\",\"target\":{\"@type\":\"EntryPoint\",\"urlTemplate\":\"https:\/\/staging.lucky-hunter.com\/?s={search_term_string}\"},\"query-input\":{\"@type\":\"PropertyValueSpecification\",\"valueRequired\":true,\"valueName\":\"search_term_string\"}}],\"inLanguage\":\"fr-FR\"}]}<\/script>\n<!-- \/ Yoast SEO plugin. -->","yoast_head_json":{"title":"MOJO Flock a Flicker 2","description":"Le Flock a Flicker de MOJO Outdoors est une innovation passionnante du concept d'ailes tournantes qui a r\u00e9volutionn\u00e9 la chasse aux canards.","robots":{"index":"noindex","follow":"follow","max-snippet":"max-snippet:-1","max-image-preview":"max-image-preview:large","max-video-preview":"max-video-preview:-1"},"og_locale":"fr_FR","og_type":"article","og_title":"MOJO Flock a Flicker 2","og_description":"Le Flock a Flicker de MOJO Outdoors est une innovation passionnante du concept d'ailes tournantes qui a r\u00e9volutionn\u00e9 la chasse aux canards.","og_url":"https:\/\/staging.lucky-hunter.com\/fr\/product\/mojo-flock-a-flicker-2\/","og_site_name":"Lucky-Hunter","article_modified_time":"2025-06-23T13:49:18+00:00","og_image":[{"width":1000,"height":1000,"url":"https:\/\/staging.lucky-hunter.com\/wp-content\/uploads\/2023\/10\/510474.png","type":"image\/png"}],"twitter_card":"summary_large_image","twitter_misc":{"Dur\u00e9e de lecture estim\u00e9e":"2 minutes"},"schema":{"@context":"https:\/\/schema.org","@graph":[{"@type":"WebPage","@id":"https:\/\/staging.lucky-hunter.com\/fr\/product\/mojo-flock-a-flicker-2\/","url":"https:\/\/staging.lucky-hunter.com\/fr\/product\/mojo-flock-a-flicker-2\/","name":"MOJO Flock a Flicker 2","isPartOf":{"@id":"https:\/\/staging.lucky-hunter.com\/#website"},"primaryImageOfPage":{"@id":"https:\/\/staging.lucky-hunter.com\/fr\/product\/mojo-flock-a-flicker-2\/#primaryimage"},"image":{"@id":"https:\/\/staging.lucky-hunter.com\/fr\/product\/mojo-flock-a-flicker-2\/#primaryimage"},"thumbnailUrl":"https:\/\/staging.lucky-hunter.com\/wp-content\/uploads\/2023\/10\/510474.png","datePublished":"2023-10-01T10:37:32+00:00","dateModified":"2025-06-23T13:49:18+00:00","description":"Le Flock a Flicker de MOJO Outdoors est une innovation passionnante du concept d'ailes tournantes qui a r\u00e9volutionn\u00e9 la chasse aux canards.","breadcrumb":{"@id":"https:\/\/staging.lucky-hunter.com\/fr\/product\/mojo-flock-a-flicker-2\/#breadcrumb"},"inLanguage":"fr-FR","potentialAction":[{"@type":"ReadAction","target":["https:\/\/staging.lucky-hunter.com\/fr\/product\/mojo-flock-a-flicker-2\/"]}]},{"@type":"ImageObject","inLanguage":"fr-FR","@id":"https:\/\/staging.lucky-hunter.com\/fr\/product\/mojo-flock-a-flicker-2\/#primaryimage","url":"https:\/\/staging.lucky-hunter.com\/wp-content\/uploads\/2023\/10\/510474.png","contentUrl":"https:\/\/staging.lucky-hunter.com\/wp-content\/uploads\/2023\/10\/510474.png","width":1000,"height":1000},{"@type":"BreadcrumbList","@id":"https:\/\/staging.lucky-hunter.com\/fr\/product\/mojo-flock-a-flicker-2\/#breadcrumb","itemListElement":[{"@type":"ListItem","position":1,"name":"Home","item":"https:\/\/staging.lucky-hunter.com\/fr\/"},{"@type":"ListItem","position":2,"name":"Boutique","item":"https:\/\/staging.lucky-hunter.com\/fr\/shop\/"},{"@type":"ListItem","position":3,"name":"MOJO Flock a Flicker 2"}]},{"@type":"WebSite","@id":"https:\/\/staging.lucky-hunter.com\/#website","url":"https:\/\/staging.lucky-hunter.com\/","name":"Lucky-Hunter","description":"Gear Up or Give Up","potentialAction":[{"@type":"SearchAction","target":{"@type":"EntryPoint","urlTemplate":"https:\/\/staging.lucky-hunter.com\/?s={search_term_string}"},"query-input":{"@type":"PropertyValueSpecification","valueRequired":true,"valueName":"search_term_string"}}],"inLanguage":"fr-FR"}]}},"_links":{"self":[{"href":"https:\/\/staging.lucky-hunter.com\/fr\/wp-json\/wp\/v2\/product\/195696"}],"collection":[{"href":"https:\/\/staging.lucky-hunter.com\/fr\/wp-json\/wp\/v2\/product"}],"about":[{"href":"https:\/\/staging.lucky-hunter.com\/fr\/wp-json\/wp\/v2\/types\/product"}],"wp:featuredmedia":[{"embeddable":true,"href":"https:\/\/staging.lucky-hunter.com\/fr\/wp-json\/wp\/v2\/media\/64248"}],"wp:attachment":[{"href":"https:\/\/staging.lucky-hunter.com\/fr\/wp-json\/wp\/v2\/media?parent=195696"}],"wp:term":[{"taxonomy":"product_brand","embeddable":true,"href":"https:\/\/staging.lucky-hunter.com\/fr\/wp-json\/wp\/v2\/product_brand?post=195696"},{"taxonomy":"product_cat","embeddable":true,"href":"https:\/\/staging.lucky-hunter.com\/fr\/wp-json\/wp\/v2\/product_cat?post=195696"},{"taxonomy":"product_tag","embeddable":true,"href":"https:\/\/staging.lucky-hunter.com\/fr\/wp-json\/wp\/v2\/product_tag?post=195696"}],"curies":[{"name":"wp","href":"https:\/\/api.w.org\/{rel}","templated":true}]}}