{"id":195673,"date":"2023-07-07T15:09:23","date_gmt":"2023-07-07T13:09:23","guid":{"rendered":"https:\/\/staging.lucky-hunter.com\/product\/invisiman-momarsh\/"},"modified":"2025-06-23T16:10:56","modified_gmt":"2025-06-23T14:10:56","slug":"invisiman-momarsh","status":"publish","type":"product","link":"https:\/\/staging.lucky-hunter.com\/fr\/product\/invisiman-momarsh\/","title":{"rendered":"InvisiMan &#8211; MOmarsh"},"content":{"rendered":"<p><iframe title=\"MOmarsh Invisi-Man\" width=\"1020\" height=\"574\" src=\"https:\/\/www.youtube.com\/embed\/HA46ucdD4Gg?wmode=transparent&amp;rel=0&amp;feature=oembed&#038;enablejsapi=1&#038;origin=https:\/\/staging.lucky-hunter.com\" frameborder=\"0\" allow=\"accelerometer; autoplay; clipboard-write; encrypted-media; gyroscope; picture-in-picture; web-share\" referrerpolicy=\"strict-origin-when-cross-origin\" allowfullscreen><\/iframe><\/p>\n<h1><strong>Le plus polyvalent des aff\u00fbts de chasse sur le march\u00e9 pour la chasse aux oiseaux !<\/strong><\/h1>\n<p>InvisiMan est notre aff\u00fbt le plus polyvalent \u00e0 ce jour. Il comble l&#8217;\u00e9cart entre l&#8217;Invisi-Chair, con\u00e7u pour une couverture verticale, et l&#8217;Invisi-Lay, con\u00e7u pour une couverture horizontale.<\/p>\n<p>Ce produit permet aux chasseurs de se cacher dans presque n&#8217;importe quel environnement. L&#8217;aff\u00fbt est sans cadre \u00e0 l&#8217;avant et ne comporte pas de sac pour les bottes, ce qui le rend facile \u00e0 entrer et \u00e0 sortir, \u00e0 cacher, l\u00e9ger et portable.<\/p>\n<p>Les bretelles de sac \u00e0 dos rembourr\u00e9es ajoutent de la commodit\u00e9 pour la chasse dans les zones accessibles \u00e0 pied. Si vous en avez assez d&#8217;acheter plusieurs aff\u00fbts pour diff\u00e9rentes situations de chasse, ne cherchez plus. InvisiMan est un produit v\u00e9ritablement r\u00e9volutionnaire et le premier du genre.<\/p>\n<p><strong>CARACT\u00c9RISTIQUES :<\/strong><br \/>\n\u2022 Jambes pliantes et r\u00e9glables de 0 \u00e0 76 cm<br \/>\n\u2022 Bretelles int\u00e9gr\u00e9es<br \/>\n\u2022 Portable et l\u00e9ger : 12 kg<br \/>\n\u2022 Limite de poids : 135 kg.<\/p>\n","protected":false},"excerpt":{"rendered":"<p>InvisiMan est notre aff\u00fbt le plus polyvalent \u00e0 ce jour ! Il permet aux chasseurs de se cacher dans presque n&#8217;importe quel environnement et est parfait pour la chasse : canards, oies, pigeons, etc.<\/p>\n","protected":false},"featured_media":62238,"template":"","meta":[],"product_brand":[9515],"product_cat":[8161],"product_tag":[],"yoast_head":"<!-- This site is optimized with the Yoast SEO plugin v24.3 - https:\/\/yoast.com\/wordpress\/plugins\/seo\/ -->\n<title>InvisiMan - MOmarsh | Le plus polyvalent des aff\u00fbts de chasse sur le march\u00e9<\/title>\n<meta name=\"description\" content=\"L&#039;InvisiMan est notre aff\u00fbt le plus polyvalent \u00e0 ce jour ! Il permet aux chasseurs de se cacher dans presque n&#039;importe quel environnement et est parfait pour la chasse : canards, oies, pigeons, etc.\" \/>\n<meta name=\"robots\" content=\"noindex, follow, max-snippet:-1, max-image-preview:large, max-video-preview:-1\" \/>\n<meta property=\"og:locale\" content=\"fr_FR\" \/>\n<meta property=\"og:type\" content=\"article\" \/>\n<meta property=\"og:title\" content=\"InvisiMan - MOmarsh | Le plus polyvalent des aff\u00fbts de chasse sur le march\u00e9\" \/>\n<meta property=\"og:description\" content=\"L&#039;InvisiMan est notre aff\u00fbt le plus polyvalent \u00e0 ce jour ! Il permet aux chasseurs de se cacher dans presque n&#039;importe quel environnement et est parfait pour la chasse : canards, oies, pigeons, etc.\" \/>\n<meta property=\"og:url\" content=\"https:\/\/staging.lucky-hunter.com\/product\/invisiman-momarsh\/\" \/>\n<meta property=\"og:site_name\" content=\"Lucky-Hunter\" \/>\n<meta property=\"article:modified_time\" content=\"2025-06-23T14:10:56+00:00\" \/>\n<meta property=\"og:image\" content=\"https:\/\/staging.lucky-hunter.com\/wp-content\/uploads\/2023\/07\/LS-805.png\" \/>\n\t<meta property=\"og:image:width\" content=\"1000\" \/>\n\t<meta property=\"og:image:height\" content=\"1000\" \/>\n\t<meta property=\"og:image:type\" content=\"image\/png\" \/>\n<meta name=\"twitter:card\" content=\"summary_large_image\" \/>\n<meta name=\"twitter:label1\" content=\"Dur\u00e9e de lecture estim\u00e9e\" \/>\n\t<meta name=\"twitter:data1\" content=\"1 minute\" \/>\n<script type=\"application\/ld+json\" class=\"yoast-schema-graph\">{\"@context\":\"https:\/\/schema.org\",\"@graph\":[{\"@type\":\"WebPage\",\"@id\":\"https:\/\/staging.lucky-hunter.com\/product\/invisiman-momarsh\/\",\"url\":\"https:\/\/staging.lucky-hunter.com\/product\/invisiman-momarsh\/\",\"name\":\"InvisiMan - MOmarsh | Le plus polyvalent des aff\u00fbts de chasse sur le march\u00e9\",\"isPartOf\":{\"@id\":\"https:\/\/staging.lucky-hunter.com\/#website\"},\"primaryImageOfPage\":{\"@id\":\"https:\/\/staging.lucky-hunter.com\/product\/invisiman-momarsh\/#primaryimage\"},\"image\":{\"@id\":\"https:\/\/staging.lucky-hunter.com\/product\/invisiman-momarsh\/#primaryimage\"},\"thumbnailUrl\":\"https:\/\/staging.lucky-hunter.com\/wp-content\/uploads\/2023\/07\/LS-805.png\",\"datePublished\":\"2023-07-07T13:09:23+00:00\",\"dateModified\":\"2025-06-23T14:10:56+00:00\",\"description\":\"L'InvisiMan est notre aff\u00fbt le plus polyvalent \u00e0 ce jour ! Il permet aux chasseurs de se cacher dans presque n'importe quel environnement et est parfait pour la chasse : canards, oies, pigeons, etc.\",\"breadcrumb\":{\"@id\":\"https:\/\/staging.lucky-hunter.com\/product\/invisiman-momarsh\/#breadcrumb\"},\"inLanguage\":\"fr-FR\",\"potentialAction\":[{\"@type\":\"ReadAction\",\"target\":[\"https:\/\/staging.lucky-hunter.com\/product\/invisiman-momarsh\/\"]}]},{\"@type\":\"ImageObject\",\"inLanguage\":\"fr-FR\",\"@id\":\"https:\/\/staging.lucky-hunter.com\/product\/invisiman-momarsh\/#primaryimage\",\"url\":\"https:\/\/staging.lucky-hunter.com\/wp-content\/uploads\/2023\/07\/LS-805.png\",\"contentUrl\":\"https:\/\/staging.lucky-hunter.com\/wp-content\/uploads\/2023\/07\/LS-805.png\",\"width\":1000,\"height\":1000,\"caption\":\"Aff\u00fbt de chasse InvisiMan\"},{\"@type\":\"BreadcrumbList\",\"@id\":\"https:\/\/staging.lucky-hunter.com\/product\/invisiman-momarsh\/#breadcrumb\",\"itemListElement\":[{\"@type\":\"ListItem\",\"position\":1,\"name\":\"Home\",\"item\":\"https:\/\/staging.lucky-hunter.com\/fr\/\"},{\"@type\":\"ListItem\",\"position\":2,\"name\":\"Boutique\",\"item\":\"https:\/\/staging.lucky-hunter.com\/fr\/shop\/\"},{\"@type\":\"ListItem\",\"position\":3,\"name\":\"InvisiMan &#8211; MOmarsh\"}]},{\"@type\":\"WebSite\",\"@id\":\"https:\/\/staging.lucky-hunter.com\/#website\",\"url\":\"https:\/\/staging.lucky-hunter.com\/\",\"name\":\"Lucky-Hunter\",\"description\":\"Gear Up or Give Up\",\"potentialAction\":[{\"@type\":\"SearchAction\",\"target\":{\"@type\":\"EntryPoint\",\"urlTemplate\":\"https:\/\/staging.lucky-hunter.com\/?s={search_term_string}\"},\"query-input\":{\"@type\":\"PropertyValueSpecification\",\"valueRequired\":true,\"valueName\":\"search_term_string\"}}],\"inLanguage\":\"fr-FR\"}]}<\/script>\n<!-- \/ Yoast SEO plugin. -->","yoast_head_json":{"title":"InvisiMan - MOmarsh | Le plus polyvalent des aff\u00fbts de chasse sur le march\u00e9","description":"L'InvisiMan est notre aff\u00fbt le plus polyvalent \u00e0 ce jour ! Il permet aux chasseurs de se cacher dans presque n'importe quel environnement et est parfait pour la chasse : canards, oies, pigeons, etc.","robots":{"index":"noindex","follow":"follow","max-snippet":"max-snippet:-1","max-image-preview":"max-image-preview:large","max-video-preview":"max-video-preview:-1"},"og_locale":"fr_FR","og_type":"article","og_title":"InvisiMan - MOmarsh | Le plus polyvalent des aff\u00fbts de chasse sur le march\u00e9","og_description":"L'InvisiMan est notre aff\u00fbt le plus polyvalent \u00e0 ce jour ! Il permet aux chasseurs de se cacher dans presque n'importe quel environnement et est parfait pour la chasse : canards, oies, pigeons, etc.","og_url":"https:\/\/staging.lucky-hunter.com\/product\/invisiman-momarsh\/","og_site_name":"Lucky-Hunter","article_modified_time":"2025-06-23T14:10:56+00:00","og_image":[{"width":1000,"height":1000,"url":"https:\/\/staging.lucky-hunter.com\/wp-content\/uploads\/2023\/07\/LS-805.png","type":"image\/png"}],"twitter_card":"summary_large_image","twitter_misc":{"Dur\u00e9e de lecture estim\u00e9e":"1 minute"},"schema":{"@context":"https:\/\/schema.org","@graph":[{"@type":"WebPage","@id":"https:\/\/staging.lucky-hunter.com\/product\/invisiman-momarsh\/","url":"https:\/\/staging.lucky-hunter.com\/product\/invisiman-momarsh\/","name":"InvisiMan - MOmarsh | Le plus polyvalent des aff\u00fbts de chasse sur le march\u00e9","isPartOf":{"@id":"https:\/\/staging.lucky-hunter.com\/#website"},"primaryImageOfPage":{"@id":"https:\/\/staging.lucky-hunter.com\/product\/invisiman-momarsh\/#primaryimage"},"image":{"@id":"https:\/\/staging.lucky-hunter.com\/product\/invisiman-momarsh\/#primaryimage"},"thumbnailUrl":"https:\/\/staging.lucky-hunter.com\/wp-content\/uploads\/2023\/07\/LS-805.png","datePublished":"2023-07-07T13:09:23+00:00","dateModified":"2025-06-23T14:10:56+00:00","description":"L'InvisiMan est notre aff\u00fbt le plus polyvalent \u00e0 ce jour ! Il permet aux chasseurs de se cacher dans presque n'importe quel environnement et est parfait pour la chasse : canards, oies, pigeons, etc.","breadcrumb":{"@id":"https:\/\/staging.lucky-hunter.com\/product\/invisiman-momarsh\/#breadcrumb"},"inLanguage":"fr-FR","potentialAction":[{"@type":"ReadAction","target":["https:\/\/staging.lucky-hunter.com\/product\/invisiman-momarsh\/"]}]},{"@type":"ImageObject","inLanguage":"fr-FR","@id":"https:\/\/staging.lucky-hunter.com\/product\/invisiman-momarsh\/#primaryimage","url":"https:\/\/staging.lucky-hunter.com\/wp-content\/uploads\/2023\/07\/LS-805.png","contentUrl":"https:\/\/staging.lucky-hunter.com\/wp-content\/uploads\/2023\/07\/LS-805.png","width":1000,"height":1000,"caption":"Aff\u00fbt de chasse InvisiMan"},{"@type":"BreadcrumbList","@id":"https:\/\/staging.lucky-hunter.com\/product\/invisiman-momarsh\/#breadcrumb","itemListElement":[{"@type":"ListItem","position":1,"name":"Home","item":"https:\/\/staging.lucky-hunter.com\/fr\/"},{"@type":"ListItem","position":2,"name":"Boutique","item":"https:\/\/staging.lucky-hunter.com\/fr\/shop\/"},{"@type":"ListItem","position":3,"name":"InvisiMan &#8211; MOmarsh"}]},{"@type":"WebSite","@id":"https:\/\/staging.lucky-hunter.com\/#website","url":"https:\/\/staging.lucky-hunter.com\/","name":"Lucky-Hunter","description":"Gear Up or Give Up","potentialAction":[{"@type":"SearchAction","target":{"@type":"EntryPoint","urlTemplate":"https:\/\/staging.lucky-hunter.com\/?s={search_term_string}"},"query-input":{"@type":"PropertyValueSpecification","valueRequired":true,"valueName":"search_term_string"}}],"inLanguage":"fr-FR"}]}},"_links":{"self":[{"href":"https:\/\/staging.lucky-hunter.com\/fr\/wp-json\/wp\/v2\/product\/195673"}],"collection":[{"href":"https:\/\/staging.lucky-hunter.com\/fr\/wp-json\/wp\/v2\/product"}],"about":[{"href":"https:\/\/staging.lucky-hunter.com\/fr\/wp-json\/wp\/v2\/types\/product"}],"wp:featuredmedia":[{"embeddable":true,"href":"https:\/\/staging.lucky-hunter.com\/fr\/wp-json\/wp\/v2\/media\/62238"}],"wp:attachment":[{"href":"https:\/\/staging.lucky-hunter.com\/fr\/wp-json\/wp\/v2\/media?parent=195673"}],"wp:term":[{"taxonomy":"product_brand","embeddable":true,"href":"https:\/\/staging.lucky-hunter.com\/fr\/wp-json\/wp\/v2\/product_brand?post=195673"},{"taxonomy":"product_cat","embeddable":true,"href":"https:\/\/staging.lucky-hunter.com\/fr\/wp-json\/wp\/v2\/product_cat?post=195673"},{"taxonomy":"product_tag","embeddable":true,"href":"https:\/\/staging.lucky-hunter.com\/fr\/wp-json\/wp\/v2\/product_tag?post=195673"}],"curies":[{"name":"wp","href":"https:\/\/api.w.org\/{rel}","templated":true}]}}