{"id":195581,"date":"2016-11-07T16:14:29","date_gmt":"2016-11-07T15:14:29","guid":{"rendered":"https:\/\/staging.lucky-hunter.com\/product\/ameristep-chaise-de-chasse-pivotante\/"},"modified":"2025-07-02T12:40:08","modified_gmt":"2025-07-02T10:40:08","slug":"chaise-de-chasse-pivotante-ameristep","status":"publish","type":"product","link":"https:\/\/staging.lucky-hunter.com\/fr\/product\/chaise-de-chasse-pivotante-ameristep\/","title":{"rendered":"Chaise de Chasse Pivotante &#8211; Ameristep"},"content":{"rendered":"<h2><strong>Ameristep Chaise de Chasse Pivotante<\/strong><\/h2>\n<p>Il s&#8217;agit d&#8217;une chaise de chasse tr\u00e8s pratique et portable avec un grand confort d&#8217;assise et une hauteur r\u00e9glable. Assurez-vous que votre prochaine chasse soit confortable avec la chaise de chasse pivotante Ameristep.<\/p>\n<p>La chaise de chasse est pivotante \u00e0 360 degr\u00e9s et tr\u00e8s l\u00e9g\u00e8re, et elle est livr\u00e9e avec un sac de transport et une sangle \u00e0 main. Vous pouvez la d\u00e9plier en quelques secondes, sans perdre de temps pendant la chasse.<\/p>\n<p>Parfaite pour une utilisation dans les aff\u00fbts et les tours de chasse, offrant confort et possibilit\u00e9 d&#8217;atteindre une vue \u00e0 360 degr\u00e9s en un clin d&#8217;\u0153il.<\/p>\n<p>Poids : 2 kg.<\/p>\n","protected":false},"excerpt":{"rendered":"<p>La chaise de chasse est pivotante \u00e0 360 degr\u00e9s et tr\u00e8s l\u00e9g\u00e8re.<\/p>\n","protected":false},"featured_media":29082,"template":"","meta":[],"product_brand":[8195],"product_cat":[9382],"product_tag":[],"yoast_head":"<!-- This site is optimized with the Yoast SEO plugin v24.3 - https:\/\/yoast.com\/wordpress\/plugins\/seo\/ -->\n<title>Chaise de Chasse Pivotante - Ameristep | Lucky Hunter<\/title>\n<meta name=\"description\" content=\"La chaise de chasse pivotante Ameristep : parfaite pour une utilisation dans votre aff\u00fbt de chasse ou en haut d&#039;une tour de chasse.\" \/>\n<meta name=\"robots\" content=\"noindex, follow, max-snippet:-1, max-image-preview:large, max-video-preview:-1\" \/>\n<meta property=\"og:locale\" content=\"fr_FR\" \/>\n<meta property=\"og:type\" content=\"article\" \/>\n<meta property=\"og:title\" content=\"Chaise de Chasse Pivotante - Ameristep | Lucky Hunter\" \/>\n<meta property=\"og:description\" content=\"La chaise de chasse pivotante Ameristep : parfaite pour une utilisation dans votre aff\u00fbt de chasse ou en haut d&#039;une tour de chasse.\" \/>\n<meta property=\"og:url\" content=\"https:\/\/staging.lucky-hunter.com\/fr\/product\/chaise-de-chasse-pivotante-ameristep\/\" \/>\n<meta property=\"og:site_name\" content=\"Lucky-Hunter\" \/>\n<meta property=\"article:modified_time\" content=\"2025-07-02T10:40:08+00:00\" \/>\n<meta property=\"og:image\" content=\"https:\/\/staging.lucky-hunter.com\/wp-content\/uploads\/2017\/06\/LS-100.png\" \/>\n\t<meta property=\"og:image:width\" content=\"1000\" \/>\n\t<meta property=\"og:image:height\" content=\"1000\" \/>\n\t<meta property=\"og:image:type\" content=\"image\/png\" \/>\n<meta name=\"twitter:card\" content=\"summary_large_image\" \/>\n<meta name=\"twitter:label1\" content=\"Dur\u00e9e de lecture estim\u00e9e\" \/>\n\t<meta name=\"twitter:data1\" content=\"1 minute\" \/>\n<script type=\"application\/ld+json\" class=\"yoast-schema-graph\">{\"@context\":\"https:\/\/schema.org\",\"@graph\":[{\"@type\":\"WebPage\",\"@id\":\"https:\/\/staging.lucky-hunter.com\/fr\/product\/chaise-de-chasse-pivotante-ameristep\/\",\"url\":\"https:\/\/staging.lucky-hunter.com\/fr\/product\/chaise-de-chasse-pivotante-ameristep\/\",\"name\":\"Chaise de Chasse Pivotante - Ameristep | Lucky Hunter\",\"isPartOf\":{\"@id\":\"https:\/\/staging.lucky-hunter.com\/#website\"},\"primaryImageOfPage\":{\"@id\":\"https:\/\/staging.lucky-hunter.com\/fr\/product\/chaise-de-chasse-pivotante-ameristep\/#primaryimage\"},\"image\":{\"@id\":\"https:\/\/staging.lucky-hunter.com\/fr\/product\/chaise-de-chasse-pivotante-ameristep\/#primaryimage\"},\"thumbnailUrl\":\"https:\/\/staging.lucky-hunter.com\/wp-content\/uploads\/2017\/06\/LS-100.png\",\"datePublished\":\"2016-11-07T15:14:29+00:00\",\"dateModified\":\"2025-07-02T10:40:08+00:00\",\"description\":\"La chaise de chasse pivotante Ameristep : parfaite pour une utilisation dans votre aff\u00fbt de chasse ou en haut d'une tour de chasse.\",\"breadcrumb\":{\"@id\":\"https:\/\/staging.lucky-hunter.com\/fr\/product\/chaise-de-chasse-pivotante-ameristep\/#breadcrumb\"},\"inLanguage\":\"fr-FR\",\"potentialAction\":[{\"@type\":\"ReadAction\",\"target\":[\"https:\/\/staging.lucky-hunter.com\/fr\/product\/chaise-de-chasse-pivotante-ameristep\/\"]}]},{\"@type\":\"ImageObject\",\"inLanguage\":\"fr-FR\",\"@id\":\"https:\/\/staging.lucky-hunter.com\/fr\/product\/chaise-de-chasse-pivotante-ameristep\/#primaryimage\",\"url\":\"https:\/\/staging.lucky-hunter.com\/wp-content\/uploads\/2017\/06\/LS-100.png\",\"contentUrl\":\"https:\/\/staging.lucky-hunter.com\/wp-content\/uploads\/2017\/06\/LS-100.png\",\"width\":1000,\"height\":1000},{\"@type\":\"BreadcrumbList\",\"@id\":\"https:\/\/staging.lucky-hunter.com\/fr\/product\/chaise-de-chasse-pivotante-ameristep\/#breadcrumb\",\"itemListElement\":[{\"@type\":\"ListItem\",\"position\":1,\"name\":\"Home\",\"item\":\"https:\/\/staging.lucky-hunter.com\/fr\/\"},{\"@type\":\"ListItem\",\"position\":2,\"name\":\"Boutique\",\"item\":\"https:\/\/staging.lucky-hunter.com\/fr\/shop\/\"},{\"@type\":\"ListItem\",\"position\":3,\"name\":\"Chaise de Chasse Pivotante &#8211; Ameristep\"}]},{\"@type\":\"WebSite\",\"@id\":\"https:\/\/staging.lucky-hunter.com\/#website\",\"url\":\"https:\/\/staging.lucky-hunter.com\/\",\"name\":\"Lucky-Hunter\",\"description\":\"Gear Up or Give Up\",\"potentialAction\":[{\"@type\":\"SearchAction\",\"target\":{\"@type\":\"EntryPoint\",\"urlTemplate\":\"https:\/\/staging.lucky-hunter.com\/?s={search_term_string}\"},\"query-input\":{\"@type\":\"PropertyValueSpecification\",\"valueRequired\":true,\"valueName\":\"search_term_string\"}}],\"inLanguage\":\"fr-FR\"}]}<\/script>\n<!-- \/ Yoast SEO plugin. -->","yoast_head_json":{"title":"Chaise de Chasse Pivotante - Ameristep | Lucky Hunter","description":"La chaise de chasse pivotante Ameristep : parfaite pour une utilisation dans votre aff\u00fbt de chasse ou en haut d'une tour de chasse.","robots":{"index":"noindex","follow":"follow","max-snippet":"max-snippet:-1","max-image-preview":"max-image-preview:large","max-video-preview":"max-video-preview:-1"},"og_locale":"fr_FR","og_type":"article","og_title":"Chaise de Chasse Pivotante - Ameristep | Lucky Hunter","og_description":"La chaise de chasse pivotante Ameristep : parfaite pour une utilisation dans votre aff\u00fbt de chasse ou en haut d'une tour de chasse.","og_url":"https:\/\/staging.lucky-hunter.com\/fr\/product\/chaise-de-chasse-pivotante-ameristep\/","og_site_name":"Lucky-Hunter","article_modified_time":"2025-07-02T10:40:08+00:00","og_image":[{"width":1000,"height":1000,"url":"https:\/\/staging.lucky-hunter.com\/wp-content\/uploads\/2017\/06\/LS-100.png","type":"image\/png"}],"twitter_card":"summary_large_image","twitter_misc":{"Dur\u00e9e de lecture estim\u00e9e":"1 minute"},"schema":{"@context":"https:\/\/schema.org","@graph":[{"@type":"WebPage","@id":"https:\/\/staging.lucky-hunter.com\/fr\/product\/chaise-de-chasse-pivotante-ameristep\/","url":"https:\/\/staging.lucky-hunter.com\/fr\/product\/chaise-de-chasse-pivotante-ameristep\/","name":"Chaise de Chasse Pivotante - Ameristep | Lucky Hunter","isPartOf":{"@id":"https:\/\/staging.lucky-hunter.com\/#website"},"primaryImageOfPage":{"@id":"https:\/\/staging.lucky-hunter.com\/fr\/product\/chaise-de-chasse-pivotante-ameristep\/#primaryimage"},"image":{"@id":"https:\/\/staging.lucky-hunter.com\/fr\/product\/chaise-de-chasse-pivotante-ameristep\/#primaryimage"},"thumbnailUrl":"https:\/\/staging.lucky-hunter.com\/wp-content\/uploads\/2017\/06\/LS-100.png","datePublished":"2016-11-07T15:14:29+00:00","dateModified":"2025-07-02T10:40:08+00:00","description":"La chaise de chasse pivotante Ameristep : parfaite pour une utilisation dans votre aff\u00fbt de chasse ou en haut d'une tour de chasse.","breadcrumb":{"@id":"https:\/\/staging.lucky-hunter.com\/fr\/product\/chaise-de-chasse-pivotante-ameristep\/#breadcrumb"},"inLanguage":"fr-FR","potentialAction":[{"@type":"ReadAction","target":["https:\/\/staging.lucky-hunter.com\/fr\/product\/chaise-de-chasse-pivotante-ameristep\/"]}]},{"@type":"ImageObject","inLanguage":"fr-FR","@id":"https:\/\/staging.lucky-hunter.com\/fr\/product\/chaise-de-chasse-pivotante-ameristep\/#primaryimage","url":"https:\/\/staging.lucky-hunter.com\/wp-content\/uploads\/2017\/06\/LS-100.png","contentUrl":"https:\/\/staging.lucky-hunter.com\/wp-content\/uploads\/2017\/06\/LS-100.png","width":1000,"height":1000},{"@type":"BreadcrumbList","@id":"https:\/\/staging.lucky-hunter.com\/fr\/product\/chaise-de-chasse-pivotante-ameristep\/#breadcrumb","itemListElement":[{"@type":"ListItem","position":1,"name":"Home","item":"https:\/\/staging.lucky-hunter.com\/fr\/"},{"@type":"ListItem","position":2,"name":"Boutique","item":"https:\/\/staging.lucky-hunter.com\/fr\/shop\/"},{"@type":"ListItem","position":3,"name":"Chaise de Chasse Pivotante &#8211; Ameristep"}]},{"@type":"WebSite","@id":"https:\/\/staging.lucky-hunter.com\/#website","url":"https:\/\/staging.lucky-hunter.com\/","name":"Lucky-Hunter","description":"Gear Up or Give Up","potentialAction":[{"@type":"SearchAction","target":{"@type":"EntryPoint","urlTemplate":"https:\/\/staging.lucky-hunter.com\/?s={search_term_string}"},"query-input":{"@type":"PropertyValueSpecification","valueRequired":true,"valueName":"search_term_string"}}],"inLanguage":"fr-FR"}]}},"_links":{"self":[{"href":"https:\/\/staging.lucky-hunter.com\/fr\/wp-json\/wp\/v2\/product\/195581"}],"collection":[{"href":"https:\/\/staging.lucky-hunter.com\/fr\/wp-json\/wp\/v2\/product"}],"about":[{"href":"https:\/\/staging.lucky-hunter.com\/fr\/wp-json\/wp\/v2\/types\/product"}],"wp:featuredmedia":[{"embeddable":true,"href":"https:\/\/staging.lucky-hunter.com\/fr\/wp-json\/wp\/v2\/media\/29082"}],"wp:attachment":[{"href":"https:\/\/staging.lucky-hunter.com\/fr\/wp-json\/wp\/v2\/media?parent=195581"}],"wp:term":[{"taxonomy":"product_brand","embeddable":true,"href":"https:\/\/staging.lucky-hunter.com\/fr\/wp-json\/wp\/v2\/product_brand?post=195581"},{"taxonomy":"product_cat","embeddable":true,"href":"https:\/\/staging.lucky-hunter.com\/fr\/wp-json\/wp\/v2\/product_cat?post=195581"},{"taxonomy":"product_tag","embeddable":true,"href":"https:\/\/staging.lucky-hunter.com\/fr\/wp-json\/wp\/v2\/product_tag?post=195581"}],"curies":[{"name":"wp","href":"https:\/\/api.w.org\/{rel}","templated":true}]}}