{"id":195551,"date":"2021-03-17T11:30:29","date_gmt":"2021-03-17T10:30:29","guid":{"rendered":"https:\/\/staging.lucky-hunter.com\/product\/final-approach-housse-neige-s-u-b-x3\/"},"modified":"2025-06-26T14:31:50","modified_gmt":"2025-06-26T12:31:50","slug":"final-approach-housse-neige-s-u-b-x3","status":"publish","type":"product","link":"https:\/\/staging.lucky-hunter.com\/fr\/product\/final-approach-housse-neige-s-u-b-x3\/","title":{"rendered":"Final Approach Housse Neige S.U.B X3"},"content":{"rendered":"<h1><strong>Housse Neige trait\u00e9e UV Final Approach<\/strong><\/h1>\n<p>Vous achetez ici une housse de neige originale pour le nouveau blind A-Frame S.U.B X3 de Final Approach.<\/p>\n<p>La housse est con\u00e7ue pour s&#8217;adapter parfaitement au cadre en aluminium du blind. Elle est facile \u00e0 monter et dispose de sangles velcro qui assurent un ajustement parfait.<\/p>\n<p>\u00c0 l&#8217;ext\u00e9rieur, il y a de nombreuses sangles pour camoufler avec les branches et herbes naturelles de la r\u00e9gion.<\/p>\n<p>Fabriqu\u00e9e en polyester r\u00e9sistant et imperm\u00e9able.<\/p>\n<p>La housse est bien s\u00fbr trait\u00e9e contre les UV.<\/p>\n<p>&nbsp;<\/p>\n","protected":false},"excerpt":{"rendered":"<p>Vous achetez ici une housse de neige originale pour le nouveau blind A-Frame S.U.B X3 de Final Approach.<\/p>\n","protected":false},"featured_media":60609,"template":"","meta":[],"product_brand":[8136],"product_cat":[8164],"product_tag":[9446,9235,9443,9250],"yoast_head":"<!-- This site is optimized with the Yoast SEO plugin v24.3 - https:\/\/yoast.com\/wordpress\/plugins\/seo\/ -->\n<title>Final Approach Housse Neige S.U.B X3 | Lucky Hunter<\/title>\n<meta name=\"description\" content=\"Vous achetez ici une housse de neige originale pour le nouveau blind A-Frame S.U.B X3 de Final Approach.\" \/>\n<meta name=\"robots\" content=\"noindex, follow, max-snippet:-1, max-image-preview:large, max-video-preview:-1\" \/>\n<meta property=\"og:locale\" content=\"fr_FR\" \/>\n<meta property=\"og:type\" content=\"article\" \/>\n<meta property=\"og:title\" content=\"Final Approach Housse Neige S.U.B X3 | Lucky Hunter\" \/>\n<meta property=\"og:description\" content=\"Vous achetez ici une housse de neige originale pour le nouveau blind A-Frame S.U.B X3 de Final Approach.\" \/>\n<meta property=\"og:url\" content=\"https:\/\/staging.lucky-hunter.com\/product\/final-approach-s-u-b-x3-snow-cover\/\" \/>\n<meta property=\"og:site_name\" content=\"Lucky-Hunter\" \/>\n<meta property=\"article:modified_time\" content=\"2025-06-26T12:31:50+00:00\" \/>\n<meta property=\"og:image\" content=\"https:\/\/staging.lucky-hunter.com\/wp-content\/uploads\/2021\/03\/LS-311.png\" \/>\n\t<meta property=\"og:image:width\" content=\"1000\" \/>\n\t<meta property=\"og:image:height\" content=\"1000\" \/>\n\t<meta property=\"og:image:type\" content=\"image\/png\" \/>\n<meta name=\"twitter:card\" content=\"summary_large_image\" \/>\n<meta name=\"twitter:label1\" content=\"Dur\u00e9e de lecture estim\u00e9e\" \/>\n\t<meta name=\"twitter:data1\" content=\"1 minute\" \/>\n<script type=\"application\/ld+json\" class=\"yoast-schema-graph\">{\"@context\":\"https:\/\/schema.org\",\"@graph\":[{\"@type\":\"WebPage\",\"@id\":\"https:\/\/staging.lucky-hunter.com\/product\/final-approach-s-u-b-x3-snow-cover\/\",\"url\":\"https:\/\/staging.lucky-hunter.com\/product\/final-approach-s-u-b-x3-snow-cover\/\",\"name\":\"Final Approach Housse Neige S.U.B X3 | Lucky Hunter\",\"isPartOf\":{\"@id\":\"https:\/\/staging.lucky-hunter.com\/#website\"},\"primaryImageOfPage\":{\"@id\":\"https:\/\/staging.lucky-hunter.com\/product\/final-approach-s-u-b-x3-snow-cover\/#primaryimage\"},\"image\":{\"@id\":\"https:\/\/staging.lucky-hunter.com\/product\/final-approach-s-u-b-x3-snow-cover\/#primaryimage\"},\"thumbnailUrl\":\"https:\/\/staging.lucky-hunter.com\/wp-content\/uploads\/2021\/03\/LS-311.png\",\"datePublished\":\"2021-03-17T10:30:29+00:00\",\"dateModified\":\"2025-06-26T12:31:50+00:00\",\"description\":\"Vous achetez ici une housse de neige originale pour le nouveau blind A-Frame S.U.B X3 de Final Approach.\",\"breadcrumb\":{\"@id\":\"https:\/\/staging.lucky-hunter.com\/product\/final-approach-s-u-b-x3-snow-cover\/#breadcrumb\"},\"inLanguage\":\"fr-FR\",\"potentialAction\":[{\"@type\":\"ReadAction\",\"target\":[\"https:\/\/staging.lucky-hunter.com\/product\/final-approach-s-u-b-x3-snow-cover\/\"]}]},{\"@type\":\"ImageObject\",\"inLanguage\":\"fr-FR\",\"@id\":\"https:\/\/staging.lucky-hunter.com\/product\/final-approach-s-u-b-x3-snow-cover\/#primaryimage\",\"url\":\"https:\/\/staging.lucky-hunter.com\/wp-content\/uploads\/2021\/03\/LS-311.png\",\"contentUrl\":\"https:\/\/staging.lucky-hunter.com\/wp-content\/uploads\/2021\/03\/LS-311.png\",\"width\":1000,\"height\":1000},{\"@type\":\"BreadcrumbList\",\"@id\":\"https:\/\/staging.lucky-hunter.com\/product\/final-approach-s-u-b-x3-snow-cover\/#breadcrumb\",\"itemListElement\":[{\"@type\":\"ListItem\",\"position\":1,\"name\":\"Home\",\"item\":\"https:\/\/staging.lucky-hunter.com\/fr\/\"},{\"@type\":\"ListItem\",\"position\":2,\"name\":\"Boutique\",\"item\":\"https:\/\/staging.lucky-hunter.com\/fr\/shop\/\"},{\"@type\":\"ListItem\",\"position\":3,\"name\":\"Final Approach Housse Neige S.U.B X3\"}]},{\"@type\":\"WebSite\",\"@id\":\"https:\/\/staging.lucky-hunter.com\/#website\",\"url\":\"https:\/\/staging.lucky-hunter.com\/\",\"name\":\"Lucky-Hunter\",\"description\":\"Gear Up or Give Up\",\"potentialAction\":[{\"@type\":\"SearchAction\",\"target\":{\"@type\":\"EntryPoint\",\"urlTemplate\":\"https:\/\/staging.lucky-hunter.com\/?s={search_term_string}\"},\"query-input\":{\"@type\":\"PropertyValueSpecification\",\"valueRequired\":true,\"valueName\":\"search_term_string\"}}],\"inLanguage\":\"fr-FR\"}]}<\/script>\n<!-- \/ Yoast SEO plugin. -->","yoast_head_json":{"title":"Final Approach Housse Neige S.U.B X3 | Lucky Hunter","description":"Vous achetez ici une housse de neige originale pour le nouveau blind A-Frame S.U.B X3 de Final Approach.","robots":{"index":"noindex","follow":"follow","max-snippet":"max-snippet:-1","max-image-preview":"max-image-preview:large","max-video-preview":"max-video-preview:-1"},"og_locale":"fr_FR","og_type":"article","og_title":"Final Approach Housse Neige S.U.B X3 | Lucky Hunter","og_description":"Vous achetez ici une housse de neige originale pour le nouveau blind A-Frame S.U.B X3 de Final Approach.","og_url":"https:\/\/staging.lucky-hunter.com\/product\/final-approach-s-u-b-x3-snow-cover\/","og_site_name":"Lucky-Hunter","article_modified_time":"2025-06-26T12:31:50+00:00","og_image":[{"width":1000,"height":1000,"url":"https:\/\/staging.lucky-hunter.com\/wp-content\/uploads\/2021\/03\/LS-311.png","type":"image\/png"}],"twitter_card":"summary_large_image","twitter_misc":{"Dur\u00e9e de lecture estim\u00e9e":"1 minute"},"schema":{"@context":"https:\/\/schema.org","@graph":[{"@type":"WebPage","@id":"https:\/\/staging.lucky-hunter.com\/product\/final-approach-s-u-b-x3-snow-cover\/","url":"https:\/\/staging.lucky-hunter.com\/product\/final-approach-s-u-b-x3-snow-cover\/","name":"Final Approach Housse Neige S.U.B X3 | Lucky Hunter","isPartOf":{"@id":"https:\/\/staging.lucky-hunter.com\/#website"},"primaryImageOfPage":{"@id":"https:\/\/staging.lucky-hunter.com\/product\/final-approach-s-u-b-x3-snow-cover\/#primaryimage"},"image":{"@id":"https:\/\/staging.lucky-hunter.com\/product\/final-approach-s-u-b-x3-snow-cover\/#primaryimage"},"thumbnailUrl":"https:\/\/staging.lucky-hunter.com\/wp-content\/uploads\/2021\/03\/LS-311.png","datePublished":"2021-03-17T10:30:29+00:00","dateModified":"2025-06-26T12:31:50+00:00","description":"Vous achetez ici une housse de neige originale pour le nouveau blind A-Frame S.U.B X3 de Final Approach.","breadcrumb":{"@id":"https:\/\/staging.lucky-hunter.com\/product\/final-approach-s-u-b-x3-snow-cover\/#breadcrumb"},"inLanguage":"fr-FR","potentialAction":[{"@type":"ReadAction","target":["https:\/\/staging.lucky-hunter.com\/product\/final-approach-s-u-b-x3-snow-cover\/"]}]},{"@type":"ImageObject","inLanguage":"fr-FR","@id":"https:\/\/staging.lucky-hunter.com\/product\/final-approach-s-u-b-x3-snow-cover\/#primaryimage","url":"https:\/\/staging.lucky-hunter.com\/wp-content\/uploads\/2021\/03\/LS-311.png","contentUrl":"https:\/\/staging.lucky-hunter.com\/wp-content\/uploads\/2021\/03\/LS-311.png","width":1000,"height":1000},{"@type":"BreadcrumbList","@id":"https:\/\/staging.lucky-hunter.com\/product\/final-approach-s-u-b-x3-snow-cover\/#breadcrumb","itemListElement":[{"@type":"ListItem","position":1,"name":"Home","item":"https:\/\/staging.lucky-hunter.com\/fr\/"},{"@type":"ListItem","position":2,"name":"Boutique","item":"https:\/\/staging.lucky-hunter.com\/fr\/shop\/"},{"@type":"ListItem","position":3,"name":"Final Approach Housse Neige S.U.B X3"}]},{"@type":"WebSite","@id":"https:\/\/staging.lucky-hunter.com\/#website","url":"https:\/\/staging.lucky-hunter.com\/","name":"Lucky-Hunter","description":"Gear Up or Give Up","potentialAction":[{"@type":"SearchAction","target":{"@type":"EntryPoint","urlTemplate":"https:\/\/staging.lucky-hunter.com\/?s={search_term_string}"},"query-input":{"@type":"PropertyValueSpecification","valueRequired":true,"valueName":"search_term_string"}}],"inLanguage":"fr-FR"}]}},"_links":{"self":[{"href":"https:\/\/staging.lucky-hunter.com\/fr\/wp-json\/wp\/v2\/product\/195551"}],"collection":[{"href":"https:\/\/staging.lucky-hunter.com\/fr\/wp-json\/wp\/v2\/product"}],"about":[{"href":"https:\/\/staging.lucky-hunter.com\/fr\/wp-json\/wp\/v2\/types\/product"}],"wp:featuredmedia":[{"embeddable":true,"href":"https:\/\/staging.lucky-hunter.com\/fr\/wp-json\/wp\/v2\/media\/60609"}],"wp:attachment":[{"href":"https:\/\/staging.lucky-hunter.com\/fr\/wp-json\/wp\/v2\/media?parent=195551"}],"wp:term":[{"taxonomy":"product_brand","embeddable":true,"href":"https:\/\/staging.lucky-hunter.com\/fr\/wp-json\/wp\/v2\/product_brand?post=195551"},{"taxonomy":"product_cat","embeddable":true,"href":"https:\/\/staging.lucky-hunter.com\/fr\/wp-json\/wp\/v2\/product_cat?post=195551"},{"taxonomy":"product_tag","embeddable":true,"href":"https:\/\/staging.lucky-hunter.com\/fr\/wp-json\/wp\/v2\/product_tag?post=195551"}],"curies":[{"name":"wp","href":"https:\/\/api.w.org\/{rel}","templated":true}]}}