{"id":195458,"date":"2020-06-18T12:37:29","date_gmt":"2020-06-18T10:37:29","guid":{"rendered":"https:\/\/staging.lucky-hunter.com\/product\/ghg-formes-de-foulques\/"},"modified":"2025-06-26T15:26:08","modified_gmt":"2025-06-26T13:26:08","slug":"formes-de-foulques-ghg","status":"publish","type":"product","link":"https:\/\/staging.lucky-hunter.com\/fr\/product\/formes-de-foulques-ghg\/","title":{"rendered":"Formes de Foulques &#8211; GHG"},"content":{"rendered":"<h2><strong>Formes de foulques GHG pour le chasseur de canards passionn\u00e9<\/strong><\/h2>\n<p>Formes de foulques de la marque am\u00e9ricaine GHG sont vraiment superbes et prouvent clairement pourquoi GHG est l&#8217;un des fabricants les plus reconnus de l&#8217;industrie.<\/p>\n<p>Vous recevez ici une bo\u00eete de 6 foulques m\u00e2les en taille surdimensionn\u00e9e pour assurer une visibilit\u00e9 maximale pour les canards en vol. Ces formes sont le parfait m\u00e9lange d&#8217;\u00e9conomie et de performance.<\/p>\n<p>Le mat\u00e9riau est un plastique poly\u00e9thyl\u00e8ne ultra-r\u00e9sistant qui peut durer de nombreuses ann\u00e9es, et bien s\u00fbr, les sculpteurs et designers de GHG ont travaill\u00e9 dur pour recr\u00e9er des d\u00e9tails r\u00e9alistes de plumes et d&#8217;anatomie.<\/p>\n<p>Les formes de foulques ont une quille lest\u00e9e qui assure une navigation parfaite dans l&#8217;eau.<\/p>\n<p>GHG Hunter Series SKU 73014.<\/p>\n<p><strong>Informations sur les foulques :<\/strong><\/p>\n<p>La foulque macroule &#8211; \u00e9galement connue sous le nom de foulque commune &#8211; est un membre de la famille des r\u00e2les et marouettes. Elle a un corps noir ardois\u00e9, une t\u00eate noire brillante et un bec blanc avec un bouclier frontal blanc.<\/p>\n<p>La foulque se reproduit dans une grande partie de l&#8217;Ancien Monde sur des lacs et \u00e9tangs d&#8217;eau douce.<\/p>\n<p>La foulque macroule est beaucoup moins secr\u00e8te que la plupart des membres de la famille des r\u00e2les et peut \u00eatre vue nageant en eau libre ou marchant sur les prairies riveraines. C&#8217;est une esp\u00e8ce agressive, tr\u00e8s territoriale pendant la saison de reproduction, et les deux parents participent \u00e0 la d\u00e9fense territoriale.<\/p>\n<p>La foulque est omnivore et prendra une vari\u00e9t\u00e9 de petites proies vivantes, y compris les \u0153ufs d&#8217;autres oiseaux aquatiques, ainsi que des algues, de la v\u00e9g\u00e9tation, des graines et des fruits. Elle montre une variation consid\u00e9rable dans ses techniques d&#8217;alimentation, p\u00e2turant sur terre ou dans l&#8217;eau. Dans l&#8217;eau, elle peut se renverser comme un colvert ou plonger \u00e0 la recherche de nourriture.<\/p>\n<p>&nbsp;<\/p>\n<p>&nbsp;<\/p>\n","protected":false},"excerpt":{"rendered":"<p>Formes de foulques surdimensionn\u00e9es GHG sont moul\u00e9es \u00e0 partir de sculptures originales de classe mondiale et produites avec des d\u00e9tails de plumes et une anatomie parfaits.<\/p>\n","protected":false},"featured_media":30404,"template":"","meta":[],"product_brand":[8125],"product_cat":[8180,8158],"product_tag":[9235],"yoast_head":"<!-- This site is optimized with the Yoast SEO plugin v24.3 - https:\/\/yoast.com\/wordpress\/plugins\/seo\/ -->\n<title>Formes de Foulques - GHG | Lucky Hunter<\/title>\n<meta name=\"description\" content=\"Taille surdimensionn\u00e9e pour une visibilit\u00e9 maximale dans l&#039;eau. Moul\u00e9es \u00e0 partir de sculptures originales de classe mondiale et peintes avec des d\u00e9tails \u00e9lev\u00e9s.\" \/>\n<meta name=\"robots\" content=\"noindex, follow, max-snippet:-1, max-image-preview:large, max-video-preview:-1\" \/>\n<meta property=\"og:locale\" content=\"fr_FR\" \/>\n<meta property=\"og:type\" content=\"article\" \/>\n<meta property=\"og:title\" content=\"Formes de Foulques - GHG | Lucky Hunter\" \/>\n<meta property=\"og:description\" content=\"Taille surdimensionn\u00e9e pour une visibilit\u00e9 maximale dans l&#039;eau. Moul\u00e9es \u00e0 partir de sculptures originales de classe mondiale et peintes avec des d\u00e9tails \u00e9lev\u00e9s.\" \/>\n<meta property=\"og:url\" content=\"https:\/\/staging.lucky-hunter.com\/product\/gghg-coot-ducks\/\" \/>\n<meta property=\"og:site_name\" content=\"Lucky-Hunter\" \/>\n<meta property=\"article:modified_time\" content=\"2025-06-26T13:26:08+00:00\" \/>\n<meta property=\"og:image\" content=\"https:\/\/staging.lucky-hunter.com\/wp-content\/uploads\/2020\/06\/lf-520_02.png\" \/>\n\t<meta property=\"og:image:width\" content=\"1000\" \/>\n\t<meta property=\"og:image:height\" content=\"1000\" \/>\n\t<meta property=\"og:image:type\" content=\"image\/png\" \/>\n<meta name=\"twitter:card\" content=\"summary_large_image\" \/>\n<meta name=\"twitter:label1\" content=\"Dur\u00e9e de lecture estim\u00e9e\" \/>\n\t<meta name=\"twitter:data1\" content=\"2 minutes\" \/>\n<script type=\"application\/ld+json\" class=\"yoast-schema-graph\">{\"@context\":\"https:\/\/schema.org\",\"@graph\":[{\"@type\":\"WebPage\",\"@id\":\"https:\/\/staging.lucky-hunter.com\/product\/gghg-coot-ducks\/\",\"url\":\"https:\/\/staging.lucky-hunter.com\/product\/gghg-coot-ducks\/\",\"name\":\"Formes de Foulques - GHG | Lucky Hunter\",\"isPartOf\":{\"@id\":\"https:\/\/staging.lucky-hunter.com\/#website\"},\"primaryImageOfPage\":{\"@id\":\"https:\/\/staging.lucky-hunter.com\/product\/gghg-coot-ducks\/#primaryimage\"},\"image\":{\"@id\":\"https:\/\/staging.lucky-hunter.com\/product\/gghg-coot-ducks\/#primaryimage\"},\"thumbnailUrl\":\"https:\/\/staging.lucky-hunter.com\/wp-content\/uploads\/2020\/06\/lf-520_02.png\",\"datePublished\":\"2020-06-18T10:37:29+00:00\",\"dateModified\":\"2025-06-26T13:26:08+00:00\",\"description\":\"Taille surdimensionn\u00e9e pour une visibilit\u00e9 maximale dans l'eau. Moul\u00e9es \u00e0 partir de sculptures originales de classe mondiale et peintes avec des d\u00e9tails \u00e9lev\u00e9s.\",\"breadcrumb\":{\"@id\":\"https:\/\/staging.lucky-hunter.com\/product\/gghg-coot-ducks\/#breadcrumb\"},\"inLanguage\":\"fr-FR\",\"potentialAction\":[{\"@type\":\"ReadAction\",\"target\":[\"https:\/\/staging.lucky-hunter.com\/product\/gghg-coot-ducks\/\"]}]},{\"@type\":\"ImageObject\",\"inLanguage\":\"fr-FR\",\"@id\":\"https:\/\/staging.lucky-hunter.com\/product\/gghg-coot-ducks\/#primaryimage\",\"url\":\"https:\/\/staging.lucky-hunter.com\/wp-content\/uploads\/2020\/06\/lf-520_02.png\",\"contentUrl\":\"https:\/\/staging.lucky-hunter.com\/wp-content\/uploads\/2020\/06\/lf-520_02.png\",\"width\":1000,\"height\":1000},{\"@type\":\"BreadcrumbList\",\"@id\":\"https:\/\/staging.lucky-hunter.com\/product\/gghg-coot-ducks\/#breadcrumb\",\"itemListElement\":[{\"@type\":\"ListItem\",\"position\":1,\"name\":\"Home\",\"item\":\"https:\/\/staging.lucky-hunter.com\/fr\/\"},{\"@type\":\"ListItem\",\"position\":2,\"name\":\"Boutique\",\"item\":\"https:\/\/staging.lucky-hunter.com\/fr\/shop\/\"},{\"@type\":\"ListItem\",\"position\":3,\"name\":\"Formes de Foulques &#8211; GHG\"}]},{\"@type\":\"WebSite\",\"@id\":\"https:\/\/staging.lucky-hunter.com\/#website\",\"url\":\"https:\/\/staging.lucky-hunter.com\/\",\"name\":\"Lucky-Hunter\",\"description\":\"Gear Up or Give Up\",\"potentialAction\":[{\"@type\":\"SearchAction\",\"target\":{\"@type\":\"EntryPoint\",\"urlTemplate\":\"https:\/\/staging.lucky-hunter.com\/?s={search_term_string}\"},\"query-input\":{\"@type\":\"PropertyValueSpecification\",\"valueRequired\":true,\"valueName\":\"search_term_string\"}}],\"inLanguage\":\"fr-FR\"}]}<\/script>\n<!-- \/ Yoast SEO plugin. -->","yoast_head_json":{"title":"Formes de Foulques - GHG | Lucky Hunter","description":"Taille surdimensionn\u00e9e pour une visibilit\u00e9 maximale dans l'eau. Moul\u00e9es \u00e0 partir de sculptures originales de classe mondiale et peintes avec des d\u00e9tails \u00e9lev\u00e9s.","robots":{"index":"noindex","follow":"follow","max-snippet":"max-snippet:-1","max-image-preview":"max-image-preview:large","max-video-preview":"max-video-preview:-1"},"og_locale":"fr_FR","og_type":"article","og_title":"Formes de Foulques - GHG | Lucky Hunter","og_description":"Taille surdimensionn\u00e9e pour une visibilit\u00e9 maximale dans l'eau. Moul\u00e9es \u00e0 partir de sculptures originales de classe mondiale et peintes avec des d\u00e9tails \u00e9lev\u00e9s.","og_url":"https:\/\/staging.lucky-hunter.com\/product\/gghg-coot-ducks\/","og_site_name":"Lucky-Hunter","article_modified_time":"2025-06-26T13:26:08+00:00","og_image":[{"width":1000,"height":1000,"url":"https:\/\/staging.lucky-hunter.com\/wp-content\/uploads\/2020\/06\/lf-520_02.png","type":"image\/png"}],"twitter_card":"summary_large_image","twitter_misc":{"Dur\u00e9e de lecture estim\u00e9e":"2 minutes"},"schema":{"@context":"https:\/\/schema.org","@graph":[{"@type":"WebPage","@id":"https:\/\/staging.lucky-hunter.com\/product\/gghg-coot-ducks\/","url":"https:\/\/staging.lucky-hunter.com\/product\/gghg-coot-ducks\/","name":"Formes de Foulques - GHG | Lucky Hunter","isPartOf":{"@id":"https:\/\/staging.lucky-hunter.com\/#website"},"primaryImageOfPage":{"@id":"https:\/\/staging.lucky-hunter.com\/product\/gghg-coot-ducks\/#primaryimage"},"image":{"@id":"https:\/\/staging.lucky-hunter.com\/product\/gghg-coot-ducks\/#primaryimage"},"thumbnailUrl":"https:\/\/staging.lucky-hunter.com\/wp-content\/uploads\/2020\/06\/lf-520_02.png","datePublished":"2020-06-18T10:37:29+00:00","dateModified":"2025-06-26T13:26:08+00:00","description":"Taille surdimensionn\u00e9e pour une visibilit\u00e9 maximale dans l'eau. Moul\u00e9es \u00e0 partir de sculptures originales de classe mondiale et peintes avec des d\u00e9tails \u00e9lev\u00e9s.","breadcrumb":{"@id":"https:\/\/staging.lucky-hunter.com\/product\/gghg-coot-ducks\/#breadcrumb"},"inLanguage":"fr-FR","potentialAction":[{"@type":"ReadAction","target":["https:\/\/staging.lucky-hunter.com\/product\/gghg-coot-ducks\/"]}]},{"@type":"ImageObject","inLanguage":"fr-FR","@id":"https:\/\/staging.lucky-hunter.com\/product\/gghg-coot-ducks\/#primaryimage","url":"https:\/\/staging.lucky-hunter.com\/wp-content\/uploads\/2020\/06\/lf-520_02.png","contentUrl":"https:\/\/staging.lucky-hunter.com\/wp-content\/uploads\/2020\/06\/lf-520_02.png","width":1000,"height":1000},{"@type":"BreadcrumbList","@id":"https:\/\/staging.lucky-hunter.com\/product\/gghg-coot-ducks\/#breadcrumb","itemListElement":[{"@type":"ListItem","position":1,"name":"Home","item":"https:\/\/staging.lucky-hunter.com\/fr\/"},{"@type":"ListItem","position":2,"name":"Boutique","item":"https:\/\/staging.lucky-hunter.com\/fr\/shop\/"},{"@type":"ListItem","position":3,"name":"Formes de Foulques &#8211; GHG"}]},{"@type":"WebSite","@id":"https:\/\/staging.lucky-hunter.com\/#website","url":"https:\/\/staging.lucky-hunter.com\/","name":"Lucky-Hunter","description":"Gear Up or Give Up","potentialAction":[{"@type":"SearchAction","target":{"@type":"EntryPoint","urlTemplate":"https:\/\/staging.lucky-hunter.com\/?s={search_term_string}"},"query-input":{"@type":"PropertyValueSpecification","valueRequired":true,"valueName":"search_term_string"}}],"inLanguage":"fr-FR"}]}},"_links":{"self":[{"href":"https:\/\/staging.lucky-hunter.com\/fr\/wp-json\/wp\/v2\/product\/195458"}],"collection":[{"href":"https:\/\/staging.lucky-hunter.com\/fr\/wp-json\/wp\/v2\/product"}],"about":[{"href":"https:\/\/staging.lucky-hunter.com\/fr\/wp-json\/wp\/v2\/types\/product"}],"wp:featuredmedia":[{"embeddable":true,"href":"https:\/\/staging.lucky-hunter.com\/fr\/wp-json\/wp\/v2\/media\/30404"}],"wp:attachment":[{"href":"https:\/\/staging.lucky-hunter.com\/fr\/wp-json\/wp\/v2\/media?parent=195458"}],"wp:term":[{"taxonomy":"product_brand","embeddable":true,"href":"https:\/\/staging.lucky-hunter.com\/fr\/wp-json\/wp\/v2\/product_brand?post=195458"},{"taxonomy":"product_cat","embeddable":true,"href":"https:\/\/staging.lucky-hunter.com\/fr\/wp-json\/wp\/v2\/product_cat?post=195458"},{"taxonomy":"product_tag","embeddable":true,"href":"https:\/\/staging.lucky-hunter.com\/fr\/wp-json\/wp\/v2\/product_tag?post=195458"}],"curies":[{"name":"wp","href":"https:\/\/api.w.org\/{rel}","templated":true}]}}