{"id":195436,"date":"2023-07-06T13:33:34","date_gmt":"2023-07-06T11:33:34","guid":{"rendered":"https:\/\/staging.lucky-hunter.com\/product\/final-approach-last-pass-canard-chipeau-flottant-12-pcs\/"},"modified":"2025-06-24T10:55:36","modified_gmt":"2025-06-24T08:55:36","slug":"canard-chipeau-flottant-last-pass-final-approach-12-pcs","status":"publish","type":"product","link":"https:\/\/staging.lucky-hunter.com\/fr\/product\/canard-chipeau-flottant-last-pass-final-approach-12-pcs\/","title":{"rendered":"Canard chipeau Flottant &#8220;Last Pass&#8221;- Final Approach 12 pcs"},"content":{"rendered":"<h2><strong>Formes \u00e9conomiques de Final Approach<\/strong><\/h2>\n<p>La s\u00e9rie de formes Last Pass vous apporte des formes de haute qualit\u00e9 \u00e0 un prix imbattable. Am\u00e9liorez le r\u00e9alisme de votre installation avec les Last Pass Canard chipeau Flottant, pr\u00e9sentant une sculpture d\u00e9taill\u00e9e et une peinture r\u00e9aliste. Fabriqu\u00e9e \u00e0 partir d&#8217;un m\u00e9lange de plastique durable, cette forme est con\u00e7ue pour r\u00e9sister aux rigueurs de la saison de chasse au canard. Son design l\u00e9ger et sa taille compacte la rendent id\u00e9ale pour les longues marches jusqu&#8217;\u00e0 l&#8217;aff\u00fbt ou pour \u00eatre transport\u00e9e dans des tra\u00eeneaux \u00e0 formes et de petits bateaux comme les kayaks.<\/p>\n<p>Ce pack de 12 pi\u00e8ces comprend uniquement des formes de canards m\u00e2les, vous offrant les couleurs souhait\u00e9es pour votre installation de formes de canards chipeaux. Que vous soyez un d\u00e9butant dans ce sport ou un chasseur de canards exp\u00e9riment\u00e9, le Last Pass Canard chipeau Flottant est un excellent choix.<\/p>\n<p><strong>Caract\u00e9ristiques :<\/strong><\/p>\n<ul>\n<li>Plastique HDPE durable<\/li>\n<li>Nouvelle sculpture de Jamie Welsh, triple champion du monde<\/li>\n<li>Parfait pour augmenter le nombre de formes dans votre installation<\/li>\n<li>Design monobloc<\/li>\n<li>Quille lest\u00e9e et syst\u00e8me de verrouillage de corde<\/li>\n<li>Le pack de 12 comprend : 12 canards m\u00e2les<\/li>\n<li>Longueur de la forme du bec \u00e0 la queue : 12 pouces<\/li>\n<\/ul>\n","protected":false},"excerpt":{"rendered":"<p>Vous cherchez des formes de canards \u00e0 un tr\u00e8s bon prix ? Cliquez ici et d\u00e9couvrez les &#8220;Last Pass&#8221; Canard chipeau Flottant de Final Approach.<\/p>\n","protected":false},"featured_media":62185,"template":"","meta":[],"product_brand":[8136],"product_cat":[8183],"product_tag":[],"yoast_head":"<!-- This site is optimized with the Yoast SEO plugin v24.3 - https:\/\/yoast.com\/wordpress\/plugins\/seo\/ -->\n<title>Canard chipeau Flottant &quot;Last Pass&quot;- Final Approach 12 pcs<\/title>\n<meta name=\"description\" content=\"Vous cherchez des formes de canards \u00e0 un tr\u00e8s bon prix ? Cliquez ici et d\u00e9couvrez les &quot;Last Pass&quot; Canard chipeau Flottant de Final Approach.\" \/>\n<meta name=\"robots\" content=\"noindex, follow, max-snippet:-1, max-image-preview:large, max-video-preview:-1\" \/>\n<meta property=\"og:locale\" content=\"fr_FR\" \/>\n<meta property=\"og:type\" content=\"article\" \/>\n<meta property=\"og:title\" content=\"Canard chipeau Flottant &quot;Last Pass&quot;- Final Approach 12 pcs\" \/>\n<meta property=\"og:description\" content=\"Vous cherchez des formes de canards \u00e0 un tr\u00e8s bon prix ? Cliquez ici et d\u00e9couvrez les &quot;Last Pass&quot; Canard chipeau Flottant de Final Approach.\" \/>\n<meta property=\"og:url\" content=\"https:\/\/staging.lucky-hunter.com\/fr\/product\/canard-chipeau-flottant-last-pass-final-approach-12-pcs\/\" \/>\n<meta property=\"og:site_name\" content=\"Lucky-Hunter\" \/>\n<meta property=\"article:modified_time\" content=\"2025-06-24T08:55:36+00:00\" \/>\n<meta property=\"og:image\" content=\"https:\/\/staging.lucky-hunter.com\/wp-content\/uploads\/2023\/07\/LF-412.png\" \/>\n\t<meta property=\"og:image:width\" content=\"1000\" \/>\n\t<meta property=\"og:image:height\" content=\"1000\" \/>\n\t<meta property=\"og:image:type\" content=\"image\/png\" \/>\n<meta name=\"twitter:card\" content=\"summary_large_image\" \/>\n<meta name=\"twitter:label1\" content=\"Dur\u00e9e de lecture estim\u00e9e\" \/>\n\t<meta name=\"twitter:data1\" content=\"2 minutes\" \/>\n<script type=\"application\/ld+json\" class=\"yoast-schema-graph\">{\"@context\":\"https:\/\/schema.org\",\"@graph\":[{\"@type\":\"WebPage\",\"@id\":\"https:\/\/staging.lucky-hunter.com\/fr\/product\/canard-chipeau-flottant-last-pass-final-approach-12-pcs\/\",\"url\":\"https:\/\/staging.lucky-hunter.com\/fr\/product\/canard-chipeau-flottant-last-pass-final-approach-12-pcs\/\",\"name\":\"Canard chipeau Flottant \\\"Last Pass\\\"- Final Approach 12 pcs\",\"isPartOf\":{\"@id\":\"https:\/\/staging.lucky-hunter.com\/#website\"},\"primaryImageOfPage\":{\"@id\":\"https:\/\/staging.lucky-hunter.com\/fr\/product\/canard-chipeau-flottant-last-pass-final-approach-12-pcs\/#primaryimage\"},\"image\":{\"@id\":\"https:\/\/staging.lucky-hunter.com\/fr\/product\/canard-chipeau-flottant-last-pass-final-approach-12-pcs\/#primaryimage\"},\"thumbnailUrl\":\"https:\/\/staging.lucky-hunter.com\/wp-content\/uploads\/2023\/07\/LF-412.png\",\"datePublished\":\"2023-07-06T11:33:34+00:00\",\"dateModified\":\"2025-06-24T08:55:36+00:00\",\"description\":\"Vous cherchez des formes de canards \u00e0 un tr\u00e8s bon prix ? Cliquez ici et d\u00e9couvrez les \\\"Last Pass\\\" Canard chipeau Flottant de Final Approach.\",\"breadcrumb\":{\"@id\":\"https:\/\/staging.lucky-hunter.com\/fr\/product\/canard-chipeau-flottant-last-pass-final-approach-12-pcs\/#breadcrumb\"},\"inLanguage\":\"fr-FR\",\"potentialAction\":[{\"@type\":\"ReadAction\",\"target\":[\"https:\/\/staging.lucky-hunter.com\/fr\/product\/canard-chipeau-flottant-last-pass-final-approach-12-pcs\/\"]}]},{\"@type\":\"ImageObject\",\"inLanguage\":\"fr-FR\",\"@id\":\"https:\/\/staging.lucky-hunter.com\/fr\/product\/canard-chipeau-flottant-last-pass-final-approach-12-pcs\/#primaryimage\",\"url\":\"https:\/\/staging.lucky-hunter.com\/wp-content\/uploads\/2023\/07\/LF-412.png\",\"contentUrl\":\"https:\/\/staging.lucky-hunter.com\/wp-content\/uploads\/2023\/07\/LF-412.png\",\"width\":1000,\"height\":1000,\"caption\":\"Formes de Gadwall Final Approach\"},{\"@type\":\"BreadcrumbList\",\"@id\":\"https:\/\/staging.lucky-hunter.com\/fr\/product\/canard-chipeau-flottant-last-pass-final-approach-12-pcs\/#breadcrumb\",\"itemListElement\":[{\"@type\":\"ListItem\",\"position\":1,\"name\":\"Home\",\"item\":\"https:\/\/staging.lucky-hunter.com\/fr\/\"},{\"@type\":\"ListItem\",\"position\":2,\"name\":\"Boutique\",\"item\":\"https:\/\/staging.lucky-hunter.com\/fr\/shop\/\"},{\"@type\":\"ListItem\",\"position\":3,\"name\":\"Canard chipeau Flottant &#8220;Last Pass&#8221;- Final Approach 12 pcs\"}]},{\"@type\":\"WebSite\",\"@id\":\"https:\/\/staging.lucky-hunter.com\/#website\",\"url\":\"https:\/\/staging.lucky-hunter.com\/\",\"name\":\"Lucky-Hunter\",\"description\":\"Gear Up or Give Up\",\"potentialAction\":[{\"@type\":\"SearchAction\",\"target\":{\"@type\":\"EntryPoint\",\"urlTemplate\":\"https:\/\/staging.lucky-hunter.com\/?s={search_term_string}\"},\"query-input\":{\"@type\":\"PropertyValueSpecification\",\"valueRequired\":true,\"valueName\":\"search_term_string\"}}],\"inLanguage\":\"fr-FR\"}]}<\/script>\n<!-- \/ Yoast SEO plugin. -->","yoast_head_json":{"title":"Canard chipeau Flottant \"Last Pass\"- Final Approach 12 pcs","description":"Vous cherchez des formes de canards \u00e0 un tr\u00e8s bon prix ? Cliquez ici et d\u00e9couvrez les \"Last Pass\" Canard chipeau Flottant de Final Approach.","robots":{"index":"noindex","follow":"follow","max-snippet":"max-snippet:-1","max-image-preview":"max-image-preview:large","max-video-preview":"max-video-preview:-1"},"og_locale":"fr_FR","og_type":"article","og_title":"Canard chipeau Flottant \"Last Pass\"- Final Approach 12 pcs","og_description":"Vous cherchez des formes de canards \u00e0 un tr\u00e8s bon prix ? Cliquez ici et d\u00e9couvrez les \"Last Pass\" Canard chipeau Flottant de Final Approach.","og_url":"https:\/\/staging.lucky-hunter.com\/fr\/product\/canard-chipeau-flottant-last-pass-final-approach-12-pcs\/","og_site_name":"Lucky-Hunter","article_modified_time":"2025-06-24T08:55:36+00:00","og_image":[{"width":1000,"height":1000,"url":"https:\/\/staging.lucky-hunter.com\/wp-content\/uploads\/2023\/07\/LF-412.png","type":"image\/png"}],"twitter_card":"summary_large_image","twitter_misc":{"Dur\u00e9e de lecture estim\u00e9e":"2 minutes"},"schema":{"@context":"https:\/\/schema.org","@graph":[{"@type":"WebPage","@id":"https:\/\/staging.lucky-hunter.com\/fr\/product\/canard-chipeau-flottant-last-pass-final-approach-12-pcs\/","url":"https:\/\/staging.lucky-hunter.com\/fr\/product\/canard-chipeau-flottant-last-pass-final-approach-12-pcs\/","name":"Canard chipeau Flottant \"Last Pass\"- Final Approach 12 pcs","isPartOf":{"@id":"https:\/\/staging.lucky-hunter.com\/#website"},"primaryImageOfPage":{"@id":"https:\/\/staging.lucky-hunter.com\/fr\/product\/canard-chipeau-flottant-last-pass-final-approach-12-pcs\/#primaryimage"},"image":{"@id":"https:\/\/staging.lucky-hunter.com\/fr\/product\/canard-chipeau-flottant-last-pass-final-approach-12-pcs\/#primaryimage"},"thumbnailUrl":"https:\/\/staging.lucky-hunter.com\/wp-content\/uploads\/2023\/07\/LF-412.png","datePublished":"2023-07-06T11:33:34+00:00","dateModified":"2025-06-24T08:55:36+00:00","description":"Vous cherchez des formes de canards \u00e0 un tr\u00e8s bon prix ? Cliquez ici et d\u00e9couvrez les \"Last Pass\" Canard chipeau Flottant de Final Approach.","breadcrumb":{"@id":"https:\/\/staging.lucky-hunter.com\/fr\/product\/canard-chipeau-flottant-last-pass-final-approach-12-pcs\/#breadcrumb"},"inLanguage":"fr-FR","potentialAction":[{"@type":"ReadAction","target":["https:\/\/staging.lucky-hunter.com\/fr\/product\/canard-chipeau-flottant-last-pass-final-approach-12-pcs\/"]}]},{"@type":"ImageObject","inLanguage":"fr-FR","@id":"https:\/\/staging.lucky-hunter.com\/fr\/product\/canard-chipeau-flottant-last-pass-final-approach-12-pcs\/#primaryimage","url":"https:\/\/staging.lucky-hunter.com\/wp-content\/uploads\/2023\/07\/LF-412.png","contentUrl":"https:\/\/staging.lucky-hunter.com\/wp-content\/uploads\/2023\/07\/LF-412.png","width":1000,"height":1000,"caption":"Formes de Gadwall Final Approach"},{"@type":"BreadcrumbList","@id":"https:\/\/staging.lucky-hunter.com\/fr\/product\/canard-chipeau-flottant-last-pass-final-approach-12-pcs\/#breadcrumb","itemListElement":[{"@type":"ListItem","position":1,"name":"Home","item":"https:\/\/staging.lucky-hunter.com\/fr\/"},{"@type":"ListItem","position":2,"name":"Boutique","item":"https:\/\/staging.lucky-hunter.com\/fr\/shop\/"},{"@type":"ListItem","position":3,"name":"Canard chipeau Flottant &#8220;Last Pass&#8221;- Final Approach 12 pcs"}]},{"@type":"WebSite","@id":"https:\/\/staging.lucky-hunter.com\/#website","url":"https:\/\/staging.lucky-hunter.com\/","name":"Lucky-Hunter","description":"Gear Up or Give Up","potentialAction":[{"@type":"SearchAction","target":{"@type":"EntryPoint","urlTemplate":"https:\/\/staging.lucky-hunter.com\/?s={search_term_string}"},"query-input":{"@type":"PropertyValueSpecification","valueRequired":true,"valueName":"search_term_string"}}],"inLanguage":"fr-FR"}]}},"_links":{"self":[{"href":"https:\/\/staging.lucky-hunter.com\/fr\/wp-json\/wp\/v2\/product\/195436"}],"collection":[{"href":"https:\/\/staging.lucky-hunter.com\/fr\/wp-json\/wp\/v2\/product"}],"about":[{"href":"https:\/\/staging.lucky-hunter.com\/fr\/wp-json\/wp\/v2\/types\/product"}],"wp:featuredmedia":[{"embeddable":true,"href":"https:\/\/staging.lucky-hunter.com\/fr\/wp-json\/wp\/v2\/media\/62185"}],"wp:attachment":[{"href":"https:\/\/staging.lucky-hunter.com\/fr\/wp-json\/wp\/v2\/media?parent=195436"}],"wp:term":[{"taxonomy":"product_brand","embeddable":true,"href":"https:\/\/staging.lucky-hunter.com\/fr\/wp-json\/wp\/v2\/product_brand?post=195436"},{"taxonomy":"product_cat","embeddable":true,"href":"https:\/\/staging.lucky-hunter.com\/fr\/wp-json\/wp\/v2\/product_cat?post=195436"},{"taxonomy":"product_tag","embeddable":true,"href":"https:\/\/staging.lucky-hunter.com\/fr\/wp-json\/wp\/v2\/product_tag?post=195436"}],"curies":[{"name":"wp","href":"https:\/\/api.w.org\/{rel}","templated":true}]}}