{"id":195421,"date":"2023-04-28T08:16:14","date_gmt":"2023-04-28T06:16:14","guid":{"rendered":"https:\/\/staging.lucky-hunter.com\/product\/avian-x-formes-flottantes-doies-du-canada\/"},"modified":"2025-06-24T11:03:48","modified_gmt":"2025-06-24T09:03:48","slug":"avian-x-formes-flottantes-doies-du-canada","status":"publish","type":"product","link":"https:\/\/staging.lucky-hunter.com\/fr\/product\/avian-x-formes-flottantes-doies-du-canada\/","title":{"rendered":"Formes Flottantes d&#8217;Oies du Canada &#8211; Avian-X"},"content":{"rendered":"<h2><strong>Formes flottantes de haute qualit\u00e9<\/strong><\/h2>\n<p>Lorsque vous chassez sur l&#8217;eau et que vous voulez attirer des groupes d&#8217;oies dans votre installation, les Avian-X Topflight Floating Canada Geese seront l&#8217;outil id\u00e9al. Elles sont peintes avec une peinture mate et robuste et les d\u00e9tails r\u00e9alistes donnent l&#8217;apparence de v\u00e9ritables oiseaux. De plus, les t\u00eates des formes sont floqu\u00e9es, ajoutant ainsi la touche finale \u00e0 votre installation. En d&#8217;autres termes, voici une forme d&#8217;oie parfaite pour la chasse sur l&#8217;eau. Les oies flottantes du Canada sont efficaces que vous chassiez r\u00e9ellement des oies du Canada ou que vous souhaitiez les utiliser pour la chasse aux canards, comme le font de nombreux chasseurs de canards passionn\u00e9s. Elles offrent une visibilit\u00e9 suppl\u00e9mentaire pour l&#8217;installation de formes, ce qui est extr\u00eamement efficace.<\/p>\n<p>La peinture est mate et ne s&#8217;\u00e9caille pas, et la construction robuste en caoutchouc assure que l&#8217;apparence r\u00e9aliste dure saison apr\u00e8s saison.<\/p>\n<p>Le pack comprend 2 oies au repos, 2 oies sentinelles et 4 t\u00eates pivotantes floqu\u00e9es uniques.<\/p>\n","protected":false},"excerpt":{"rendered":"<p>Lorsque vous chassez sur l&#8217;eau et que vous voulez attirer des groupes d&#8217;oies dans votre installation, les Avian-X Topflight Floating Canada Geese seront l&#8217;outil id\u00e9al.<\/p>\n","protected":false},"featured_media":60485,"template":"","meta":[],"product_brand":[9525],"product_cat":[8178],"product_tag":[],"yoast_head":"<!-- This site is optimized with the Yoast SEO plugin v24.3 - https:\/\/yoast.com\/wordpress\/plugins\/seo\/ -->\n<title>Formes Flottantes d&#039;Oies du Canada - Avian-X | Lucky-hunter.com<\/title>\n<meta name=\"description\" content=\"Lorsque vous chassez sur l&#039;eau et que vous voulez attirer des groupes d&#039;oies dans votre installation, ces Avian-X Topflight Floating Canada Geese seront l&#039;outil id\u00e9al.\" \/>\n<meta name=\"robots\" content=\"noindex, follow, max-snippet:-1, max-image-preview:large, max-video-preview:-1\" \/>\n<meta property=\"og:locale\" content=\"fr_FR\" \/>\n<meta property=\"og:type\" content=\"article\" \/>\n<meta property=\"og:title\" content=\"Formes Flottantes d&#039;Oies du Canada - Avian-X | Lucky-hunter.com\" \/>\n<meta property=\"og:description\" content=\"Lorsque vous chassez sur l&#039;eau et que vous voulez attirer des groupes d&#039;oies dans votre installation, ces Avian-X Topflight Floating Canada Geese seront l&#039;outil id\u00e9al.\" \/>\n<meta property=\"og:url\" content=\"https:\/\/staging.lucky-hunter.com\/fr\/product\/avian-x-formes-flottantes-doies-du-canada\/\" \/>\n<meta property=\"og:site_name\" content=\"Lucky-Hunter\" \/>\n<meta property=\"article:modified_time\" content=\"2025-06-24T09:03:48+00:00\" \/>\n<meta property=\"og:image\" content=\"https:\/\/staging.lucky-hunter.com\/wp-content\/uploads\/2023\/04\/LF-314.png\" \/>\n\t<meta property=\"og:image:width\" content=\"1000\" \/>\n\t<meta property=\"og:image:height\" content=\"1000\" \/>\n\t<meta property=\"og:image:type\" content=\"image\/png\" \/>\n<meta name=\"twitter:card\" content=\"summary_large_image\" \/>\n<meta name=\"twitter:label1\" content=\"Dur\u00e9e de lecture estim\u00e9e\" \/>\n\t<meta name=\"twitter:data1\" content=\"1 minute\" \/>\n<script type=\"application\/ld+json\" class=\"yoast-schema-graph\">{\"@context\":\"https:\/\/schema.org\",\"@graph\":[{\"@type\":\"WebPage\",\"@id\":\"https:\/\/staging.lucky-hunter.com\/fr\/product\/avian-x-formes-flottantes-doies-du-canada\/\",\"url\":\"https:\/\/staging.lucky-hunter.com\/fr\/product\/avian-x-formes-flottantes-doies-du-canada\/\",\"name\":\"Formes Flottantes d'Oies du Canada - Avian-X | Lucky-hunter.com\",\"isPartOf\":{\"@id\":\"https:\/\/staging.lucky-hunter.com\/#website\"},\"primaryImageOfPage\":{\"@id\":\"https:\/\/staging.lucky-hunter.com\/fr\/product\/avian-x-formes-flottantes-doies-du-canada\/#primaryimage\"},\"image\":{\"@id\":\"https:\/\/staging.lucky-hunter.com\/fr\/product\/avian-x-formes-flottantes-doies-du-canada\/#primaryimage\"},\"thumbnailUrl\":\"https:\/\/staging.lucky-hunter.com\/wp-content\/uploads\/2023\/04\/LF-314.png\",\"datePublished\":\"2023-04-28T06:16:14+00:00\",\"dateModified\":\"2025-06-24T09:03:48+00:00\",\"description\":\"Lorsque vous chassez sur l'eau et que vous voulez attirer des groupes d'oies dans votre installation, ces Avian-X Topflight Floating Canada Geese seront l'outil id\u00e9al.\",\"breadcrumb\":{\"@id\":\"https:\/\/staging.lucky-hunter.com\/fr\/product\/avian-x-formes-flottantes-doies-du-canada\/#breadcrumb\"},\"inLanguage\":\"fr-FR\",\"potentialAction\":[{\"@type\":\"ReadAction\",\"target\":[\"https:\/\/staging.lucky-hunter.com\/fr\/product\/avian-x-formes-flottantes-doies-du-canada\/\"]}]},{\"@type\":\"ImageObject\",\"inLanguage\":\"fr-FR\",\"@id\":\"https:\/\/staging.lucky-hunter.com\/fr\/product\/avian-x-formes-flottantes-doies-du-canada\/#primaryimage\",\"url\":\"https:\/\/staging.lucky-hunter.com\/wp-content\/uploads\/2023\/04\/LF-314.png\",\"contentUrl\":\"https:\/\/staging.lucky-hunter.com\/wp-content\/uploads\/2023\/04\/LF-314.png\",\"width\":1000,\"height\":1000,\"caption\":\"Formes flottantes Avian-X\"},{\"@type\":\"BreadcrumbList\",\"@id\":\"https:\/\/staging.lucky-hunter.com\/fr\/product\/avian-x-formes-flottantes-doies-du-canada\/#breadcrumb\",\"itemListElement\":[{\"@type\":\"ListItem\",\"position\":1,\"name\":\"Home\",\"item\":\"https:\/\/staging.lucky-hunter.com\/fr\/\"},{\"@type\":\"ListItem\",\"position\":2,\"name\":\"Boutique\",\"item\":\"https:\/\/staging.lucky-hunter.com\/fr\/shop\/\"},{\"@type\":\"ListItem\",\"position\":3,\"name\":\"Formes Flottantes d&#8217;Oies du Canada &#8211; Avian-X\"}]},{\"@type\":\"WebSite\",\"@id\":\"https:\/\/staging.lucky-hunter.com\/#website\",\"url\":\"https:\/\/staging.lucky-hunter.com\/\",\"name\":\"Lucky-Hunter\",\"description\":\"Gear Up or Give Up\",\"potentialAction\":[{\"@type\":\"SearchAction\",\"target\":{\"@type\":\"EntryPoint\",\"urlTemplate\":\"https:\/\/staging.lucky-hunter.com\/?s={search_term_string}\"},\"query-input\":{\"@type\":\"PropertyValueSpecification\",\"valueRequired\":true,\"valueName\":\"search_term_string\"}}],\"inLanguage\":\"fr-FR\"}]}<\/script>\n<!-- \/ Yoast SEO plugin. -->","yoast_head_json":{"title":"Formes Flottantes d'Oies du Canada - Avian-X | Lucky-hunter.com","description":"Lorsque vous chassez sur l'eau et que vous voulez attirer des groupes d'oies dans votre installation, ces Avian-X Topflight Floating Canada Geese seront l'outil id\u00e9al.","robots":{"index":"noindex","follow":"follow","max-snippet":"max-snippet:-1","max-image-preview":"max-image-preview:large","max-video-preview":"max-video-preview:-1"},"og_locale":"fr_FR","og_type":"article","og_title":"Formes Flottantes d'Oies du Canada - Avian-X | Lucky-hunter.com","og_description":"Lorsque vous chassez sur l'eau et que vous voulez attirer des groupes d'oies dans votre installation, ces Avian-X Topflight Floating Canada Geese seront l'outil id\u00e9al.","og_url":"https:\/\/staging.lucky-hunter.com\/fr\/product\/avian-x-formes-flottantes-doies-du-canada\/","og_site_name":"Lucky-Hunter","article_modified_time":"2025-06-24T09:03:48+00:00","og_image":[{"width":1000,"height":1000,"url":"https:\/\/staging.lucky-hunter.com\/wp-content\/uploads\/2023\/04\/LF-314.png","type":"image\/png"}],"twitter_card":"summary_large_image","twitter_misc":{"Dur\u00e9e de lecture estim\u00e9e":"1 minute"},"schema":{"@context":"https:\/\/schema.org","@graph":[{"@type":"WebPage","@id":"https:\/\/staging.lucky-hunter.com\/fr\/product\/avian-x-formes-flottantes-doies-du-canada\/","url":"https:\/\/staging.lucky-hunter.com\/fr\/product\/avian-x-formes-flottantes-doies-du-canada\/","name":"Formes Flottantes d'Oies du Canada - Avian-X | Lucky-hunter.com","isPartOf":{"@id":"https:\/\/staging.lucky-hunter.com\/#website"},"primaryImageOfPage":{"@id":"https:\/\/staging.lucky-hunter.com\/fr\/product\/avian-x-formes-flottantes-doies-du-canada\/#primaryimage"},"image":{"@id":"https:\/\/staging.lucky-hunter.com\/fr\/product\/avian-x-formes-flottantes-doies-du-canada\/#primaryimage"},"thumbnailUrl":"https:\/\/staging.lucky-hunter.com\/wp-content\/uploads\/2023\/04\/LF-314.png","datePublished":"2023-04-28T06:16:14+00:00","dateModified":"2025-06-24T09:03:48+00:00","description":"Lorsque vous chassez sur l'eau et que vous voulez attirer des groupes d'oies dans votre installation, ces Avian-X Topflight Floating Canada Geese seront l'outil id\u00e9al.","breadcrumb":{"@id":"https:\/\/staging.lucky-hunter.com\/fr\/product\/avian-x-formes-flottantes-doies-du-canada\/#breadcrumb"},"inLanguage":"fr-FR","potentialAction":[{"@type":"ReadAction","target":["https:\/\/staging.lucky-hunter.com\/fr\/product\/avian-x-formes-flottantes-doies-du-canada\/"]}]},{"@type":"ImageObject","inLanguage":"fr-FR","@id":"https:\/\/staging.lucky-hunter.com\/fr\/product\/avian-x-formes-flottantes-doies-du-canada\/#primaryimage","url":"https:\/\/staging.lucky-hunter.com\/wp-content\/uploads\/2023\/04\/LF-314.png","contentUrl":"https:\/\/staging.lucky-hunter.com\/wp-content\/uploads\/2023\/04\/LF-314.png","width":1000,"height":1000,"caption":"Formes flottantes Avian-X"},{"@type":"BreadcrumbList","@id":"https:\/\/staging.lucky-hunter.com\/fr\/product\/avian-x-formes-flottantes-doies-du-canada\/#breadcrumb","itemListElement":[{"@type":"ListItem","position":1,"name":"Home","item":"https:\/\/staging.lucky-hunter.com\/fr\/"},{"@type":"ListItem","position":2,"name":"Boutique","item":"https:\/\/staging.lucky-hunter.com\/fr\/shop\/"},{"@type":"ListItem","position":3,"name":"Formes Flottantes d&#8217;Oies du Canada &#8211; Avian-X"}]},{"@type":"WebSite","@id":"https:\/\/staging.lucky-hunter.com\/#website","url":"https:\/\/staging.lucky-hunter.com\/","name":"Lucky-Hunter","description":"Gear Up or Give Up","potentialAction":[{"@type":"SearchAction","target":{"@type":"EntryPoint","urlTemplate":"https:\/\/staging.lucky-hunter.com\/?s={search_term_string}"},"query-input":{"@type":"PropertyValueSpecification","valueRequired":true,"valueName":"search_term_string"}}],"inLanguage":"fr-FR"}]}},"_links":{"self":[{"href":"https:\/\/staging.lucky-hunter.com\/fr\/wp-json\/wp\/v2\/product\/195421"}],"collection":[{"href":"https:\/\/staging.lucky-hunter.com\/fr\/wp-json\/wp\/v2\/product"}],"about":[{"href":"https:\/\/staging.lucky-hunter.com\/fr\/wp-json\/wp\/v2\/types\/product"}],"wp:featuredmedia":[{"embeddable":true,"href":"https:\/\/staging.lucky-hunter.com\/fr\/wp-json\/wp\/v2\/media\/60485"}],"wp:attachment":[{"href":"https:\/\/staging.lucky-hunter.com\/fr\/wp-json\/wp\/v2\/media?parent=195421"}],"wp:term":[{"taxonomy":"product_brand","embeddable":true,"href":"https:\/\/staging.lucky-hunter.com\/fr\/wp-json\/wp\/v2\/product_brand?post=195421"},{"taxonomy":"product_cat","embeddable":true,"href":"https:\/\/staging.lucky-hunter.com\/fr\/wp-json\/wp\/v2\/product_cat?post=195421"},{"taxonomy":"product_tag","embeddable":true,"href":"https:\/\/staging.lucky-hunter.com\/fr\/wp-json\/wp\/v2\/product_tag?post=195421"}],"curies":[{"name":"wp","href":"https:\/\/api.w.org\/{rel}","templated":true}]}}