{"id":195342,"date":"2023-04-27T14:50:12","date_gmt":"2023-04-27T12:50:12","guid":{"rendered":"https:\/\/staging.lucky-hunter.com\/product\/avian-x-formes-flottantes-de-bernaches-a-ventre-raye\/"},"modified":"2025-06-24T11:05:20","modified_gmt":"2025-06-24T09:05:20","slug":"avian-x-formes-flottantes-de-bernaches-a-ventre-raye","status":"publish","type":"product","link":"https:\/\/staging.lucky-hunter.com\/fr\/product\/avian-x-formes-flottantes-de-bernaches-a-ventre-raye\/","title":{"rendered":"Formes Flottantes de Bernaches \u00e0 Ventre Ray\u00e9 &#8211; Avian-X"},"content":{"rendered":"<h2><strong>Superbes formes pour la chasse sur l&#8217;eau<\/strong><\/h2>\n<p>Ces formes flottantes de bernaches \u00e0 ventre ray\u00e9 de Avian-X sont peintes avec une peinture mate durable qui ne s&#8217;\u00e9caillera pas. Elles ont \u00e9galement 4 positions de t\u00eate diff\u00e9rentes pour un r\u00e9alisme accru dans votre installation. En somme, les Avian-X Topflight \u00e0 ventre ray\u00e9 sont incroyablement r\u00e9alistes, et il est garanti qu&#8217;elles apporteront du succ\u00e8s tant pour la chasse aux oies que pour la chasse aux canards.<\/p>\n<p>La construction robuste en caoutchouc offre de nombreuses ann\u00e9es d&#8217;utilisation, m\u00eame dans les conditions difficiles que vous pouvez rencontrer pendant la chasse en hiver.<br \/>\nLes formes flottantes de bernaches \u00e0 ventre ray\u00e9 sont souvent utilis\u00e9es pour cr\u00e9er de la visibilit\u00e9 dans un arrangement de formes, m\u00eame si vous chassez &#8220;juste&#8221; des canards.<\/p>\n<p>Dans le paquet, il y a 4 formes flottantes (2 sentinelles et 2 au repos) avec 4 positions de t\u00eate uniques.<\/p>\n","protected":false},"excerpt":{"rendered":"<p>Les formes flottantes de bernaches \u00e0 ventre ray\u00e9 sont souvent utilis\u00e9es pour cr\u00e9er de la visibilit\u00e9 dans un arrangement de formes, m\u00eame si vous chassez &#8220;juste&#8221; des canards.<\/p>\n","protected":false},"featured_media":60456,"template":"","meta":[],"product_brand":[8132],"product_cat":[8177],"product_tag":[],"yoast_head":"<!-- This site is optimized with the Yoast SEO plugin v24.3 - https:\/\/yoast.com\/wordpress\/plugins\/seo\/ -->\n<title>Formes Flottantes de Bernaches \u00e0 Ventre Ray\u00e9 - Avian-X | Lucky-hunter.com<\/title>\n<meta name=\"description\" content=\"Les formes flottantes de bernaches \u00e0 ventre ray\u00e9 sont souvent utilis\u00e9es pour cr\u00e9er de la visibilit\u00e9 dans un arrangement de formes, m\u00eame si vous chassez &quot;juste&quot; des canards.\" \/>\n<meta name=\"robots\" content=\"noindex, follow, max-snippet:-1, max-image-preview:large, max-video-preview:-1\" \/>\n<meta property=\"og:locale\" content=\"fr_FR\" \/>\n<meta property=\"og:type\" content=\"article\" \/>\n<meta property=\"og:title\" content=\"Formes Flottantes de Bernaches \u00e0 Ventre Ray\u00e9 - Avian-X | Lucky-hunter.com\" \/>\n<meta property=\"og:description\" content=\"Les formes flottantes de bernaches \u00e0 ventre ray\u00e9 sont souvent utilis\u00e9es pour cr\u00e9er de la visibilit\u00e9 dans un arrangement de formes, m\u00eame si vous chassez &quot;juste&quot; des canards.\" \/>\n<meta property=\"og:url\" content=\"https:\/\/staging.lucky-hunter.com\/fr\/product\/avian-x-formes-flottantes-de-bernaches-a-ventre-raye\/\" \/>\n<meta property=\"og:site_name\" content=\"Lucky-Hunter\" \/>\n<meta property=\"article:modified_time\" content=\"2025-06-24T09:05:20+00:00\" \/>\n<meta property=\"og:image\" content=\"https:\/\/staging.lucky-hunter.com\/wp-content\/uploads\/2023\/04\/LF-312.png\" \/>\n\t<meta property=\"og:image:width\" content=\"1000\" \/>\n\t<meta property=\"og:image:height\" content=\"1000\" \/>\n\t<meta property=\"og:image:type\" content=\"image\/png\" \/>\n<meta name=\"twitter:card\" content=\"summary_large_image\" \/>\n<meta name=\"twitter:label1\" content=\"Dur\u00e9e de lecture estim\u00e9e\" \/>\n\t<meta name=\"twitter:data1\" content=\"1 minute\" \/>\n<script type=\"application\/ld+json\" class=\"yoast-schema-graph\">{\"@context\":\"https:\/\/schema.org\",\"@graph\":[{\"@type\":\"WebPage\",\"@id\":\"https:\/\/staging.lucky-hunter.com\/fr\/product\/avian-x-formes-flottantes-de-bernaches-a-ventre-raye\/\",\"url\":\"https:\/\/staging.lucky-hunter.com\/fr\/product\/avian-x-formes-flottantes-de-bernaches-a-ventre-raye\/\",\"name\":\"Formes Flottantes de Bernaches \u00e0 Ventre Ray\u00e9 - Avian-X | Lucky-hunter.com\",\"isPartOf\":{\"@id\":\"https:\/\/staging.lucky-hunter.com\/#website\"},\"primaryImageOfPage\":{\"@id\":\"https:\/\/staging.lucky-hunter.com\/fr\/product\/avian-x-formes-flottantes-de-bernaches-a-ventre-raye\/#primaryimage\"},\"image\":{\"@id\":\"https:\/\/staging.lucky-hunter.com\/fr\/product\/avian-x-formes-flottantes-de-bernaches-a-ventre-raye\/#primaryimage\"},\"thumbnailUrl\":\"https:\/\/staging.lucky-hunter.com\/wp-content\/uploads\/2023\/04\/LF-312.png\",\"datePublished\":\"2023-04-27T12:50:12+00:00\",\"dateModified\":\"2025-06-24T09:05:20+00:00\",\"description\":\"Les formes flottantes de bernaches \u00e0 ventre ray\u00e9 sont souvent utilis\u00e9es pour cr\u00e9er de la visibilit\u00e9 dans un arrangement de formes, m\u00eame si vous chassez \\\"juste\\\" des canards.\",\"breadcrumb\":{\"@id\":\"https:\/\/staging.lucky-hunter.com\/fr\/product\/avian-x-formes-flottantes-de-bernaches-a-ventre-raye\/#breadcrumb\"},\"inLanguage\":\"fr-FR\",\"potentialAction\":[{\"@type\":\"ReadAction\",\"target\":[\"https:\/\/staging.lucky-hunter.com\/fr\/product\/avian-x-formes-flottantes-de-bernaches-a-ventre-raye\/\"]}]},{\"@type\":\"ImageObject\",\"inLanguage\":\"fr-FR\",\"@id\":\"https:\/\/staging.lucky-hunter.com\/fr\/product\/avian-x-formes-flottantes-de-bernaches-a-ventre-raye\/#primaryimage\",\"url\":\"https:\/\/staging.lucky-hunter.com\/wp-content\/uploads\/2023\/04\/LF-312.png\",\"contentUrl\":\"https:\/\/staging.lucky-hunter.com\/wp-content\/uploads\/2023\/04\/LF-312.png\",\"width\":1000,\"height\":1000,\"caption\":\"Avian-X Bernaches \u00e0 Ventre Ray\u00e9\"},{\"@type\":\"BreadcrumbList\",\"@id\":\"https:\/\/staging.lucky-hunter.com\/fr\/product\/avian-x-formes-flottantes-de-bernaches-a-ventre-raye\/#breadcrumb\",\"itemListElement\":[{\"@type\":\"ListItem\",\"position\":1,\"name\":\"Home\",\"item\":\"https:\/\/staging.lucky-hunter.com\/fr\/\"},{\"@type\":\"ListItem\",\"position\":2,\"name\":\"Boutique\",\"item\":\"https:\/\/staging.lucky-hunter.com\/fr\/shop\/\"},{\"@type\":\"ListItem\",\"position\":3,\"name\":\"Formes Flottantes de Bernaches \u00e0 Ventre Ray\u00e9 &#8211; Avian-X\"}]},{\"@type\":\"WebSite\",\"@id\":\"https:\/\/staging.lucky-hunter.com\/#website\",\"url\":\"https:\/\/staging.lucky-hunter.com\/\",\"name\":\"Lucky-Hunter\",\"description\":\"Gear Up or Give Up\",\"potentialAction\":[{\"@type\":\"SearchAction\",\"target\":{\"@type\":\"EntryPoint\",\"urlTemplate\":\"https:\/\/staging.lucky-hunter.com\/?s={search_term_string}\"},\"query-input\":{\"@type\":\"PropertyValueSpecification\",\"valueRequired\":true,\"valueName\":\"search_term_string\"}}],\"inLanguage\":\"fr-FR\"}]}<\/script>\n<!-- \/ Yoast SEO plugin. -->","yoast_head_json":{"title":"Formes Flottantes de Bernaches \u00e0 Ventre Ray\u00e9 - Avian-X | Lucky-hunter.com","description":"Les formes flottantes de bernaches \u00e0 ventre ray\u00e9 sont souvent utilis\u00e9es pour cr\u00e9er de la visibilit\u00e9 dans un arrangement de formes, m\u00eame si vous chassez \"juste\" des canards.","robots":{"index":"noindex","follow":"follow","max-snippet":"max-snippet:-1","max-image-preview":"max-image-preview:large","max-video-preview":"max-video-preview:-1"},"og_locale":"fr_FR","og_type":"article","og_title":"Formes Flottantes de Bernaches \u00e0 Ventre Ray\u00e9 - Avian-X | Lucky-hunter.com","og_description":"Les formes flottantes de bernaches \u00e0 ventre ray\u00e9 sont souvent utilis\u00e9es pour cr\u00e9er de la visibilit\u00e9 dans un arrangement de formes, m\u00eame si vous chassez \"juste\" des canards.","og_url":"https:\/\/staging.lucky-hunter.com\/fr\/product\/avian-x-formes-flottantes-de-bernaches-a-ventre-raye\/","og_site_name":"Lucky-Hunter","article_modified_time":"2025-06-24T09:05:20+00:00","og_image":[{"width":1000,"height":1000,"url":"https:\/\/staging.lucky-hunter.com\/wp-content\/uploads\/2023\/04\/LF-312.png","type":"image\/png"}],"twitter_card":"summary_large_image","twitter_misc":{"Dur\u00e9e de lecture estim\u00e9e":"1 minute"},"schema":{"@context":"https:\/\/schema.org","@graph":[{"@type":"WebPage","@id":"https:\/\/staging.lucky-hunter.com\/fr\/product\/avian-x-formes-flottantes-de-bernaches-a-ventre-raye\/","url":"https:\/\/staging.lucky-hunter.com\/fr\/product\/avian-x-formes-flottantes-de-bernaches-a-ventre-raye\/","name":"Formes Flottantes de Bernaches \u00e0 Ventre Ray\u00e9 - Avian-X | Lucky-hunter.com","isPartOf":{"@id":"https:\/\/staging.lucky-hunter.com\/#website"},"primaryImageOfPage":{"@id":"https:\/\/staging.lucky-hunter.com\/fr\/product\/avian-x-formes-flottantes-de-bernaches-a-ventre-raye\/#primaryimage"},"image":{"@id":"https:\/\/staging.lucky-hunter.com\/fr\/product\/avian-x-formes-flottantes-de-bernaches-a-ventre-raye\/#primaryimage"},"thumbnailUrl":"https:\/\/staging.lucky-hunter.com\/wp-content\/uploads\/2023\/04\/LF-312.png","datePublished":"2023-04-27T12:50:12+00:00","dateModified":"2025-06-24T09:05:20+00:00","description":"Les formes flottantes de bernaches \u00e0 ventre ray\u00e9 sont souvent utilis\u00e9es pour cr\u00e9er de la visibilit\u00e9 dans un arrangement de formes, m\u00eame si vous chassez \"juste\" des canards.","breadcrumb":{"@id":"https:\/\/staging.lucky-hunter.com\/fr\/product\/avian-x-formes-flottantes-de-bernaches-a-ventre-raye\/#breadcrumb"},"inLanguage":"fr-FR","potentialAction":[{"@type":"ReadAction","target":["https:\/\/staging.lucky-hunter.com\/fr\/product\/avian-x-formes-flottantes-de-bernaches-a-ventre-raye\/"]}]},{"@type":"ImageObject","inLanguage":"fr-FR","@id":"https:\/\/staging.lucky-hunter.com\/fr\/product\/avian-x-formes-flottantes-de-bernaches-a-ventre-raye\/#primaryimage","url":"https:\/\/staging.lucky-hunter.com\/wp-content\/uploads\/2023\/04\/LF-312.png","contentUrl":"https:\/\/staging.lucky-hunter.com\/wp-content\/uploads\/2023\/04\/LF-312.png","width":1000,"height":1000,"caption":"Avian-X Bernaches \u00e0 Ventre Ray\u00e9"},{"@type":"BreadcrumbList","@id":"https:\/\/staging.lucky-hunter.com\/fr\/product\/avian-x-formes-flottantes-de-bernaches-a-ventre-raye\/#breadcrumb","itemListElement":[{"@type":"ListItem","position":1,"name":"Home","item":"https:\/\/staging.lucky-hunter.com\/fr\/"},{"@type":"ListItem","position":2,"name":"Boutique","item":"https:\/\/staging.lucky-hunter.com\/fr\/shop\/"},{"@type":"ListItem","position":3,"name":"Formes Flottantes de Bernaches \u00e0 Ventre Ray\u00e9 &#8211; Avian-X"}]},{"@type":"WebSite","@id":"https:\/\/staging.lucky-hunter.com\/#website","url":"https:\/\/staging.lucky-hunter.com\/","name":"Lucky-Hunter","description":"Gear Up or Give Up","potentialAction":[{"@type":"SearchAction","target":{"@type":"EntryPoint","urlTemplate":"https:\/\/staging.lucky-hunter.com\/?s={search_term_string}"},"query-input":{"@type":"PropertyValueSpecification","valueRequired":true,"valueName":"search_term_string"}}],"inLanguage":"fr-FR"}]}},"_links":{"self":[{"href":"https:\/\/staging.lucky-hunter.com\/fr\/wp-json\/wp\/v2\/product\/195342"}],"collection":[{"href":"https:\/\/staging.lucky-hunter.com\/fr\/wp-json\/wp\/v2\/product"}],"about":[{"href":"https:\/\/staging.lucky-hunter.com\/fr\/wp-json\/wp\/v2\/types\/product"}],"wp:featuredmedia":[{"embeddable":true,"href":"https:\/\/staging.lucky-hunter.com\/fr\/wp-json\/wp\/v2\/media\/60456"}],"wp:attachment":[{"href":"https:\/\/staging.lucky-hunter.com\/fr\/wp-json\/wp\/v2\/media?parent=195342"}],"wp:term":[{"taxonomy":"product_brand","embeddable":true,"href":"https:\/\/staging.lucky-hunter.com\/fr\/wp-json\/wp\/v2\/product_brand?post=195342"},{"taxonomy":"product_cat","embeddable":true,"href":"https:\/\/staging.lucky-hunter.com\/fr\/wp-json\/wp\/v2\/product_cat?post=195342"},{"taxonomy":"product_tag","embeddable":true,"href":"https:\/\/staging.lucky-hunter.com\/fr\/wp-json\/wp\/v2\/product_tag?post=195342"}],"curies":[{"name":"wp","href":"https:\/\/api.w.org\/{rel}","templated":true}]}}