{"id":195307,"date":"2023-10-02T08:34:20","date_gmt":"2023-10-02T06:34:20","guid":{"rendered":"https:\/\/staging.lucky-hunter.com\/product\/mojo-dove-a-flicker\/"},"modified":"2025-06-23T15:47:23","modified_gmt":"2025-06-23T13:47:23","slug":"mojo-dove-a-flicker","status":"publish","type":"product","link":"https:\/\/staging.lucky-hunter.com\/fr\/product\/mojo-dove-a-flicker\/","title":{"rendered":"MOJO Dove a Flicker"},"content":{"rendered":"<p><iframe title=\"[ MOJO Outdoors ] 2020 Dove Products Overview\" width=\"1020\" height=\"574\" src=\"https:\/\/www.youtube.com\/embed\/df5WPInKppw?start=55&#038;wmode=transparent&amp;rel=0&amp;feature=oembed&#038;enablejsapi=1&#038;origin=https:\/\/staging.lucky-hunter.com\" frameborder=\"0\" allow=\"accelerometer; autoplay; clipboard-write; encrypted-media; gyroscope; picture-in-picture; web-share\" referrerpolicy=\"strict-origin-when-cross-origin\" allowfullscreen><\/iframe><\/p>\n<div>Le succ\u00e8s des formes \u00e0 ailes tournantes MOJO dans les ann\u00e9es 90 est rapidement devenu un succ\u00e8s pour la chasse au canard.<\/div>\n<div><\/div>\n<div>Le concept des \u00e9clairs blancs des ailes est \u00e9galement attrayant pour les pigeons, et MOJO a donc d\u00e9velopp\u00e9 cet ensemble avec 4 petites bases et des ailes tournantes qui seront visibles pour les pigeons migrateurs de loin.<\/div>\n<div><\/div>\n<div>Le mouvement dans votre configuration de formes est essentiel &#8211; sinon les pigeons \u00e0 une plus grande distance ne rep\u00e9reront jamais votre installation et n&#8217;entreront pas dans la zone de tir.<\/div>\n<div><\/div>\n<div>Le paquet comprend 4 x MOJO Dove Flock A Flickers, qui sont pr\u00e9programm\u00e9s pour s&#8217;allumer et s&#8217;\u00e9teindre \u00e0 intervalles r\u00e9guliers.<\/div>\n<div><\/div>\n<div>Le temps de fonctionnement est d&#8217;environ 20 heures avec 3 piles AA de bonne qualit\u00e9 (non incluses).<\/div>\n","protected":false},"excerpt":{"rendered":"<p>Le MOJO Dove a Flicker fonctionne comme un attracteur \u00e0 longue port\u00e9e et un finisseur, attirant les pigeons qui autrement ne verraient jamais votre installation.<\/p>\n","protected":false},"featured_media":64303,"template":"","meta":[],"product_brand":[8122],"product_cat":[8163,9683,9744],"product_tag":[9250],"yoast_head":"<!-- This site is optimized with the Yoast SEO plugin v24.3 - https:\/\/yoast.com\/wordpress\/plugins\/seo\/ -->\n<title>MOJO Dove a Flicker<\/title>\n<meta name=\"description\" content=\"Le MOJO Dove a Flicker fonctionne comme un attracteur \u00e0 longue port\u00e9e et un finisseur, attirant les pigeons qui autrement ne verraient jamais votre installation.\" \/>\n<meta name=\"robots\" content=\"noindex, follow, max-snippet:-1, max-image-preview:large, max-video-preview:-1\" \/>\n<meta property=\"og:locale\" content=\"fr_FR\" \/>\n<meta property=\"og:type\" content=\"article\" \/>\n<meta property=\"og:title\" content=\"MOJO Dove a Flicker\" \/>\n<meta property=\"og:description\" content=\"Le MOJO Dove a Flicker fonctionne comme un attracteur \u00e0 longue port\u00e9e et un finisseur, attirant les pigeons qui autrement ne verraient jamais votre installation.\" \/>\n<meta property=\"og:url\" content=\"https:\/\/staging.lucky-hunter.com\/fr\/product\/mojo-dove-a-flicker\/\" \/>\n<meta property=\"og:site_name\" content=\"Lucky-Hunter\" \/>\n<meta property=\"article:modified_time\" content=\"2025-06-23T13:47:23+00:00\" \/>\n<meta property=\"og:image\" content=\"https:\/\/staging.lucky-hunter.com\/wp-content\/uploads\/2023\/10\/510412.png\" \/>\n\t<meta property=\"og:image:width\" content=\"1000\" \/>\n\t<meta property=\"og:image:height\" content=\"1000\" \/>\n\t<meta property=\"og:image:type\" content=\"image\/png\" \/>\n<meta name=\"twitter:card\" content=\"summary_large_image\" \/>\n<meta name=\"twitter:label1\" content=\"Dur\u00e9e de lecture estim\u00e9e\" \/>\n\t<meta name=\"twitter:data1\" content=\"1 minute\" \/>\n<script type=\"application\/ld+json\" class=\"yoast-schema-graph\">{\"@context\":\"https:\/\/schema.org\",\"@graph\":[{\"@type\":\"WebPage\",\"@id\":\"https:\/\/staging.lucky-hunter.com\/fr\/product\/mojo-dove-a-flicker\/\",\"url\":\"https:\/\/staging.lucky-hunter.com\/fr\/product\/mojo-dove-a-flicker\/\",\"name\":\"MOJO Dove a Flicker\",\"isPartOf\":{\"@id\":\"https:\/\/staging.lucky-hunter.com\/#website\"},\"primaryImageOfPage\":{\"@id\":\"https:\/\/staging.lucky-hunter.com\/fr\/product\/mojo-dove-a-flicker\/#primaryimage\"},\"image\":{\"@id\":\"https:\/\/staging.lucky-hunter.com\/fr\/product\/mojo-dove-a-flicker\/#primaryimage\"},\"thumbnailUrl\":\"https:\/\/staging.lucky-hunter.com\/wp-content\/uploads\/2023\/10\/510412.png\",\"datePublished\":\"2023-10-02T06:34:20+00:00\",\"dateModified\":\"2025-06-23T13:47:23+00:00\",\"description\":\"Le MOJO Dove a Flicker fonctionne comme un attracteur \u00e0 longue port\u00e9e et un finisseur, attirant les pigeons qui autrement ne verraient jamais votre installation.\",\"breadcrumb\":{\"@id\":\"https:\/\/staging.lucky-hunter.com\/fr\/product\/mojo-dove-a-flicker\/#breadcrumb\"},\"inLanguage\":\"fr-FR\",\"potentialAction\":[{\"@type\":\"ReadAction\",\"target\":[\"https:\/\/staging.lucky-hunter.com\/fr\/product\/mojo-dove-a-flicker\/\"]}]},{\"@type\":\"ImageObject\",\"inLanguage\":\"fr-FR\",\"@id\":\"https:\/\/staging.lucky-hunter.com\/fr\/product\/mojo-dove-a-flicker\/#primaryimage\",\"url\":\"https:\/\/staging.lucky-hunter.com\/wp-content\/uploads\/2023\/10\/510412.png\",\"contentUrl\":\"https:\/\/staging.lucky-hunter.com\/wp-content\/uploads\/2023\/10\/510412.png\",\"width\":1000,\"height\":1000},{\"@type\":\"BreadcrumbList\",\"@id\":\"https:\/\/staging.lucky-hunter.com\/fr\/product\/mojo-dove-a-flicker\/#breadcrumb\",\"itemListElement\":[{\"@type\":\"ListItem\",\"position\":1,\"name\":\"Home\",\"item\":\"https:\/\/staging.lucky-hunter.com\/fr\/\"},{\"@type\":\"ListItem\",\"position\":2,\"name\":\"Boutique\",\"item\":\"https:\/\/staging.lucky-hunter.com\/fr\/shop\/\"},{\"@type\":\"ListItem\",\"position\":3,\"name\":\"MOJO Dove a Flicker\"}]},{\"@type\":\"WebSite\",\"@id\":\"https:\/\/staging.lucky-hunter.com\/#website\",\"url\":\"https:\/\/staging.lucky-hunter.com\/\",\"name\":\"Lucky-Hunter\",\"description\":\"Gear Up or Give Up\",\"potentialAction\":[{\"@type\":\"SearchAction\",\"target\":{\"@type\":\"EntryPoint\",\"urlTemplate\":\"https:\/\/staging.lucky-hunter.com\/?s={search_term_string}\"},\"query-input\":{\"@type\":\"PropertyValueSpecification\",\"valueRequired\":true,\"valueName\":\"search_term_string\"}}],\"inLanguage\":\"fr-FR\"}]}<\/script>\n<!-- \/ Yoast SEO plugin. -->","yoast_head_json":{"title":"MOJO Dove a Flicker","description":"Le MOJO Dove a Flicker fonctionne comme un attracteur \u00e0 longue port\u00e9e et un finisseur, attirant les pigeons qui autrement ne verraient jamais votre installation.","robots":{"index":"noindex","follow":"follow","max-snippet":"max-snippet:-1","max-image-preview":"max-image-preview:large","max-video-preview":"max-video-preview:-1"},"og_locale":"fr_FR","og_type":"article","og_title":"MOJO Dove a Flicker","og_description":"Le MOJO Dove a Flicker fonctionne comme un attracteur \u00e0 longue port\u00e9e et un finisseur, attirant les pigeons qui autrement ne verraient jamais votre installation.","og_url":"https:\/\/staging.lucky-hunter.com\/fr\/product\/mojo-dove-a-flicker\/","og_site_name":"Lucky-Hunter","article_modified_time":"2025-06-23T13:47:23+00:00","og_image":[{"width":1000,"height":1000,"url":"https:\/\/staging.lucky-hunter.com\/wp-content\/uploads\/2023\/10\/510412.png","type":"image\/png"}],"twitter_card":"summary_large_image","twitter_misc":{"Dur\u00e9e de lecture estim\u00e9e":"1 minute"},"schema":{"@context":"https:\/\/schema.org","@graph":[{"@type":"WebPage","@id":"https:\/\/staging.lucky-hunter.com\/fr\/product\/mojo-dove-a-flicker\/","url":"https:\/\/staging.lucky-hunter.com\/fr\/product\/mojo-dove-a-flicker\/","name":"MOJO Dove a Flicker","isPartOf":{"@id":"https:\/\/staging.lucky-hunter.com\/#website"},"primaryImageOfPage":{"@id":"https:\/\/staging.lucky-hunter.com\/fr\/product\/mojo-dove-a-flicker\/#primaryimage"},"image":{"@id":"https:\/\/staging.lucky-hunter.com\/fr\/product\/mojo-dove-a-flicker\/#primaryimage"},"thumbnailUrl":"https:\/\/staging.lucky-hunter.com\/wp-content\/uploads\/2023\/10\/510412.png","datePublished":"2023-10-02T06:34:20+00:00","dateModified":"2025-06-23T13:47:23+00:00","description":"Le MOJO Dove a Flicker fonctionne comme un attracteur \u00e0 longue port\u00e9e et un finisseur, attirant les pigeons qui autrement ne verraient jamais votre installation.","breadcrumb":{"@id":"https:\/\/staging.lucky-hunter.com\/fr\/product\/mojo-dove-a-flicker\/#breadcrumb"},"inLanguage":"fr-FR","potentialAction":[{"@type":"ReadAction","target":["https:\/\/staging.lucky-hunter.com\/fr\/product\/mojo-dove-a-flicker\/"]}]},{"@type":"ImageObject","inLanguage":"fr-FR","@id":"https:\/\/staging.lucky-hunter.com\/fr\/product\/mojo-dove-a-flicker\/#primaryimage","url":"https:\/\/staging.lucky-hunter.com\/wp-content\/uploads\/2023\/10\/510412.png","contentUrl":"https:\/\/staging.lucky-hunter.com\/wp-content\/uploads\/2023\/10\/510412.png","width":1000,"height":1000},{"@type":"BreadcrumbList","@id":"https:\/\/staging.lucky-hunter.com\/fr\/product\/mojo-dove-a-flicker\/#breadcrumb","itemListElement":[{"@type":"ListItem","position":1,"name":"Home","item":"https:\/\/staging.lucky-hunter.com\/fr\/"},{"@type":"ListItem","position":2,"name":"Boutique","item":"https:\/\/staging.lucky-hunter.com\/fr\/shop\/"},{"@type":"ListItem","position":3,"name":"MOJO Dove a Flicker"}]},{"@type":"WebSite","@id":"https:\/\/staging.lucky-hunter.com\/#website","url":"https:\/\/staging.lucky-hunter.com\/","name":"Lucky-Hunter","description":"Gear Up or Give Up","potentialAction":[{"@type":"SearchAction","target":{"@type":"EntryPoint","urlTemplate":"https:\/\/staging.lucky-hunter.com\/?s={search_term_string}"},"query-input":{"@type":"PropertyValueSpecification","valueRequired":true,"valueName":"search_term_string"}}],"inLanguage":"fr-FR"}]}},"_links":{"self":[{"href":"https:\/\/staging.lucky-hunter.com\/fr\/wp-json\/wp\/v2\/product\/195307"}],"collection":[{"href":"https:\/\/staging.lucky-hunter.com\/fr\/wp-json\/wp\/v2\/product"}],"about":[{"href":"https:\/\/staging.lucky-hunter.com\/fr\/wp-json\/wp\/v2\/types\/product"}],"wp:featuredmedia":[{"embeddable":true,"href":"https:\/\/staging.lucky-hunter.com\/fr\/wp-json\/wp\/v2\/media\/64303"}],"wp:attachment":[{"href":"https:\/\/staging.lucky-hunter.com\/fr\/wp-json\/wp\/v2\/media?parent=195307"}],"wp:term":[{"taxonomy":"product_brand","embeddable":true,"href":"https:\/\/staging.lucky-hunter.com\/fr\/wp-json\/wp\/v2\/product_brand?post=195307"},{"taxonomy":"product_cat","embeddable":true,"href":"https:\/\/staging.lucky-hunter.com\/fr\/wp-json\/wp\/v2\/product_cat?post=195307"},{"taxonomy":"product_tag","embeddable":true,"href":"https:\/\/staging.lucky-hunter.com\/fr\/wp-json\/wp\/v2\/product_tag?post=195307"}],"curies":[{"name":"wp","href":"https:\/\/api.w.org\/{rel}","templated":true}]}}