{"id":195045,"date":"2023-08-23T16:22:12","date_gmt":"2023-08-23T14:22:12","guid":{"rendered":"https:\/\/staging.lucky-hunter.com\/product\/mojo-booty-shaker-accessoire-pour-formes\/"},"modified":"2025-06-23T15:50:35","modified_gmt":"2025-06-23T13:50:35","slug":"mojo-booty-shaker-accessoire-pour-formes","status":"publish","type":"product","link":"https:\/\/staging.lucky-hunter.com\/fr\/product\/mojo-booty-shaker-accessoire-pour-formes\/","title":{"rendered":"MOJO Booty Shaker &#8211; Accessoire pour Formes"},"content":{"rendered":"<h2><strong>Faites \u00e9clabousser votre forme \u00e0 ailes tournantes MOJO comme des canards vivants<\/strong><\/h2>\n<p>Le MOJO Booty Shaker est un accessoire ing\u00e9nieux cr\u00e9\u00e9 par l&#8217;\u00e9quipe de MOJO Outdoors pour convertir la forme MOJO Mallard <strong>(ailes magn\u00e9tiques uniquement)<\/strong> afin de cr\u00e9er des ondulations sur l&#8217;eau et des bruits d&#8217;\u00e9claboussures comme le font les canards vivants !<\/p>\n<p>Il comprend un collier contrebalanc\u00e9 \u00e0 placer sur le moyeu d&#8217;une des ailes magn\u00e9tiques, ainsi qu&#8217;une pagaie Booty Shaker qui se monte entre la cheville de montage de la forme et le poteau de support.<\/p>\n<p>Taille unique.<\/p>\n<p>&nbsp;<\/p>\n","protected":false},"excerpt":{"rendered":"<p>Le MOJO Booty Shaker est un accessoire ing\u00e9nieux pour convertir la forme MOJO Mallard afin de cr\u00e9er des ondulations sur l&#8217;eau.<\/p>\n","protected":false},"featured_media":63463,"template":"","meta":[],"product_brand":[8122],"product_cat":[8165,9683],"product_tag":[],"yoast_head":"<!-- This site is optimized with the Yoast SEO plugin v24.3 - https:\/\/yoast.com\/wordpress\/plugins\/seo\/ -->\n<title>MOJO Booty Shaker - Cr\u00e9e des ondulations sur l&#039;eau<\/title>\n<meta name=\"description\" content=\"Le MOJO Booty Shaker est un accessoire ing\u00e9nieux pour convertir la forme MOJO Mallard afin de cr\u00e9er des ondulations sur l&#039;eau.\" \/>\n<meta name=\"robots\" content=\"noindex, follow, max-snippet:-1, max-image-preview:large, max-video-preview:-1\" \/>\n<meta property=\"og:locale\" content=\"fr_FR\" \/>\n<meta property=\"og:type\" content=\"article\" \/>\n<meta property=\"og:title\" content=\"MOJO Booty Shaker - Cr\u00e9e des ondulations sur l&#039;eau\" \/>\n<meta property=\"og:description\" content=\"Le MOJO Booty Shaker est un accessoire ing\u00e9nieux pour convertir la forme MOJO Mallard afin de cr\u00e9er des ondulations sur l&#039;eau.\" \/>\n<meta property=\"og:url\" content=\"https:\/\/staging.lucky-hunter.com\/fr\/product\/mojo-booty-shaker-accessoire-pour-formes\/\" \/>\n<meta property=\"og:site_name\" content=\"Lucky-Hunter\" \/>\n<meta property=\"article:modified_time\" content=\"2025-06-23T13:50:35+00:00\" \/>\n<meta property=\"og:image\" content=\"https:\/\/staging.lucky-hunter.com\/wp-content\/uploads\/2023\/08\/510403.png\" \/>\n\t<meta property=\"og:image:width\" content=\"1000\" \/>\n\t<meta property=\"og:image:height\" content=\"1000\" \/>\n\t<meta property=\"og:image:type\" content=\"image\/png\" \/>\n<meta name=\"twitter:card\" content=\"summary_large_image\" \/>\n<meta name=\"twitter:label1\" content=\"Dur\u00e9e de lecture estim\u00e9e\" \/>\n\t<meta name=\"twitter:data1\" content=\"1 minute\" \/>\n<script type=\"application\/ld+json\" class=\"yoast-schema-graph\">{\"@context\":\"https:\/\/schema.org\",\"@graph\":[{\"@type\":\"WebPage\",\"@id\":\"https:\/\/staging.lucky-hunter.com\/fr\/product\/mojo-booty-shaker-accessoire-pour-formes\/\",\"url\":\"https:\/\/staging.lucky-hunter.com\/fr\/product\/mojo-booty-shaker-accessoire-pour-formes\/\",\"name\":\"MOJO Booty Shaker - Cr\u00e9e des ondulations sur l'eau\",\"isPartOf\":{\"@id\":\"https:\/\/staging.lucky-hunter.com\/#website\"},\"primaryImageOfPage\":{\"@id\":\"https:\/\/staging.lucky-hunter.com\/fr\/product\/mojo-booty-shaker-accessoire-pour-formes\/#primaryimage\"},\"image\":{\"@id\":\"https:\/\/staging.lucky-hunter.com\/fr\/product\/mojo-booty-shaker-accessoire-pour-formes\/#primaryimage\"},\"thumbnailUrl\":\"https:\/\/staging.lucky-hunter.com\/wp-content\/uploads\/2023\/08\/510403.png\",\"datePublished\":\"2023-08-23T14:22:12+00:00\",\"dateModified\":\"2025-06-23T13:50:35+00:00\",\"description\":\"Le MOJO Booty Shaker est un accessoire ing\u00e9nieux pour convertir la forme MOJO Mallard afin de cr\u00e9er des ondulations sur l'eau.\",\"breadcrumb\":{\"@id\":\"https:\/\/staging.lucky-hunter.com\/fr\/product\/mojo-booty-shaker-accessoire-pour-formes\/#breadcrumb\"},\"inLanguage\":\"fr-FR\",\"potentialAction\":[{\"@type\":\"ReadAction\",\"target\":[\"https:\/\/staging.lucky-hunter.com\/fr\/product\/mojo-booty-shaker-accessoire-pour-formes\/\"]}]},{\"@type\":\"ImageObject\",\"inLanguage\":\"fr-FR\",\"@id\":\"https:\/\/staging.lucky-hunter.com\/fr\/product\/mojo-booty-shaker-accessoire-pour-formes\/#primaryimage\",\"url\":\"https:\/\/staging.lucky-hunter.com\/wp-content\/uploads\/2023\/08\/510403.png\",\"contentUrl\":\"https:\/\/staging.lucky-hunter.com\/wp-content\/uploads\/2023\/08\/510403.png\",\"width\":1000,\"height\":1000},{\"@type\":\"BreadcrumbList\",\"@id\":\"https:\/\/staging.lucky-hunter.com\/fr\/product\/mojo-booty-shaker-accessoire-pour-formes\/#breadcrumb\",\"itemListElement\":[{\"@type\":\"ListItem\",\"position\":1,\"name\":\"Home\",\"item\":\"https:\/\/staging.lucky-hunter.com\/fr\/\"},{\"@type\":\"ListItem\",\"position\":2,\"name\":\"Boutique\",\"item\":\"https:\/\/staging.lucky-hunter.com\/fr\/shop\/\"},{\"@type\":\"ListItem\",\"position\":3,\"name\":\"MOJO Booty Shaker &#8211; Accessoire pour Formes\"}]},{\"@type\":\"WebSite\",\"@id\":\"https:\/\/staging.lucky-hunter.com\/#website\",\"url\":\"https:\/\/staging.lucky-hunter.com\/\",\"name\":\"Lucky-Hunter\",\"description\":\"Gear Up or Give Up\",\"potentialAction\":[{\"@type\":\"SearchAction\",\"target\":{\"@type\":\"EntryPoint\",\"urlTemplate\":\"https:\/\/staging.lucky-hunter.com\/?s={search_term_string}\"},\"query-input\":{\"@type\":\"PropertyValueSpecification\",\"valueRequired\":true,\"valueName\":\"search_term_string\"}}],\"inLanguage\":\"fr-FR\"}]}<\/script>\n<!-- \/ Yoast SEO plugin. -->","yoast_head_json":{"title":"MOJO Booty Shaker - Cr\u00e9e des ondulations sur l'eau","description":"Le MOJO Booty Shaker est un accessoire ing\u00e9nieux pour convertir la forme MOJO Mallard afin de cr\u00e9er des ondulations sur l'eau.","robots":{"index":"noindex","follow":"follow","max-snippet":"max-snippet:-1","max-image-preview":"max-image-preview:large","max-video-preview":"max-video-preview:-1"},"og_locale":"fr_FR","og_type":"article","og_title":"MOJO Booty Shaker - Cr\u00e9e des ondulations sur l'eau","og_description":"Le MOJO Booty Shaker est un accessoire ing\u00e9nieux pour convertir la forme MOJO Mallard afin de cr\u00e9er des ondulations sur l'eau.","og_url":"https:\/\/staging.lucky-hunter.com\/fr\/product\/mojo-booty-shaker-accessoire-pour-formes\/","og_site_name":"Lucky-Hunter","article_modified_time":"2025-06-23T13:50:35+00:00","og_image":[{"width":1000,"height":1000,"url":"https:\/\/staging.lucky-hunter.com\/wp-content\/uploads\/2023\/08\/510403.png","type":"image\/png"}],"twitter_card":"summary_large_image","twitter_misc":{"Dur\u00e9e de lecture estim\u00e9e":"1 minute"},"schema":{"@context":"https:\/\/schema.org","@graph":[{"@type":"WebPage","@id":"https:\/\/staging.lucky-hunter.com\/fr\/product\/mojo-booty-shaker-accessoire-pour-formes\/","url":"https:\/\/staging.lucky-hunter.com\/fr\/product\/mojo-booty-shaker-accessoire-pour-formes\/","name":"MOJO Booty Shaker - Cr\u00e9e des ondulations sur l'eau","isPartOf":{"@id":"https:\/\/staging.lucky-hunter.com\/#website"},"primaryImageOfPage":{"@id":"https:\/\/staging.lucky-hunter.com\/fr\/product\/mojo-booty-shaker-accessoire-pour-formes\/#primaryimage"},"image":{"@id":"https:\/\/staging.lucky-hunter.com\/fr\/product\/mojo-booty-shaker-accessoire-pour-formes\/#primaryimage"},"thumbnailUrl":"https:\/\/staging.lucky-hunter.com\/wp-content\/uploads\/2023\/08\/510403.png","datePublished":"2023-08-23T14:22:12+00:00","dateModified":"2025-06-23T13:50:35+00:00","description":"Le MOJO Booty Shaker est un accessoire ing\u00e9nieux pour convertir la forme MOJO Mallard afin de cr\u00e9er des ondulations sur l'eau.","breadcrumb":{"@id":"https:\/\/staging.lucky-hunter.com\/fr\/product\/mojo-booty-shaker-accessoire-pour-formes\/#breadcrumb"},"inLanguage":"fr-FR","potentialAction":[{"@type":"ReadAction","target":["https:\/\/staging.lucky-hunter.com\/fr\/product\/mojo-booty-shaker-accessoire-pour-formes\/"]}]},{"@type":"ImageObject","inLanguage":"fr-FR","@id":"https:\/\/staging.lucky-hunter.com\/fr\/product\/mojo-booty-shaker-accessoire-pour-formes\/#primaryimage","url":"https:\/\/staging.lucky-hunter.com\/wp-content\/uploads\/2023\/08\/510403.png","contentUrl":"https:\/\/staging.lucky-hunter.com\/wp-content\/uploads\/2023\/08\/510403.png","width":1000,"height":1000},{"@type":"BreadcrumbList","@id":"https:\/\/staging.lucky-hunter.com\/fr\/product\/mojo-booty-shaker-accessoire-pour-formes\/#breadcrumb","itemListElement":[{"@type":"ListItem","position":1,"name":"Home","item":"https:\/\/staging.lucky-hunter.com\/fr\/"},{"@type":"ListItem","position":2,"name":"Boutique","item":"https:\/\/staging.lucky-hunter.com\/fr\/shop\/"},{"@type":"ListItem","position":3,"name":"MOJO Booty Shaker &#8211; Accessoire pour Formes"}]},{"@type":"WebSite","@id":"https:\/\/staging.lucky-hunter.com\/#website","url":"https:\/\/staging.lucky-hunter.com\/","name":"Lucky-Hunter","description":"Gear Up or Give Up","potentialAction":[{"@type":"SearchAction","target":{"@type":"EntryPoint","urlTemplate":"https:\/\/staging.lucky-hunter.com\/?s={search_term_string}"},"query-input":{"@type":"PropertyValueSpecification","valueRequired":true,"valueName":"search_term_string"}}],"inLanguage":"fr-FR"}]}},"_links":{"self":[{"href":"https:\/\/staging.lucky-hunter.com\/fr\/wp-json\/wp\/v2\/product\/195045"}],"collection":[{"href":"https:\/\/staging.lucky-hunter.com\/fr\/wp-json\/wp\/v2\/product"}],"about":[{"href":"https:\/\/staging.lucky-hunter.com\/fr\/wp-json\/wp\/v2\/types\/product"}],"wp:featuredmedia":[{"embeddable":true,"href":"https:\/\/staging.lucky-hunter.com\/fr\/wp-json\/wp\/v2\/media\/63463"}],"wp:attachment":[{"href":"https:\/\/staging.lucky-hunter.com\/fr\/wp-json\/wp\/v2\/media?parent=195045"}],"wp:term":[{"taxonomy":"product_brand","embeddable":true,"href":"https:\/\/staging.lucky-hunter.com\/fr\/wp-json\/wp\/v2\/product_brand?post=195045"},{"taxonomy":"product_cat","embeddable":true,"href":"https:\/\/staging.lucky-hunter.com\/fr\/wp-json\/wp\/v2\/product_cat?post=195045"},{"taxonomy":"product_tag","embeddable":true,"href":"https:\/\/staging.lucky-hunter.com\/fr\/wp-json\/wp\/v2\/product_tag?post=195045"}],"curies":[{"name":"wp","href":"https:\/\/api.w.org\/{rel}","templated":true}]}}