{"id":194956,"date":"2022-01-10T14:02:34","date_gmt":"2022-01-10T13:02:34","guid":{"rendered":"https:\/\/staging.lucky-hunter.com\/product\/sillosocks-pack-de-formes-pigeon-harvester-12-pack\/"},"modified":"2025-06-24T14:51:54","modified_gmt":"2025-06-24T12:51:54","slug":"sillosocks-pack-de-formes-pigeon-harvester-12-pack","status":"publish","type":"product","link":"https:\/\/staging.lucky-hunter.com\/fr\/product\/sillosocks-pack-de-formes-pigeon-harvester-12-pack\/","title":{"rendered":"Sillosocks Pack de Formes Pigeon Harvester 12-Pack"},"content":{"rendered":"<p>La meilleure fa\u00e7on de commencer avec les formes Sillosocks Pigeon est ce pack Harvester, compos\u00e9 de 8 formes de pigeons en train de se nourrir et de 4 formes de pigeons en sentinelle avec des piquets de montage.<\/p>\n<p>Incroyablement l\u00e9g\u00e8res et r\u00e9alistes, elles sont utilis\u00e9es par des tireurs professionnels de pigeons dans le monde entier.<\/p>\n<p>Le design en manche \u00e0 air capte la moindre brise pour maintenir la forme gonfl\u00e9e et en mouvement, simulant ainsi l&#8217;activit\u00e9 de nourrissage. Ce design r\u00e9volutionnaire permet un transport facile gr\u00e2ce \u00e0 leur poids extr\u00eamement faible.<\/p>\n<p>Elles sont faciles et rapides \u00e0 d\u00e9ployer, ce qui permet de cr\u00e9er rapidement un motif \u00e0 votre convenance et de le d\u00e9placer facilement en fonction des conditions changeantes.<\/p>\n<p>Tous les mat\u00e9riaux utilis\u00e9s sont non r\u00e9fl\u00e9chissants et imitent le plumage naturel de l&#8217;oiseau qu&#8217;elles sont con\u00e7ues pour leurrer.<\/p>\n<p>Les mat\u00e9riaux sont extr\u00eamement r\u00e9sistants, la boue et la salet\u00e9 peuvent \u00eatre rapidement nettoy\u00e9es apr\u00e8s utilisation et elles ne prennent pas beaucoup de place dans les v\u00e9hicules ou \u00e0 la maison.<\/p>\n","protected":false},"excerpt":{"rendered":"<p>La meilleure fa\u00e7on de commencer avec les formes Sillosocks Pigeon est ce pack Harvester, compos\u00e9 de 8 formes de pigeons.<\/p>\n","protected":false},"featured_media":30724,"template":"","meta":[],"product_brand":[8126],"product_cat":[8163,9744],"product_tag":[9250],"yoast_head":"<!-- This site is optimized with the Yoast SEO plugin v24.3 - https:\/\/yoast.com\/wordpress\/plugins\/seo\/ -->\n<title>Sillosocks Pack de Formes Pigeon Harvester 12-Pack<\/title>\n<meta name=\"description\" content=\"Sillosocks Pack de Formes Pigeon Harvester, compos\u00e9 de 8 formes de pigeons en train de se nourrir et de 4 formes de pigeons en sentinelle\" \/>\n<meta name=\"robots\" content=\"noindex, follow, max-snippet:-1, max-image-preview:large, max-video-preview:-1\" \/>\n<meta property=\"og:locale\" content=\"fr_FR\" \/>\n<meta property=\"og:type\" content=\"article\" \/>\n<meta property=\"og:title\" content=\"Sillosocks Pack de Formes Pigeon Harvester 12-Pack\" \/>\n<meta property=\"og:description\" content=\"Sillosocks Pack de Formes Pigeon Harvester, compos\u00e9 de 8 formes de pigeons en train de se nourrir et de 4 formes de pigeons en sentinelle\" \/>\n<meta property=\"og:url\" content=\"https:\/\/staging.lucky-hunter.com\/fr\/product\/sillosocks-pack-de-formes-pigeon-harvester-12-pack\/\" \/>\n<meta property=\"og:site_name\" content=\"Lucky-Hunter\" \/>\n<meta property=\"article:modified_time\" content=\"2025-06-24T12:51:54+00:00\" \/>\n<meta property=\"og:image\" content=\"https:\/\/staging.lucky-hunter.com\/wp-content\/uploads\/2022\/01\/LF-124.png\" \/>\n\t<meta property=\"og:image:width\" content=\"1000\" \/>\n\t<meta property=\"og:image:height\" content=\"1000\" \/>\n\t<meta property=\"og:image:type\" content=\"image\/png\" \/>\n<meta name=\"twitter:card\" content=\"summary_large_image\" \/>\n<meta name=\"twitter:label1\" content=\"Dur\u00e9e de lecture estim\u00e9e\" \/>\n\t<meta name=\"twitter:data1\" content=\"1 minute\" \/>\n<script type=\"application\/ld+json\" class=\"yoast-schema-graph\">{\"@context\":\"https:\/\/schema.org\",\"@graph\":[{\"@type\":\"WebPage\",\"@id\":\"https:\/\/staging.lucky-hunter.com\/fr\/product\/sillosocks-pack-de-formes-pigeon-harvester-12-pack\/\",\"url\":\"https:\/\/staging.lucky-hunter.com\/fr\/product\/sillosocks-pack-de-formes-pigeon-harvester-12-pack\/\",\"name\":\"Sillosocks Pack de Formes Pigeon Harvester 12-Pack\",\"isPartOf\":{\"@id\":\"https:\/\/staging.lucky-hunter.com\/#website\"},\"primaryImageOfPage\":{\"@id\":\"https:\/\/staging.lucky-hunter.com\/fr\/product\/sillosocks-pack-de-formes-pigeon-harvester-12-pack\/#primaryimage\"},\"image\":{\"@id\":\"https:\/\/staging.lucky-hunter.com\/fr\/product\/sillosocks-pack-de-formes-pigeon-harvester-12-pack\/#primaryimage\"},\"thumbnailUrl\":\"https:\/\/staging.lucky-hunter.com\/wp-content\/uploads\/2022\/01\/LF-124.png\",\"datePublished\":\"2022-01-10T13:02:34+00:00\",\"dateModified\":\"2025-06-24T12:51:54+00:00\",\"description\":\"Sillosocks Pack de Formes Pigeon Harvester, compos\u00e9 de 8 formes de pigeons en train de se nourrir et de 4 formes de pigeons en sentinelle\",\"breadcrumb\":{\"@id\":\"https:\/\/staging.lucky-hunter.com\/fr\/product\/sillosocks-pack-de-formes-pigeon-harvester-12-pack\/#breadcrumb\"},\"inLanguage\":\"fr-FR\",\"potentialAction\":[{\"@type\":\"ReadAction\",\"target\":[\"https:\/\/staging.lucky-hunter.com\/fr\/product\/sillosocks-pack-de-formes-pigeon-harvester-12-pack\/\"]}]},{\"@type\":\"ImageObject\",\"inLanguage\":\"fr-FR\",\"@id\":\"https:\/\/staging.lucky-hunter.com\/fr\/product\/sillosocks-pack-de-formes-pigeon-harvester-12-pack\/#primaryimage\",\"url\":\"https:\/\/staging.lucky-hunter.com\/wp-content\/uploads\/2022\/01\/LF-124.png\",\"contentUrl\":\"https:\/\/staging.lucky-hunter.com\/wp-content\/uploads\/2022\/01\/LF-124.png\",\"width\":1000,\"height\":1000},{\"@type\":\"BreadcrumbList\",\"@id\":\"https:\/\/staging.lucky-hunter.com\/fr\/product\/sillosocks-pack-de-formes-pigeon-harvester-12-pack\/#breadcrumb\",\"itemListElement\":[{\"@type\":\"ListItem\",\"position\":1,\"name\":\"Home\",\"item\":\"https:\/\/staging.lucky-hunter.com\/fr\/\"},{\"@type\":\"ListItem\",\"position\":2,\"name\":\"Boutique\",\"item\":\"https:\/\/staging.lucky-hunter.com\/fr\/shop\/\"},{\"@type\":\"ListItem\",\"position\":3,\"name\":\"Sillosocks Pack de Formes Pigeon Harvester 12-Pack\"}]},{\"@type\":\"WebSite\",\"@id\":\"https:\/\/staging.lucky-hunter.com\/#website\",\"url\":\"https:\/\/staging.lucky-hunter.com\/\",\"name\":\"Lucky-Hunter\",\"description\":\"Gear Up or Give Up\",\"potentialAction\":[{\"@type\":\"SearchAction\",\"target\":{\"@type\":\"EntryPoint\",\"urlTemplate\":\"https:\/\/staging.lucky-hunter.com\/?s={search_term_string}\"},\"query-input\":{\"@type\":\"PropertyValueSpecification\",\"valueRequired\":true,\"valueName\":\"search_term_string\"}}],\"inLanguage\":\"fr-FR\"}]}<\/script>\n<!-- \/ Yoast SEO plugin. -->","yoast_head_json":{"title":"Sillosocks Pack de Formes Pigeon Harvester 12-Pack","description":"Sillosocks Pack de Formes Pigeon Harvester, compos\u00e9 de 8 formes de pigeons en train de se nourrir et de 4 formes de pigeons en sentinelle","robots":{"index":"noindex","follow":"follow","max-snippet":"max-snippet:-1","max-image-preview":"max-image-preview:large","max-video-preview":"max-video-preview:-1"},"og_locale":"fr_FR","og_type":"article","og_title":"Sillosocks Pack de Formes Pigeon Harvester 12-Pack","og_description":"Sillosocks Pack de Formes Pigeon Harvester, compos\u00e9 de 8 formes de pigeons en train de se nourrir et de 4 formes de pigeons en sentinelle","og_url":"https:\/\/staging.lucky-hunter.com\/fr\/product\/sillosocks-pack-de-formes-pigeon-harvester-12-pack\/","og_site_name":"Lucky-Hunter","article_modified_time":"2025-06-24T12:51:54+00:00","og_image":[{"width":1000,"height":1000,"url":"https:\/\/staging.lucky-hunter.com\/wp-content\/uploads\/2022\/01\/LF-124.png","type":"image\/png"}],"twitter_card":"summary_large_image","twitter_misc":{"Dur\u00e9e de lecture estim\u00e9e":"1 minute"},"schema":{"@context":"https:\/\/schema.org","@graph":[{"@type":"WebPage","@id":"https:\/\/staging.lucky-hunter.com\/fr\/product\/sillosocks-pack-de-formes-pigeon-harvester-12-pack\/","url":"https:\/\/staging.lucky-hunter.com\/fr\/product\/sillosocks-pack-de-formes-pigeon-harvester-12-pack\/","name":"Sillosocks Pack de Formes Pigeon Harvester 12-Pack","isPartOf":{"@id":"https:\/\/staging.lucky-hunter.com\/#website"},"primaryImageOfPage":{"@id":"https:\/\/staging.lucky-hunter.com\/fr\/product\/sillosocks-pack-de-formes-pigeon-harvester-12-pack\/#primaryimage"},"image":{"@id":"https:\/\/staging.lucky-hunter.com\/fr\/product\/sillosocks-pack-de-formes-pigeon-harvester-12-pack\/#primaryimage"},"thumbnailUrl":"https:\/\/staging.lucky-hunter.com\/wp-content\/uploads\/2022\/01\/LF-124.png","datePublished":"2022-01-10T13:02:34+00:00","dateModified":"2025-06-24T12:51:54+00:00","description":"Sillosocks Pack de Formes Pigeon Harvester, compos\u00e9 de 8 formes de pigeons en train de se nourrir et de 4 formes de pigeons en sentinelle","breadcrumb":{"@id":"https:\/\/staging.lucky-hunter.com\/fr\/product\/sillosocks-pack-de-formes-pigeon-harvester-12-pack\/#breadcrumb"},"inLanguage":"fr-FR","potentialAction":[{"@type":"ReadAction","target":["https:\/\/staging.lucky-hunter.com\/fr\/product\/sillosocks-pack-de-formes-pigeon-harvester-12-pack\/"]}]},{"@type":"ImageObject","inLanguage":"fr-FR","@id":"https:\/\/staging.lucky-hunter.com\/fr\/product\/sillosocks-pack-de-formes-pigeon-harvester-12-pack\/#primaryimage","url":"https:\/\/staging.lucky-hunter.com\/wp-content\/uploads\/2022\/01\/LF-124.png","contentUrl":"https:\/\/staging.lucky-hunter.com\/wp-content\/uploads\/2022\/01\/LF-124.png","width":1000,"height":1000},{"@type":"BreadcrumbList","@id":"https:\/\/staging.lucky-hunter.com\/fr\/product\/sillosocks-pack-de-formes-pigeon-harvester-12-pack\/#breadcrumb","itemListElement":[{"@type":"ListItem","position":1,"name":"Home","item":"https:\/\/staging.lucky-hunter.com\/fr\/"},{"@type":"ListItem","position":2,"name":"Boutique","item":"https:\/\/staging.lucky-hunter.com\/fr\/shop\/"},{"@type":"ListItem","position":3,"name":"Sillosocks Pack de Formes Pigeon Harvester 12-Pack"}]},{"@type":"WebSite","@id":"https:\/\/staging.lucky-hunter.com\/#website","url":"https:\/\/staging.lucky-hunter.com\/","name":"Lucky-Hunter","description":"Gear Up or Give Up","potentialAction":[{"@type":"SearchAction","target":{"@type":"EntryPoint","urlTemplate":"https:\/\/staging.lucky-hunter.com\/?s={search_term_string}"},"query-input":{"@type":"PropertyValueSpecification","valueRequired":true,"valueName":"search_term_string"}}],"inLanguage":"fr-FR"}]}},"_links":{"self":[{"href":"https:\/\/staging.lucky-hunter.com\/fr\/wp-json\/wp\/v2\/product\/194956"}],"collection":[{"href":"https:\/\/staging.lucky-hunter.com\/fr\/wp-json\/wp\/v2\/product"}],"about":[{"href":"https:\/\/staging.lucky-hunter.com\/fr\/wp-json\/wp\/v2\/types\/product"}],"wp:featuredmedia":[{"embeddable":true,"href":"https:\/\/staging.lucky-hunter.com\/fr\/wp-json\/wp\/v2\/media\/30724"}],"wp:attachment":[{"href":"https:\/\/staging.lucky-hunter.com\/fr\/wp-json\/wp\/v2\/media?parent=194956"}],"wp:term":[{"taxonomy":"product_brand","embeddable":true,"href":"https:\/\/staging.lucky-hunter.com\/fr\/wp-json\/wp\/v2\/product_brand?post=194956"},{"taxonomy":"product_cat","embeddable":true,"href":"https:\/\/staging.lucky-hunter.com\/fr\/wp-json\/wp\/v2\/product_cat?post=194956"},{"taxonomy":"product_tag","embeddable":true,"href":"https:\/\/staging.lucky-hunter.com\/fr\/wp-json\/wp\/v2\/product_tag?post=194956"}],"curies":[{"name":"wp","href":"https:\/\/api.w.org\/{rel}","templated":true}]}}