{"id":194889,"date":"2021-04-28T20:22:41","date_gmt":"2021-04-28T18:22:41","guid":{"rendered":"https:\/\/staging.lucky-hunter.com\/product\/final-approach-sarcelle-deurope-6-pieces\/"},"modified":"2025-06-26T14:20:25","modified_gmt":"2025-06-26T12:20:25","slug":"sarcelles-deurope-final-approach-live-6-pieces","status":"publish","type":"product","link":"https:\/\/staging.lucky-hunter.com\/fr\/product\/sarcelles-deurope-final-approach-live-6-pieces\/","title":{"rendered":"Sarcelles d&#8217;Europe &#8211; Final Approach LIVE 6 pi\u00e8ces"},"content":{"rendered":"<h2><strong>Sarcelles de la s\u00e9rie Final Approach LIVE<\/strong><\/h2>\n<p>De magnifiques sarcelles aux couleurs europ\u00e9ennes de la marque am\u00e9ricaine Final Approach. Ces formes sont fabriqu\u00e9es \u00e0 taille r\u00e9elle et sont donc tr\u00e8s visibles pour les canards migrateurs.<\/p>\n<p>Fabriqu\u00e9es en plastique EVA robuste et am\u00e9lior\u00e9, avec une peinture qui peut durer de nombreuses ann\u00e9es, elles sont moul\u00e9es en une seule pi\u00e8ce.<\/p>\n<p>Des d\u00e9tails incroyables de plumes cr\u00e9\u00e9s par Tom Christie, six fois champion du monde de sculpture de formes.<\/p>\n<p>Les sarcelles d&#8217;Europe de Final Approach comprennent 6 pi\u00e8ces avec 3 positions de t\u00eate diff\u00e9rentes :<\/p>\n<ul>\n<li>2 x siffleurs m\u00e2les<\/li>\n<li>2 x mangeurs de surface m\u00e2les<\/li>\n<li>2 x femelles \u00e0 t\u00eate basse<\/li>\n<\/ul>\n<p>&nbsp;<\/p>\n","protected":false},"excerpt":{"rendered":"<p>De magnifiques sarcelles aux couleurs europ\u00e9ennes de la marque am\u00e9ricaine Final Approach. Ces formes sont fabriqu\u00e9es \u00e0 taille r\u00e9elle et sont donc tr\u00e8s visibles.<\/p>\n","protected":false},"featured_media":30143,"template":"","meta":[],"product_brand":[8136],"product_cat":[8182],"product_tag":[9235],"yoast_head":"<!-- This site is optimized with the Yoast SEO plugin v24.3 - https:\/\/yoast.com\/wordpress\/plugins\/seo\/ -->\n<title>Sarcelles d&#039;Europe - Final Approach LIVE 6 pi\u00e8ces<\/title>\n<meta name=\"description\" content=\"De magnifiques sarcelles aux couleurs europ\u00e9ennes de la marque am\u00e9ricaine Final Approach. Ces formes sont fabriqu\u00e9es \u00e0 taille r\u00e9elle et sont donc tr\u00e8s visibles.\" \/>\n<meta name=\"robots\" content=\"noindex, follow, max-snippet:-1, max-image-preview:large, max-video-preview:-1\" \/>\n<meta property=\"og:locale\" content=\"fr_FR\" \/>\n<meta property=\"og:type\" content=\"article\" \/>\n<meta property=\"og:title\" content=\"Sarcelles d&#039;Europe - Final Approach LIVE 6 pi\u00e8ces\" \/>\n<meta property=\"og:description\" content=\"De magnifiques sarcelles aux couleurs europ\u00e9ennes de la marque am\u00e9ricaine Final Approach. Ces formes sont fabriqu\u00e9es \u00e0 taille r\u00e9elle et sont donc tr\u00e8s visibles.\" \/>\n<meta property=\"og:url\" content=\"https:\/\/staging.lucky-hunter.com\/fr\/product\/sarcelles-deurope-final-approach-live-6-pieces\/\" \/>\n<meta property=\"og:site_name\" content=\"Lucky-Hunter\" \/>\n<meta property=\"article:modified_time\" content=\"2025-06-26T12:20:25+00:00\" \/>\n<meta property=\"og:image\" content=\"https:\/\/staging.lucky-hunter.com\/wp-content\/uploads\/2021\/04\/LF-393.png\" \/>\n\t<meta property=\"og:image:width\" content=\"1280\" \/>\n\t<meta property=\"og:image:height\" content=\"1200\" \/>\n\t<meta property=\"og:image:type\" content=\"image\/png\" \/>\n<meta name=\"twitter:card\" content=\"summary_large_image\" \/>\n<meta name=\"twitter:label1\" content=\"Dur\u00e9e de lecture estim\u00e9e\" \/>\n\t<meta name=\"twitter:data1\" content=\"1 minute\" \/>\n<script type=\"application\/ld+json\" class=\"yoast-schema-graph\">{\"@context\":\"https:\/\/schema.org\",\"@graph\":[{\"@type\":\"WebPage\",\"@id\":\"https:\/\/staging.lucky-hunter.com\/fr\/product\/sarcelles-deurope-final-approach-live-6-pieces\/\",\"url\":\"https:\/\/staging.lucky-hunter.com\/fr\/product\/sarcelles-deurope-final-approach-live-6-pieces\/\",\"name\":\"Sarcelles d'Europe - Final Approach LIVE 6 pi\u00e8ces\",\"isPartOf\":{\"@id\":\"https:\/\/staging.lucky-hunter.com\/#website\"},\"primaryImageOfPage\":{\"@id\":\"https:\/\/staging.lucky-hunter.com\/fr\/product\/sarcelles-deurope-final-approach-live-6-pieces\/#primaryimage\"},\"image\":{\"@id\":\"https:\/\/staging.lucky-hunter.com\/fr\/product\/sarcelles-deurope-final-approach-live-6-pieces\/#primaryimage\"},\"thumbnailUrl\":\"https:\/\/staging.lucky-hunter.com\/wp-content\/uploads\/2021\/04\/LF-393.png\",\"datePublished\":\"2021-04-28T18:22:41+00:00\",\"dateModified\":\"2025-06-26T12:20:25+00:00\",\"description\":\"De magnifiques sarcelles aux couleurs europ\u00e9ennes de la marque am\u00e9ricaine Final Approach. Ces formes sont fabriqu\u00e9es \u00e0 taille r\u00e9elle et sont donc tr\u00e8s visibles.\",\"breadcrumb\":{\"@id\":\"https:\/\/staging.lucky-hunter.com\/fr\/product\/sarcelles-deurope-final-approach-live-6-pieces\/#breadcrumb\"},\"inLanguage\":\"fr-FR\",\"potentialAction\":[{\"@type\":\"ReadAction\",\"target\":[\"https:\/\/staging.lucky-hunter.com\/fr\/product\/sarcelles-deurope-final-approach-live-6-pieces\/\"]}]},{\"@type\":\"ImageObject\",\"inLanguage\":\"fr-FR\",\"@id\":\"https:\/\/staging.lucky-hunter.com\/fr\/product\/sarcelles-deurope-final-approach-live-6-pieces\/#primaryimage\",\"url\":\"https:\/\/staging.lucky-hunter.com\/wp-content\/uploads\/2021\/04\/LF-393.png\",\"contentUrl\":\"https:\/\/staging.lucky-hunter.com\/wp-content\/uploads\/2021\/04\/LF-393.png\",\"width\":1280,\"height\":1200},{\"@type\":\"BreadcrumbList\",\"@id\":\"https:\/\/staging.lucky-hunter.com\/fr\/product\/sarcelles-deurope-final-approach-live-6-pieces\/#breadcrumb\",\"itemListElement\":[{\"@type\":\"ListItem\",\"position\":1,\"name\":\"Home\",\"item\":\"https:\/\/staging.lucky-hunter.com\/fr\/\"},{\"@type\":\"ListItem\",\"position\":2,\"name\":\"Boutique\",\"item\":\"https:\/\/staging.lucky-hunter.com\/fr\/shop\/\"},{\"@type\":\"ListItem\",\"position\":3,\"name\":\"Sarcelles d&#8217;Europe &#8211; Final Approach LIVE 6 pi\u00e8ces\"}]},{\"@type\":\"WebSite\",\"@id\":\"https:\/\/staging.lucky-hunter.com\/#website\",\"url\":\"https:\/\/staging.lucky-hunter.com\/\",\"name\":\"Lucky-Hunter\",\"description\":\"Gear Up or Give Up\",\"potentialAction\":[{\"@type\":\"SearchAction\",\"target\":{\"@type\":\"EntryPoint\",\"urlTemplate\":\"https:\/\/staging.lucky-hunter.com\/?s={search_term_string}\"},\"query-input\":{\"@type\":\"PropertyValueSpecification\",\"valueRequired\":true,\"valueName\":\"search_term_string\"}}],\"inLanguage\":\"fr-FR\"}]}<\/script>\n<!-- \/ Yoast SEO plugin. -->","yoast_head_json":{"title":"Sarcelles d'Europe - Final Approach LIVE 6 pi\u00e8ces","description":"De magnifiques sarcelles aux couleurs europ\u00e9ennes de la marque am\u00e9ricaine Final Approach. Ces formes sont fabriqu\u00e9es \u00e0 taille r\u00e9elle et sont donc tr\u00e8s visibles.","robots":{"index":"noindex","follow":"follow","max-snippet":"max-snippet:-1","max-image-preview":"max-image-preview:large","max-video-preview":"max-video-preview:-1"},"og_locale":"fr_FR","og_type":"article","og_title":"Sarcelles d'Europe - Final Approach LIVE 6 pi\u00e8ces","og_description":"De magnifiques sarcelles aux couleurs europ\u00e9ennes de la marque am\u00e9ricaine Final Approach. Ces formes sont fabriqu\u00e9es \u00e0 taille r\u00e9elle et sont donc tr\u00e8s visibles.","og_url":"https:\/\/staging.lucky-hunter.com\/fr\/product\/sarcelles-deurope-final-approach-live-6-pieces\/","og_site_name":"Lucky-Hunter","article_modified_time":"2025-06-26T12:20:25+00:00","og_image":[{"width":1280,"height":1200,"url":"https:\/\/staging.lucky-hunter.com\/wp-content\/uploads\/2021\/04\/LF-393.png","type":"image\/png"}],"twitter_card":"summary_large_image","twitter_misc":{"Dur\u00e9e de lecture estim\u00e9e":"1 minute"},"schema":{"@context":"https:\/\/schema.org","@graph":[{"@type":"WebPage","@id":"https:\/\/staging.lucky-hunter.com\/fr\/product\/sarcelles-deurope-final-approach-live-6-pieces\/","url":"https:\/\/staging.lucky-hunter.com\/fr\/product\/sarcelles-deurope-final-approach-live-6-pieces\/","name":"Sarcelles d'Europe - Final Approach LIVE 6 pi\u00e8ces","isPartOf":{"@id":"https:\/\/staging.lucky-hunter.com\/#website"},"primaryImageOfPage":{"@id":"https:\/\/staging.lucky-hunter.com\/fr\/product\/sarcelles-deurope-final-approach-live-6-pieces\/#primaryimage"},"image":{"@id":"https:\/\/staging.lucky-hunter.com\/fr\/product\/sarcelles-deurope-final-approach-live-6-pieces\/#primaryimage"},"thumbnailUrl":"https:\/\/staging.lucky-hunter.com\/wp-content\/uploads\/2021\/04\/LF-393.png","datePublished":"2021-04-28T18:22:41+00:00","dateModified":"2025-06-26T12:20:25+00:00","description":"De magnifiques sarcelles aux couleurs europ\u00e9ennes de la marque am\u00e9ricaine Final Approach. Ces formes sont fabriqu\u00e9es \u00e0 taille r\u00e9elle et sont donc tr\u00e8s visibles.","breadcrumb":{"@id":"https:\/\/staging.lucky-hunter.com\/fr\/product\/sarcelles-deurope-final-approach-live-6-pieces\/#breadcrumb"},"inLanguage":"fr-FR","potentialAction":[{"@type":"ReadAction","target":["https:\/\/staging.lucky-hunter.com\/fr\/product\/sarcelles-deurope-final-approach-live-6-pieces\/"]}]},{"@type":"ImageObject","inLanguage":"fr-FR","@id":"https:\/\/staging.lucky-hunter.com\/fr\/product\/sarcelles-deurope-final-approach-live-6-pieces\/#primaryimage","url":"https:\/\/staging.lucky-hunter.com\/wp-content\/uploads\/2021\/04\/LF-393.png","contentUrl":"https:\/\/staging.lucky-hunter.com\/wp-content\/uploads\/2021\/04\/LF-393.png","width":1280,"height":1200},{"@type":"BreadcrumbList","@id":"https:\/\/staging.lucky-hunter.com\/fr\/product\/sarcelles-deurope-final-approach-live-6-pieces\/#breadcrumb","itemListElement":[{"@type":"ListItem","position":1,"name":"Home","item":"https:\/\/staging.lucky-hunter.com\/fr\/"},{"@type":"ListItem","position":2,"name":"Boutique","item":"https:\/\/staging.lucky-hunter.com\/fr\/shop\/"},{"@type":"ListItem","position":3,"name":"Sarcelles d&#8217;Europe &#8211; Final Approach LIVE 6 pi\u00e8ces"}]},{"@type":"WebSite","@id":"https:\/\/staging.lucky-hunter.com\/#website","url":"https:\/\/staging.lucky-hunter.com\/","name":"Lucky-Hunter","description":"Gear Up or Give Up","potentialAction":[{"@type":"SearchAction","target":{"@type":"EntryPoint","urlTemplate":"https:\/\/staging.lucky-hunter.com\/?s={search_term_string}"},"query-input":{"@type":"PropertyValueSpecification","valueRequired":true,"valueName":"search_term_string"}}],"inLanguage":"fr-FR"}]}},"_links":{"self":[{"href":"https:\/\/staging.lucky-hunter.com\/fr\/wp-json\/wp\/v2\/product\/194889"}],"collection":[{"href":"https:\/\/staging.lucky-hunter.com\/fr\/wp-json\/wp\/v2\/product"}],"about":[{"href":"https:\/\/staging.lucky-hunter.com\/fr\/wp-json\/wp\/v2\/types\/product"}],"wp:featuredmedia":[{"embeddable":true,"href":"https:\/\/staging.lucky-hunter.com\/fr\/wp-json\/wp\/v2\/media\/30143"}],"wp:attachment":[{"href":"https:\/\/staging.lucky-hunter.com\/fr\/wp-json\/wp\/v2\/media?parent=194889"}],"wp:term":[{"taxonomy":"product_brand","embeddable":true,"href":"https:\/\/staging.lucky-hunter.com\/fr\/wp-json\/wp\/v2\/product_brand?post=194889"},{"taxonomy":"product_cat","embeddable":true,"href":"https:\/\/staging.lucky-hunter.com\/fr\/wp-json\/wp\/v2\/product_cat?post=194889"},{"taxonomy":"product_tag","embeddable":true,"href":"https:\/\/staging.lucky-hunter.com\/fr\/wp-json\/wp\/v2\/product_tag?post=194889"}],"curies":[{"name":"wp","href":"https:\/\/api.w.org\/{rel}","templated":true}]}}