{"id":168396,"date":"2023-03-17T14:38:26","date_gmt":"2023-03-17T13:38:26","guid":{"rendered":"https:\/\/staging.lucky-hunter.com\/product\/168396\/"},"modified":"2025-06-24T11:43:44","modified_gmt":"2025-06-24T09:43:44","slug":"cifle-chicken-egg-do-all","status":"publish","type":"product","link":"https:\/\/staging.lucky-hunter.com\/fr\/product\/cifle-chicken-egg-do-all\/","title":{"rendered":"DO ALL Cifle Chicken &#038; Egg"},"content":{"rendered":"<p>&nbsp;<\/p>\n<ul>\n<li>Cible de tir durable et performante<\/li>\n<li>Peut supporter de nombreux tirs<\/li>\n<li>Con\u00e7ue pour se refermer automatiquement apr\u00e8s le passage de la balle<\/li>\n<li>La fonction de rotation repositionne la cible \u00e0 chaque impact, \u00e9liminant le besoin de la r\u00e9initialiser<\/li>\n<li>Id\u00e9ale pour divers calibres de fusils et de pistolets<\/li>\n<\/ul>\n<p>Pour ceux qui aiment tirer pour le sport, trouver la bonne cible pour am\u00e9liorer vos comp\u00e9tences peut \u00eatre un d\u00e9fi. Heureusement, la derni\u00e8re offre de notre entreprise fournit une solution qui supporte des milliers de tirs pour une utilisation \u00e0 long terme. Fabriqu\u00e9e \u00e0 partir d&#8217;un mat\u00e9riau l\u00e9ger mais durable, la cible est \u00e9galement con\u00e7ue pour se refermer apr\u00e8s chaque tir, assurant des performances optimales et une long\u00e9vit\u00e9 accrue. De plus, l&#8217;impact de la balle d\u00e9clenche un m\u00e9canisme de rotation qui \u00e9limine le besoin de r\u00e9initialisation manuelle de la cible. Cette cible innovante peut \u00eatre utilis\u00e9e avec tous les calibres de fusils et de pistolets, du .22 au .50. Avec une technologie de dur\u00e9e de vie prolong\u00e9e et con\u00e7ue pour la pr\u00e9cision et la durabilit\u00e9, cette cible de tir est l&#8217;investissement id\u00e9al pour quiconque souhaite am\u00e9liorer ses comp\u00e9tences de tir.<\/p>\n","protected":false},"excerpt":{"rendered":"<p>Touchez le centre de la cible \u00e0 chaque fois avec la cible Chicken &amp; Egg.<\/p>\n","protected":false},"featured_media":58667,"template":"","meta":[],"product_brand":[8134],"product_cat":[8172],"product_tag":[],"yoast_head":"<!-- This site is optimized with the Yoast SEO plugin v24.3 - https:\/\/yoast.com\/wordpress\/plugins\/seo\/ -->\n<title>Cifle Chicken &amp; Egg - DO ALL<\/title>\n<meta name=\"description\" content=\"Pour ceux qui aiment tirer, trouver la bonne cible pour am\u00e9liorer leurs comp\u00e9tences peut \u00eatre un d\u00e9fi. Heureusement, la &quot;Chicken &amp; Egg&quot; offre ce dont vous avez besoin.\" \/>\n<meta name=\"robots\" content=\"noindex, follow, max-snippet:-1, max-image-preview:large, max-video-preview:-1\" \/>\n<meta property=\"og:locale\" content=\"fr_FR\" \/>\n<meta property=\"og:type\" content=\"article\" \/>\n<meta property=\"og:title\" content=\"Cifle Chicken &amp; Egg - DO ALL\" \/>\n<meta property=\"og:description\" content=\"Pour ceux qui aiment tirer, trouver la bonne cible pour am\u00e9liorer leurs comp\u00e9tences peut \u00eatre un d\u00e9fi. Heureusement, la &quot;Chicken &amp; Egg&quot; offre ce dont vous avez besoin.\" \/>\n<meta property=\"og:url\" content=\"https:\/\/staging.lucky-hunter.com\/product\/chicken-egg\/\" \/>\n<meta property=\"og:site_name\" content=\"Lucky-Hunter\" \/>\n<meta property=\"article:modified_time\" content=\"2025-06-24T09:43:44+00:00\" \/>\n<meta property=\"og:image\" content=\"https:\/\/staging.lucky-hunter.com\/wp-content\/uploads\/2023\/03\/ST-170.png\" \/>\n\t<meta property=\"og:image:width\" content=\"1000\" \/>\n\t<meta property=\"og:image:height\" content=\"1000\" \/>\n\t<meta property=\"og:image:type\" content=\"image\/png\" \/>\n<meta name=\"twitter:card\" content=\"summary_large_image\" \/>\n<meta name=\"twitter:label1\" content=\"Dur\u00e9e de lecture estim\u00e9e\" \/>\n\t<meta name=\"twitter:data1\" content=\"2 minutes\" \/>\n<script type=\"application\/ld+json\" class=\"yoast-schema-graph\">{\"@context\":\"https:\/\/schema.org\",\"@graph\":[{\"@type\":\"WebPage\",\"@id\":\"https:\/\/staging.lucky-hunter.com\/product\/chicken-egg\/\",\"url\":\"https:\/\/staging.lucky-hunter.com\/product\/chicken-egg\/\",\"name\":\"Cifle Chicken & Egg - DO ALL\",\"isPartOf\":{\"@id\":\"https:\/\/staging.lucky-hunter.com\/#website\"},\"primaryImageOfPage\":{\"@id\":\"https:\/\/staging.lucky-hunter.com\/product\/chicken-egg\/#primaryimage\"},\"image\":{\"@id\":\"https:\/\/staging.lucky-hunter.com\/product\/chicken-egg\/#primaryimage\"},\"thumbnailUrl\":\"https:\/\/staging.lucky-hunter.com\/wp-content\/uploads\/2023\/03\/ST-170.png\",\"datePublished\":\"2023-03-17T13:38:26+00:00\",\"dateModified\":\"2025-06-24T09:43:44+00:00\",\"description\":\"Pour ceux qui aiment tirer, trouver la bonne cible pour am\u00e9liorer leurs comp\u00e9tences peut \u00eatre un d\u00e9fi. Heureusement, la \\\"Chicken & Egg\\\" offre ce dont vous avez besoin.\",\"breadcrumb\":{\"@id\":\"https:\/\/staging.lucky-hunter.com\/product\/chicken-egg\/#breadcrumb\"},\"inLanguage\":\"fr-FR\",\"potentialAction\":[{\"@type\":\"ReadAction\",\"target\":[\"https:\/\/staging.lucky-hunter.com\/product\/chicken-egg\/\"]}]},{\"@type\":\"ImageObject\",\"inLanguage\":\"fr-FR\",\"@id\":\"https:\/\/staging.lucky-hunter.com\/product\/chicken-egg\/#primaryimage\",\"url\":\"https:\/\/staging.lucky-hunter.com\/wp-content\/uploads\/2023\/03\/ST-170.png\",\"contentUrl\":\"https:\/\/staging.lucky-hunter.com\/wp-content\/uploads\/2023\/03\/ST-170.png\",\"width\":1000,\"height\":1000,\"caption\":\"Do All Chicken & Egg\"},{\"@type\":\"BreadcrumbList\",\"@id\":\"https:\/\/staging.lucky-hunter.com\/product\/chicken-egg\/#breadcrumb\",\"itemListElement\":[{\"@type\":\"ListItem\",\"position\":1,\"name\":\"Home\",\"item\":\"https:\/\/staging.lucky-hunter.com\/fr\/\"},{\"@type\":\"ListItem\",\"position\":2,\"name\":\"Boutique\",\"item\":\"https:\/\/staging.lucky-hunter.com\/fr\/shop\/\"},{\"@type\":\"ListItem\",\"position\":3,\"name\":\"DO ALL Cifle Chicken &#038; Egg\"}]},{\"@type\":\"WebSite\",\"@id\":\"https:\/\/staging.lucky-hunter.com\/#website\",\"url\":\"https:\/\/staging.lucky-hunter.com\/\",\"name\":\"Lucky-Hunter\",\"description\":\"Gear Up or Give Up\",\"potentialAction\":[{\"@type\":\"SearchAction\",\"target\":{\"@type\":\"EntryPoint\",\"urlTemplate\":\"https:\/\/staging.lucky-hunter.com\/?s={search_term_string}\"},\"query-input\":{\"@type\":\"PropertyValueSpecification\",\"valueRequired\":true,\"valueName\":\"search_term_string\"}}],\"inLanguage\":\"fr-FR\"}]}<\/script>\n<!-- \/ Yoast SEO plugin. -->","yoast_head_json":{"title":"Cifle Chicken & Egg - DO ALL","description":"Pour ceux qui aiment tirer, trouver la bonne cible pour am\u00e9liorer leurs comp\u00e9tences peut \u00eatre un d\u00e9fi. Heureusement, la \"Chicken & Egg\" offre ce dont vous avez besoin.","robots":{"index":"noindex","follow":"follow","max-snippet":"max-snippet:-1","max-image-preview":"max-image-preview:large","max-video-preview":"max-video-preview:-1"},"og_locale":"fr_FR","og_type":"article","og_title":"Cifle Chicken & Egg - DO ALL","og_description":"Pour ceux qui aiment tirer, trouver la bonne cible pour am\u00e9liorer leurs comp\u00e9tences peut \u00eatre un d\u00e9fi. Heureusement, la \"Chicken & Egg\" offre ce dont vous avez besoin.","og_url":"https:\/\/staging.lucky-hunter.com\/product\/chicken-egg\/","og_site_name":"Lucky-Hunter","article_modified_time":"2025-06-24T09:43:44+00:00","og_image":[{"width":1000,"height":1000,"url":"https:\/\/staging.lucky-hunter.com\/wp-content\/uploads\/2023\/03\/ST-170.png","type":"image\/png"}],"twitter_card":"summary_large_image","twitter_misc":{"Dur\u00e9e de lecture estim\u00e9e":"2 minutes"},"schema":{"@context":"https:\/\/schema.org","@graph":[{"@type":"WebPage","@id":"https:\/\/staging.lucky-hunter.com\/product\/chicken-egg\/","url":"https:\/\/staging.lucky-hunter.com\/product\/chicken-egg\/","name":"Cifle Chicken & Egg - DO ALL","isPartOf":{"@id":"https:\/\/staging.lucky-hunter.com\/#website"},"primaryImageOfPage":{"@id":"https:\/\/staging.lucky-hunter.com\/product\/chicken-egg\/#primaryimage"},"image":{"@id":"https:\/\/staging.lucky-hunter.com\/product\/chicken-egg\/#primaryimage"},"thumbnailUrl":"https:\/\/staging.lucky-hunter.com\/wp-content\/uploads\/2023\/03\/ST-170.png","datePublished":"2023-03-17T13:38:26+00:00","dateModified":"2025-06-24T09:43:44+00:00","description":"Pour ceux qui aiment tirer, trouver la bonne cible pour am\u00e9liorer leurs comp\u00e9tences peut \u00eatre un d\u00e9fi. Heureusement, la \"Chicken & Egg\" offre ce dont vous avez besoin.","breadcrumb":{"@id":"https:\/\/staging.lucky-hunter.com\/product\/chicken-egg\/#breadcrumb"},"inLanguage":"fr-FR","potentialAction":[{"@type":"ReadAction","target":["https:\/\/staging.lucky-hunter.com\/product\/chicken-egg\/"]}]},{"@type":"ImageObject","inLanguage":"fr-FR","@id":"https:\/\/staging.lucky-hunter.com\/product\/chicken-egg\/#primaryimage","url":"https:\/\/staging.lucky-hunter.com\/wp-content\/uploads\/2023\/03\/ST-170.png","contentUrl":"https:\/\/staging.lucky-hunter.com\/wp-content\/uploads\/2023\/03\/ST-170.png","width":1000,"height":1000,"caption":"Do All Chicken & Egg"},{"@type":"BreadcrumbList","@id":"https:\/\/staging.lucky-hunter.com\/product\/chicken-egg\/#breadcrumb","itemListElement":[{"@type":"ListItem","position":1,"name":"Home","item":"https:\/\/staging.lucky-hunter.com\/fr\/"},{"@type":"ListItem","position":2,"name":"Boutique","item":"https:\/\/staging.lucky-hunter.com\/fr\/shop\/"},{"@type":"ListItem","position":3,"name":"DO ALL Cifle Chicken &#038; Egg"}]},{"@type":"WebSite","@id":"https:\/\/staging.lucky-hunter.com\/#website","url":"https:\/\/staging.lucky-hunter.com\/","name":"Lucky-Hunter","description":"Gear Up or Give Up","potentialAction":[{"@type":"SearchAction","target":{"@type":"EntryPoint","urlTemplate":"https:\/\/staging.lucky-hunter.com\/?s={search_term_string}"},"query-input":{"@type":"PropertyValueSpecification","valueRequired":true,"valueName":"search_term_string"}}],"inLanguage":"fr-FR"}]}},"_links":{"self":[{"href":"https:\/\/staging.lucky-hunter.com\/fr\/wp-json\/wp\/v2\/product\/168396"}],"collection":[{"href":"https:\/\/staging.lucky-hunter.com\/fr\/wp-json\/wp\/v2\/product"}],"about":[{"href":"https:\/\/staging.lucky-hunter.com\/fr\/wp-json\/wp\/v2\/types\/product"}],"wp:featuredmedia":[{"embeddable":true,"href":"https:\/\/staging.lucky-hunter.com\/fr\/wp-json\/wp\/v2\/media\/58667"}],"wp:attachment":[{"href":"https:\/\/staging.lucky-hunter.com\/fr\/wp-json\/wp\/v2\/media?parent=168396"}],"wp:term":[{"taxonomy":"product_brand","embeddable":true,"href":"https:\/\/staging.lucky-hunter.com\/fr\/wp-json\/wp\/v2\/product_brand?post=168396"},{"taxonomy":"product_cat","embeddable":true,"href":"https:\/\/staging.lucky-hunter.com\/fr\/wp-json\/wp\/v2\/product_cat?post=168396"},{"taxonomy":"product_tag","embeddable":true,"href":"https:\/\/staging.lucky-hunter.com\/fr\/wp-json\/wp\/v2\/product_tag?post=168396"}],"curies":[{"name":"wp","href":"https:\/\/api.w.org\/{rel}","templated":true}]}}