{"id":168318,"date":"2023-03-23T09:22:28","date_gmt":"2023-03-23T08:22:28","guid":{"rendered":"https:\/\/staging.lucky-hunter.com\/product\/168318\/"},"modified":"2025-06-24T11:19:19","modified_gmt":"2025-06-24T09:19:19","slug":"do-all-cible-tournante","status":"publish","type":"product","link":"https:\/\/staging.lucky-hunter.com\/fr\/product\/do-all-cible-tournante\/","title":{"rendered":"Cible tournante &#8211; DO ALL"},"content":{"rendered":"<h2><strong>Cible tournante pour pistolet<\/strong><\/h2>\n<p>Cible pour pistolet \u00e0 palette double empil\u00e9e. Vissez facilement la cible dans la plupart des bois et commencez \u00e0 vous amuser \u00e0 tirer.<\/p>\n<p>Se visse facilement dans la plupart des bois pour une installation rapide. Atteindre la cible fournira un retour sonore de &#8220;plinking&#8221;. Parfait pour les pistolets. Palettes tournantes empil\u00e9es de 2,5 et 1,75 pouces.<\/p>\n","protected":false},"excerpt":{"rendered":"<p>Cible pour pistolet \u00e0 palette double empil\u00e9e. Vissez facilement la cible dans la plupart des bois et commencez \u00e0 vous amuser \u00e0 tirer.<\/p>\n","protected":false},"featured_media":59086,"template":"","meta":[],"product_brand":[8134],"product_cat":[8172],"product_tag":[],"yoast_head":"<!-- This site is optimized with the Yoast SEO plugin v24.3 - https:\/\/yoast.com\/wordpress\/plugins\/seo\/ -->\n<title>DO ALL Cible Tournante | Lucky-hunter.com<\/title>\n<meta name=\"description\" content=\"DO ALL Cible Tournant \u00e0 palette double empil\u00e9e. Vissez facilement la cible dans la plupart des bois et commencez \u00e0 vous amuser \u00e0 tirer.\" \/>\n<meta name=\"robots\" content=\"noindex, follow, max-snippet:-1, max-image-preview:large, max-video-preview:-1\" \/>\n<meta property=\"og:locale\" content=\"fr_FR\" \/>\n<meta property=\"og:type\" content=\"article\" \/>\n<meta property=\"og:title\" content=\"DO ALL Cible Tournante | Lucky-hunter.com\" \/>\n<meta property=\"og:description\" content=\"DO ALL Cible Tournant \u00e0 palette double empil\u00e9e. Vissez facilement la cible dans la plupart des bois et commencez \u00e0 vous amuser \u00e0 tirer.\" \/>\n<meta property=\"og:url\" content=\"https:\/\/staging.lucky-hunter.com\/fr\/product\/do-all-cible-tournante\/\" \/>\n<meta property=\"og:site_name\" content=\"Lucky-Hunter\" \/>\n<meta property=\"article:modified_time\" content=\"2025-06-24T09:19:19+00:00\" \/>\n<meta property=\"og:image\" content=\"https:\/\/staging.lucky-hunter.com\/wp-content\/uploads\/2023\/03\/ST-255.png\" \/>\n\t<meta property=\"og:image:width\" content=\"1000\" \/>\n\t<meta property=\"og:image:height\" content=\"1000\" \/>\n\t<meta property=\"og:image:type\" content=\"image\/png\" \/>\n<meta name=\"twitter:card\" content=\"summary_large_image\" \/>\n<meta name=\"twitter:label1\" content=\"Dur\u00e9e de lecture estim\u00e9e\" \/>\n\t<meta name=\"twitter:data1\" content=\"1 minute\" \/>\n<script type=\"application\/ld+json\" class=\"yoast-schema-graph\">{\"@context\":\"https:\/\/schema.org\",\"@graph\":[{\"@type\":\"WebPage\",\"@id\":\"https:\/\/staging.lucky-hunter.com\/fr\/product\/do-all-cible-tournante\/\",\"url\":\"https:\/\/staging.lucky-hunter.com\/fr\/product\/do-all-cible-tournante\/\",\"name\":\"DO ALL Cible Tournante | Lucky-hunter.com\",\"isPartOf\":{\"@id\":\"https:\/\/staging.lucky-hunter.com\/#website\"},\"primaryImageOfPage\":{\"@id\":\"https:\/\/staging.lucky-hunter.com\/fr\/product\/do-all-cible-tournante\/#primaryimage\"},\"image\":{\"@id\":\"https:\/\/staging.lucky-hunter.com\/fr\/product\/do-all-cible-tournante\/#primaryimage\"},\"thumbnailUrl\":\"https:\/\/staging.lucky-hunter.com\/wp-content\/uploads\/2023\/03\/ST-255.png\",\"datePublished\":\"2023-03-23T08:22:28+00:00\",\"dateModified\":\"2025-06-24T09:19:19+00:00\",\"description\":\"DO ALL Cible Tournant \u00e0 palette double empil\u00e9e. Vissez facilement la cible dans la plupart des bois et commencez \u00e0 vous amuser \u00e0 tirer.\",\"breadcrumb\":{\"@id\":\"https:\/\/staging.lucky-hunter.com\/fr\/product\/do-all-cible-tournante\/#breadcrumb\"},\"inLanguage\":\"fr-FR\",\"potentialAction\":[{\"@type\":\"ReadAction\",\"target\":[\"https:\/\/staging.lucky-hunter.com\/fr\/product\/do-all-cible-tournante\/\"]}]},{\"@type\":\"ImageObject\",\"inLanguage\":\"fr-FR\",\"@id\":\"https:\/\/staging.lucky-hunter.com\/fr\/product\/do-all-cible-tournante\/#primaryimage\",\"url\":\"https:\/\/staging.lucky-hunter.com\/wp-content\/uploads\/2023\/03\/ST-255.png\",\"contentUrl\":\"https:\/\/staging.lucky-hunter.com\/wp-content\/uploads\/2023\/03\/ST-255.png\",\"width\":1000,\"height\":1000,\"caption\":\"Cible pour pistolet\"},{\"@type\":\"BreadcrumbList\",\"@id\":\"https:\/\/staging.lucky-hunter.com\/fr\/product\/do-all-cible-tournante\/#breadcrumb\",\"itemListElement\":[{\"@type\":\"ListItem\",\"position\":1,\"name\":\"Home\",\"item\":\"https:\/\/staging.lucky-hunter.com\/fr\/\"},{\"@type\":\"ListItem\",\"position\":2,\"name\":\"Boutique\",\"item\":\"https:\/\/staging.lucky-hunter.com\/fr\/shop\/\"},{\"@type\":\"ListItem\",\"position\":3,\"name\":\"Cible tournante &#8211; DO ALL\"}]},{\"@type\":\"WebSite\",\"@id\":\"https:\/\/staging.lucky-hunter.com\/#website\",\"url\":\"https:\/\/staging.lucky-hunter.com\/\",\"name\":\"Lucky-Hunter\",\"description\":\"Gear Up or Give Up\",\"potentialAction\":[{\"@type\":\"SearchAction\",\"target\":{\"@type\":\"EntryPoint\",\"urlTemplate\":\"https:\/\/staging.lucky-hunter.com\/?s={search_term_string}\"},\"query-input\":{\"@type\":\"PropertyValueSpecification\",\"valueRequired\":true,\"valueName\":\"search_term_string\"}}],\"inLanguage\":\"fr-FR\"}]}<\/script>\n<!-- \/ Yoast SEO plugin. -->","yoast_head_json":{"title":"DO ALL Cible Tournante | Lucky-hunter.com","description":"DO ALL Cible Tournant \u00e0 palette double empil\u00e9e. Vissez facilement la cible dans la plupart des bois et commencez \u00e0 vous amuser \u00e0 tirer.","robots":{"index":"noindex","follow":"follow","max-snippet":"max-snippet:-1","max-image-preview":"max-image-preview:large","max-video-preview":"max-video-preview:-1"},"og_locale":"fr_FR","og_type":"article","og_title":"DO ALL Cible Tournante | Lucky-hunter.com","og_description":"DO ALL Cible Tournant \u00e0 palette double empil\u00e9e. Vissez facilement la cible dans la plupart des bois et commencez \u00e0 vous amuser \u00e0 tirer.","og_url":"https:\/\/staging.lucky-hunter.com\/fr\/product\/do-all-cible-tournante\/","og_site_name":"Lucky-Hunter","article_modified_time":"2025-06-24T09:19:19+00:00","og_image":[{"width":1000,"height":1000,"url":"https:\/\/staging.lucky-hunter.com\/wp-content\/uploads\/2023\/03\/ST-255.png","type":"image\/png"}],"twitter_card":"summary_large_image","twitter_misc":{"Dur\u00e9e de lecture estim\u00e9e":"1 minute"},"schema":{"@context":"https:\/\/schema.org","@graph":[{"@type":"WebPage","@id":"https:\/\/staging.lucky-hunter.com\/fr\/product\/do-all-cible-tournante\/","url":"https:\/\/staging.lucky-hunter.com\/fr\/product\/do-all-cible-tournante\/","name":"DO ALL Cible Tournante | Lucky-hunter.com","isPartOf":{"@id":"https:\/\/staging.lucky-hunter.com\/#website"},"primaryImageOfPage":{"@id":"https:\/\/staging.lucky-hunter.com\/fr\/product\/do-all-cible-tournante\/#primaryimage"},"image":{"@id":"https:\/\/staging.lucky-hunter.com\/fr\/product\/do-all-cible-tournante\/#primaryimage"},"thumbnailUrl":"https:\/\/staging.lucky-hunter.com\/wp-content\/uploads\/2023\/03\/ST-255.png","datePublished":"2023-03-23T08:22:28+00:00","dateModified":"2025-06-24T09:19:19+00:00","description":"DO ALL Cible Tournant \u00e0 palette double empil\u00e9e. Vissez facilement la cible dans la plupart des bois et commencez \u00e0 vous amuser \u00e0 tirer.","breadcrumb":{"@id":"https:\/\/staging.lucky-hunter.com\/fr\/product\/do-all-cible-tournante\/#breadcrumb"},"inLanguage":"fr-FR","potentialAction":[{"@type":"ReadAction","target":["https:\/\/staging.lucky-hunter.com\/fr\/product\/do-all-cible-tournante\/"]}]},{"@type":"ImageObject","inLanguage":"fr-FR","@id":"https:\/\/staging.lucky-hunter.com\/fr\/product\/do-all-cible-tournante\/#primaryimage","url":"https:\/\/staging.lucky-hunter.com\/wp-content\/uploads\/2023\/03\/ST-255.png","contentUrl":"https:\/\/staging.lucky-hunter.com\/wp-content\/uploads\/2023\/03\/ST-255.png","width":1000,"height":1000,"caption":"Cible pour pistolet"},{"@type":"BreadcrumbList","@id":"https:\/\/staging.lucky-hunter.com\/fr\/product\/do-all-cible-tournante\/#breadcrumb","itemListElement":[{"@type":"ListItem","position":1,"name":"Home","item":"https:\/\/staging.lucky-hunter.com\/fr\/"},{"@type":"ListItem","position":2,"name":"Boutique","item":"https:\/\/staging.lucky-hunter.com\/fr\/shop\/"},{"@type":"ListItem","position":3,"name":"Cible tournante &#8211; DO ALL"}]},{"@type":"WebSite","@id":"https:\/\/staging.lucky-hunter.com\/#website","url":"https:\/\/staging.lucky-hunter.com\/","name":"Lucky-Hunter","description":"Gear Up or Give Up","potentialAction":[{"@type":"SearchAction","target":{"@type":"EntryPoint","urlTemplate":"https:\/\/staging.lucky-hunter.com\/?s={search_term_string}"},"query-input":{"@type":"PropertyValueSpecification","valueRequired":true,"valueName":"search_term_string"}}],"inLanguage":"fr-FR"}]}},"_links":{"self":[{"href":"https:\/\/staging.lucky-hunter.com\/fr\/wp-json\/wp\/v2\/product\/168318"}],"collection":[{"href":"https:\/\/staging.lucky-hunter.com\/fr\/wp-json\/wp\/v2\/product"}],"about":[{"href":"https:\/\/staging.lucky-hunter.com\/fr\/wp-json\/wp\/v2\/types\/product"}],"wp:featuredmedia":[{"embeddable":true,"href":"https:\/\/staging.lucky-hunter.com\/fr\/wp-json\/wp\/v2\/media\/59086"}],"wp:attachment":[{"href":"https:\/\/staging.lucky-hunter.com\/fr\/wp-json\/wp\/v2\/media?parent=168318"}],"wp:term":[{"taxonomy":"product_brand","embeddable":true,"href":"https:\/\/staging.lucky-hunter.com\/fr\/wp-json\/wp\/v2\/product_brand?post=168318"},{"taxonomy":"product_cat","embeddable":true,"href":"https:\/\/staging.lucky-hunter.com\/fr\/wp-json\/wp\/v2\/product_cat?post=168318"},{"taxonomy":"product_tag","embeddable":true,"href":"https:\/\/staging.lucky-hunter.com\/fr\/wp-json\/wp\/v2\/product_tag?post=168318"}],"curies":[{"name":"wp","href":"https:\/\/api.w.org\/{rel}","templated":true}]}}