{"id":165016,"date":"2024-06-12T11:57:48","date_gmt":"2024-06-12T09:57:48","guid":{"rendered":"https:\/\/staging.lucky-hunter.com\/?post_type=product&#038;p=165016"},"modified":"2025-06-23T14:41:55","modified_gmt":"2025-06-23T12:41:55","slug":"appeau-pour-grues-de-haydel-cc-07","status":"publish","type":"product","link":"https:\/\/staging.lucky-hunter.com\/fr\/product\/appeau-pour-grues-de-haydel-cc-07\/","title":{"rendered":"Appeau pour Grues de Haydel | CC-07"},"content":{"rendered":"<p><iframe title=\"Haydel&#039;s Game Calls Sandhill Crane Call CC-07\" width=\"1020\" height=\"574\" src=\"https:\/\/www.youtube.com\/embed\/zqjmoBSRXgo?wmode=transparent&amp;rel=0&amp;feature=oembed&#038;enablejsapi=1&#038;origin=https:\/\/staging.lucky-hunter.com\" frameborder=\"0\" allow=\"accelerometer; autoplay; clipboard-write; encrypted-media; gyroscope; picture-in-picture; web-share\" referrerpolicy=\"strict-origin-when-cross-origin\" allowfullscreen><\/iframe><\/p>\n<h2><strong>Appeau pour grues avec compensateur de Haydel&#8217;s Game Calls<\/strong><\/h2>\n<div>Comme les autres appeaux de Haydel&#8217;s Game Calls, cet appeau pour grues est facile \u00e0 utiliser. La technique consiste \u00e0 faire un gargouillement dans la gorge tout en soufflant. Apr\u00e8s un peu de pratique, vous apprendrez \u00e0 reproduire les sons des grues juv\u00e9niles et adultes.<\/div>\n<div><\/div>\n<div>Vous obtiendrez les meilleurs r\u00e9sultats en variant la tonalit\u00e9, soit en soufflant plus fort ou plus doucement, soit en serrant la partie en caoutchouc compensateur \u00e0 l&#8217;extr\u00e9mit\u00e9 de l&#8217;appeau. Cette partie est con\u00e7ue pour vous aider avec la technique de &#8220;contre-pression&#8221;.<\/div>\n<div><\/div>\n<div>Les grues ont une excellente vue, donc assurez-vous de rester bien cach\u00e9. Essayez d&#8217;engager une conversation avec les grues en appelant &#8211; elles r\u00e9pondent &#8211; vous appelez, etc.<\/div>\n<div><\/div>\n<div>Regardez et \u00e9coutez les instructions de Rod Haydel dans la vid\u00e9o ci-dessus.<\/div>\n<div><\/div>\n<div><strong>Caract\u00e9ristiques :<\/strong><\/div>\n<ul>\n<li>Reproduction du son de la grue (Grue du Canada)<\/li>\n<li>Peut \u00eatre utilis\u00e9 dans des conditions humides<\/li>\n<li>Couleur : Gris<\/li>\n<li>Mod\u00e8le CC-07<\/li>\n<li>Poids environ 45 grammes.<\/li>\n<\/ul>\n","protected":false},"excerpt":{"rendered":"<p>Comme les autres appeaux de Haydel&#8217;s Game Calls, cet appeau pour grues est facile \u00e0 utiliser. Vous apprendrez \u00e0 reproduire les sons des grues juv\u00e9niles et adultes.<\/p>\n","protected":false},"featured_media":165025,"template":"","meta":[],"product_brand":[8139],"product_cat":[9703],"product_tag":[],"yoast_head":"<!-- This site is optimized with the Yoast SEO plugin v24.3 - https:\/\/yoast.com\/wordpress\/plugins\/seo\/ -->\n<title>Haydel&#039;s Grues Appeaux | CC-07 | Maintenant disponible sur Lucky-Hunter.com<\/title>\n<meta name=\"description\" content=\"Appeau pour grues de Haydel\u00b4s est facile \u00e0 utiliser. Vous apprendrez \u00e0 reproduire les sons des grues juv\u00e9niles et adultes.\" \/>\n<meta name=\"robots\" content=\"noindex, follow, max-snippet:-1, max-image-preview:large, max-video-preview:-1\" \/>\n<meta property=\"og:locale\" content=\"fr_FR\" \/>\n<meta property=\"og:type\" content=\"article\" \/>\n<meta property=\"og:title\" content=\"Haydel&#039;s Grues Appeaux | CC-07 | Maintenant disponible sur Lucky-Hunter.com\" \/>\n<meta property=\"og:description\" content=\"Appeau pour grues de Haydel\u00b4s est facile \u00e0 utiliser. Vous apprendrez \u00e0 reproduire les sons des grues juv\u00e9niles et adultes.\" \/>\n<meta property=\"og:url\" content=\"https:\/\/staging.lucky-hunter.com\/product\/haydels-crane-call-cc-07\/\" \/>\n<meta property=\"og:site_name\" content=\"Lucky-Hunter\" \/>\n<meta property=\"article:modified_time\" content=\"2025-06-23T12:41:55+00:00\" \/>\n<meta property=\"og:image\" content=\"https:\/\/staging.lucky-hunter.com\/wp-content\/uploads\/2024\/06\/LK-651-removebg.png\" \/>\n\t<meta property=\"og:image:width\" content=\"800\" \/>\n\t<meta property=\"og:image:height\" content=\"800\" \/>\n\t<meta property=\"og:image:type\" content=\"image\/png\" \/>\n<meta name=\"twitter:card\" content=\"summary_large_image\" \/>\n<meta name=\"twitter:label1\" content=\"Dur\u00e9e de lecture estim\u00e9e\" \/>\n\t<meta name=\"twitter:data1\" content=\"1 minute\" \/>\n<script type=\"application\/ld+json\" class=\"yoast-schema-graph\">{\"@context\":\"https:\/\/schema.org\",\"@graph\":[{\"@type\":\"WebPage\",\"@id\":\"https:\/\/staging.lucky-hunter.com\/product\/haydels-crane-call-cc-07\/\",\"url\":\"https:\/\/staging.lucky-hunter.com\/product\/haydels-crane-call-cc-07\/\",\"name\":\"Haydel's Grues Appeaux | CC-07 | Maintenant disponible sur Lucky-Hunter.com\",\"isPartOf\":{\"@id\":\"https:\/\/staging.lucky-hunter.com\/#website\"},\"primaryImageOfPage\":{\"@id\":\"https:\/\/staging.lucky-hunter.com\/product\/haydels-crane-call-cc-07\/#primaryimage\"},\"image\":{\"@id\":\"https:\/\/staging.lucky-hunter.com\/product\/haydels-crane-call-cc-07\/#primaryimage\"},\"thumbnailUrl\":\"https:\/\/staging.lucky-hunter.com\/wp-content\/uploads\/2024\/06\/LK-651-removebg.png\",\"datePublished\":\"2024-06-12T09:57:48+00:00\",\"dateModified\":\"2025-06-23T12:41:55+00:00\",\"description\":\"Appeau pour grues de Haydel\u00b4s est facile \u00e0 utiliser. Vous apprendrez \u00e0 reproduire les sons des grues juv\u00e9niles et adultes.\",\"breadcrumb\":{\"@id\":\"https:\/\/staging.lucky-hunter.com\/product\/haydels-crane-call-cc-07\/#breadcrumb\"},\"inLanguage\":\"fr-FR\",\"potentialAction\":[{\"@type\":\"ReadAction\",\"target\":[\"https:\/\/staging.lucky-hunter.com\/product\/haydels-crane-call-cc-07\/\"]}]},{\"@type\":\"ImageObject\",\"inLanguage\":\"fr-FR\",\"@id\":\"https:\/\/staging.lucky-hunter.com\/product\/haydels-crane-call-cc-07\/#primaryimage\",\"url\":\"https:\/\/staging.lucky-hunter.com\/wp-content\/uploads\/2024\/06\/LK-651-removebg.png\",\"contentUrl\":\"https:\/\/staging.lucky-hunter.com\/wp-content\/uploads\/2024\/06\/LK-651-removebg.png\",\"width\":800,\"height\":800},{\"@type\":\"BreadcrumbList\",\"@id\":\"https:\/\/staging.lucky-hunter.com\/product\/haydels-crane-call-cc-07\/#breadcrumb\",\"itemListElement\":[{\"@type\":\"ListItem\",\"position\":1,\"name\":\"Home\",\"item\":\"https:\/\/staging.lucky-hunter.com\/fr\/\"},{\"@type\":\"ListItem\",\"position\":2,\"name\":\"Boutique\",\"item\":\"https:\/\/staging.lucky-hunter.com\/fr\/shop\/\"},{\"@type\":\"ListItem\",\"position\":3,\"name\":\"Appeau pour Grues de Haydel | CC-07\"}]},{\"@type\":\"WebSite\",\"@id\":\"https:\/\/staging.lucky-hunter.com\/#website\",\"url\":\"https:\/\/staging.lucky-hunter.com\/\",\"name\":\"Lucky-Hunter\",\"description\":\"Gear Up or Give Up\",\"potentialAction\":[{\"@type\":\"SearchAction\",\"target\":{\"@type\":\"EntryPoint\",\"urlTemplate\":\"https:\/\/staging.lucky-hunter.com\/?s={search_term_string}\"},\"query-input\":{\"@type\":\"PropertyValueSpecification\",\"valueRequired\":true,\"valueName\":\"search_term_string\"}}],\"inLanguage\":\"fr-FR\"}]}<\/script>\n<!-- \/ Yoast SEO plugin. -->","yoast_head_json":{"title":"Haydel's Grues Appeaux | CC-07 | Maintenant disponible sur Lucky-Hunter.com","description":"Appeau pour grues de Haydel\u00b4s est facile \u00e0 utiliser. Vous apprendrez \u00e0 reproduire les sons des grues juv\u00e9niles et adultes.","robots":{"index":"noindex","follow":"follow","max-snippet":"max-snippet:-1","max-image-preview":"max-image-preview:large","max-video-preview":"max-video-preview:-1"},"og_locale":"fr_FR","og_type":"article","og_title":"Haydel's Grues Appeaux | CC-07 | Maintenant disponible sur Lucky-Hunter.com","og_description":"Appeau pour grues de Haydel\u00b4s est facile \u00e0 utiliser. Vous apprendrez \u00e0 reproduire les sons des grues juv\u00e9niles et adultes.","og_url":"https:\/\/staging.lucky-hunter.com\/product\/haydels-crane-call-cc-07\/","og_site_name":"Lucky-Hunter","article_modified_time":"2025-06-23T12:41:55+00:00","og_image":[{"width":800,"height":800,"url":"https:\/\/staging.lucky-hunter.com\/wp-content\/uploads\/2024\/06\/LK-651-removebg.png","type":"image\/png"}],"twitter_card":"summary_large_image","twitter_misc":{"Dur\u00e9e de lecture estim\u00e9e":"1 minute"},"schema":{"@context":"https:\/\/schema.org","@graph":[{"@type":"WebPage","@id":"https:\/\/staging.lucky-hunter.com\/product\/haydels-crane-call-cc-07\/","url":"https:\/\/staging.lucky-hunter.com\/product\/haydels-crane-call-cc-07\/","name":"Haydel's Grues Appeaux | CC-07 | Maintenant disponible sur Lucky-Hunter.com","isPartOf":{"@id":"https:\/\/staging.lucky-hunter.com\/#website"},"primaryImageOfPage":{"@id":"https:\/\/staging.lucky-hunter.com\/product\/haydels-crane-call-cc-07\/#primaryimage"},"image":{"@id":"https:\/\/staging.lucky-hunter.com\/product\/haydels-crane-call-cc-07\/#primaryimage"},"thumbnailUrl":"https:\/\/staging.lucky-hunter.com\/wp-content\/uploads\/2024\/06\/LK-651-removebg.png","datePublished":"2024-06-12T09:57:48+00:00","dateModified":"2025-06-23T12:41:55+00:00","description":"Appeau pour grues de Haydel\u00b4s est facile \u00e0 utiliser. Vous apprendrez \u00e0 reproduire les sons des grues juv\u00e9niles et adultes.","breadcrumb":{"@id":"https:\/\/staging.lucky-hunter.com\/product\/haydels-crane-call-cc-07\/#breadcrumb"},"inLanguage":"fr-FR","potentialAction":[{"@type":"ReadAction","target":["https:\/\/staging.lucky-hunter.com\/product\/haydels-crane-call-cc-07\/"]}]},{"@type":"ImageObject","inLanguage":"fr-FR","@id":"https:\/\/staging.lucky-hunter.com\/product\/haydels-crane-call-cc-07\/#primaryimage","url":"https:\/\/staging.lucky-hunter.com\/wp-content\/uploads\/2024\/06\/LK-651-removebg.png","contentUrl":"https:\/\/staging.lucky-hunter.com\/wp-content\/uploads\/2024\/06\/LK-651-removebg.png","width":800,"height":800},{"@type":"BreadcrumbList","@id":"https:\/\/staging.lucky-hunter.com\/product\/haydels-crane-call-cc-07\/#breadcrumb","itemListElement":[{"@type":"ListItem","position":1,"name":"Home","item":"https:\/\/staging.lucky-hunter.com\/fr\/"},{"@type":"ListItem","position":2,"name":"Boutique","item":"https:\/\/staging.lucky-hunter.com\/fr\/shop\/"},{"@type":"ListItem","position":3,"name":"Appeau pour Grues de Haydel | CC-07"}]},{"@type":"WebSite","@id":"https:\/\/staging.lucky-hunter.com\/#website","url":"https:\/\/staging.lucky-hunter.com\/","name":"Lucky-Hunter","description":"Gear Up or Give Up","potentialAction":[{"@type":"SearchAction","target":{"@type":"EntryPoint","urlTemplate":"https:\/\/staging.lucky-hunter.com\/?s={search_term_string}"},"query-input":{"@type":"PropertyValueSpecification","valueRequired":true,"valueName":"search_term_string"}}],"inLanguage":"fr-FR"}]}},"_links":{"self":[{"href":"https:\/\/staging.lucky-hunter.com\/fr\/wp-json\/wp\/v2\/product\/165016"}],"collection":[{"href":"https:\/\/staging.lucky-hunter.com\/fr\/wp-json\/wp\/v2\/product"}],"about":[{"href":"https:\/\/staging.lucky-hunter.com\/fr\/wp-json\/wp\/v2\/types\/product"}],"wp:featuredmedia":[{"embeddable":true,"href":"https:\/\/staging.lucky-hunter.com\/fr\/wp-json\/wp\/v2\/media\/165025"}],"wp:attachment":[{"href":"https:\/\/staging.lucky-hunter.com\/fr\/wp-json\/wp\/v2\/media?parent=165016"}],"wp:term":[{"taxonomy":"product_brand","embeddable":true,"href":"https:\/\/staging.lucky-hunter.com\/fr\/wp-json\/wp\/v2\/product_brand?post=165016"},{"taxonomy":"product_cat","embeddable":true,"href":"https:\/\/staging.lucky-hunter.com\/fr\/wp-json\/wp\/v2\/product_cat?post=165016"},{"taxonomy":"product_tag","embeddable":true,"href":"https:\/\/staging.lucky-hunter.com\/fr\/wp-json\/wp\/v2\/product_tag?post=165016"}],"curies":[{"name":"wp","href":"https:\/\/api.w.org\/{rel}","templated":true}]}}