{"id":159470,"date":"2024-06-06T10:47:27","date_gmt":"2024-06-06T08:47:27","guid":{"rendered":"https:\/\/staging.lucky-hunter.com\/?post_type=product&#038;p=159470"},"modified":"2025-06-23T14:54:53","modified_gmt":"2025-06-23T12:54:53","slug":"avian-x-power-swimmer-chipeau","status":"publish","type":"product","link":"https:\/\/staging.lucky-hunter.com\/fr\/product\/avian-x-power-swimmer-chipeau\/","title":{"rendered":"Power Swimmer Chipeau &#8211; Avian-X"},"content":{"rendered":"<h2><strong>Canard appelant Avian-X de qualit\u00e9 sup\u00e9rieure<\/strong><\/h2>\n<div>Avian-X Power Swimmer Chipeau est \u00e0 la hauteur de la qualit\u00e9 irr\u00e9prochable que vous connaissez des canards appelants Avian-X.<\/div>\n<div><\/div>\n<div>Avian-X est sans conteste la marque la plus innovante du march\u00e9, dont l&#8217;objectif est de d\u00e9velopper des leurres aussi r\u00e9alistes que les canards volant au-dessus de votre t\u00eate.<\/div>\n<div><\/div>\n<div>L&#8217;atout majeur de ce leurre est qu&#8217;il suffit de connecter quelques lignes de canards appelants classiques AvianX Power Swimmer pour transmettre le mouvement \u00e0 ces canards appelants.<\/div>\n<div><\/div>\n<div>\n<div>Le AvianX Pilet Power Swimmer est dot\u00e9 d&#8217;une cavit\u00e9 remplie de mousse et d&#8217;une construction r\u00e9sistante aux balles, capable de r\u00e9sister aux conditions de chasse et de vent les plus difficiles, saison apr\u00e8s saison.<\/div>\n<div><\/div>\n<div>Aliment\u00e9 par une batterie lithium-ion de 6 volts, il offre jusqu&#8217;\u00e0 10 heures d&#8217;autonomie en mode intervalle. Il peut \u00e9galement \u00eatre r\u00e9gl\u00e9 pour une utilisation continue.<\/div>\n<\/div>\n","protected":false},"excerpt":{"rendered":"<p>Un forme nageur comme cet Avian-X Swimmer peut vraiment faire la diff\u00e9rence lors des journ\u00e9es calmes avec une eau plate, que vous soyez sur le fjord ou au bord d&#8217;un lac.<\/p>\n<p>&nbsp;<\/p>\n","protected":false},"featured_media":159478,"template":"","meta":[],"product_brand":[8132],"product_cat":[9737,8183],"product_tag":[9235],"yoast_head":"<!-- This site is optimized with the Yoast SEO plugin v24.3 - https:\/\/yoast.com\/wordpress\/plugins\/seo\/ -->\n<title>Power Swimmer Chipeau - Avian-X |<\/title>\n<meta name=\"description\" content=\"Un forme nageur comme cet Avian-X Swimmer peut vraiment faire la diff\u00e9rence lors des journ\u00e9es calmes avec une eau plate, que vous soyez sur le fjord ou au bord d&#039;un lac.\" \/>\n<meta name=\"robots\" content=\"noindex, follow, max-snippet:-1, max-image-preview:large, max-video-preview:-1\" \/>\n<meta property=\"og:locale\" content=\"fr_FR\" \/>\n<meta property=\"og:type\" content=\"article\" \/>\n<meta property=\"og:title\" content=\"Power Swimmer Chipeau - Avian-X |\" \/>\n<meta property=\"og:description\" content=\"Un forme nageur comme cet Avian-X Swimmer peut vraiment faire la diff\u00e9rence lors des journ\u00e9es calmes avec une eau plate, que vous soyez sur le fjord ou au bord d&#039;un lac.\" \/>\n<meta property=\"og:url\" content=\"https:\/\/staging.lucky-hunter.com\/product\/avian-x-power-swimmer-gadwall\/\" \/>\n<meta property=\"og:site_name\" content=\"Lucky-Hunter\" \/>\n<meta property=\"article:modified_time\" content=\"2025-06-23T12:54:53+00:00\" \/>\n<meta property=\"og:image\" content=\"https:\/\/staging.lucky-hunter.com\/wp-content\/uploads\/2024\/06\/LF-341-1-e1717663834397.png\" \/>\n\t<meta property=\"og:image:width\" content=\"2400\" \/>\n\t<meta property=\"og:image:height\" content=\"2400\" \/>\n\t<meta property=\"og:image:type\" content=\"image\/png\" \/>\n<meta name=\"twitter:card\" content=\"summary_large_image\" \/>\n<meta name=\"twitter:label1\" content=\"Dur\u00e9e de lecture estim\u00e9e\" \/>\n\t<meta name=\"twitter:data1\" content=\"1 minute\" \/>\n<script type=\"application\/ld+json\" class=\"yoast-schema-graph\">{\"@context\":\"https:\/\/schema.org\",\"@graph\":[{\"@type\":\"WebPage\",\"@id\":\"https:\/\/staging.lucky-hunter.com\/product\/avian-x-power-swimmer-gadwall\/\",\"url\":\"https:\/\/staging.lucky-hunter.com\/product\/avian-x-power-swimmer-gadwall\/\",\"name\":\"Power Swimmer Chipeau - Avian-X |\",\"isPartOf\":{\"@id\":\"https:\/\/staging.lucky-hunter.com\/#website\"},\"primaryImageOfPage\":{\"@id\":\"https:\/\/staging.lucky-hunter.com\/product\/avian-x-power-swimmer-gadwall\/#primaryimage\"},\"image\":{\"@id\":\"https:\/\/staging.lucky-hunter.com\/product\/avian-x-power-swimmer-gadwall\/#primaryimage\"},\"thumbnailUrl\":\"https:\/\/staging.lucky-hunter.com\/wp-content\/uploads\/2024\/06\/LF-341-1-e1717663834397.png\",\"datePublished\":\"2024-06-06T08:47:27+00:00\",\"dateModified\":\"2025-06-23T12:54:53+00:00\",\"description\":\"Un forme nageur comme cet Avian-X Swimmer peut vraiment faire la diff\u00e9rence lors des journ\u00e9es calmes avec une eau plate, que vous soyez sur le fjord ou au bord d'un lac.\",\"breadcrumb\":{\"@id\":\"https:\/\/staging.lucky-hunter.com\/product\/avian-x-power-swimmer-gadwall\/#breadcrumb\"},\"inLanguage\":\"fr-FR\",\"potentialAction\":[{\"@type\":\"ReadAction\",\"target\":[\"https:\/\/staging.lucky-hunter.com\/product\/avian-x-power-swimmer-gadwall\/\"]}]},{\"@type\":\"ImageObject\",\"inLanguage\":\"fr-FR\",\"@id\":\"https:\/\/staging.lucky-hunter.com\/product\/avian-x-power-swimmer-gadwall\/#primaryimage\",\"url\":\"https:\/\/staging.lucky-hunter.com\/wp-content\/uploads\/2024\/06\/LF-341-1-e1717663834397.png\",\"contentUrl\":\"https:\/\/staging.lucky-hunter.com\/wp-content\/uploads\/2024\/06\/LF-341-1-e1717663834397.png\",\"width\":2400,\"height\":2400},{\"@type\":\"BreadcrumbList\",\"@id\":\"https:\/\/staging.lucky-hunter.com\/product\/avian-x-power-swimmer-gadwall\/#breadcrumb\",\"itemListElement\":[{\"@type\":\"ListItem\",\"position\":1,\"name\":\"Home\",\"item\":\"https:\/\/staging.lucky-hunter.com\/fr\/\"},{\"@type\":\"ListItem\",\"position\":2,\"name\":\"Boutique\",\"item\":\"https:\/\/staging.lucky-hunter.com\/fr\/shop\/\"},{\"@type\":\"ListItem\",\"position\":3,\"name\":\"Power Swimmer Chipeau &#8211; Avian-X\"}]},{\"@type\":\"WebSite\",\"@id\":\"https:\/\/staging.lucky-hunter.com\/#website\",\"url\":\"https:\/\/staging.lucky-hunter.com\/\",\"name\":\"Lucky-Hunter\",\"description\":\"Gear Up or Give Up\",\"potentialAction\":[{\"@type\":\"SearchAction\",\"target\":{\"@type\":\"EntryPoint\",\"urlTemplate\":\"https:\/\/staging.lucky-hunter.com\/?s={search_term_string}\"},\"query-input\":{\"@type\":\"PropertyValueSpecification\",\"valueRequired\":true,\"valueName\":\"search_term_string\"}}],\"inLanguage\":\"fr-FR\"}]}<\/script>\n<!-- \/ Yoast SEO plugin. -->","yoast_head_json":{"title":"Power Swimmer Chipeau - Avian-X |","description":"Un forme nageur comme cet Avian-X Swimmer peut vraiment faire la diff\u00e9rence lors des journ\u00e9es calmes avec une eau plate, que vous soyez sur le fjord ou au bord d'un lac.","robots":{"index":"noindex","follow":"follow","max-snippet":"max-snippet:-1","max-image-preview":"max-image-preview:large","max-video-preview":"max-video-preview:-1"},"og_locale":"fr_FR","og_type":"article","og_title":"Power Swimmer Chipeau - Avian-X |","og_description":"Un forme nageur comme cet Avian-X Swimmer peut vraiment faire la diff\u00e9rence lors des journ\u00e9es calmes avec une eau plate, que vous soyez sur le fjord ou au bord d'un lac.","og_url":"https:\/\/staging.lucky-hunter.com\/product\/avian-x-power-swimmer-gadwall\/","og_site_name":"Lucky-Hunter","article_modified_time":"2025-06-23T12:54:53+00:00","og_image":[{"url":"https:\/\/staging.lucky-hunter.com\/wp-content\/uploads\/2024\/06\/LF-341-1-e1717663834397.png","width":2400,"height":2400,"type":"image\/png"}],"twitter_card":"summary_large_image","twitter_misc":{"Dur\u00e9e de lecture estim\u00e9e":"1 minute"},"schema":{"@context":"https:\/\/schema.org","@graph":[{"@type":"WebPage","@id":"https:\/\/staging.lucky-hunter.com\/product\/avian-x-power-swimmer-gadwall\/","url":"https:\/\/staging.lucky-hunter.com\/product\/avian-x-power-swimmer-gadwall\/","name":"Power Swimmer Chipeau - Avian-X |","isPartOf":{"@id":"https:\/\/staging.lucky-hunter.com\/#website"},"primaryImageOfPage":{"@id":"https:\/\/staging.lucky-hunter.com\/product\/avian-x-power-swimmer-gadwall\/#primaryimage"},"image":{"@id":"https:\/\/staging.lucky-hunter.com\/product\/avian-x-power-swimmer-gadwall\/#primaryimage"},"thumbnailUrl":"https:\/\/staging.lucky-hunter.com\/wp-content\/uploads\/2024\/06\/LF-341-1-e1717663834397.png","datePublished":"2024-06-06T08:47:27+00:00","dateModified":"2025-06-23T12:54:53+00:00","description":"Un forme nageur comme cet Avian-X Swimmer peut vraiment faire la diff\u00e9rence lors des journ\u00e9es calmes avec une eau plate, que vous soyez sur le fjord ou au bord d'un lac.","breadcrumb":{"@id":"https:\/\/staging.lucky-hunter.com\/product\/avian-x-power-swimmer-gadwall\/#breadcrumb"},"inLanguage":"fr-FR","potentialAction":[{"@type":"ReadAction","target":["https:\/\/staging.lucky-hunter.com\/product\/avian-x-power-swimmer-gadwall\/"]}]},{"@type":"ImageObject","inLanguage":"fr-FR","@id":"https:\/\/staging.lucky-hunter.com\/product\/avian-x-power-swimmer-gadwall\/#primaryimage","url":"https:\/\/staging.lucky-hunter.com\/wp-content\/uploads\/2024\/06\/LF-341-1-e1717663834397.png","contentUrl":"https:\/\/staging.lucky-hunter.com\/wp-content\/uploads\/2024\/06\/LF-341-1-e1717663834397.png","width":2400,"height":2400},{"@type":"BreadcrumbList","@id":"https:\/\/staging.lucky-hunter.com\/product\/avian-x-power-swimmer-gadwall\/#breadcrumb","itemListElement":[{"@type":"ListItem","position":1,"name":"Home","item":"https:\/\/staging.lucky-hunter.com\/fr\/"},{"@type":"ListItem","position":2,"name":"Boutique","item":"https:\/\/staging.lucky-hunter.com\/fr\/shop\/"},{"@type":"ListItem","position":3,"name":"Power Swimmer Chipeau &#8211; Avian-X"}]},{"@type":"WebSite","@id":"https:\/\/staging.lucky-hunter.com\/#website","url":"https:\/\/staging.lucky-hunter.com\/","name":"Lucky-Hunter","description":"Gear Up or Give Up","potentialAction":[{"@type":"SearchAction","target":{"@type":"EntryPoint","urlTemplate":"https:\/\/staging.lucky-hunter.com\/?s={search_term_string}"},"query-input":{"@type":"PropertyValueSpecification","valueRequired":true,"valueName":"search_term_string"}}],"inLanguage":"fr-FR"}]}},"_links":{"self":[{"href":"https:\/\/staging.lucky-hunter.com\/fr\/wp-json\/wp\/v2\/product\/159470"}],"collection":[{"href":"https:\/\/staging.lucky-hunter.com\/fr\/wp-json\/wp\/v2\/product"}],"about":[{"href":"https:\/\/staging.lucky-hunter.com\/fr\/wp-json\/wp\/v2\/types\/product"}],"wp:featuredmedia":[{"embeddable":true,"href":"https:\/\/staging.lucky-hunter.com\/fr\/wp-json\/wp\/v2\/media\/159478"}],"wp:attachment":[{"href":"https:\/\/staging.lucky-hunter.com\/fr\/wp-json\/wp\/v2\/media?parent=159470"}],"wp:term":[{"taxonomy":"product_brand","embeddable":true,"href":"https:\/\/staging.lucky-hunter.com\/fr\/wp-json\/wp\/v2\/product_brand?post=159470"},{"taxonomy":"product_cat","embeddable":true,"href":"https:\/\/staging.lucky-hunter.com\/fr\/wp-json\/wp\/v2\/product_cat?post=159470"},{"taxonomy":"product_tag","embeddable":true,"href":"https:\/\/staging.lucky-hunter.com\/fr\/wp-json\/wp\/v2\/product_tag?post=159470"}],"curies":[{"name":"wp","href":"https:\/\/api.w.org\/{rel}","templated":true}]}}