{"id":1551437,"date":"2025-09-30T14:54:43","date_gmt":"2025-09-30T12:54:43","guid":{"rendered":"https:\/\/staging.lucky-hunter.com\/product\/gel-attractif-pour-martre-boite-de-250-ml-eurohunt\/"},"modified":"2025-09-30T14:54:43","modified_gmt":"2025-09-30T12:54:43","slug":"gel-attractif-pour-martre-boite-de-250-ml-eurohunt","status":"publish","type":"product","link":"https:\/\/staging.lucky-hunter.com\/fr\/product\/gel-attractif-pour-martre-boite-de-250-ml-eurohunt\/","title":{"rendered":"Gel attractif pour martre, bo\u00eete de 250 ml &#8211; Eurohunt"},"content":{"rendered":"<h2><strong>App\u00e2t sp\u00e9cialement con\u00e7u pour attirer les martres, les renards et les petits rongeurs<\/strong><\/h2>\n<div>Il est conseill\u00e9 de m\u00e9langer l&#8217;app\u00e2t (une portion de la taille d&#8217;une prune) avec des aliments appropri\u00e9s.<\/div>\n<div><\/div>\n<div>L&#8217;app\u00e2t est pr\u00eat \u00e0 l&#8217;emploi et des gants sont fournis pour faciliter la pr\u00e9paration de la portion.<\/div>\n<div><\/div>\n<div>Il s&#8217;agit d&#8217;un app\u00e2t et non d&#8217;un poison pour martres ; il ne contient donc aucun ingr\u00e9dient toxique.<\/div>\n<div><\/div>\n<div>Fabriqu\u00e9 en Allemagne selon les normes de qualit\u00e9 allemandes.<\/div>\n<div><\/div>\n<div>Contient de l&#8217;an\u00e9thol, qui peut provoquer des r\u00e9actions allergiques au contact de la peau.<\/div>\n<div><\/div>\n<div>Conditionn\u00e9 dans une bo\u00eete pratique de 250 g.<\/div>\n","protected":false},"excerpt":{"rendered":"<p>App\u00e2t sp\u00e9cialement con\u00e7u pour attirer les martres, les renards et les petits rongeurs. Il est conseill\u00e9 de m\u00e9langer l&#8217;app\u00e2t avec des aliments appropri\u00e9s.<\/p>\n","protected":false},"featured_media":1551376,"template":"","meta":[],"product_brand":[8196],"product_cat":[8900],"product_tag":[],"yoast_head":"<!-- This site is optimized with the Yoast SEO plugin v24.3 - https:\/\/yoast.com\/wordpress\/plugins\/seo\/ -->\n<title>Gel attractif pour martre, bo\u00eete de 250 ml - Eurohunt - Lucky-Hunter<\/title>\n<meta name=\"description\" content=\"App\u00e2t sp\u00e9cialement con\u00e7u pour attirer les martres, les renards et les petits rongeurs. Il est conseill\u00e9 de m\u00e9langer l&#039;app\u00e2t avec des aliments appropri\u00e9s.\" \/>\n<meta name=\"robots\" content=\"noindex, follow, max-snippet:-1, max-image-preview:large, max-video-preview:-1\" \/>\n<meta property=\"og:locale\" content=\"fr_FR\" \/>\n<meta property=\"og:type\" content=\"article\" \/>\n<meta property=\"og:title\" content=\"Gel attractif pour martre, bo\u00eete de 250 ml - Eurohunt - Lucky-Hunter\" \/>\n<meta property=\"og:description\" content=\"App\u00e2t sp\u00e9cialement con\u00e7u pour attirer les martres, les renards et les petits rongeurs. Il est conseill\u00e9 de m\u00e9langer l&#039;app\u00e2t avec des aliments appropri\u00e9s.\" \/>\n<meta property=\"og:url\" content=\"https:\/\/staging.lucky-hunter.com\/fr\/product\/gel-attractif-pour-martre-boite-de-250-ml-eurohunt\/\" \/>\n<meta property=\"og:site_name\" content=\"Lucky-Hunter\" \/>\n<meta property=\"og:image\" content=\"https:\/\/staging.lucky-hunter.com\/wp-content\/uploads\/2025\/09\/590298-removebg-e1759236871911.png\" \/>\n\t<meta property=\"og:image:width\" content=\"1800\" \/>\n\t<meta property=\"og:image:height\" content=\"1800\" \/>\n\t<meta property=\"og:image:type\" content=\"image\/png\" \/>\n<meta name=\"twitter:card\" content=\"summary_large_image\" \/>\n<meta name=\"twitter:label1\" content=\"Dur\u00e9e de lecture estim\u00e9e\" \/>\n\t<meta name=\"twitter:data1\" content=\"1 minute\" \/>\n<script type=\"application\/ld+json\" class=\"yoast-schema-graph\">{\"@context\":\"https:\/\/schema.org\",\"@graph\":[{\"@type\":\"WebPage\",\"@id\":\"https:\/\/staging.lucky-hunter.com\/fr\/product\/gel-attractif-pour-martre-boite-de-250-ml-eurohunt\/\",\"url\":\"https:\/\/staging.lucky-hunter.com\/fr\/product\/gel-attractif-pour-martre-boite-de-250-ml-eurohunt\/\",\"name\":\"Gel attractif pour martre, bo\u00eete de 250 ml - Eurohunt - Lucky-Hunter\",\"isPartOf\":{\"@id\":\"https:\/\/staging.lucky-hunter.com\/#website\"},\"primaryImageOfPage\":{\"@id\":\"https:\/\/staging.lucky-hunter.com\/fr\/product\/gel-attractif-pour-martre-boite-de-250-ml-eurohunt\/#primaryimage\"},\"image\":{\"@id\":\"https:\/\/staging.lucky-hunter.com\/fr\/product\/gel-attractif-pour-martre-boite-de-250-ml-eurohunt\/#primaryimage\"},\"thumbnailUrl\":\"https:\/\/staging.lucky-hunter.com\/wp-content\/uploads\/2025\/09\/590298-removebg-e1759236871911.png\",\"datePublished\":\"2025-09-30T12:54:43+00:00\",\"dateModified\":\"2025-09-30T12:54:43+00:00\",\"description\":\"App\u00e2t sp\u00e9cialement con\u00e7u pour attirer les martres, les renards et les petits rongeurs. Il est conseill\u00e9 de m\u00e9langer l'app\u00e2t avec des aliments appropri\u00e9s.\",\"breadcrumb\":{\"@id\":\"https:\/\/staging.lucky-hunter.com\/fr\/product\/gel-attractif-pour-martre-boite-de-250-ml-eurohunt\/#breadcrumb\"},\"inLanguage\":\"fr-FR\",\"potentialAction\":[{\"@type\":\"ReadAction\",\"target\":[\"https:\/\/staging.lucky-hunter.com\/fr\/product\/gel-attractif-pour-martre-boite-de-250-ml-eurohunt\/\"]}]},{\"@type\":\"ImageObject\",\"inLanguage\":\"fr-FR\",\"@id\":\"https:\/\/staging.lucky-hunter.com\/fr\/product\/gel-attractif-pour-martre-boite-de-250-ml-eurohunt\/#primaryimage\",\"url\":\"https:\/\/staging.lucky-hunter.com\/wp-content\/uploads\/2025\/09\/590298-removebg-e1759236871911.png\",\"contentUrl\":\"https:\/\/staging.lucky-hunter.com\/wp-content\/uploads\/2025\/09\/590298-removebg-e1759236871911.png\",\"width\":1800,\"height\":1800},{\"@type\":\"BreadcrumbList\",\"@id\":\"https:\/\/staging.lucky-hunter.com\/fr\/product\/gel-attractif-pour-martre-boite-de-250-ml-eurohunt\/#breadcrumb\",\"itemListElement\":[{\"@type\":\"ListItem\",\"position\":1,\"name\":\"Home\",\"item\":\"https:\/\/staging.lucky-hunter.com\/fr\/\"},{\"@type\":\"ListItem\",\"position\":2,\"name\":\"Boutique\",\"item\":\"https:\/\/staging.lucky-hunter.com\/fr\/shop\/\"},{\"@type\":\"ListItem\",\"position\":3,\"name\":\"Gel attractif pour martre, bo\u00eete de 250 ml &#8211; Eurohunt\"}]},{\"@type\":\"WebSite\",\"@id\":\"https:\/\/staging.lucky-hunter.com\/#website\",\"url\":\"https:\/\/staging.lucky-hunter.com\/\",\"name\":\"Lucky-Hunter\",\"description\":\"Gear Up or Give Up\",\"potentialAction\":[{\"@type\":\"SearchAction\",\"target\":{\"@type\":\"EntryPoint\",\"urlTemplate\":\"https:\/\/staging.lucky-hunter.com\/?s={search_term_string}\"},\"query-input\":{\"@type\":\"PropertyValueSpecification\",\"valueRequired\":true,\"valueName\":\"search_term_string\"}}],\"inLanguage\":\"fr-FR\"}]}<\/script>\n<!-- \/ Yoast SEO plugin. -->","yoast_head_json":{"title":"Gel attractif pour martre, bo\u00eete de 250 ml - Eurohunt - Lucky-Hunter","description":"App\u00e2t sp\u00e9cialement con\u00e7u pour attirer les martres, les renards et les petits rongeurs. Il est conseill\u00e9 de m\u00e9langer l'app\u00e2t avec des aliments appropri\u00e9s.","robots":{"index":"noindex","follow":"follow","max-snippet":"max-snippet:-1","max-image-preview":"max-image-preview:large","max-video-preview":"max-video-preview:-1"},"og_locale":"fr_FR","og_type":"article","og_title":"Gel attractif pour martre, bo\u00eete de 250 ml - Eurohunt - Lucky-Hunter","og_description":"App\u00e2t sp\u00e9cialement con\u00e7u pour attirer les martres, les renards et les petits rongeurs. Il est conseill\u00e9 de m\u00e9langer l'app\u00e2t avec des aliments appropri\u00e9s.","og_url":"https:\/\/staging.lucky-hunter.com\/fr\/product\/gel-attractif-pour-martre-boite-de-250-ml-eurohunt\/","og_site_name":"Lucky-Hunter","og_image":[{"width":1800,"height":1800,"url":"https:\/\/staging.lucky-hunter.com\/wp-content\/uploads\/2025\/09\/590298-removebg-e1759236871911.png","type":"image\/png"}],"twitter_card":"summary_large_image","twitter_misc":{"Dur\u00e9e de lecture estim\u00e9e":"1 minute"},"schema":{"@context":"https:\/\/schema.org","@graph":[{"@type":"WebPage","@id":"https:\/\/staging.lucky-hunter.com\/fr\/product\/gel-attractif-pour-martre-boite-de-250-ml-eurohunt\/","url":"https:\/\/staging.lucky-hunter.com\/fr\/product\/gel-attractif-pour-martre-boite-de-250-ml-eurohunt\/","name":"Gel attractif pour martre, bo\u00eete de 250 ml - Eurohunt - Lucky-Hunter","isPartOf":{"@id":"https:\/\/staging.lucky-hunter.com\/#website"},"primaryImageOfPage":{"@id":"https:\/\/staging.lucky-hunter.com\/fr\/product\/gel-attractif-pour-martre-boite-de-250-ml-eurohunt\/#primaryimage"},"image":{"@id":"https:\/\/staging.lucky-hunter.com\/fr\/product\/gel-attractif-pour-martre-boite-de-250-ml-eurohunt\/#primaryimage"},"thumbnailUrl":"https:\/\/staging.lucky-hunter.com\/wp-content\/uploads\/2025\/09\/590298-removebg-e1759236871911.png","datePublished":"2025-09-30T12:54:43+00:00","dateModified":"2025-09-30T12:54:43+00:00","description":"App\u00e2t sp\u00e9cialement con\u00e7u pour attirer les martres, les renards et les petits rongeurs. Il est conseill\u00e9 de m\u00e9langer l'app\u00e2t avec des aliments appropri\u00e9s.","breadcrumb":{"@id":"https:\/\/staging.lucky-hunter.com\/fr\/product\/gel-attractif-pour-martre-boite-de-250-ml-eurohunt\/#breadcrumb"},"inLanguage":"fr-FR","potentialAction":[{"@type":"ReadAction","target":["https:\/\/staging.lucky-hunter.com\/fr\/product\/gel-attractif-pour-martre-boite-de-250-ml-eurohunt\/"]}]},{"@type":"ImageObject","inLanguage":"fr-FR","@id":"https:\/\/staging.lucky-hunter.com\/fr\/product\/gel-attractif-pour-martre-boite-de-250-ml-eurohunt\/#primaryimage","url":"https:\/\/staging.lucky-hunter.com\/wp-content\/uploads\/2025\/09\/590298-removebg-e1759236871911.png","contentUrl":"https:\/\/staging.lucky-hunter.com\/wp-content\/uploads\/2025\/09\/590298-removebg-e1759236871911.png","width":1800,"height":1800},{"@type":"BreadcrumbList","@id":"https:\/\/staging.lucky-hunter.com\/fr\/product\/gel-attractif-pour-martre-boite-de-250-ml-eurohunt\/#breadcrumb","itemListElement":[{"@type":"ListItem","position":1,"name":"Home","item":"https:\/\/staging.lucky-hunter.com\/fr\/"},{"@type":"ListItem","position":2,"name":"Boutique","item":"https:\/\/staging.lucky-hunter.com\/fr\/shop\/"},{"@type":"ListItem","position":3,"name":"Gel attractif pour martre, bo\u00eete de 250 ml &#8211; Eurohunt"}]},{"@type":"WebSite","@id":"https:\/\/staging.lucky-hunter.com\/#website","url":"https:\/\/staging.lucky-hunter.com\/","name":"Lucky-Hunter","description":"Gear Up or Give Up","potentialAction":[{"@type":"SearchAction","target":{"@type":"EntryPoint","urlTemplate":"https:\/\/staging.lucky-hunter.com\/?s={search_term_string}"},"query-input":{"@type":"PropertyValueSpecification","valueRequired":true,"valueName":"search_term_string"}}],"inLanguage":"fr-FR"}]}},"_links":{"self":[{"href":"https:\/\/staging.lucky-hunter.com\/fr\/wp-json\/wp\/v2\/product\/1551437"}],"collection":[{"href":"https:\/\/staging.lucky-hunter.com\/fr\/wp-json\/wp\/v2\/product"}],"about":[{"href":"https:\/\/staging.lucky-hunter.com\/fr\/wp-json\/wp\/v2\/types\/product"}],"wp:featuredmedia":[{"embeddable":true,"href":"https:\/\/staging.lucky-hunter.com\/fr\/wp-json\/wp\/v2\/media\/1551376"}],"wp:attachment":[{"href":"https:\/\/staging.lucky-hunter.com\/fr\/wp-json\/wp\/v2\/media?parent=1551437"}],"wp:term":[{"taxonomy":"product_brand","embeddable":true,"href":"https:\/\/staging.lucky-hunter.com\/fr\/wp-json\/wp\/v2\/product_brand?post=1551437"},{"taxonomy":"product_cat","embeddable":true,"href":"https:\/\/staging.lucky-hunter.com\/fr\/wp-json\/wp\/v2\/product_cat?post=1551437"},{"taxonomy":"product_tag","embeddable":true,"href":"https:\/\/staging.lucky-hunter.com\/fr\/wp-json\/wp\/v2\/product_tag?post=1551437"}],"curies":[{"name":"wp","href":"https:\/\/api.w.org\/{rel}","templated":true}]}}