{"id":1526571,"date":"2025-09-25T11:34:04","date_gmt":"2025-09-25T09:34:04","guid":{"rendered":"https:\/\/staging.lucky-hunter.com\/product\/filet-de-camouflage-differentes-couleurs-2-x-2-metres\/"},"modified":"2025-09-25T11:34:04","modified_gmt":"2025-09-25T09:34:04","slug":"filet-de-camouflage-differentes-couleurs-2-x-2-metres","status":"publish","type":"product","link":"https:\/\/staging.lucky-hunter.com\/fr\/product\/filet-de-camouflage-differentes-couleurs-2-x-2-metres\/","title":{"rendered":"Filet de camouflage &#8211; Diff\u00e9rentes couleurs 2 x 2 m\u00e8tres"},"content":{"rendered":"<div>Avec un filet de camouflage sur votre \u00e9chelle ou votre abri de chasse, vous pouvez vous cacher compl\u00e8tement sans que vos mouvements ne vous trahissent.<\/div>\n<div><\/div>\n<div>Choisissez parmi les couleurs : Blanc, Jungle ou Woodland (For\u00eat).<\/div>\n<div><\/div>\n<div>Dimensions : 2 x 2 m\u00e8tres.<\/div>\n<div><\/div>\n<div>Fabriqu\u00e9 en polyester r\u00e9sistant.<\/div>\n<div><\/div>\n<div>Lavable \u00e0 30 degr\u00e9s.<\/div>\n","protected":false},"excerpt":{"rendered":"<p>Avec un filet de camouflage sur votre \u00e9chelle ou votre abri de chasse, vous pouvez vous cacher compl\u00e8tement sans que vos mouvements ne vous trahissent.<\/p>\n","protected":false},"featured_media":1526523,"template":"","meta":[],"product_brand":[8121],"product_cat":[8164],"product_tag":[],"yoast_head":"<!-- This site is optimized with the Yoast SEO plugin v24.3 - https:\/\/yoast.com\/wordpress\/plugins\/seo\/ -->\n<title>Filet de camouflage - Diff\u00e9rentes couleurs 2 x 2 m\u00e8tres - Lucky-Hunter<\/title>\n<meta name=\"description\" content=\"Avec un filet de camouflage sur votre \u00e9chelle ou votre abri de chasse, vous pouvez vous cacher compl\u00e8tement sans que vos mouvements ne vous trahissent.\" \/>\n<meta name=\"robots\" content=\"noindex, follow, max-snippet:-1, max-image-preview:large, max-video-preview:-1\" \/>\n<meta property=\"og:locale\" content=\"fr_FR\" \/>\n<meta property=\"og:type\" content=\"article\" \/>\n<meta property=\"og:title\" content=\"Filet de camouflage - Diff\u00e9rentes couleurs 2 x 2 m\u00e8tres - Lucky-Hunter\" \/>\n<meta property=\"og:description\" content=\"Avec un filet de camouflage sur votre \u00e9chelle ou votre abri de chasse, vous pouvez vous cacher compl\u00e8tement sans que vos mouvements ne vous trahissent.\" \/>\n<meta property=\"og:url\" content=\"https:\/\/staging.lucky-hunter.com\/fr\/product\/filet-de-camouflage-differentes-couleurs-2-x-2-metres\/\" \/>\n<meta property=\"og:site_name\" content=\"Lucky-Hunter\" \/>\n<meta property=\"og:image\" content=\"https:\/\/staging.lucky-hunter.com\/wp-content\/uploads\/2025\/09\/IMG_7671-removebg-e1758792510941.png\" \/>\n\t<meta property=\"og:image:width\" content=\"3024\" \/>\n\t<meta property=\"og:image:height\" content=\"4032\" \/>\n\t<meta property=\"og:image:type\" content=\"image\/png\" \/>\n<meta name=\"twitter:card\" content=\"summary_large_image\" \/>\n<script type=\"application\/ld+json\" class=\"yoast-schema-graph\">{\"@context\":\"https:\/\/schema.org\",\"@graph\":[{\"@type\":\"WebPage\",\"@id\":\"https:\/\/staging.lucky-hunter.com\/fr\/product\/filet-de-camouflage-differentes-couleurs-2-x-2-metres\/\",\"url\":\"https:\/\/staging.lucky-hunter.com\/fr\/product\/filet-de-camouflage-differentes-couleurs-2-x-2-metres\/\",\"name\":\"Filet de camouflage - Diff\u00e9rentes couleurs 2 x 2 m\u00e8tres - Lucky-Hunter\",\"isPartOf\":{\"@id\":\"https:\/\/staging.lucky-hunter.com\/#website\"},\"primaryImageOfPage\":{\"@id\":\"https:\/\/staging.lucky-hunter.com\/fr\/product\/filet-de-camouflage-differentes-couleurs-2-x-2-metres\/#primaryimage\"},\"image\":{\"@id\":\"https:\/\/staging.lucky-hunter.com\/fr\/product\/filet-de-camouflage-differentes-couleurs-2-x-2-metres\/#primaryimage\"},\"thumbnailUrl\":\"https:\/\/staging.lucky-hunter.com\/wp-content\/uploads\/2025\/09\/IMG_7671-removebg-e1758792510941.png\",\"datePublished\":\"2025-09-25T09:34:04+00:00\",\"dateModified\":\"2025-09-25T09:34:04+00:00\",\"description\":\"Avec un filet de camouflage sur votre \u00e9chelle ou votre abri de chasse, vous pouvez vous cacher compl\u00e8tement sans que vos mouvements ne vous trahissent.\",\"breadcrumb\":{\"@id\":\"https:\/\/staging.lucky-hunter.com\/fr\/product\/filet-de-camouflage-differentes-couleurs-2-x-2-metres\/#breadcrumb\"},\"inLanguage\":\"fr-FR\",\"potentialAction\":[{\"@type\":\"ReadAction\",\"target\":[\"https:\/\/staging.lucky-hunter.com\/fr\/product\/filet-de-camouflage-differentes-couleurs-2-x-2-metres\/\"]}]},{\"@type\":\"ImageObject\",\"inLanguage\":\"fr-FR\",\"@id\":\"https:\/\/staging.lucky-hunter.com\/fr\/product\/filet-de-camouflage-differentes-couleurs-2-x-2-metres\/#primaryimage\",\"url\":\"https:\/\/staging.lucky-hunter.com\/wp-content\/uploads\/2025\/09\/IMG_7671-removebg-e1758792510941.png\",\"contentUrl\":\"https:\/\/staging.lucky-hunter.com\/wp-content\/uploads\/2025\/09\/IMG_7671-removebg-e1758792510941.png\",\"width\":3024,\"height\":4032},{\"@type\":\"BreadcrumbList\",\"@id\":\"https:\/\/staging.lucky-hunter.com\/fr\/product\/filet-de-camouflage-differentes-couleurs-2-x-2-metres\/#breadcrumb\",\"itemListElement\":[{\"@type\":\"ListItem\",\"position\":1,\"name\":\"Home\",\"item\":\"https:\/\/staging.lucky-hunter.com\/fr\/\"},{\"@type\":\"ListItem\",\"position\":2,\"name\":\"Boutique\",\"item\":\"https:\/\/staging.lucky-hunter.com\/fr\/shop\/\"},{\"@type\":\"ListItem\",\"position\":3,\"name\":\"Filet de camouflage &#8211; Diff\u00e9rentes couleurs 2 x 2 m\u00e8tres\"}]},{\"@type\":\"WebSite\",\"@id\":\"https:\/\/staging.lucky-hunter.com\/#website\",\"url\":\"https:\/\/staging.lucky-hunter.com\/\",\"name\":\"Lucky-Hunter\",\"description\":\"Gear Up or Give Up\",\"potentialAction\":[{\"@type\":\"SearchAction\",\"target\":{\"@type\":\"EntryPoint\",\"urlTemplate\":\"https:\/\/staging.lucky-hunter.com\/?s={search_term_string}\"},\"query-input\":{\"@type\":\"PropertyValueSpecification\",\"valueRequired\":true,\"valueName\":\"search_term_string\"}}],\"inLanguage\":\"fr-FR\"}]}<\/script>\n<!-- \/ Yoast SEO plugin. -->","yoast_head_json":{"title":"Filet de camouflage - Diff\u00e9rentes couleurs 2 x 2 m\u00e8tres - Lucky-Hunter","description":"Avec un filet de camouflage sur votre \u00e9chelle ou votre abri de chasse, vous pouvez vous cacher compl\u00e8tement sans que vos mouvements ne vous trahissent.","robots":{"index":"noindex","follow":"follow","max-snippet":"max-snippet:-1","max-image-preview":"max-image-preview:large","max-video-preview":"max-video-preview:-1"},"og_locale":"fr_FR","og_type":"article","og_title":"Filet de camouflage - Diff\u00e9rentes couleurs 2 x 2 m\u00e8tres - Lucky-Hunter","og_description":"Avec un filet de camouflage sur votre \u00e9chelle ou votre abri de chasse, vous pouvez vous cacher compl\u00e8tement sans que vos mouvements ne vous trahissent.","og_url":"https:\/\/staging.lucky-hunter.com\/fr\/product\/filet-de-camouflage-differentes-couleurs-2-x-2-metres\/","og_site_name":"Lucky-Hunter","og_image":[{"url":"https:\/\/staging.lucky-hunter.com\/wp-content\/uploads\/2025\/09\/IMG_7671-removebg-e1758792510941.png","width":3024,"height":4032,"type":"image\/png"}],"twitter_card":"summary_large_image","schema":{"@context":"https:\/\/schema.org","@graph":[{"@type":"WebPage","@id":"https:\/\/staging.lucky-hunter.com\/fr\/product\/filet-de-camouflage-differentes-couleurs-2-x-2-metres\/","url":"https:\/\/staging.lucky-hunter.com\/fr\/product\/filet-de-camouflage-differentes-couleurs-2-x-2-metres\/","name":"Filet de camouflage - Diff\u00e9rentes couleurs 2 x 2 m\u00e8tres - Lucky-Hunter","isPartOf":{"@id":"https:\/\/staging.lucky-hunter.com\/#website"},"primaryImageOfPage":{"@id":"https:\/\/staging.lucky-hunter.com\/fr\/product\/filet-de-camouflage-differentes-couleurs-2-x-2-metres\/#primaryimage"},"image":{"@id":"https:\/\/staging.lucky-hunter.com\/fr\/product\/filet-de-camouflage-differentes-couleurs-2-x-2-metres\/#primaryimage"},"thumbnailUrl":"https:\/\/staging.lucky-hunter.com\/wp-content\/uploads\/2025\/09\/IMG_7671-removebg-e1758792510941.png","datePublished":"2025-09-25T09:34:04+00:00","dateModified":"2025-09-25T09:34:04+00:00","description":"Avec un filet de camouflage sur votre \u00e9chelle ou votre abri de chasse, vous pouvez vous cacher compl\u00e8tement sans que vos mouvements ne vous trahissent.","breadcrumb":{"@id":"https:\/\/staging.lucky-hunter.com\/fr\/product\/filet-de-camouflage-differentes-couleurs-2-x-2-metres\/#breadcrumb"},"inLanguage":"fr-FR","potentialAction":[{"@type":"ReadAction","target":["https:\/\/staging.lucky-hunter.com\/fr\/product\/filet-de-camouflage-differentes-couleurs-2-x-2-metres\/"]}]},{"@type":"ImageObject","inLanguage":"fr-FR","@id":"https:\/\/staging.lucky-hunter.com\/fr\/product\/filet-de-camouflage-differentes-couleurs-2-x-2-metres\/#primaryimage","url":"https:\/\/staging.lucky-hunter.com\/wp-content\/uploads\/2025\/09\/IMG_7671-removebg-e1758792510941.png","contentUrl":"https:\/\/staging.lucky-hunter.com\/wp-content\/uploads\/2025\/09\/IMG_7671-removebg-e1758792510941.png","width":3024,"height":4032},{"@type":"BreadcrumbList","@id":"https:\/\/staging.lucky-hunter.com\/fr\/product\/filet-de-camouflage-differentes-couleurs-2-x-2-metres\/#breadcrumb","itemListElement":[{"@type":"ListItem","position":1,"name":"Home","item":"https:\/\/staging.lucky-hunter.com\/fr\/"},{"@type":"ListItem","position":2,"name":"Boutique","item":"https:\/\/staging.lucky-hunter.com\/fr\/shop\/"},{"@type":"ListItem","position":3,"name":"Filet de camouflage &#8211; Diff\u00e9rentes couleurs 2 x 2 m\u00e8tres"}]},{"@type":"WebSite","@id":"https:\/\/staging.lucky-hunter.com\/#website","url":"https:\/\/staging.lucky-hunter.com\/","name":"Lucky-Hunter","description":"Gear Up or Give Up","potentialAction":[{"@type":"SearchAction","target":{"@type":"EntryPoint","urlTemplate":"https:\/\/staging.lucky-hunter.com\/?s={search_term_string}"},"query-input":{"@type":"PropertyValueSpecification","valueRequired":true,"valueName":"search_term_string"}}],"inLanguage":"fr-FR"}]}},"_links":{"self":[{"href":"https:\/\/staging.lucky-hunter.com\/fr\/wp-json\/wp\/v2\/product\/1526571"}],"collection":[{"href":"https:\/\/staging.lucky-hunter.com\/fr\/wp-json\/wp\/v2\/product"}],"about":[{"href":"https:\/\/staging.lucky-hunter.com\/fr\/wp-json\/wp\/v2\/types\/product"}],"wp:featuredmedia":[{"embeddable":true,"href":"https:\/\/staging.lucky-hunter.com\/fr\/wp-json\/wp\/v2\/media\/1526523"}],"wp:attachment":[{"href":"https:\/\/staging.lucky-hunter.com\/fr\/wp-json\/wp\/v2\/media?parent=1526571"}],"wp:term":[{"taxonomy":"product_brand","embeddable":true,"href":"https:\/\/staging.lucky-hunter.com\/fr\/wp-json\/wp\/v2\/product_brand?post=1526571"},{"taxonomy":"product_cat","embeddable":true,"href":"https:\/\/staging.lucky-hunter.com\/fr\/wp-json\/wp\/v2\/product_cat?post=1526571"},{"taxonomy":"product_tag","embeddable":true,"href":"https:\/\/staging.lucky-hunter.com\/fr\/wp-json\/wp\/v2\/product_tag?post=1526571"}],"curies":[{"name":"wp","href":"https:\/\/api.w.org\/{rel}","templated":true}]}}