{"id":1512120,"date":"2025-09-22T15:51:25","date_gmt":"2025-09-22T13:51:25","guid":{"rendered":"https:\/\/staging.lucky-hunter.com\/product\/autocollants-pour-cible-de-tir-76-cm-lot-de-200-pieces\/"},"modified":"2025-09-22T15:51:25","modified_gmt":"2025-09-22T13:51:25","slug":"autocollants-pour-cible-de-tir-76-cm-lot-de-200-pieces","status":"publish","type":"product","link":"https:\/\/staging.lucky-hunter.com\/fr\/product\/autocollants-pour-cible-de-tir-76-cm-lot-de-200-pieces\/","title":{"rendered":"Autocollants pour cible de tir (7,6 cm) &#8211; Lot de 200 pi\u00e8ces"},"content":{"rendered":"<h2><strong>Pouvez-vous viser avec pr\u00e9cision ?<\/strong><\/h2>\n<div>Ce rouleau de 200 autocollants pour cible de tir vous permet de vous entra\u00eener \u00e0 la pr\u00e9cision. Il suffit de les coller \u00e0 un endroit appropri\u00e9.<\/div>\n<div><\/div>\n<div>Dimensions de chaque autocollant : 7,6 cm<\/div>\n<div><\/div>\n<div>200 autocollants par rouleau.<\/div>\n","protected":false},"excerpt":{"rendered":"<p>Ce rouleau de 200 autocollants pour cible de tir vous permet de vous entra\u00eener \u00e0 la pr\u00e9cision. Il suffit de les coller \u00e0 un endroit appropri\u00e9.<\/p>\n","protected":false},"featured_media":1512095,"template":"","meta":[],"product_brand":[8121],"product_cat":[8172],"product_tag":[],"yoast_head":"<!-- This site is optimized with the Yoast SEO plugin v24.3 - https:\/\/yoast.com\/wordpress\/plugins\/seo\/ -->\n<title>Autocollants pour cible de tir (7,6 cm) - Lot de 200 pi\u00e8ces - Lucky-Hunter<\/title>\n<meta name=\"description\" content=\"Ce rouleau de 200 autocollants pour cible de tir vous permet de vous entra\u00eener \u00e0 la pr\u00e9cision. Il suffit de les coller \u00e0 un endroit appropri\u00e9.\" \/>\n<meta name=\"robots\" content=\"noindex, follow, max-snippet:-1, max-image-preview:large, max-video-preview:-1\" \/>\n<meta property=\"og:locale\" content=\"fr_FR\" \/>\n<meta property=\"og:type\" content=\"article\" \/>\n<meta property=\"og:title\" content=\"Autocollants pour cible de tir (7,6 cm) - Lot de 200 pi\u00e8ces - Lucky-Hunter\" \/>\n<meta property=\"og:description\" content=\"Ce rouleau de 200 autocollants pour cible de tir vous permet de vous entra\u00eener \u00e0 la pr\u00e9cision. Il suffit de les coller \u00e0 un endroit appropri\u00e9.\" \/>\n<meta property=\"og:url\" content=\"https:\/\/staging.lucky-hunter.com\/fr\/product\/autocollants-pour-cible-de-tir-76-cm-lot-de-200-pieces\/\" \/>\n<meta property=\"og:site_name\" content=\"Lucky-Hunter\" \/>\n<meta property=\"og:image\" content=\"https:\/\/staging.lucky-hunter.com\/wp-content\/uploads\/2025\/09\/IMG_7659-removebg-e1758548964927.png\" \/>\n\t<meta property=\"og:image:width\" content=\"3024\" \/>\n\t<meta property=\"og:image:height\" content=\"4032\" \/>\n\t<meta property=\"og:image:type\" content=\"image\/png\" \/>\n<meta name=\"twitter:card\" content=\"summary_large_image\" \/>\n<script type=\"application\/ld+json\" class=\"yoast-schema-graph\">{\"@context\":\"https:\/\/schema.org\",\"@graph\":[{\"@type\":\"WebPage\",\"@id\":\"https:\/\/staging.lucky-hunter.com\/fr\/product\/autocollants-pour-cible-de-tir-76-cm-lot-de-200-pieces\/\",\"url\":\"https:\/\/staging.lucky-hunter.com\/fr\/product\/autocollants-pour-cible-de-tir-76-cm-lot-de-200-pieces\/\",\"name\":\"Autocollants pour cible de tir (7,6 cm) - Lot de 200 pi\u00e8ces - Lucky-Hunter\",\"isPartOf\":{\"@id\":\"https:\/\/staging.lucky-hunter.com\/#website\"},\"primaryImageOfPage\":{\"@id\":\"https:\/\/staging.lucky-hunter.com\/fr\/product\/autocollants-pour-cible-de-tir-76-cm-lot-de-200-pieces\/#primaryimage\"},\"image\":{\"@id\":\"https:\/\/staging.lucky-hunter.com\/fr\/product\/autocollants-pour-cible-de-tir-76-cm-lot-de-200-pieces\/#primaryimage\"},\"thumbnailUrl\":\"https:\/\/staging.lucky-hunter.com\/wp-content\/uploads\/2025\/09\/IMG_7659-removebg-e1758548964927.png\",\"datePublished\":\"2025-09-22T13:51:25+00:00\",\"dateModified\":\"2025-09-22T13:51:25+00:00\",\"description\":\"Ce rouleau de 200 autocollants pour cible de tir vous permet de vous entra\u00eener \u00e0 la pr\u00e9cision. Il suffit de les coller \u00e0 un endroit appropri\u00e9.\",\"breadcrumb\":{\"@id\":\"https:\/\/staging.lucky-hunter.com\/fr\/product\/autocollants-pour-cible-de-tir-76-cm-lot-de-200-pieces\/#breadcrumb\"},\"inLanguage\":\"fr-FR\",\"potentialAction\":[{\"@type\":\"ReadAction\",\"target\":[\"https:\/\/staging.lucky-hunter.com\/fr\/product\/autocollants-pour-cible-de-tir-76-cm-lot-de-200-pieces\/\"]}]},{\"@type\":\"ImageObject\",\"inLanguage\":\"fr-FR\",\"@id\":\"https:\/\/staging.lucky-hunter.com\/fr\/product\/autocollants-pour-cible-de-tir-76-cm-lot-de-200-pieces\/#primaryimage\",\"url\":\"https:\/\/staging.lucky-hunter.com\/wp-content\/uploads\/2025\/09\/IMG_7659-removebg-e1758548964927.png\",\"contentUrl\":\"https:\/\/staging.lucky-hunter.com\/wp-content\/uploads\/2025\/09\/IMG_7659-removebg-e1758548964927.png\",\"width\":3024,\"height\":4032},{\"@type\":\"BreadcrumbList\",\"@id\":\"https:\/\/staging.lucky-hunter.com\/fr\/product\/autocollants-pour-cible-de-tir-76-cm-lot-de-200-pieces\/#breadcrumb\",\"itemListElement\":[{\"@type\":\"ListItem\",\"position\":1,\"name\":\"Home\",\"item\":\"https:\/\/staging.lucky-hunter.com\/fr\/\"},{\"@type\":\"ListItem\",\"position\":2,\"name\":\"Boutique\",\"item\":\"https:\/\/staging.lucky-hunter.com\/fr\/shop\/\"},{\"@type\":\"ListItem\",\"position\":3,\"name\":\"Autocollants pour cible de tir (7,6 cm) &#8211; Lot de 200 pi\u00e8ces\"}]},{\"@type\":\"WebSite\",\"@id\":\"https:\/\/staging.lucky-hunter.com\/#website\",\"url\":\"https:\/\/staging.lucky-hunter.com\/\",\"name\":\"Lucky-Hunter\",\"description\":\"Gear Up or Give Up\",\"potentialAction\":[{\"@type\":\"SearchAction\",\"target\":{\"@type\":\"EntryPoint\",\"urlTemplate\":\"https:\/\/staging.lucky-hunter.com\/?s={search_term_string}\"},\"query-input\":{\"@type\":\"PropertyValueSpecification\",\"valueRequired\":true,\"valueName\":\"search_term_string\"}}],\"inLanguage\":\"fr-FR\"}]}<\/script>\n<!-- \/ Yoast SEO plugin. -->","yoast_head_json":{"title":"Autocollants pour cible de tir (7,6 cm) - Lot de 200 pi\u00e8ces - Lucky-Hunter","description":"Ce rouleau de 200 autocollants pour cible de tir vous permet de vous entra\u00eener \u00e0 la pr\u00e9cision. Il suffit de les coller \u00e0 un endroit appropri\u00e9.","robots":{"index":"noindex","follow":"follow","max-snippet":"max-snippet:-1","max-image-preview":"max-image-preview:large","max-video-preview":"max-video-preview:-1"},"og_locale":"fr_FR","og_type":"article","og_title":"Autocollants pour cible de tir (7,6 cm) - Lot de 200 pi\u00e8ces - Lucky-Hunter","og_description":"Ce rouleau de 200 autocollants pour cible de tir vous permet de vous entra\u00eener \u00e0 la pr\u00e9cision. Il suffit de les coller \u00e0 un endroit appropri\u00e9.","og_url":"https:\/\/staging.lucky-hunter.com\/fr\/product\/autocollants-pour-cible-de-tir-76-cm-lot-de-200-pieces\/","og_site_name":"Lucky-Hunter","og_image":[{"url":"https:\/\/staging.lucky-hunter.com\/wp-content\/uploads\/2025\/09\/IMG_7659-removebg-e1758548964927.png","width":3024,"height":4032,"type":"image\/png"}],"twitter_card":"summary_large_image","schema":{"@context":"https:\/\/schema.org","@graph":[{"@type":"WebPage","@id":"https:\/\/staging.lucky-hunter.com\/fr\/product\/autocollants-pour-cible-de-tir-76-cm-lot-de-200-pieces\/","url":"https:\/\/staging.lucky-hunter.com\/fr\/product\/autocollants-pour-cible-de-tir-76-cm-lot-de-200-pieces\/","name":"Autocollants pour cible de tir (7,6 cm) - Lot de 200 pi\u00e8ces - Lucky-Hunter","isPartOf":{"@id":"https:\/\/staging.lucky-hunter.com\/#website"},"primaryImageOfPage":{"@id":"https:\/\/staging.lucky-hunter.com\/fr\/product\/autocollants-pour-cible-de-tir-76-cm-lot-de-200-pieces\/#primaryimage"},"image":{"@id":"https:\/\/staging.lucky-hunter.com\/fr\/product\/autocollants-pour-cible-de-tir-76-cm-lot-de-200-pieces\/#primaryimage"},"thumbnailUrl":"https:\/\/staging.lucky-hunter.com\/wp-content\/uploads\/2025\/09\/IMG_7659-removebg-e1758548964927.png","datePublished":"2025-09-22T13:51:25+00:00","dateModified":"2025-09-22T13:51:25+00:00","description":"Ce rouleau de 200 autocollants pour cible de tir vous permet de vous entra\u00eener \u00e0 la pr\u00e9cision. Il suffit de les coller \u00e0 un endroit appropri\u00e9.","breadcrumb":{"@id":"https:\/\/staging.lucky-hunter.com\/fr\/product\/autocollants-pour-cible-de-tir-76-cm-lot-de-200-pieces\/#breadcrumb"},"inLanguage":"fr-FR","potentialAction":[{"@type":"ReadAction","target":["https:\/\/staging.lucky-hunter.com\/fr\/product\/autocollants-pour-cible-de-tir-76-cm-lot-de-200-pieces\/"]}]},{"@type":"ImageObject","inLanguage":"fr-FR","@id":"https:\/\/staging.lucky-hunter.com\/fr\/product\/autocollants-pour-cible-de-tir-76-cm-lot-de-200-pieces\/#primaryimage","url":"https:\/\/staging.lucky-hunter.com\/wp-content\/uploads\/2025\/09\/IMG_7659-removebg-e1758548964927.png","contentUrl":"https:\/\/staging.lucky-hunter.com\/wp-content\/uploads\/2025\/09\/IMG_7659-removebg-e1758548964927.png","width":3024,"height":4032},{"@type":"BreadcrumbList","@id":"https:\/\/staging.lucky-hunter.com\/fr\/product\/autocollants-pour-cible-de-tir-76-cm-lot-de-200-pieces\/#breadcrumb","itemListElement":[{"@type":"ListItem","position":1,"name":"Home","item":"https:\/\/staging.lucky-hunter.com\/fr\/"},{"@type":"ListItem","position":2,"name":"Boutique","item":"https:\/\/staging.lucky-hunter.com\/fr\/shop\/"},{"@type":"ListItem","position":3,"name":"Autocollants pour cible de tir (7,6 cm) &#8211; Lot de 200 pi\u00e8ces"}]},{"@type":"WebSite","@id":"https:\/\/staging.lucky-hunter.com\/#website","url":"https:\/\/staging.lucky-hunter.com\/","name":"Lucky-Hunter","description":"Gear Up or Give Up","potentialAction":[{"@type":"SearchAction","target":{"@type":"EntryPoint","urlTemplate":"https:\/\/staging.lucky-hunter.com\/?s={search_term_string}"},"query-input":{"@type":"PropertyValueSpecification","valueRequired":true,"valueName":"search_term_string"}}],"inLanguage":"fr-FR"}]}},"_links":{"self":[{"href":"https:\/\/staging.lucky-hunter.com\/fr\/wp-json\/wp\/v2\/product\/1512120"}],"collection":[{"href":"https:\/\/staging.lucky-hunter.com\/fr\/wp-json\/wp\/v2\/product"}],"about":[{"href":"https:\/\/staging.lucky-hunter.com\/fr\/wp-json\/wp\/v2\/types\/product"}],"wp:featuredmedia":[{"embeddable":true,"href":"https:\/\/staging.lucky-hunter.com\/fr\/wp-json\/wp\/v2\/media\/1512095"}],"wp:attachment":[{"href":"https:\/\/staging.lucky-hunter.com\/fr\/wp-json\/wp\/v2\/media?parent=1512120"}],"wp:term":[{"taxonomy":"product_brand","embeddable":true,"href":"https:\/\/staging.lucky-hunter.com\/fr\/wp-json\/wp\/v2\/product_brand?post=1512120"},{"taxonomy":"product_cat","embeddable":true,"href":"https:\/\/staging.lucky-hunter.com\/fr\/wp-json\/wp\/v2\/product_cat?post=1512120"},{"taxonomy":"product_tag","embeddable":true,"href":"https:\/\/staging.lucky-hunter.com\/fr\/wp-json\/wp\/v2\/product_tag?post=1512120"}],"curies":[{"name":"wp","href":"https:\/\/api.w.org\/{rel}","templated":true}]}}