{"id":1511812,"date":"2025-09-22T14:03:37","date_gmt":"2025-09-22T12:03:37","guid":{"rendered":"https:\/\/staging.lucky-hunter.com\/product\/porte-cartouches-pour-fut-de-pistolet-5-cartouches\/"},"modified":"2025-09-22T14:03:37","modified_gmt":"2025-09-22T12:03:37","slug":"porte-cartouches-pour-fut-de-pistolet-5-cartouches","status":"publish","type":"product","link":"https:\/\/staging.lucky-hunter.com\/fr\/product\/porte-cartouches-pour-fut-de-pistolet-5-cartouches\/","title":{"rendered":"Porte-cartouches pour f\u00fbt de pistolet &#8211; 5 cartouches"},"content":{"rendered":"<div>Le porte-cartouches \u00e9lastique se fixe facilement sur le f\u00fbt de votre fusil et vous permet d&#8217;avoir toujours des cartouches \u00e0 port\u00e9e de main.<\/div>\n<div><\/div>\n<div>Ce porte-cartouches ouvert, fabriqu\u00e9 dans un mat\u00e9riau extensible de qualit\u00e9, peut contenir 5 cartouches.<\/div>\n<div><\/div>\n<div>Couleur : Noir<\/div>\n","protected":false},"excerpt":{"rendered":"<p>Le porte-cartouches \u00e9lastique se fixe facilement sur le f\u00fbt de votre fusil et vous permet d&#8217;avoir toujours des cartouches \u00e0 port\u00e9e de main.<\/p>\n","protected":false},"featured_media":1511773,"template":"","meta":[],"product_brand":[8121],"product_cat":[9383],"product_tag":[],"yoast_head":"<!-- This site is optimized with the Yoast SEO plugin v24.3 - https:\/\/yoast.com\/wordpress\/plugins\/seo\/ -->\n<title>Porte-cartouches pour f\u00fbt de pistolet - 5 cartouches - Lucky-Hunter<\/title>\n<meta name=\"description\" content=\"Le porte-cartouches \u00e9lastique se fixe facilement sur le f\u00fbt de votre fusil et vous permet d&#039;avoir toujours des cartouches \u00e0 port\u00e9e de main.\" \/>\n<meta name=\"robots\" content=\"noindex, follow, max-snippet:-1, max-image-preview:large, max-video-preview:-1\" \/>\n<meta property=\"og:locale\" content=\"fr_FR\" \/>\n<meta property=\"og:type\" content=\"article\" \/>\n<meta property=\"og:title\" content=\"Porte-cartouches pour f\u00fbt de pistolet - 5 cartouches - Lucky-Hunter\" \/>\n<meta property=\"og:description\" content=\"Le porte-cartouches \u00e9lastique se fixe facilement sur le f\u00fbt de votre fusil et vous permet d&#039;avoir toujours des cartouches \u00e0 port\u00e9e de main.\" \/>\n<meta property=\"og:url\" content=\"https:\/\/staging.lucky-hunter.com\/fr\/product\/porte-cartouches-pour-fut-de-pistolet-5-cartouches\/\" \/>\n<meta property=\"og:site_name\" content=\"Lucky-Hunter\" \/>\n<meta property=\"og:image\" content=\"https:\/\/staging.lucky-hunter.com\/wp-content\/uploads\/2025\/09\/IMG_7656-removebg-e1758542659588.png\" \/>\n\t<meta property=\"og:image:width\" content=\"3024\" \/>\n\t<meta property=\"og:image:height\" content=\"4032\" \/>\n\t<meta property=\"og:image:type\" content=\"image\/png\" \/>\n<meta name=\"twitter:card\" content=\"summary_large_image\" \/>\n<script type=\"application\/ld+json\" class=\"yoast-schema-graph\">{\"@context\":\"https:\/\/schema.org\",\"@graph\":[{\"@type\":\"WebPage\",\"@id\":\"https:\/\/staging.lucky-hunter.com\/fr\/product\/porte-cartouches-pour-fut-de-pistolet-5-cartouches\/\",\"url\":\"https:\/\/staging.lucky-hunter.com\/fr\/product\/porte-cartouches-pour-fut-de-pistolet-5-cartouches\/\",\"name\":\"Porte-cartouches pour f\u00fbt de pistolet - 5 cartouches - Lucky-Hunter\",\"isPartOf\":{\"@id\":\"https:\/\/staging.lucky-hunter.com\/#website\"},\"primaryImageOfPage\":{\"@id\":\"https:\/\/staging.lucky-hunter.com\/fr\/product\/porte-cartouches-pour-fut-de-pistolet-5-cartouches\/#primaryimage\"},\"image\":{\"@id\":\"https:\/\/staging.lucky-hunter.com\/fr\/product\/porte-cartouches-pour-fut-de-pistolet-5-cartouches\/#primaryimage\"},\"thumbnailUrl\":\"https:\/\/staging.lucky-hunter.com\/wp-content\/uploads\/2025\/09\/IMG_7656-removebg-e1758542659588.png\",\"datePublished\":\"2025-09-22T12:03:37+00:00\",\"dateModified\":\"2025-09-22T12:03:37+00:00\",\"description\":\"Le porte-cartouches \u00e9lastique se fixe facilement sur le f\u00fbt de votre fusil et vous permet d'avoir toujours des cartouches \u00e0 port\u00e9e de main.\",\"breadcrumb\":{\"@id\":\"https:\/\/staging.lucky-hunter.com\/fr\/product\/porte-cartouches-pour-fut-de-pistolet-5-cartouches\/#breadcrumb\"},\"inLanguage\":\"fr-FR\",\"potentialAction\":[{\"@type\":\"ReadAction\",\"target\":[\"https:\/\/staging.lucky-hunter.com\/fr\/product\/porte-cartouches-pour-fut-de-pistolet-5-cartouches\/\"]}]},{\"@type\":\"ImageObject\",\"inLanguage\":\"fr-FR\",\"@id\":\"https:\/\/staging.lucky-hunter.com\/fr\/product\/porte-cartouches-pour-fut-de-pistolet-5-cartouches\/#primaryimage\",\"url\":\"https:\/\/staging.lucky-hunter.com\/wp-content\/uploads\/2025\/09\/IMG_7656-removebg-e1758542659588.png\",\"contentUrl\":\"https:\/\/staging.lucky-hunter.com\/wp-content\/uploads\/2025\/09\/IMG_7656-removebg-e1758542659588.png\",\"width\":3024,\"height\":4032},{\"@type\":\"BreadcrumbList\",\"@id\":\"https:\/\/staging.lucky-hunter.com\/fr\/product\/porte-cartouches-pour-fut-de-pistolet-5-cartouches\/#breadcrumb\",\"itemListElement\":[{\"@type\":\"ListItem\",\"position\":1,\"name\":\"Home\",\"item\":\"https:\/\/staging.lucky-hunter.com\/fr\/\"},{\"@type\":\"ListItem\",\"position\":2,\"name\":\"Boutique\",\"item\":\"https:\/\/staging.lucky-hunter.com\/fr\/shop\/\"},{\"@type\":\"ListItem\",\"position\":3,\"name\":\"Porte-cartouches pour f\u00fbt de pistolet &#8211; 5 cartouches\"}]},{\"@type\":\"WebSite\",\"@id\":\"https:\/\/staging.lucky-hunter.com\/#website\",\"url\":\"https:\/\/staging.lucky-hunter.com\/\",\"name\":\"Lucky-Hunter\",\"description\":\"Gear Up or Give Up\",\"potentialAction\":[{\"@type\":\"SearchAction\",\"target\":{\"@type\":\"EntryPoint\",\"urlTemplate\":\"https:\/\/staging.lucky-hunter.com\/?s={search_term_string}\"},\"query-input\":{\"@type\":\"PropertyValueSpecification\",\"valueRequired\":true,\"valueName\":\"search_term_string\"}}],\"inLanguage\":\"fr-FR\"}]}<\/script>\n<!-- \/ Yoast SEO plugin. -->","yoast_head_json":{"title":"Porte-cartouches pour f\u00fbt de pistolet - 5 cartouches - Lucky-Hunter","description":"Le porte-cartouches \u00e9lastique se fixe facilement sur le f\u00fbt de votre fusil et vous permet d'avoir toujours des cartouches \u00e0 port\u00e9e de main.","robots":{"index":"noindex","follow":"follow","max-snippet":"max-snippet:-1","max-image-preview":"max-image-preview:large","max-video-preview":"max-video-preview:-1"},"og_locale":"fr_FR","og_type":"article","og_title":"Porte-cartouches pour f\u00fbt de pistolet - 5 cartouches - Lucky-Hunter","og_description":"Le porte-cartouches \u00e9lastique se fixe facilement sur le f\u00fbt de votre fusil et vous permet d'avoir toujours des cartouches \u00e0 port\u00e9e de main.","og_url":"https:\/\/staging.lucky-hunter.com\/fr\/product\/porte-cartouches-pour-fut-de-pistolet-5-cartouches\/","og_site_name":"Lucky-Hunter","og_image":[{"url":"https:\/\/staging.lucky-hunter.com\/wp-content\/uploads\/2025\/09\/IMG_7656-removebg-e1758542659588.png","width":3024,"height":4032,"type":"image\/png"}],"twitter_card":"summary_large_image","schema":{"@context":"https:\/\/schema.org","@graph":[{"@type":"WebPage","@id":"https:\/\/staging.lucky-hunter.com\/fr\/product\/porte-cartouches-pour-fut-de-pistolet-5-cartouches\/","url":"https:\/\/staging.lucky-hunter.com\/fr\/product\/porte-cartouches-pour-fut-de-pistolet-5-cartouches\/","name":"Porte-cartouches pour f\u00fbt de pistolet - 5 cartouches - Lucky-Hunter","isPartOf":{"@id":"https:\/\/staging.lucky-hunter.com\/#website"},"primaryImageOfPage":{"@id":"https:\/\/staging.lucky-hunter.com\/fr\/product\/porte-cartouches-pour-fut-de-pistolet-5-cartouches\/#primaryimage"},"image":{"@id":"https:\/\/staging.lucky-hunter.com\/fr\/product\/porte-cartouches-pour-fut-de-pistolet-5-cartouches\/#primaryimage"},"thumbnailUrl":"https:\/\/staging.lucky-hunter.com\/wp-content\/uploads\/2025\/09\/IMG_7656-removebg-e1758542659588.png","datePublished":"2025-09-22T12:03:37+00:00","dateModified":"2025-09-22T12:03:37+00:00","description":"Le porte-cartouches \u00e9lastique se fixe facilement sur le f\u00fbt de votre fusil et vous permet d'avoir toujours des cartouches \u00e0 port\u00e9e de main.","breadcrumb":{"@id":"https:\/\/staging.lucky-hunter.com\/fr\/product\/porte-cartouches-pour-fut-de-pistolet-5-cartouches\/#breadcrumb"},"inLanguage":"fr-FR","potentialAction":[{"@type":"ReadAction","target":["https:\/\/staging.lucky-hunter.com\/fr\/product\/porte-cartouches-pour-fut-de-pistolet-5-cartouches\/"]}]},{"@type":"ImageObject","inLanguage":"fr-FR","@id":"https:\/\/staging.lucky-hunter.com\/fr\/product\/porte-cartouches-pour-fut-de-pistolet-5-cartouches\/#primaryimage","url":"https:\/\/staging.lucky-hunter.com\/wp-content\/uploads\/2025\/09\/IMG_7656-removebg-e1758542659588.png","contentUrl":"https:\/\/staging.lucky-hunter.com\/wp-content\/uploads\/2025\/09\/IMG_7656-removebg-e1758542659588.png","width":3024,"height":4032},{"@type":"BreadcrumbList","@id":"https:\/\/staging.lucky-hunter.com\/fr\/product\/porte-cartouches-pour-fut-de-pistolet-5-cartouches\/#breadcrumb","itemListElement":[{"@type":"ListItem","position":1,"name":"Home","item":"https:\/\/staging.lucky-hunter.com\/fr\/"},{"@type":"ListItem","position":2,"name":"Boutique","item":"https:\/\/staging.lucky-hunter.com\/fr\/shop\/"},{"@type":"ListItem","position":3,"name":"Porte-cartouches pour f\u00fbt de pistolet &#8211; 5 cartouches"}]},{"@type":"WebSite","@id":"https:\/\/staging.lucky-hunter.com\/#website","url":"https:\/\/staging.lucky-hunter.com\/","name":"Lucky-Hunter","description":"Gear Up or Give Up","potentialAction":[{"@type":"SearchAction","target":{"@type":"EntryPoint","urlTemplate":"https:\/\/staging.lucky-hunter.com\/?s={search_term_string}"},"query-input":{"@type":"PropertyValueSpecification","valueRequired":true,"valueName":"search_term_string"}}],"inLanguage":"fr-FR"}]}},"_links":{"self":[{"href":"https:\/\/staging.lucky-hunter.com\/fr\/wp-json\/wp\/v2\/product\/1511812"}],"collection":[{"href":"https:\/\/staging.lucky-hunter.com\/fr\/wp-json\/wp\/v2\/product"}],"about":[{"href":"https:\/\/staging.lucky-hunter.com\/fr\/wp-json\/wp\/v2\/types\/product"}],"wp:featuredmedia":[{"embeddable":true,"href":"https:\/\/staging.lucky-hunter.com\/fr\/wp-json\/wp\/v2\/media\/1511773"}],"wp:attachment":[{"href":"https:\/\/staging.lucky-hunter.com\/fr\/wp-json\/wp\/v2\/media?parent=1511812"}],"wp:term":[{"taxonomy":"product_brand","embeddable":true,"href":"https:\/\/staging.lucky-hunter.com\/fr\/wp-json\/wp\/v2\/product_brand?post=1511812"},{"taxonomy":"product_cat","embeddable":true,"href":"https:\/\/staging.lucky-hunter.com\/fr\/wp-json\/wp\/v2\/product_cat?post=1511812"},{"taxonomy":"product_tag","embeddable":true,"href":"https:\/\/staging.lucky-hunter.com\/fr\/wp-json\/wp\/v2\/product_tag?post=1511812"}],"curies":[{"name":"wp","href":"https:\/\/api.w.org\/{rel}","templated":true}]}}