{"id":150777,"date":"2024-05-29T12:42:57","date_gmt":"2024-05-29T10:42:57","guid":{"rendered":"https:\/\/staging.lucky-hunter.com\/?post_type=product&#038;p=150777"},"modified":"2025-06-23T14:59:39","modified_gmt":"2025-06-23T12:59:39","slug":"module-de-mouvement-le-persuader-pour-forme-higdon-clone","status":"publish","type":"product","link":"https:\/\/staging.lucky-hunter.com\/fr\/product\/module-de-mouvement-le-persuader-pour-forme-higdon-clone\/","title":{"rendered":"Higdon Le Persuader"},"content":{"rendered":"<p><iframe title=\"The Persuader by Clone Decoys\" width=\"1020\" height=\"574\" src=\"https:\/\/www.youtube.com\/embed\/QeTwDbMgN-U?wmode=transparent&amp;rel=0&amp;feature=oembed&#038;enablejsapi=1&#038;origin=https:\/\/staging.lucky-hunter.com\" frameborder=\"0\" allow=\"accelerometer; autoplay; clipboard-write; encrypted-media; gyroscope; picture-in-picture; web-share\" referrerpolicy=\"strict-origin-when-cross-origin\" allowfullscreen><\/iframe><\/p>\n<h2><strong>Accessoire qui fait &#8220;voler&#8221; votre forme Higdon Clone<\/strong><\/h2>\n<div>Le Persuader est un syst\u00e8me de mouvement ing\u00e9nieux con\u00e7u pour faire en sorte que votre forme Higdon Clone imite une oie cherchant un endroit pour atterrir.<\/div>\n<div><\/div>\n<div>Le Persuader peut \u00eatre utilis\u00e9 pour toutes les formes Higdon Clone ou d&#8217;autres formes activ\u00e9es par le vent (par exemple, les Sillosock flappers).<\/div>\n<div><\/div>\n<div>Aliment\u00e9 par une batterie 12 volts DC (non incluse).<\/div>\n<div><\/div>\n<div>Forme Higdon Clone non incluse.<\/div>\n","protected":false},"excerpt":{"rendered":"<p>Le Persuader est un syst\u00e8me de mouvement ing\u00e9nieux con\u00e7u pour animer votre forme Higdon Clone.<\/p>\n","protected":false},"featured_media":150796,"template":"","meta":[],"product_brand":[9654],"product_cat":[8165],"product_tag":[],"yoast_head":"<!-- This site is optimized with the Yoast SEO plugin v24.3 - https:\/\/yoast.com\/wordpress\/plugins\/seo\/ -->\n<title>Module de mouvement Le Persuader pour forme Higdon Clone<\/title>\n<meta name=\"description\" content=\"Le Persuader est un syst\u00e8me de mouvement ing\u00e9nieux con\u00e7u pour faire en sorte que votre forme Higdon Clone imite une oie cherchant un endroit pour atterrir.\" \/>\n<meta name=\"robots\" content=\"noindex, follow, max-snippet:-1, max-image-preview:large, max-video-preview:-1\" \/>\n<meta property=\"og:locale\" content=\"fr_FR\" \/>\n<meta property=\"og:type\" content=\"article\" \/>\n<meta property=\"og:title\" content=\"Module de mouvement Le Persuader pour forme Higdon Clone\" \/>\n<meta property=\"og:description\" content=\"Le Persuader est un syst\u00e8me de mouvement ing\u00e9nieux con\u00e7u pour faire en sorte que votre forme Higdon Clone imite une oie cherchant un endroit pour atterrir.\" \/>\n<meta property=\"og:url\" content=\"https:\/\/staging.lucky-hunter.com\/fr\/product\/module-de-mouvement-le-persuader-pour-forme-higdon-clone\/\" \/>\n<meta property=\"og:site_name\" content=\"Lucky-Hunter\" \/>\n<meta property=\"article:modified_time\" content=\"2025-06-23T12:59:39+00:00\" \/>\n<meta property=\"og:image\" content=\"https:\/\/staging.lucky-hunter.com\/wp-content\/uploads\/2024\/05\/LF-841-removebg.png\" \/>\n\t<meta property=\"og:image:width\" content=\"1000\" \/>\n\t<meta property=\"og:image:height\" content=\"849\" \/>\n\t<meta property=\"og:image:type\" content=\"image\/png\" \/>\n<meta name=\"twitter:card\" content=\"summary_large_image\" \/>\n<meta name=\"twitter:label1\" content=\"Dur\u00e9e de lecture estim\u00e9e\" \/>\n\t<meta name=\"twitter:data1\" content=\"1 minute\" \/>\n<script type=\"application\/ld+json\" class=\"yoast-schema-graph\">{\"@context\":\"https:\/\/schema.org\",\"@graph\":[{\"@type\":\"WebPage\",\"@id\":\"https:\/\/staging.lucky-hunter.com\/fr\/product\/module-de-mouvement-le-persuader-pour-forme-higdon-clone\/\",\"url\":\"https:\/\/staging.lucky-hunter.com\/fr\/product\/module-de-mouvement-le-persuader-pour-forme-higdon-clone\/\",\"name\":\"Module de mouvement Le Persuader pour forme Higdon Clone\",\"isPartOf\":{\"@id\":\"https:\/\/staging.lucky-hunter.com\/#website\"},\"primaryImageOfPage\":{\"@id\":\"https:\/\/staging.lucky-hunter.com\/fr\/product\/module-de-mouvement-le-persuader-pour-forme-higdon-clone\/#primaryimage\"},\"image\":{\"@id\":\"https:\/\/staging.lucky-hunter.com\/fr\/product\/module-de-mouvement-le-persuader-pour-forme-higdon-clone\/#primaryimage\"},\"thumbnailUrl\":\"https:\/\/staging.lucky-hunter.com\/wp-content\/uploads\/2024\/05\/LF-841-removebg.png\",\"datePublished\":\"2024-05-29T10:42:57+00:00\",\"dateModified\":\"2025-06-23T12:59:39+00:00\",\"description\":\"Le Persuader est un syst\u00e8me de mouvement ing\u00e9nieux con\u00e7u pour faire en sorte que votre forme Higdon Clone imite une oie cherchant un endroit pour atterrir.\",\"breadcrumb\":{\"@id\":\"https:\/\/staging.lucky-hunter.com\/fr\/product\/module-de-mouvement-le-persuader-pour-forme-higdon-clone\/#breadcrumb\"},\"inLanguage\":\"fr-FR\",\"potentialAction\":[{\"@type\":\"ReadAction\",\"target\":[\"https:\/\/staging.lucky-hunter.com\/fr\/product\/module-de-mouvement-le-persuader-pour-forme-higdon-clone\/\"]}]},{\"@type\":\"ImageObject\",\"inLanguage\":\"fr-FR\",\"@id\":\"https:\/\/staging.lucky-hunter.com\/fr\/product\/module-de-mouvement-le-persuader-pour-forme-higdon-clone\/#primaryimage\",\"url\":\"https:\/\/staging.lucky-hunter.com\/wp-content\/uploads\/2024\/05\/LF-841-removebg.png\",\"contentUrl\":\"https:\/\/staging.lucky-hunter.com\/wp-content\/uploads\/2024\/05\/LF-841-removebg.png\",\"width\":1000,\"height\":849},{\"@type\":\"BreadcrumbList\",\"@id\":\"https:\/\/staging.lucky-hunter.com\/fr\/product\/module-de-mouvement-le-persuader-pour-forme-higdon-clone\/#breadcrumb\",\"itemListElement\":[{\"@type\":\"ListItem\",\"position\":1,\"name\":\"Home\",\"item\":\"https:\/\/staging.lucky-hunter.com\/fr\/\"},{\"@type\":\"ListItem\",\"position\":2,\"name\":\"Boutique\",\"item\":\"https:\/\/staging.lucky-hunter.com\/fr\/shop\/\"},{\"@type\":\"ListItem\",\"position\":3,\"name\":\"Higdon Le Persuader\"}]},{\"@type\":\"WebSite\",\"@id\":\"https:\/\/staging.lucky-hunter.com\/#website\",\"url\":\"https:\/\/staging.lucky-hunter.com\/\",\"name\":\"Lucky-Hunter\",\"description\":\"Gear Up or Give Up\",\"potentialAction\":[{\"@type\":\"SearchAction\",\"target\":{\"@type\":\"EntryPoint\",\"urlTemplate\":\"https:\/\/staging.lucky-hunter.com\/?s={search_term_string}\"},\"query-input\":{\"@type\":\"PropertyValueSpecification\",\"valueRequired\":true,\"valueName\":\"search_term_string\"}}],\"inLanguage\":\"fr-FR\"}]}<\/script>\n<!-- \/ Yoast SEO plugin. -->","yoast_head_json":{"title":"Module de mouvement Le Persuader pour forme Higdon Clone","description":"Le Persuader est un syst\u00e8me de mouvement ing\u00e9nieux con\u00e7u pour faire en sorte que votre forme Higdon Clone imite une oie cherchant un endroit pour atterrir.","robots":{"index":"noindex","follow":"follow","max-snippet":"max-snippet:-1","max-image-preview":"max-image-preview:large","max-video-preview":"max-video-preview:-1"},"og_locale":"fr_FR","og_type":"article","og_title":"Module de mouvement Le Persuader pour forme Higdon Clone","og_description":"Le Persuader est un syst\u00e8me de mouvement ing\u00e9nieux con\u00e7u pour faire en sorte que votre forme Higdon Clone imite une oie cherchant un endroit pour atterrir.","og_url":"https:\/\/staging.lucky-hunter.com\/fr\/product\/module-de-mouvement-le-persuader-pour-forme-higdon-clone\/","og_site_name":"Lucky-Hunter","article_modified_time":"2025-06-23T12:59:39+00:00","og_image":[{"width":1000,"height":849,"url":"https:\/\/staging.lucky-hunter.com\/wp-content\/uploads\/2024\/05\/LF-841-removebg.png","type":"image\/png"}],"twitter_card":"summary_large_image","twitter_misc":{"Dur\u00e9e de lecture estim\u00e9e":"1 minute"},"schema":{"@context":"https:\/\/schema.org","@graph":[{"@type":"WebPage","@id":"https:\/\/staging.lucky-hunter.com\/fr\/product\/module-de-mouvement-le-persuader-pour-forme-higdon-clone\/","url":"https:\/\/staging.lucky-hunter.com\/fr\/product\/module-de-mouvement-le-persuader-pour-forme-higdon-clone\/","name":"Module de mouvement Le Persuader pour forme Higdon Clone","isPartOf":{"@id":"https:\/\/staging.lucky-hunter.com\/#website"},"primaryImageOfPage":{"@id":"https:\/\/staging.lucky-hunter.com\/fr\/product\/module-de-mouvement-le-persuader-pour-forme-higdon-clone\/#primaryimage"},"image":{"@id":"https:\/\/staging.lucky-hunter.com\/fr\/product\/module-de-mouvement-le-persuader-pour-forme-higdon-clone\/#primaryimage"},"thumbnailUrl":"https:\/\/staging.lucky-hunter.com\/wp-content\/uploads\/2024\/05\/LF-841-removebg.png","datePublished":"2024-05-29T10:42:57+00:00","dateModified":"2025-06-23T12:59:39+00:00","description":"Le Persuader est un syst\u00e8me de mouvement ing\u00e9nieux con\u00e7u pour faire en sorte que votre forme Higdon Clone imite une oie cherchant un endroit pour atterrir.","breadcrumb":{"@id":"https:\/\/staging.lucky-hunter.com\/fr\/product\/module-de-mouvement-le-persuader-pour-forme-higdon-clone\/#breadcrumb"},"inLanguage":"fr-FR","potentialAction":[{"@type":"ReadAction","target":["https:\/\/staging.lucky-hunter.com\/fr\/product\/module-de-mouvement-le-persuader-pour-forme-higdon-clone\/"]}]},{"@type":"ImageObject","inLanguage":"fr-FR","@id":"https:\/\/staging.lucky-hunter.com\/fr\/product\/module-de-mouvement-le-persuader-pour-forme-higdon-clone\/#primaryimage","url":"https:\/\/staging.lucky-hunter.com\/wp-content\/uploads\/2024\/05\/LF-841-removebg.png","contentUrl":"https:\/\/staging.lucky-hunter.com\/wp-content\/uploads\/2024\/05\/LF-841-removebg.png","width":1000,"height":849},{"@type":"BreadcrumbList","@id":"https:\/\/staging.lucky-hunter.com\/fr\/product\/module-de-mouvement-le-persuader-pour-forme-higdon-clone\/#breadcrumb","itemListElement":[{"@type":"ListItem","position":1,"name":"Home","item":"https:\/\/staging.lucky-hunter.com\/fr\/"},{"@type":"ListItem","position":2,"name":"Boutique","item":"https:\/\/staging.lucky-hunter.com\/fr\/shop\/"},{"@type":"ListItem","position":3,"name":"Higdon Le Persuader"}]},{"@type":"WebSite","@id":"https:\/\/staging.lucky-hunter.com\/#website","url":"https:\/\/staging.lucky-hunter.com\/","name":"Lucky-Hunter","description":"Gear Up or Give Up","potentialAction":[{"@type":"SearchAction","target":{"@type":"EntryPoint","urlTemplate":"https:\/\/staging.lucky-hunter.com\/?s={search_term_string}"},"query-input":{"@type":"PropertyValueSpecification","valueRequired":true,"valueName":"search_term_string"}}],"inLanguage":"fr-FR"}]}},"_links":{"self":[{"href":"https:\/\/staging.lucky-hunter.com\/fr\/wp-json\/wp\/v2\/product\/150777"}],"collection":[{"href":"https:\/\/staging.lucky-hunter.com\/fr\/wp-json\/wp\/v2\/product"}],"about":[{"href":"https:\/\/staging.lucky-hunter.com\/fr\/wp-json\/wp\/v2\/types\/product"}],"wp:featuredmedia":[{"embeddable":true,"href":"https:\/\/staging.lucky-hunter.com\/fr\/wp-json\/wp\/v2\/media\/150796"}],"wp:attachment":[{"href":"https:\/\/staging.lucky-hunter.com\/fr\/wp-json\/wp\/v2\/media?parent=150777"}],"wp:term":[{"taxonomy":"product_brand","embeddable":true,"href":"https:\/\/staging.lucky-hunter.com\/fr\/wp-json\/wp\/v2\/product_brand?post=150777"},{"taxonomy":"product_cat","embeddable":true,"href":"https:\/\/staging.lucky-hunter.com\/fr\/wp-json\/wp\/v2\/product_cat?post=150777"},{"taxonomy":"product_tag","embeddable":true,"href":"https:\/\/staging.lucky-hunter.com\/fr\/wp-json\/wp\/v2\/product_tag?post=150777"}],"curies":[{"name":"wp","href":"https:\/\/api.w.org\/{rel}","templated":true}]}}