{"id":1497153,"date":"2025-09-19T11:01:14","date_gmt":"2025-09-19T09:01:14","guid":{"rendered":"https:\/\/staging.lucky-hunter.com\/product\/chapeau-camouflage-avec-motif-de-feuilles-en-3d\/"},"modified":"2025-09-19T11:01:14","modified_gmt":"2025-09-19T09:01:14","slug":"chapeau-camouflage-avec-motif-de-feuilles-en-3d","status":"publish","type":"product","link":"https:\/\/staging.lucky-hunter.com\/fr\/product\/chapeau-camouflage-avec-motif-de-feuilles-en-3d\/","title":{"rendered":"Chapeau camouflage avec motif de feuilles en 3D"},"content":{"rendered":"<div>Un chapeau camouflage au design \u00e9l\u00e9gant, orn\u00e9 de motifs de feuilles en 3D pour un effet ultra-r\u00e9aliste.<\/div>\n<div><\/div>\n<div>Composition : 100 % coton.<\/div>\n<div><\/div>\n<div>Taille unique.<\/div>\n<div><\/div>\n<div>Lavable en machine \u00e0 basse temp\u00e9rature ; ne pas s\u00e9cher au s\u00e8che-linge.<\/div>\n","protected":false},"excerpt":{"rendered":"<p>Un chapeau camouflage au design \u00e9l\u00e9gant, orn\u00e9 de motifs de feuilles en 3D pour un effet ultra-r\u00e9aliste.<\/p>\n","protected":false},"featured_media":1497094,"template":"","meta":[],"product_brand":[8121],"product_cat":[9141,9271,9166],"product_tag":[],"yoast_head":"<!-- This site is optimized with the Yoast SEO plugin v24.3 - https:\/\/yoast.com\/wordpress\/plugins\/seo\/ -->\n<title>Chapeau camouflage avec motif de feuilles en 3D - Lucky-Hunter<\/title>\n<meta name=\"description\" content=\"Un chapeau camouflage au design \u00e9l\u00e9gant, orn\u00e9 de motifs de feuilles en 3D pour un effet ultra-r\u00e9aliste.\" \/>\n<meta name=\"robots\" content=\"noindex, follow, max-snippet:-1, max-image-preview:large, max-video-preview:-1\" \/>\n<meta property=\"og:locale\" content=\"fr_FR\" \/>\n<meta property=\"og:type\" content=\"article\" \/>\n<meta property=\"og:title\" content=\"Chapeau camouflage avec motif de feuilles en 3D - Lucky-Hunter\" \/>\n<meta property=\"og:description\" content=\"Un chapeau camouflage au design \u00e9l\u00e9gant, orn\u00e9 de motifs de feuilles en 3D pour un effet ultra-r\u00e9aliste.\" \/>\n<meta property=\"og:url\" content=\"https:\/\/staging.lucky-hunter.com\/product\/camouflage-hat-with-3d-leaf-design\/\" \/>\n<meta property=\"og:site_name\" content=\"Lucky-Hunter\" \/>\n<meta property=\"og:image\" content=\"https:\/\/staging.lucky-hunter.com\/wp-content\/uploads\/2025\/09\/IMG_7630-removebg-1-e1758272274632.png\" \/>\n\t<meta property=\"og:image:width\" content=\"3024\" \/>\n\t<meta property=\"og:image:height\" content=\"4032\" \/>\n\t<meta property=\"og:image:type\" content=\"image\/png\" \/>\n<meta name=\"twitter:card\" content=\"summary_large_image\" \/>\n<script type=\"application\/ld+json\" class=\"yoast-schema-graph\">{\"@context\":\"https:\/\/schema.org\",\"@graph\":[{\"@type\":\"WebPage\",\"@id\":\"https:\/\/staging.lucky-hunter.com\/product\/camouflage-hat-with-3d-leaf-design\/\",\"url\":\"https:\/\/staging.lucky-hunter.com\/product\/camouflage-hat-with-3d-leaf-design\/\",\"name\":\"Chapeau camouflage avec motif de feuilles en 3D - Lucky-Hunter\",\"isPartOf\":{\"@id\":\"https:\/\/staging.lucky-hunter.com\/#website\"},\"primaryImageOfPage\":{\"@id\":\"https:\/\/staging.lucky-hunter.com\/product\/camouflage-hat-with-3d-leaf-design\/#primaryimage\"},\"image\":{\"@id\":\"https:\/\/staging.lucky-hunter.com\/product\/camouflage-hat-with-3d-leaf-design\/#primaryimage\"},\"thumbnailUrl\":\"https:\/\/staging.lucky-hunter.com\/wp-content\/uploads\/2025\/09\/IMG_7630-removebg-1-e1758272274632.png\",\"datePublished\":\"2025-09-19T09:01:14+00:00\",\"dateModified\":\"2025-09-19T09:01:14+00:00\",\"description\":\"Un chapeau camouflage au design \u00e9l\u00e9gant, orn\u00e9 de motifs de feuilles en 3D pour un effet ultra-r\u00e9aliste.\",\"breadcrumb\":{\"@id\":\"https:\/\/staging.lucky-hunter.com\/product\/camouflage-hat-with-3d-leaf-design\/#breadcrumb\"},\"inLanguage\":\"fr-FR\",\"potentialAction\":[{\"@type\":\"ReadAction\",\"target\":[\"https:\/\/staging.lucky-hunter.com\/product\/camouflage-hat-with-3d-leaf-design\/\"]}]},{\"@type\":\"ImageObject\",\"inLanguage\":\"fr-FR\",\"@id\":\"https:\/\/staging.lucky-hunter.com\/product\/camouflage-hat-with-3d-leaf-design\/#primaryimage\",\"url\":\"https:\/\/staging.lucky-hunter.com\/wp-content\/uploads\/2025\/09\/IMG_7630-removebg-1-e1758272274632.png\",\"contentUrl\":\"https:\/\/staging.lucky-hunter.com\/wp-content\/uploads\/2025\/09\/IMG_7630-removebg-1-e1758272274632.png\",\"width\":3024,\"height\":4032},{\"@type\":\"BreadcrumbList\",\"@id\":\"https:\/\/staging.lucky-hunter.com\/product\/camouflage-hat-with-3d-leaf-design\/#breadcrumb\",\"itemListElement\":[{\"@type\":\"ListItem\",\"position\":1,\"name\":\"Home\",\"item\":\"https:\/\/staging.lucky-hunter.com\/fr\/\"},{\"@type\":\"ListItem\",\"position\":2,\"name\":\"Boutique\",\"item\":\"https:\/\/staging.lucky-hunter.com\/fr\/shop\/\"},{\"@type\":\"ListItem\",\"position\":3,\"name\":\"Chapeau camouflage avec motif de feuilles en 3D\"}]},{\"@type\":\"WebSite\",\"@id\":\"https:\/\/staging.lucky-hunter.com\/#website\",\"url\":\"https:\/\/staging.lucky-hunter.com\/\",\"name\":\"Lucky-Hunter\",\"description\":\"Gear Up or Give Up\",\"potentialAction\":[{\"@type\":\"SearchAction\",\"target\":{\"@type\":\"EntryPoint\",\"urlTemplate\":\"https:\/\/staging.lucky-hunter.com\/?s={search_term_string}\"},\"query-input\":{\"@type\":\"PropertyValueSpecification\",\"valueRequired\":true,\"valueName\":\"search_term_string\"}}],\"inLanguage\":\"fr-FR\"}]}<\/script>\n<!-- \/ Yoast SEO plugin. -->","yoast_head_json":{"title":"Chapeau camouflage avec motif de feuilles en 3D - Lucky-Hunter","description":"Un chapeau camouflage au design \u00e9l\u00e9gant, orn\u00e9 de motifs de feuilles en 3D pour un effet ultra-r\u00e9aliste.","robots":{"index":"noindex","follow":"follow","max-snippet":"max-snippet:-1","max-image-preview":"max-image-preview:large","max-video-preview":"max-video-preview:-1"},"og_locale":"fr_FR","og_type":"article","og_title":"Chapeau camouflage avec motif de feuilles en 3D - Lucky-Hunter","og_description":"Un chapeau camouflage au design \u00e9l\u00e9gant, orn\u00e9 de motifs de feuilles en 3D pour un effet ultra-r\u00e9aliste.","og_url":"https:\/\/staging.lucky-hunter.com\/product\/camouflage-hat-with-3d-leaf-design\/","og_site_name":"Lucky-Hunter","og_image":[{"url":"https:\/\/staging.lucky-hunter.com\/wp-content\/uploads\/2025\/09\/IMG_7630-removebg-1-e1758272274632.png","width":3024,"height":4032,"type":"image\/png"}],"twitter_card":"summary_large_image","schema":{"@context":"https:\/\/schema.org","@graph":[{"@type":"WebPage","@id":"https:\/\/staging.lucky-hunter.com\/product\/camouflage-hat-with-3d-leaf-design\/","url":"https:\/\/staging.lucky-hunter.com\/product\/camouflage-hat-with-3d-leaf-design\/","name":"Chapeau camouflage avec motif de feuilles en 3D - Lucky-Hunter","isPartOf":{"@id":"https:\/\/staging.lucky-hunter.com\/#website"},"primaryImageOfPage":{"@id":"https:\/\/staging.lucky-hunter.com\/product\/camouflage-hat-with-3d-leaf-design\/#primaryimage"},"image":{"@id":"https:\/\/staging.lucky-hunter.com\/product\/camouflage-hat-with-3d-leaf-design\/#primaryimage"},"thumbnailUrl":"https:\/\/staging.lucky-hunter.com\/wp-content\/uploads\/2025\/09\/IMG_7630-removebg-1-e1758272274632.png","datePublished":"2025-09-19T09:01:14+00:00","dateModified":"2025-09-19T09:01:14+00:00","description":"Un chapeau camouflage au design \u00e9l\u00e9gant, orn\u00e9 de motifs de feuilles en 3D pour un effet ultra-r\u00e9aliste.","breadcrumb":{"@id":"https:\/\/staging.lucky-hunter.com\/product\/camouflage-hat-with-3d-leaf-design\/#breadcrumb"},"inLanguage":"fr-FR","potentialAction":[{"@type":"ReadAction","target":["https:\/\/staging.lucky-hunter.com\/product\/camouflage-hat-with-3d-leaf-design\/"]}]},{"@type":"ImageObject","inLanguage":"fr-FR","@id":"https:\/\/staging.lucky-hunter.com\/product\/camouflage-hat-with-3d-leaf-design\/#primaryimage","url":"https:\/\/staging.lucky-hunter.com\/wp-content\/uploads\/2025\/09\/IMG_7630-removebg-1-e1758272274632.png","contentUrl":"https:\/\/staging.lucky-hunter.com\/wp-content\/uploads\/2025\/09\/IMG_7630-removebg-1-e1758272274632.png","width":3024,"height":4032},{"@type":"BreadcrumbList","@id":"https:\/\/staging.lucky-hunter.com\/product\/camouflage-hat-with-3d-leaf-design\/#breadcrumb","itemListElement":[{"@type":"ListItem","position":1,"name":"Home","item":"https:\/\/staging.lucky-hunter.com\/fr\/"},{"@type":"ListItem","position":2,"name":"Boutique","item":"https:\/\/staging.lucky-hunter.com\/fr\/shop\/"},{"@type":"ListItem","position":3,"name":"Chapeau camouflage avec motif de feuilles en 3D"}]},{"@type":"WebSite","@id":"https:\/\/staging.lucky-hunter.com\/#website","url":"https:\/\/staging.lucky-hunter.com\/","name":"Lucky-Hunter","description":"Gear Up or Give Up","potentialAction":[{"@type":"SearchAction","target":{"@type":"EntryPoint","urlTemplate":"https:\/\/staging.lucky-hunter.com\/?s={search_term_string}"},"query-input":{"@type":"PropertyValueSpecification","valueRequired":true,"valueName":"search_term_string"}}],"inLanguage":"fr-FR"}]}},"_links":{"self":[{"href":"https:\/\/staging.lucky-hunter.com\/fr\/wp-json\/wp\/v2\/product\/1497153"}],"collection":[{"href":"https:\/\/staging.lucky-hunter.com\/fr\/wp-json\/wp\/v2\/product"}],"about":[{"href":"https:\/\/staging.lucky-hunter.com\/fr\/wp-json\/wp\/v2\/types\/product"}],"wp:featuredmedia":[{"embeddable":true,"href":"https:\/\/staging.lucky-hunter.com\/fr\/wp-json\/wp\/v2\/media\/1497094"}],"wp:attachment":[{"href":"https:\/\/staging.lucky-hunter.com\/fr\/wp-json\/wp\/v2\/media?parent=1497153"}],"wp:term":[{"taxonomy":"product_brand","embeddable":true,"href":"https:\/\/staging.lucky-hunter.com\/fr\/wp-json\/wp\/v2\/product_brand?post=1497153"},{"taxonomy":"product_cat","embeddable":true,"href":"https:\/\/staging.lucky-hunter.com\/fr\/wp-json\/wp\/v2\/product_cat?post=1497153"},{"taxonomy":"product_tag","embeddable":true,"href":"https:\/\/staging.lucky-hunter.com\/fr\/wp-json\/wp\/v2\/product_tag?post=1497153"}],"curies":[{"name":"wp","href":"https:\/\/api.w.org\/{rel}","templated":true}]}}