{"id":1493029,"date":"2025-09-12T12:22:28","date_gmt":"2025-09-12T10:22:28","guid":{"rendered":"https:\/\/staging.lucky-hunter.com\/product\/coussin-de-siege-avec-mousse-eva-et-motif-camouflage-forestier\/"},"modified":"2025-09-12T12:22:28","modified_gmt":"2025-09-12T10:22:28","slug":"coussin-de-siege-avec-mousse-eva-et-motif-camouflage-forestier","status":"publish","type":"product","link":"https:\/\/staging.lucky-hunter.com\/fr\/product\/coussin-de-siege-avec-mousse-eva-et-motif-camouflage-forestier\/","title":{"rendered":"Coussin de si\u00e8ge avec mousse EVA et motif camouflage forestier"},"content":{"rendered":"<div>Coussin de si\u00e8ge imperm\u00e9able au motif camouflage forestier \u00e9l\u00e9gant, id\u00e9al pour toutes les activit\u00e9s de plein air.<\/div>\n<div><\/div>\n<div>Gr\u00e2ce \u00e0 sa taille compacte, ce coussin s&#8217;adapte \u00e0 la plupart des si\u00e8ges de plates-formes de chasse. Il sera \u00e9galement parfait pour vos sorties de p\u00eache ou vos randonn\u00e9es, pour vous offrir un confort optimal lors des pauses.<\/div>\n<div><\/div>\n<div>Sa mousse \u00e9paisse vous prot\u00e8ge efficacement du froid et de l&#8217;humidit\u00e9.<\/div>\n<div><\/div>\n<div>Ce coussin est fabriqu\u00e9 en mousse EVA, un mat\u00e9riau synth\u00e9tique l\u00e9ger, flexible et durable \u00e0 base d&#8217;ac\u00e9tate de vinyle d&#8217;\u00e9thyl\u00e8ne. Il est hydrofuge, r\u00e9sistant aux chocs et peut \u00eatre chauff\u00e9 et model\u00e9.<\/div>\n<div><\/div>\n<div>Livr\u00e9 avec une sangle et une boucle pour le porter \u00e0 la taille ou le fixer \u00e0 un si\u00e8ge.<\/div>\n<div><\/div>\n<div>Dimensions approximatives : 31 x 32 x 2,5 cm.<\/div>\n<div><\/div>\n<div>Remarque : Le motif camouflage peut varier ; le coussin que vous recevrez pourrait donc diff\u00e9rer l\u00e9g\u00e8rement de celui pr\u00e9sent\u00e9 sur la photo.<\/div>\n","protected":false},"excerpt":{"rendered":"<p>Coussin de si\u00e8ge imperm\u00e9able avec un \u00e9l\u00e9gant motif camouflage forestier, id\u00e9al pour toutes sortes d&#8217;activit\u00e9s en plein air.<\/p>\n","protected":false},"featured_media":1458396,"template":"","meta":[],"product_brand":[8121],"product_cat":[8204],"product_tag":[],"yoast_head":"<!-- This site is optimized with the Yoast SEO plugin v24.3 - https:\/\/yoast.com\/wordpress\/plugins\/seo\/ -->\n<title>Coussin de si\u00e8ge avec mousse EVA et motif camouflage forestier - Lucky-Hunter<\/title>\n<meta name=\"description\" content=\"Coussin de si\u00e8ge imperm\u00e9able avec un \u00e9l\u00e9gant motif camouflage forestier, id\u00e9al pour toutes sortes d&#039;activit\u00e9s en plein air.\" \/>\n<meta name=\"robots\" content=\"noindex, follow, max-snippet:-1, max-image-preview:large, max-video-preview:-1\" \/>\n<meta property=\"og:locale\" content=\"fr_FR\" \/>\n<meta property=\"og:type\" content=\"article\" \/>\n<meta property=\"og:title\" content=\"Coussin de si\u00e8ge avec mousse EVA et motif camouflage forestier - Lucky-Hunter\" \/>\n<meta property=\"og:description\" content=\"Coussin de si\u00e8ge imperm\u00e9able avec un \u00e9l\u00e9gant motif camouflage forestier, id\u00e9al pour toutes sortes d&#039;activit\u00e9s en plein air.\" \/>\n<meta property=\"og:url\" content=\"https:\/\/staging.lucky-hunter.com\/fr\/product\/coussin-de-siege-avec-mousse-eva-et-motif-camouflage-forestier\/\" \/>\n<meta property=\"og:site_name\" content=\"Lucky-Hunter\" \/>\n<meta property=\"og:image\" content=\"https:\/\/staging.lucky-hunter.com\/wp-content\/uploads\/2025\/09\/IMG_7620-removebg-e1757672372310.png\" \/>\n\t<meta property=\"og:image:width\" content=\"3024\" \/>\n\t<meta property=\"og:image:height\" content=\"4032\" \/>\n\t<meta property=\"og:image:type\" content=\"image\/png\" \/>\n<meta name=\"twitter:card\" content=\"summary_large_image\" \/>\n<meta name=\"twitter:label1\" content=\"Dur\u00e9e de lecture estim\u00e9e\" \/>\n\t<meta name=\"twitter:data1\" content=\"1 minute\" \/>\n<script type=\"application\/ld+json\" class=\"yoast-schema-graph\">{\"@context\":\"https:\/\/schema.org\",\"@graph\":[{\"@type\":\"WebPage\",\"@id\":\"https:\/\/staging.lucky-hunter.com\/fr\/product\/coussin-de-siege-avec-mousse-eva-et-motif-camouflage-forestier\/\",\"url\":\"https:\/\/staging.lucky-hunter.com\/fr\/product\/coussin-de-siege-avec-mousse-eva-et-motif-camouflage-forestier\/\",\"name\":\"Coussin de si\u00e8ge avec mousse EVA et motif camouflage forestier - Lucky-Hunter\",\"isPartOf\":{\"@id\":\"https:\/\/staging.lucky-hunter.com\/#website\"},\"primaryImageOfPage\":{\"@id\":\"https:\/\/staging.lucky-hunter.com\/fr\/product\/coussin-de-siege-avec-mousse-eva-et-motif-camouflage-forestier\/#primaryimage\"},\"image\":{\"@id\":\"https:\/\/staging.lucky-hunter.com\/fr\/product\/coussin-de-siege-avec-mousse-eva-et-motif-camouflage-forestier\/#primaryimage\"},\"thumbnailUrl\":\"https:\/\/staging.lucky-hunter.com\/wp-content\/uploads\/2025\/09\/IMG_7620-removebg-e1757672372310.png\",\"datePublished\":\"2025-09-12T10:22:28+00:00\",\"dateModified\":\"2025-09-12T10:22:28+00:00\",\"description\":\"Coussin de si\u00e8ge imperm\u00e9able avec un \u00e9l\u00e9gant motif camouflage forestier, id\u00e9al pour toutes sortes d'activit\u00e9s en plein air.\",\"breadcrumb\":{\"@id\":\"https:\/\/staging.lucky-hunter.com\/fr\/product\/coussin-de-siege-avec-mousse-eva-et-motif-camouflage-forestier\/#breadcrumb\"},\"inLanguage\":\"fr-FR\",\"potentialAction\":[{\"@type\":\"ReadAction\",\"target\":[\"https:\/\/staging.lucky-hunter.com\/fr\/product\/coussin-de-siege-avec-mousse-eva-et-motif-camouflage-forestier\/\"]}]},{\"@type\":\"ImageObject\",\"inLanguage\":\"fr-FR\",\"@id\":\"https:\/\/staging.lucky-hunter.com\/fr\/product\/coussin-de-siege-avec-mousse-eva-et-motif-camouflage-forestier\/#primaryimage\",\"url\":\"https:\/\/staging.lucky-hunter.com\/wp-content\/uploads\/2025\/09\/IMG_7620-removebg-e1757672372310.png\",\"contentUrl\":\"https:\/\/staging.lucky-hunter.com\/wp-content\/uploads\/2025\/09\/IMG_7620-removebg-e1757672372310.png\",\"width\":3024,\"height\":4032},{\"@type\":\"BreadcrumbList\",\"@id\":\"https:\/\/staging.lucky-hunter.com\/fr\/product\/coussin-de-siege-avec-mousse-eva-et-motif-camouflage-forestier\/#breadcrumb\",\"itemListElement\":[{\"@type\":\"ListItem\",\"position\":1,\"name\":\"Home\",\"item\":\"https:\/\/staging.lucky-hunter.com\/fr\/\"},{\"@type\":\"ListItem\",\"position\":2,\"name\":\"Boutique\",\"item\":\"https:\/\/staging.lucky-hunter.com\/fr\/shop\/\"},{\"@type\":\"ListItem\",\"position\":3,\"name\":\"Coussin de si\u00e8ge avec mousse EVA et motif camouflage forestier\"}]},{\"@type\":\"WebSite\",\"@id\":\"https:\/\/staging.lucky-hunter.com\/#website\",\"url\":\"https:\/\/staging.lucky-hunter.com\/\",\"name\":\"Lucky-Hunter\",\"description\":\"Gear Up or Give Up\",\"potentialAction\":[{\"@type\":\"SearchAction\",\"target\":{\"@type\":\"EntryPoint\",\"urlTemplate\":\"https:\/\/staging.lucky-hunter.com\/?s={search_term_string}\"},\"query-input\":{\"@type\":\"PropertyValueSpecification\",\"valueRequired\":true,\"valueName\":\"search_term_string\"}}],\"inLanguage\":\"fr-FR\"}]}<\/script>\n<!-- \/ Yoast SEO plugin. -->","yoast_head_json":{"title":"Coussin de si\u00e8ge avec mousse EVA et motif camouflage forestier - Lucky-Hunter","description":"Coussin de si\u00e8ge imperm\u00e9able avec un \u00e9l\u00e9gant motif camouflage forestier, id\u00e9al pour toutes sortes d'activit\u00e9s en plein air.","robots":{"index":"noindex","follow":"follow","max-snippet":"max-snippet:-1","max-image-preview":"max-image-preview:large","max-video-preview":"max-video-preview:-1"},"og_locale":"fr_FR","og_type":"article","og_title":"Coussin de si\u00e8ge avec mousse EVA et motif camouflage forestier - Lucky-Hunter","og_description":"Coussin de si\u00e8ge imperm\u00e9able avec un \u00e9l\u00e9gant motif camouflage forestier, id\u00e9al pour toutes sortes d'activit\u00e9s en plein air.","og_url":"https:\/\/staging.lucky-hunter.com\/fr\/product\/coussin-de-siege-avec-mousse-eva-et-motif-camouflage-forestier\/","og_site_name":"Lucky-Hunter","og_image":[{"url":"https:\/\/staging.lucky-hunter.com\/wp-content\/uploads\/2025\/09\/IMG_7620-removebg-e1757672372310.png","width":3024,"height":4032,"type":"image\/png"}],"twitter_card":"summary_large_image","twitter_misc":{"Dur\u00e9e de lecture estim\u00e9e":"1 minute"},"schema":{"@context":"https:\/\/schema.org","@graph":[{"@type":"WebPage","@id":"https:\/\/staging.lucky-hunter.com\/fr\/product\/coussin-de-siege-avec-mousse-eva-et-motif-camouflage-forestier\/","url":"https:\/\/staging.lucky-hunter.com\/fr\/product\/coussin-de-siege-avec-mousse-eva-et-motif-camouflage-forestier\/","name":"Coussin de si\u00e8ge avec mousse EVA et motif camouflage forestier - Lucky-Hunter","isPartOf":{"@id":"https:\/\/staging.lucky-hunter.com\/#website"},"primaryImageOfPage":{"@id":"https:\/\/staging.lucky-hunter.com\/fr\/product\/coussin-de-siege-avec-mousse-eva-et-motif-camouflage-forestier\/#primaryimage"},"image":{"@id":"https:\/\/staging.lucky-hunter.com\/fr\/product\/coussin-de-siege-avec-mousse-eva-et-motif-camouflage-forestier\/#primaryimage"},"thumbnailUrl":"https:\/\/staging.lucky-hunter.com\/wp-content\/uploads\/2025\/09\/IMG_7620-removebg-e1757672372310.png","datePublished":"2025-09-12T10:22:28+00:00","dateModified":"2025-09-12T10:22:28+00:00","description":"Coussin de si\u00e8ge imperm\u00e9able avec un \u00e9l\u00e9gant motif camouflage forestier, id\u00e9al pour toutes sortes d'activit\u00e9s en plein air.","breadcrumb":{"@id":"https:\/\/staging.lucky-hunter.com\/fr\/product\/coussin-de-siege-avec-mousse-eva-et-motif-camouflage-forestier\/#breadcrumb"},"inLanguage":"fr-FR","potentialAction":[{"@type":"ReadAction","target":["https:\/\/staging.lucky-hunter.com\/fr\/product\/coussin-de-siege-avec-mousse-eva-et-motif-camouflage-forestier\/"]}]},{"@type":"ImageObject","inLanguage":"fr-FR","@id":"https:\/\/staging.lucky-hunter.com\/fr\/product\/coussin-de-siege-avec-mousse-eva-et-motif-camouflage-forestier\/#primaryimage","url":"https:\/\/staging.lucky-hunter.com\/wp-content\/uploads\/2025\/09\/IMG_7620-removebg-e1757672372310.png","contentUrl":"https:\/\/staging.lucky-hunter.com\/wp-content\/uploads\/2025\/09\/IMG_7620-removebg-e1757672372310.png","width":3024,"height":4032},{"@type":"BreadcrumbList","@id":"https:\/\/staging.lucky-hunter.com\/fr\/product\/coussin-de-siege-avec-mousse-eva-et-motif-camouflage-forestier\/#breadcrumb","itemListElement":[{"@type":"ListItem","position":1,"name":"Home","item":"https:\/\/staging.lucky-hunter.com\/fr\/"},{"@type":"ListItem","position":2,"name":"Boutique","item":"https:\/\/staging.lucky-hunter.com\/fr\/shop\/"},{"@type":"ListItem","position":3,"name":"Coussin de si\u00e8ge avec mousse EVA et motif camouflage forestier"}]},{"@type":"WebSite","@id":"https:\/\/staging.lucky-hunter.com\/#website","url":"https:\/\/staging.lucky-hunter.com\/","name":"Lucky-Hunter","description":"Gear Up or Give Up","potentialAction":[{"@type":"SearchAction","target":{"@type":"EntryPoint","urlTemplate":"https:\/\/staging.lucky-hunter.com\/?s={search_term_string}"},"query-input":{"@type":"PropertyValueSpecification","valueRequired":true,"valueName":"search_term_string"}}],"inLanguage":"fr-FR"}]}},"_links":{"self":[{"href":"https:\/\/staging.lucky-hunter.com\/fr\/wp-json\/wp\/v2\/product\/1493029"}],"collection":[{"href":"https:\/\/staging.lucky-hunter.com\/fr\/wp-json\/wp\/v2\/product"}],"about":[{"href":"https:\/\/staging.lucky-hunter.com\/fr\/wp-json\/wp\/v2\/types\/product"}],"wp:featuredmedia":[{"embeddable":true,"href":"https:\/\/staging.lucky-hunter.com\/fr\/wp-json\/wp\/v2\/media\/1458396"}],"wp:attachment":[{"href":"https:\/\/staging.lucky-hunter.com\/fr\/wp-json\/wp\/v2\/media?parent=1493029"}],"wp:term":[{"taxonomy":"product_brand","embeddable":true,"href":"https:\/\/staging.lucky-hunter.com\/fr\/wp-json\/wp\/v2\/product_brand?post=1493029"},{"taxonomy":"product_cat","embeddable":true,"href":"https:\/\/staging.lucky-hunter.com\/fr\/wp-json\/wp\/v2\/product_cat?post=1493029"},{"taxonomy":"product_tag","embeddable":true,"href":"https:\/\/staging.lucky-hunter.com\/fr\/wp-json\/wp\/v2\/product_tag?post=1493029"}],"curies":[{"name":"wp","href":"https:\/\/api.w.org\/{rel}","templated":true}]}}