{"id":1493012,"date":"2025-09-18T15:56:31","date_gmt":"2025-09-18T13:56:31","guid":{"rendered":"https:\/\/staging.lucky-hunter.com\/product\/balaclava-camouflage\/"},"modified":"2025-09-18T15:56:31","modified_gmt":"2025-09-18T13:56:31","slug":"balaclava-camouflage","status":"publish","type":"product","link":"https:\/\/staging.lucky-hunter.com\/fr\/product\/balaclava-camouflage\/","title":{"rendered":"Balaclava camouflage"},"content":{"rendered":"<h2><strong>Balaclava de haute qualit\u00e9 \u2013 camouflage efficace pour la chasse<\/strong><\/h2>\n<div>Cette balaclava \u00e0 motif camouflage, enti\u00e8rement en polyester (100 %), couvre enti\u00e8rement le visage.<\/div>\n<div><\/div>\n<div>Le balaclava garde le cou et les oreilles au chaud par temps froid et offre un excellent camouflage lorsque vous \u00eates en observation depuis un abri de chasse ou en pleine activit\u00e9 de chasse.<\/div>\n<div><\/div>\n<div>Taille unique.<\/div>\n","protected":false},"excerpt":{"rendered":"<p>Le Balaclava garde le cou et les oreilles au chaud par temps froid et offre un excellent camouflage lorsque vous \u00eates en observation depuis un abri de chasse ou en pleine activit\u00e9 de chasse.<\/p>\n","protected":false},"featured_media":1492990,"template":"","meta":[],"product_brand":[],"product_cat":[8276],"product_tag":[],"yoast_head":"<!-- This site is optimized with the Yoast SEO plugin v24.3 - https:\/\/yoast.com\/wordpress\/plugins\/seo\/ -->\n<title>Balaclava camouflage - Lucky-Hunter<\/title>\n<meta name=\"description\" content=\"Le Balaclava garde le cou et les oreilles au chaud par temps froid et offre un excellent camouflage lorsque vous \u00eates en observation depuis un abri de chasse ou en pleine activit\u00e9 de chasse.\" \/>\n<meta name=\"robots\" content=\"noindex, follow, max-snippet:-1, max-image-preview:large, max-video-preview:-1\" \/>\n<meta property=\"og:locale\" content=\"fr_FR\" \/>\n<meta property=\"og:type\" content=\"article\" \/>\n<meta property=\"og:title\" content=\"Balaclava camouflage - Lucky-Hunter\" \/>\n<meta property=\"og:description\" content=\"Le Balaclava garde le cou et les oreilles au chaud par temps froid et offre un excellent camouflage lorsque vous \u00eates en observation depuis un abri de chasse ou en pleine activit\u00e9 de chasse.\" \/>\n<meta property=\"og:url\" content=\"https:\/\/staging.lucky-hunter.com\/product\/full-face-camo-balaclava\/\" \/>\n<meta property=\"og:site_name\" content=\"Lucky-Hunter\" \/>\n<meta property=\"og:image\" content=\"https:\/\/staging.lucky-hunter.com\/wp-content\/uploads\/2025\/09\/IMG_7629-removebg-e1758203763934.png\" \/>\n\t<meta property=\"og:image:width\" content=\"3024\" \/>\n\t<meta property=\"og:image:height\" content=\"4032\" \/>\n\t<meta property=\"og:image:type\" content=\"image\/png\" \/>\n<meta name=\"twitter:card\" content=\"summary_large_image\" \/>\n<script type=\"application\/ld+json\" class=\"yoast-schema-graph\">{\"@context\":\"https:\/\/schema.org\",\"@graph\":[{\"@type\":\"WebPage\",\"@id\":\"https:\/\/staging.lucky-hunter.com\/product\/full-face-camo-balaclava\/\",\"url\":\"https:\/\/staging.lucky-hunter.com\/product\/full-face-camo-balaclava\/\",\"name\":\"Balaclava camouflage - Lucky-Hunter\",\"isPartOf\":{\"@id\":\"https:\/\/staging.lucky-hunter.com\/#website\"},\"primaryImageOfPage\":{\"@id\":\"https:\/\/staging.lucky-hunter.com\/product\/full-face-camo-balaclava\/#primaryimage\"},\"image\":{\"@id\":\"https:\/\/staging.lucky-hunter.com\/product\/full-face-camo-balaclava\/#primaryimage\"},\"thumbnailUrl\":\"https:\/\/staging.lucky-hunter.com\/wp-content\/uploads\/2025\/09\/IMG_7629-removebg-e1758203763934.png\",\"datePublished\":\"2025-09-18T13:56:31+00:00\",\"dateModified\":\"2025-09-18T13:56:31+00:00\",\"description\":\"Le Balaclava garde le cou et les oreilles au chaud par temps froid et offre un excellent camouflage lorsque vous \u00eates en observation depuis un abri de chasse ou en pleine activit\u00e9 de chasse.\",\"breadcrumb\":{\"@id\":\"https:\/\/staging.lucky-hunter.com\/product\/full-face-camo-balaclava\/#breadcrumb\"},\"inLanguage\":\"fr-FR\",\"potentialAction\":[{\"@type\":\"ReadAction\",\"target\":[\"https:\/\/staging.lucky-hunter.com\/product\/full-face-camo-balaclava\/\"]}]},{\"@type\":\"ImageObject\",\"inLanguage\":\"fr-FR\",\"@id\":\"https:\/\/staging.lucky-hunter.com\/product\/full-face-camo-balaclava\/#primaryimage\",\"url\":\"https:\/\/staging.lucky-hunter.com\/wp-content\/uploads\/2025\/09\/IMG_7629-removebg-e1758203763934.png\",\"contentUrl\":\"https:\/\/staging.lucky-hunter.com\/wp-content\/uploads\/2025\/09\/IMG_7629-removebg-e1758203763934.png\",\"width\":3024,\"height\":4032},{\"@type\":\"BreadcrumbList\",\"@id\":\"https:\/\/staging.lucky-hunter.com\/product\/full-face-camo-balaclava\/#breadcrumb\",\"itemListElement\":[{\"@type\":\"ListItem\",\"position\":1,\"name\":\"Home\",\"item\":\"https:\/\/staging.lucky-hunter.com\/fr\/\"},{\"@type\":\"ListItem\",\"position\":2,\"name\":\"Boutique\",\"item\":\"https:\/\/staging.lucky-hunter.com\/fr\/shop\/\"},{\"@type\":\"ListItem\",\"position\":3,\"name\":\"Balaclava camouflage\"}]},{\"@type\":\"WebSite\",\"@id\":\"https:\/\/staging.lucky-hunter.com\/#website\",\"url\":\"https:\/\/staging.lucky-hunter.com\/\",\"name\":\"Lucky-Hunter\",\"description\":\"Gear Up or Give Up\",\"potentialAction\":[{\"@type\":\"SearchAction\",\"target\":{\"@type\":\"EntryPoint\",\"urlTemplate\":\"https:\/\/staging.lucky-hunter.com\/?s={search_term_string}\"},\"query-input\":{\"@type\":\"PropertyValueSpecification\",\"valueRequired\":true,\"valueName\":\"search_term_string\"}}],\"inLanguage\":\"fr-FR\"}]}<\/script>\n<!-- \/ Yoast SEO plugin. -->","yoast_head_json":{"title":"Balaclava camouflage - Lucky-Hunter","description":"Le Balaclava garde le cou et les oreilles au chaud par temps froid et offre un excellent camouflage lorsque vous \u00eates en observation depuis un abri de chasse ou en pleine activit\u00e9 de chasse.","robots":{"index":"noindex","follow":"follow","max-snippet":"max-snippet:-1","max-image-preview":"max-image-preview:large","max-video-preview":"max-video-preview:-1"},"og_locale":"fr_FR","og_type":"article","og_title":"Balaclava camouflage - Lucky-Hunter","og_description":"Le Balaclava garde le cou et les oreilles au chaud par temps froid et offre un excellent camouflage lorsque vous \u00eates en observation depuis un abri de chasse ou en pleine activit\u00e9 de chasse.","og_url":"https:\/\/staging.lucky-hunter.com\/product\/full-face-camo-balaclava\/","og_site_name":"Lucky-Hunter","og_image":[{"url":"https:\/\/staging.lucky-hunter.com\/wp-content\/uploads\/2025\/09\/IMG_7629-removebg-e1758203763934.png","width":3024,"height":4032,"type":"image\/png"}],"twitter_card":"summary_large_image","schema":{"@context":"https:\/\/schema.org","@graph":[{"@type":"WebPage","@id":"https:\/\/staging.lucky-hunter.com\/product\/full-face-camo-balaclava\/","url":"https:\/\/staging.lucky-hunter.com\/product\/full-face-camo-balaclava\/","name":"Balaclava camouflage - Lucky-Hunter","isPartOf":{"@id":"https:\/\/staging.lucky-hunter.com\/#website"},"primaryImageOfPage":{"@id":"https:\/\/staging.lucky-hunter.com\/product\/full-face-camo-balaclava\/#primaryimage"},"image":{"@id":"https:\/\/staging.lucky-hunter.com\/product\/full-face-camo-balaclava\/#primaryimage"},"thumbnailUrl":"https:\/\/staging.lucky-hunter.com\/wp-content\/uploads\/2025\/09\/IMG_7629-removebg-e1758203763934.png","datePublished":"2025-09-18T13:56:31+00:00","dateModified":"2025-09-18T13:56:31+00:00","description":"Le Balaclava garde le cou et les oreilles au chaud par temps froid et offre un excellent camouflage lorsque vous \u00eates en observation depuis un abri de chasse ou en pleine activit\u00e9 de chasse.","breadcrumb":{"@id":"https:\/\/staging.lucky-hunter.com\/product\/full-face-camo-balaclava\/#breadcrumb"},"inLanguage":"fr-FR","potentialAction":[{"@type":"ReadAction","target":["https:\/\/staging.lucky-hunter.com\/product\/full-face-camo-balaclava\/"]}]},{"@type":"ImageObject","inLanguage":"fr-FR","@id":"https:\/\/staging.lucky-hunter.com\/product\/full-face-camo-balaclava\/#primaryimage","url":"https:\/\/staging.lucky-hunter.com\/wp-content\/uploads\/2025\/09\/IMG_7629-removebg-e1758203763934.png","contentUrl":"https:\/\/staging.lucky-hunter.com\/wp-content\/uploads\/2025\/09\/IMG_7629-removebg-e1758203763934.png","width":3024,"height":4032},{"@type":"BreadcrumbList","@id":"https:\/\/staging.lucky-hunter.com\/product\/full-face-camo-balaclava\/#breadcrumb","itemListElement":[{"@type":"ListItem","position":1,"name":"Home","item":"https:\/\/staging.lucky-hunter.com\/fr\/"},{"@type":"ListItem","position":2,"name":"Boutique","item":"https:\/\/staging.lucky-hunter.com\/fr\/shop\/"},{"@type":"ListItem","position":3,"name":"Balaclava camouflage"}]},{"@type":"WebSite","@id":"https:\/\/staging.lucky-hunter.com\/#website","url":"https:\/\/staging.lucky-hunter.com\/","name":"Lucky-Hunter","description":"Gear Up or Give Up","potentialAction":[{"@type":"SearchAction","target":{"@type":"EntryPoint","urlTemplate":"https:\/\/staging.lucky-hunter.com\/?s={search_term_string}"},"query-input":{"@type":"PropertyValueSpecification","valueRequired":true,"valueName":"search_term_string"}}],"inLanguage":"fr-FR"}]}},"_links":{"self":[{"href":"https:\/\/staging.lucky-hunter.com\/fr\/wp-json\/wp\/v2\/product\/1493012"}],"collection":[{"href":"https:\/\/staging.lucky-hunter.com\/fr\/wp-json\/wp\/v2\/product"}],"about":[{"href":"https:\/\/staging.lucky-hunter.com\/fr\/wp-json\/wp\/v2\/types\/product"}],"wp:featuredmedia":[{"embeddable":true,"href":"https:\/\/staging.lucky-hunter.com\/fr\/wp-json\/wp\/v2\/media\/1492990"}],"wp:attachment":[{"href":"https:\/\/staging.lucky-hunter.com\/fr\/wp-json\/wp\/v2\/media?parent=1493012"}],"wp:term":[{"taxonomy":"product_brand","embeddable":true,"href":"https:\/\/staging.lucky-hunter.com\/fr\/wp-json\/wp\/v2\/product_brand?post=1493012"},{"taxonomy":"product_cat","embeddable":true,"href":"https:\/\/staging.lucky-hunter.com\/fr\/wp-json\/wp\/v2\/product_cat?post=1493012"},{"taxonomy":"product_tag","embeddable":true,"href":"https:\/\/staging.lucky-hunter.com\/fr\/wp-json\/wp\/v2\/product_tag?post=1493012"}],"curies":[{"name":"wp","href":"https:\/\/api.w.org\/{rel}","templated":true}]}}