{"id":147322,"date":"2024-05-23T10:03:07","date_gmt":"2024-05-23T08:03:07","guid":{"rendered":"https:\/\/staging.lucky-hunter.com\/?post_type=product&#038;p=147322"},"modified":"2025-06-23T15:01:26","modified_gmt":"2025-06-23T13:01:26","slug":"cable-bg310","status":"publish","type":"product","link":"https:\/\/staging.lucky-hunter.com\/fr\/product\/cable-bg310\/","title":{"rendered":"C\u00e2ble USB \u2013 Bolyguard BG310 et BG410"},"content":{"rendered":"<h2><strong>Connexion facile de votre cam\u00e9ra de chasse Bolyguard<\/strong><\/h2>\n<div>Ce type de USB c\u00e2ble est inclus dans le paquet lorsque vous achetez une cam\u00e9ra Bolyguard BG310 et BG410, mais si vous le perdez, vous pouvez en acheter un nouveau ici.<\/div>\n<div><\/div>\n<div>Compatible avec le mod\u00e8le Bolyguard BG310 et BG410.<\/div>\n<div><\/div>\n<div>Le c\u00e2ble est utilis\u00e9 pour connecter la cam\u00e9ra \u00e0 votre ordinateur, afin que vous puissiez visualiser les images enregistr\u00e9es par la cam\u00e9ra en plus grand format.<\/div>\n<div><\/div>\n","protected":false},"excerpt":{"rendered":"<p>Ce type de USB c\u00e2ble est inclus dans le paquet lorsque vous achetez une cam\u00e9ra Bolyguard BG310 et BG410.<\/p>\n","protected":false},"featured_media":147266,"template":"","meta":[],"product_brand":[8207],"product_cat":[8232],"product_tag":[],"yoast_head":"<!-- This site is optimized with the Yoast SEO plugin v24.3 - https:\/\/yoast.com\/wordpress\/plugins\/seo\/ -->\n<title>C\u00e2ble USB Bolyguard d&#039;origine pour cam\u00e9ra de chasse BG310<\/title>\n<meta name=\"description\" content=\"Ce type de USB c\u00e2ble est inclus dans le paquet lorsque vous achetez une cam\u00e9ra Bolyguard BG310 et BG410\" \/>\n<meta name=\"robots\" content=\"noindex, follow, max-snippet:-1, max-image-preview:large, max-video-preview:-1\" \/>\n<meta property=\"og:locale\" content=\"fr_FR\" \/>\n<meta property=\"og:type\" content=\"article\" \/>\n<meta property=\"og:title\" content=\"{6&gt;C\u00e2ble Bolyguard vers batterie externe 6 volts&lt;1}\" \/>\n<meta property=\"og:description\" content=\"Prolongez la dur\u00e9e de vie de la batterie de votre cam\u00e9ra. Avec un c\u00e2ble Bolyguard pour batterie 6 volts, vous pouvez \u00eatre s\u00fbr de maintenir une quantit\u00e9 suppl\u00e9mentaire d&#039;\u00e9nergie pour votre cam\u00e9ra.\" \/>\n<meta property=\"og:url\" content=\"https:\/\/staging.lucky-hunter.com\/product\/original-bolyguard-usb-cable-to-game-camera-bg310\/\" \/>\n<meta property=\"og:site_name\" content=\"Lucky-Hunter\" \/>\n<meta property=\"article:modified_time\" content=\"2025-06-23T13:01:26+00:00\" \/>\n<meta property=\"og:image\" content=\"https:\/\/staging.lucky-hunter.com\/wp-content\/uploads\/2024\/05\/JK-509-removebg-preview.png\" \/>\n\t<meta property=\"og:image:width\" content=\"433\" \/>\n\t<meta property=\"og:image:height\" content=\"577\" \/>\n\t<meta property=\"og:image:type\" content=\"image\/png\" \/>\n<meta name=\"twitter:card\" content=\"summary_large_image\" \/>\n<meta name=\"twitter:title\" content=\"C\u00e2ble Bolyguard pour batterie externe 6 volts | Lucky Hunter\" \/>\n<meta name=\"twitter:description\" content=\"Prolongez la dur\u00e9e de vie de la batterie de votre cam\u00e9ra. Avec un c\u00e2ble Bolyguard pour batterie 6 volts, vous pouvez \u00eatre s\u00fbr de maintenir une quantit\u00e9 suppl\u00e9mentaire d&#039;\u00e9nergie pour votre cam\u00e9ra.\" \/>\n<meta name=\"twitter:label1\" content=\"Dur\u00e9e de lecture estim\u00e9e\" \/>\n\t<meta name=\"twitter:data1\" content=\"1 minute\" \/>\n<script type=\"application\/ld+json\" class=\"yoast-schema-graph\">{\"@context\":\"https:\/\/schema.org\",\"@graph\":[{\"@type\":\"WebPage\",\"@id\":\"https:\/\/staging.lucky-hunter.com\/product\/original-bolyguard-usb-cable-to-game-camera-bg310\/\",\"url\":\"https:\/\/staging.lucky-hunter.com\/product\/original-bolyguard-usb-cable-to-game-camera-bg310\/\",\"name\":\"C\u00e2ble USB Bolyguard d'origine pour cam\u00e9ra de chasse BG310\",\"isPartOf\":{\"@id\":\"https:\/\/staging.lucky-hunter.com\/#website\"},\"primaryImageOfPage\":{\"@id\":\"https:\/\/staging.lucky-hunter.com\/product\/original-bolyguard-usb-cable-to-game-camera-bg310\/#primaryimage\"},\"image\":{\"@id\":\"https:\/\/staging.lucky-hunter.com\/product\/original-bolyguard-usb-cable-to-game-camera-bg310\/#primaryimage\"},\"thumbnailUrl\":\"https:\/\/staging.lucky-hunter.com\/wp-content\/uploads\/2024\/05\/JK-509-removebg-preview.png\",\"datePublished\":\"2024-05-23T08:03:07+00:00\",\"dateModified\":\"2025-06-23T13:01:26+00:00\",\"description\":\"Ce type de USB c\u00e2ble est inclus dans le paquet lorsque vous achetez une cam\u00e9ra Bolyguard BG310 et BG410\",\"breadcrumb\":{\"@id\":\"https:\/\/staging.lucky-hunter.com\/product\/original-bolyguard-usb-cable-to-game-camera-bg310\/#breadcrumb\"},\"inLanguage\":\"fr-FR\",\"potentialAction\":[{\"@type\":\"ReadAction\",\"target\":[\"https:\/\/staging.lucky-hunter.com\/product\/original-bolyguard-usb-cable-to-game-camera-bg310\/\"]}]},{\"@type\":\"ImageObject\",\"inLanguage\":\"fr-FR\",\"@id\":\"https:\/\/staging.lucky-hunter.com\/product\/original-bolyguard-usb-cable-to-game-camera-bg310\/#primaryimage\",\"url\":\"https:\/\/staging.lucky-hunter.com\/wp-content\/uploads\/2024\/05\/JK-509-removebg-preview.png\",\"contentUrl\":\"https:\/\/staging.lucky-hunter.com\/wp-content\/uploads\/2024\/05\/JK-509-removebg-preview.png\",\"width\":433,\"height\":577},{\"@type\":\"BreadcrumbList\",\"@id\":\"https:\/\/staging.lucky-hunter.com\/product\/original-bolyguard-usb-cable-to-game-camera-bg310\/#breadcrumb\",\"itemListElement\":[{\"@type\":\"ListItem\",\"position\":1,\"name\":\"Home\",\"item\":\"https:\/\/staging.lucky-hunter.com\/fr\/\"},{\"@type\":\"ListItem\",\"position\":2,\"name\":\"Boutique\",\"item\":\"https:\/\/staging.lucky-hunter.com\/fr\/shop\/\"},{\"@type\":\"ListItem\",\"position\":3,\"name\":\"C\u00e2ble USB \u2013 Bolyguard BG310 et BG410\"}]},{\"@type\":\"WebSite\",\"@id\":\"https:\/\/staging.lucky-hunter.com\/#website\",\"url\":\"https:\/\/staging.lucky-hunter.com\/\",\"name\":\"Lucky-Hunter\",\"description\":\"Gear Up or Give Up\",\"potentialAction\":[{\"@type\":\"SearchAction\",\"target\":{\"@type\":\"EntryPoint\",\"urlTemplate\":\"https:\/\/staging.lucky-hunter.com\/?s={search_term_string}\"},\"query-input\":{\"@type\":\"PropertyValueSpecification\",\"valueRequired\":true,\"valueName\":\"search_term_string\"}}],\"inLanguage\":\"fr-FR\"}]}<\/script>\n<!-- \/ Yoast SEO plugin. -->","yoast_head_json":{"title":"C\u00e2ble USB Bolyguard d'origine pour cam\u00e9ra de chasse BG310","description":"Ce type de USB c\u00e2ble est inclus dans le paquet lorsque vous achetez une cam\u00e9ra Bolyguard BG310 et BG410","robots":{"index":"noindex","follow":"follow","max-snippet":"max-snippet:-1","max-image-preview":"max-image-preview:large","max-video-preview":"max-video-preview:-1"},"og_locale":"fr_FR","og_type":"article","og_title":"{6>C\u00e2ble Bolyguard vers batterie externe 6 volts&lt;1}","og_description":"Prolongez la dur\u00e9e de vie de la batterie de votre cam\u00e9ra. Avec un c\u00e2ble Bolyguard pour batterie 6 volts, vous pouvez \u00eatre s\u00fbr de maintenir une quantit\u00e9 suppl\u00e9mentaire d'\u00e9nergie pour votre cam\u00e9ra.","og_url":"https:\/\/staging.lucky-hunter.com\/product\/original-bolyguard-usb-cable-to-game-camera-bg310\/","og_site_name":"Lucky-Hunter","article_modified_time":"2025-06-23T13:01:26+00:00","og_image":[{"width":433,"height":577,"url":"https:\/\/staging.lucky-hunter.com\/wp-content\/uploads\/2024\/05\/JK-509-removebg-preview.png","type":"image\/png"}],"twitter_card":"summary_large_image","twitter_title":"C\u00e2ble Bolyguard pour batterie externe 6 volts | Lucky Hunter","twitter_description":"Prolongez la dur\u00e9e de vie de la batterie de votre cam\u00e9ra. Avec un c\u00e2ble Bolyguard pour batterie 6 volts, vous pouvez \u00eatre s\u00fbr de maintenir une quantit\u00e9 suppl\u00e9mentaire d'\u00e9nergie pour votre cam\u00e9ra.","twitter_misc":{"Dur\u00e9e de lecture estim\u00e9e":"1 minute"},"schema":{"@context":"https:\/\/schema.org","@graph":[{"@type":"WebPage","@id":"https:\/\/staging.lucky-hunter.com\/product\/original-bolyguard-usb-cable-to-game-camera-bg310\/","url":"https:\/\/staging.lucky-hunter.com\/product\/original-bolyguard-usb-cable-to-game-camera-bg310\/","name":"C\u00e2ble USB Bolyguard d'origine pour cam\u00e9ra de chasse BG310","isPartOf":{"@id":"https:\/\/staging.lucky-hunter.com\/#website"},"primaryImageOfPage":{"@id":"https:\/\/staging.lucky-hunter.com\/product\/original-bolyguard-usb-cable-to-game-camera-bg310\/#primaryimage"},"image":{"@id":"https:\/\/staging.lucky-hunter.com\/product\/original-bolyguard-usb-cable-to-game-camera-bg310\/#primaryimage"},"thumbnailUrl":"https:\/\/staging.lucky-hunter.com\/wp-content\/uploads\/2024\/05\/JK-509-removebg-preview.png","datePublished":"2024-05-23T08:03:07+00:00","dateModified":"2025-06-23T13:01:26+00:00","description":"Ce type de USB c\u00e2ble est inclus dans le paquet lorsque vous achetez une cam\u00e9ra Bolyguard BG310 et BG410","breadcrumb":{"@id":"https:\/\/staging.lucky-hunter.com\/product\/original-bolyguard-usb-cable-to-game-camera-bg310\/#breadcrumb"},"inLanguage":"fr-FR","potentialAction":[{"@type":"ReadAction","target":["https:\/\/staging.lucky-hunter.com\/product\/original-bolyguard-usb-cable-to-game-camera-bg310\/"]}]},{"@type":"ImageObject","inLanguage":"fr-FR","@id":"https:\/\/staging.lucky-hunter.com\/product\/original-bolyguard-usb-cable-to-game-camera-bg310\/#primaryimage","url":"https:\/\/staging.lucky-hunter.com\/wp-content\/uploads\/2024\/05\/JK-509-removebg-preview.png","contentUrl":"https:\/\/staging.lucky-hunter.com\/wp-content\/uploads\/2024\/05\/JK-509-removebg-preview.png","width":433,"height":577},{"@type":"BreadcrumbList","@id":"https:\/\/staging.lucky-hunter.com\/product\/original-bolyguard-usb-cable-to-game-camera-bg310\/#breadcrumb","itemListElement":[{"@type":"ListItem","position":1,"name":"Home","item":"https:\/\/staging.lucky-hunter.com\/fr\/"},{"@type":"ListItem","position":2,"name":"Boutique","item":"https:\/\/staging.lucky-hunter.com\/fr\/shop\/"},{"@type":"ListItem","position":3,"name":"C\u00e2ble USB \u2013 Bolyguard BG310 et BG410"}]},{"@type":"WebSite","@id":"https:\/\/staging.lucky-hunter.com\/#website","url":"https:\/\/staging.lucky-hunter.com\/","name":"Lucky-Hunter","description":"Gear Up or Give Up","potentialAction":[{"@type":"SearchAction","target":{"@type":"EntryPoint","urlTemplate":"https:\/\/staging.lucky-hunter.com\/?s={search_term_string}"},"query-input":{"@type":"PropertyValueSpecification","valueRequired":true,"valueName":"search_term_string"}}],"inLanguage":"fr-FR"}]}},"_links":{"self":[{"href":"https:\/\/staging.lucky-hunter.com\/fr\/wp-json\/wp\/v2\/product\/147322"}],"collection":[{"href":"https:\/\/staging.lucky-hunter.com\/fr\/wp-json\/wp\/v2\/product"}],"about":[{"href":"https:\/\/staging.lucky-hunter.com\/fr\/wp-json\/wp\/v2\/types\/product"}],"wp:featuredmedia":[{"embeddable":true,"href":"https:\/\/staging.lucky-hunter.com\/fr\/wp-json\/wp\/v2\/media\/147266"}],"wp:attachment":[{"href":"https:\/\/staging.lucky-hunter.com\/fr\/wp-json\/wp\/v2\/media?parent=147322"}],"wp:term":[{"taxonomy":"product_brand","embeddable":true,"href":"https:\/\/staging.lucky-hunter.com\/fr\/wp-json\/wp\/v2\/product_brand?post=147322"},{"taxonomy":"product_cat","embeddable":true,"href":"https:\/\/staging.lucky-hunter.com\/fr\/wp-json\/wp\/v2\/product_cat?post=147322"},{"taxonomy":"product_tag","embeddable":true,"href":"https:\/\/staging.lucky-hunter.com\/fr\/wp-json\/wp\/v2\/product_tag?post=147322"}],"curies":[{"name":"wp","href":"https:\/\/api.w.org\/{rel}","templated":true}]}}