{"id":147303,"date":"2024-05-23T10:01:29","date_gmt":"2024-05-23T08:01:29","guid":{"rendered":"https:\/\/staging.lucky-hunter.com\/?post_type=product&#038;p=147303"},"modified":"2024-08-22T14:03:24","modified_gmt":"2024-08-22T12:03:24","slug":"cable-sg880-bg584","status":"publish","type":"product","link":"https:\/\/staging.lucky-hunter.com\/fr\/product\/cable-sg880-bg584\/","title":{"rendered":"C\u00e2ble USB &#8211; Bolyguard SG880 et BG584"},"content":{"rendered":"<h2><strong>Connexion facile de votre cam\u00e9ra de chasse Bolyguard \u00e0 l&#8217;ordinateur et \u00e0 la batterie externe<\/strong><\/h2>\n<div>Ce type de c\u00e2ble est inclus dans le paquet lorsque vous achetez une cam\u00e9ra Bolyguard MG984 ou une batterie externe Bolyguard, mais si vous le perdez, vous pouvez en acheter un nouveau ici.<\/div>\n<div><\/div>\n<div>Compatible avec les mod\u00e8les Bolyguard SG880 et BG584.<\/div>\n<div><\/div>\n<div>Le c\u00e2ble est utilis\u00e9 pour connecter la cam\u00e9ra \u00e0 votre ordinateur, afin que vous puissiez visualiser les images enregistr\u00e9es par la cam\u00e9ra ou modifier les param\u00e8tres via le programme de configuration BMC.<\/div>\n<div><\/div>\n<div>C&#8217;est \u00e9galement ce c\u00e2ble qui est utilis\u00e9 pour connecter la cam\u00e9ra \u00e0 la batterie externe Bolyguard (num\u00e9ro d&#8217;article JK-624K).<\/div>\n","protected":false},"excerpt":{"rendered":"<p>C\u00e2ble USB d&#8217;origine pour connecter votre cam\u00e9ra de chasse Bolyguard \u00e0 un ordinateur ou \u00e0 la batterie externe Bolyguard avec cellule solaire.<\/p>\n","protected":false},"featured_media":147282,"template":"","meta":[],"product_brand":[9566],"product_cat":[8232],"product_tag":[],"yoast_head":"<!-- This site is optimized with the Yoast SEO plugin v24.3 - https:\/\/yoast.com\/wordpress\/plugins\/seo\/ -->\n<title>C\u00e2ble USB Bolyguard pour cam\u00e9ra de chasse SG880 et BG584<\/title>\n<meta name=\"description\" content=\"C\u00e2ble USB d&#039;origine pour connecter votre cam\u00e9ra de chasse Bolyguard \u00e0 un ordinateur ou \u00e0 la batterie externe Bolyguard avec cellule solaire.\" \/>\n<meta name=\"robots\" content=\"noindex, follow, max-snippet:-1, max-image-preview:large, max-video-preview:-1\" \/>\n<meta property=\"og:locale\" content=\"fr_FR\" \/>\n<meta property=\"og:type\" content=\"article\" \/>\n<meta property=\"og:title\" content=\"{6&gt;C\u00e2ble Bolyguard vers batterie externe 6 volts&lt;1}\" \/>\n<meta property=\"og:description\" content=\"Prolongez la dur\u00e9e de vie de la batterie de votre appareil photo. Avec un c\u00e2ble Bolyguard vers une batterie de 6 volts, vous pouvez \u00eatre s\u00fbr de conserver une quantit\u00e9 suppl\u00e9mentaire d&#039;\u00e9nergie sur votre appareil photo.\" \/>\n<meta property=\"og:url\" content=\"https:\/\/staging.lucky-hunter.com\/product\/bolyguard-usb-cable-to-game-camera-sg880-and-bg584\/\" \/>\n<meta property=\"og:site_name\" content=\"Lucky-Hunter\" \/>\n<meta property=\"article:modified_time\" content=\"2024-08-22T12:03:24+00:00\" \/>\n<meta property=\"og:image\" content=\"https:\/\/staging.lucky-hunter.com\/wp-content\/uploads\/2024\/05\/JK-514-removebg-preview.png\" \/>\n\t<meta property=\"og:image:width\" content=\"433\" \/>\n\t<meta property=\"og:image:height\" content=\"577\" \/>\n\t<meta property=\"og:image:type\" content=\"image\/png\" \/>\n<meta name=\"twitter:card\" content=\"summary_large_image\" \/>\n<meta name=\"twitter:title\" content=\"C\u00e2ble Bolyguard pour batterie externe 6 volts | Lucky Hunter\" \/>\n<meta name=\"twitter:description\" content=\"Prolongez la dur\u00e9e de vie de la batterie de votre appareil photo. Avec un c\u00e2ble Bolyguard vers une batterie de 6 volts, vous pouvez \u00eatre s\u00fbr de conserver une quantit\u00e9 suppl\u00e9mentaire d&#039;\u00e9nergie sur votre appareil photo.\" \/>\n<meta name=\"twitter:label1\" content=\"Dur\u00e9e de lecture estim\u00e9e\" \/>\n\t<meta name=\"twitter:data1\" content=\"1 minute\" \/>\n<script type=\"application\/ld+json\" class=\"yoast-schema-graph\">{\"@context\":\"https:\/\/schema.org\",\"@graph\":[{\"@type\":\"WebPage\",\"@id\":\"https:\/\/staging.lucky-hunter.com\/product\/bolyguard-usb-cable-to-game-camera-sg880-and-bg584\/\",\"url\":\"https:\/\/staging.lucky-hunter.com\/product\/bolyguard-usb-cable-to-game-camera-sg880-and-bg584\/\",\"name\":\"C\u00e2ble USB Bolyguard pour cam\u00e9ra de chasse SG880 et BG584\",\"isPartOf\":{\"@id\":\"https:\/\/staging.lucky-hunter.com\/#website\"},\"primaryImageOfPage\":{\"@id\":\"https:\/\/staging.lucky-hunter.com\/product\/bolyguard-usb-cable-to-game-camera-sg880-and-bg584\/#primaryimage\"},\"image\":{\"@id\":\"https:\/\/staging.lucky-hunter.com\/product\/bolyguard-usb-cable-to-game-camera-sg880-and-bg584\/#primaryimage\"},\"thumbnailUrl\":\"https:\/\/staging.lucky-hunter.com\/wp-content\/uploads\/2024\/05\/JK-514-removebg-preview.png\",\"datePublished\":\"2024-05-23T08:01:29+00:00\",\"dateModified\":\"2024-08-22T12:03:24+00:00\",\"description\":\"C\u00e2ble USB d'origine pour connecter votre cam\u00e9ra de chasse Bolyguard \u00e0 un ordinateur ou \u00e0 la batterie externe Bolyguard avec cellule solaire.\",\"breadcrumb\":{\"@id\":\"https:\/\/staging.lucky-hunter.com\/product\/bolyguard-usb-cable-to-game-camera-sg880-and-bg584\/#breadcrumb\"},\"inLanguage\":\"fr-FR\",\"potentialAction\":[{\"@type\":\"ReadAction\",\"target\":[\"https:\/\/staging.lucky-hunter.com\/product\/bolyguard-usb-cable-to-game-camera-sg880-and-bg584\/\"]}]},{\"@type\":\"ImageObject\",\"inLanguage\":\"fr-FR\",\"@id\":\"https:\/\/staging.lucky-hunter.com\/product\/bolyguard-usb-cable-to-game-camera-sg880-and-bg584\/#primaryimage\",\"url\":\"https:\/\/staging.lucky-hunter.com\/wp-content\/uploads\/2024\/05\/JK-514-removebg-preview.png\",\"contentUrl\":\"https:\/\/staging.lucky-hunter.com\/wp-content\/uploads\/2024\/05\/JK-514-removebg-preview.png\",\"width\":433,\"height\":577},{\"@type\":\"BreadcrumbList\",\"@id\":\"https:\/\/staging.lucky-hunter.com\/product\/bolyguard-usb-cable-to-game-camera-sg880-and-bg584\/#breadcrumb\",\"itemListElement\":[{\"@type\":\"ListItem\",\"position\":1,\"name\":\"Home\",\"item\":\"https:\/\/staging.lucky-hunter.com\/fr\/\"},{\"@type\":\"ListItem\",\"position\":2,\"name\":\"Boutique\",\"item\":\"https:\/\/staging.lucky-hunter.com\/fr\/shop\/\"},{\"@type\":\"ListItem\",\"position\":3,\"name\":\"C\u00e2ble USB &#8211; Bolyguard SG880 et BG584\"}]},{\"@type\":\"WebSite\",\"@id\":\"https:\/\/staging.lucky-hunter.com\/#website\",\"url\":\"https:\/\/staging.lucky-hunter.com\/\",\"name\":\"Lucky-Hunter\",\"description\":\"Gear Up or Give Up\",\"potentialAction\":[{\"@type\":\"SearchAction\",\"target\":{\"@type\":\"EntryPoint\",\"urlTemplate\":\"https:\/\/staging.lucky-hunter.com\/?s={search_term_string}\"},\"query-input\":{\"@type\":\"PropertyValueSpecification\",\"valueRequired\":true,\"valueName\":\"search_term_string\"}}],\"inLanguage\":\"fr-FR\"}]}<\/script>\n<!-- \/ Yoast SEO plugin. -->","yoast_head_json":{"title":"C\u00e2ble USB Bolyguard pour cam\u00e9ra de chasse SG880 et BG584","description":"C\u00e2ble USB d'origine pour connecter votre cam\u00e9ra de chasse Bolyguard \u00e0 un ordinateur ou \u00e0 la batterie externe Bolyguard avec cellule solaire.","robots":{"index":"noindex","follow":"follow","max-snippet":"max-snippet:-1","max-image-preview":"max-image-preview:large","max-video-preview":"max-video-preview:-1"},"og_locale":"fr_FR","og_type":"article","og_title":"{6>C\u00e2ble Bolyguard vers batterie externe 6 volts&lt;1}","og_description":"Prolongez la dur\u00e9e de vie de la batterie de votre appareil photo. Avec un c\u00e2ble Bolyguard vers une batterie de 6 volts, vous pouvez \u00eatre s\u00fbr de conserver une quantit\u00e9 suppl\u00e9mentaire d'\u00e9nergie sur votre appareil photo.","og_url":"https:\/\/staging.lucky-hunter.com\/product\/bolyguard-usb-cable-to-game-camera-sg880-and-bg584\/","og_site_name":"Lucky-Hunter","article_modified_time":"2024-08-22T12:03:24+00:00","og_image":[{"width":433,"height":577,"url":"https:\/\/staging.lucky-hunter.com\/wp-content\/uploads\/2024\/05\/JK-514-removebg-preview.png","type":"image\/png"}],"twitter_card":"summary_large_image","twitter_title":"C\u00e2ble Bolyguard pour batterie externe 6 volts | Lucky Hunter","twitter_description":"Prolongez la dur\u00e9e de vie de la batterie de votre appareil photo. Avec un c\u00e2ble Bolyguard vers une batterie de 6 volts, vous pouvez \u00eatre s\u00fbr de conserver une quantit\u00e9 suppl\u00e9mentaire d'\u00e9nergie sur votre appareil photo.","twitter_misc":{"Dur\u00e9e de lecture estim\u00e9e":"1 minute"},"schema":{"@context":"https:\/\/schema.org","@graph":[{"@type":"WebPage","@id":"https:\/\/staging.lucky-hunter.com\/product\/bolyguard-usb-cable-to-game-camera-sg880-and-bg584\/","url":"https:\/\/staging.lucky-hunter.com\/product\/bolyguard-usb-cable-to-game-camera-sg880-and-bg584\/","name":"C\u00e2ble USB Bolyguard pour cam\u00e9ra de chasse SG880 et BG584","isPartOf":{"@id":"https:\/\/staging.lucky-hunter.com\/#website"},"primaryImageOfPage":{"@id":"https:\/\/staging.lucky-hunter.com\/product\/bolyguard-usb-cable-to-game-camera-sg880-and-bg584\/#primaryimage"},"image":{"@id":"https:\/\/staging.lucky-hunter.com\/product\/bolyguard-usb-cable-to-game-camera-sg880-and-bg584\/#primaryimage"},"thumbnailUrl":"https:\/\/staging.lucky-hunter.com\/wp-content\/uploads\/2024\/05\/JK-514-removebg-preview.png","datePublished":"2024-05-23T08:01:29+00:00","dateModified":"2024-08-22T12:03:24+00:00","description":"C\u00e2ble USB d'origine pour connecter votre cam\u00e9ra de chasse Bolyguard \u00e0 un ordinateur ou \u00e0 la batterie externe Bolyguard avec cellule solaire.","breadcrumb":{"@id":"https:\/\/staging.lucky-hunter.com\/product\/bolyguard-usb-cable-to-game-camera-sg880-and-bg584\/#breadcrumb"},"inLanguage":"fr-FR","potentialAction":[{"@type":"ReadAction","target":["https:\/\/staging.lucky-hunter.com\/product\/bolyguard-usb-cable-to-game-camera-sg880-and-bg584\/"]}]},{"@type":"ImageObject","inLanguage":"fr-FR","@id":"https:\/\/staging.lucky-hunter.com\/product\/bolyguard-usb-cable-to-game-camera-sg880-and-bg584\/#primaryimage","url":"https:\/\/staging.lucky-hunter.com\/wp-content\/uploads\/2024\/05\/JK-514-removebg-preview.png","contentUrl":"https:\/\/staging.lucky-hunter.com\/wp-content\/uploads\/2024\/05\/JK-514-removebg-preview.png","width":433,"height":577},{"@type":"BreadcrumbList","@id":"https:\/\/staging.lucky-hunter.com\/product\/bolyguard-usb-cable-to-game-camera-sg880-and-bg584\/#breadcrumb","itemListElement":[{"@type":"ListItem","position":1,"name":"Home","item":"https:\/\/staging.lucky-hunter.com\/fr\/"},{"@type":"ListItem","position":2,"name":"Boutique","item":"https:\/\/staging.lucky-hunter.com\/fr\/shop\/"},{"@type":"ListItem","position":3,"name":"C\u00e2ble USB &#8211; Bolyguard SG880 et BG584"}]},{"@type":"WebSite","@id":"https:\/\/staging.lucky-hunter.com\/#website","url":"https:\/\/staging.lucky-hunter.com\/","name":"Lucky-Hunter","description":"Gear Up or Give Up","potentialAction":[{"@type":"SearchAction","target":{"@type":"EntryPoint","urlTemplate":"https:\/\/staging.lucky-hunter.com\/?s={search_term_string}"},"query-input":{"@type":"PropertyValueSpecification","valueRequired":true,"valueName":"search_term_string"}}],"inLanguage":"fr-FR"}]}},"_links":{"self":[{"href":"https:\/\/staging.lucky-hunter.com\/fr\/wp-json\/wp\/v2\/product\/147303"}],"collection":[{"href":"https:\/\/staging.lucky-hunter.com\/fr\/wp-json\/wp\/v2\/product"}],"about":[{"href":"https:\/\/staging.lucky-hunter.com\/fr\/wp-json\/wp\/v2\/types\/product"}],"wp:featuredmedia":[{"embeddable":true,"href":"https:\/\/staging.lucky-hunter.com\/fr\/wp-json\/wp\/v2\/media\/147282"}],"wp:attachment":[{"href":"https:\/\/staging.lucky-hunter.com\/fr\/wp-json\/wp\/v2\/media?parent=147303"}],"wp:term":[{"taxonomy":"product_brand","embeddable":true,"href":"https:\/\/staging.lucky-hunter.com\/fr\/wp-json\/wp\/v2\/product_brand?post=147303"},{"taxonomy":"product_cat","embeddable":true,"href":"https:\/\/staging.lucky-hunter.com\/fr\/wp-json\/wp\/v2\/product_cat?post=147303"},{"taxonomy":"product_tag","embeddable":true,"href":"https:\/\/staging.lucky-hunter.com\/fr\/wp-json\/wp\/v2\/product_tag?post=147303"}],"curies":[{"name":"wp","href":"https:\/\/api.w.org\/{rel}","templated":true}]}}