{"id":1380801,"date":"2025-08-28T13:37:33","date_gmt":"2025-08-28T11:37:33","guid":{"rendered":"https:\/\/staging.lucky-hunter.com\/product\/appel-de-jeu-electronique-icotec-nomad-avec-bluetooth\/"},"modified":"2025-08-28T13:37:33","modified_gmt":"2025-08-28T11:37:33","slug":"appel-de-jeu-electronique-icotec-nomad-avec-bluetooth","status":"publish","type":"product","link":"https:\/\/staging.lucky-hunter.com\/fr\/product\/appel-de-jeu-electronique-icotec-nomad-avec-bluetooth\/","title":{"rendered":"Appel de jeu \u00e9lectronique ICOtec Nomad+ avec Bluetooth"},"content":{"rendered":"<h2><strong>Appeau de pr\u00e9dateur programmable ICOtec Nomad+ avec Bluetooth, t\u00e9l\u00e9commande et critter<\/strong><\/h2>\n<div><span style=\"color: #ed1c24;\"><strong>Le d\u00e9lai de livraison de cet article peut \u00eatre de 2 \u00e0 3 semaines ; veuillez nous contacter pour conna\u00eetre l&#8217;\u00e9tat des stocks.<\/strong><\/span><\/div>\n<div><\/div>\n<div>L&#8217;appeau \u00e9lectronique ICOtec Nomad+ offre de nombreuses fonctionnalit\u00e9s r\u00e9volutionnaires qui donneront une toute nouvelle dimension \u00e0 votre chasse aux pr\u00e9dateurs.<\/div>\n<div><\/div>\n<div>Livr\u00e9 avec un critter Icotec AD400 avec deux types de top (li\u00e8vre ou oiseau bless\u00e9).<\/div>\n<div><\/div>\n<div>L&#8217;appeau de pr\u00e9dateur Nomad+ est de qualit\u00e9 professionnelle, tant au niveau du bo\u00eetier que de la qualit\u00e9 sonore et du volume. La t\u00e9l\u00e9commande offre une longue port\u00e9e et est facile \u00e0 utiliser, m\u00eame en cas de forte impulsion.<\/div>\n<div><\/div>\n<div>D\u00e9velopp\u00e9 par et pour les chasseurs de pr\u00e9dateurs professionnels exigeants en mati\u00e8re d&#8217;\u00e9quipement.<\/div>\n<div><\/div>\n<div><strong>Caract\u00e9ristiques :<\/strong><\/div>\n<div><\/div>\n<ul>\n<li>165 sons inclus (dont 15 de Tony Tebbe de Predator University)<\/li>\n<li>T\u00e9l\u00e9commande GCX+ incluse<\/li>\n<li>Port\u00e9e Bluetooth jusqu&#8217;\u00e0 90 m\u00e8tres<\/li>\n<li>Lib\u00e9ration simultan\u00e9e de 2 sonneries depuis la t\u00e9l\u00e9commande ou de plusieurs sons depuis l&#8217;application Animal Audio<\/li>\n<li>Stockage jusqu&#8217;\u00e0 2 000 sonneries sur la carte SD 32 Go incluse<\/li>\n<li>Les sons inclus sont en 24 bits, mais peuvent \u00e9galement lire les fichiers .wav 16 et 32 bits<\/li>\n<li>Lit les fichiers aux formats .aaf et .wav<\/li>\n<li>Enregistrement des sons depuis votre smartphone via un lecteur de carte SD ou la carte SD du leurre<\/li>\n<li>Volume et clart\u00e9 sonore am\u00e9lior\u00e9s<\/li>\n<li>1 c\u00e2ble mini-USB vers USB inclus pour le t\u00e9l\u00e9chargement des sons et 1 c\u00e2ble suppl\u00e9mentaire inclus pour la synchronisation \u00e0 distance avec la GCX+<\/li>\n<li>Montage possible sur tr\u00e9pied (non inclus)<\/li>\n<li>Longue autonomie<\/li>\n<li>Utilisez 4 piles AA de bonne qualit\u00e9 dans le leurre et 4 piles AA dans la t\u00e9l\u00e9commande (non incluses)<\/li>\n<li>Obtenez de nouveaux sons ICOtec, JD Piatt et d&#8217;autres artistes sonores professionnels sur l&#8217;application Animal Audio (iOS\/Android).<\/li>\n<\/ul>\n<p><strong>Caract\u00e9ristiques de la t\u00e9l\u00e9commande GCX+ :<\/strong><\/p>\n<ul>\n<li>Port\u00e9e de 275 m<\/li>\n<li>Diffusion simultan\u00e9e de 2 sonores gr\u00e2ce aux boutons lecture et pause s\u00e9par\u00e9s<\/li>\n<li>Classification des sons<\/li>\n<li>Grand \u00e9cran facile \u00e0 lire<\/li>\n<li>Options de visualisation jour\/nuit<\/li>\n<li>Stockage jusqu&#8217;\u00e0 20 sonores dans 2 banques distinctes<\/li>\n<li>Configuration et diffusion d&#8217;un son coaxial sp\u00e9cifique<\/li>\n<li>4 piles AA requises dans la t\u00e9l\u00e9commande (non fournies)<\/li>\n<\/ul>\n<div><strong>AD400 Critter :<\/strong><\/div>\n<div><\/div>\n<ul>\n<li>Vitesse de rotation r\u00e9glable<\/li>\n<li>2 types de toupie (li\u00e8vre\/lapin ou oiseau bless\u00e9)<\/li>\n<li>LED pour la chasse dans l&#8217;obscurit\u00e9<\/li>\n<li>4 piles AA requises (non fournies)<\/li>\n<\/ul>\n<div>ICOtec recommande d&#8217;\u00e9viter l&#8217;utilisation de piles Duracell dans ses appeaux, car leur tension est trop faible. Il est \u00e9galement d\u00e9conseill\u00e9 d&#8217;utiliser des piles lithium AA dans les t\u00e9l\u00e9commandes GCX+.<\/div>\n","protected":false},"excerpt":{"rendered":"<p>L&#8217;appeau \u00e9lectronique ICOtec Nomad+ offre de nombreuses fonctionnalit\u00e9s r\u00e9volutionnaires qui donneront une toute nouvelle dimension.<\/p>\n","protected":false},"featured_media":1380407,"template":"","meta":[],"product_brand":[9080],"product_cat":[8242],"product_tag":[],"yoast_head":"<!-- This site is optimized with the Yoast SEO plugin v24.3 - https:\/\/yoast.com\/wordpress\/plugins\/seo\/ -->\n<title>Appel de jeu \u00e9lectronique ICOtec Nomad+ avec Bluetooth - Lucky-Hunter<\/title>\n<meta name=\"description\" content=\"Appel de jeu \u00e9lectronique ICOtec Nomad+ avec Bluetooth\" \/>\n<meta name=\"robots\" content=\"noindex, follow, max-snippet:-1, max-image-preview:large, max-video-preview:-1\" \/>\n<meta property=\"og:locale\" content=\"fr_FR\" \/>\n<meta property=\"og:type\" content=\"article\" \/>\n<meta property=\"og:title\" content=\"Appel de jeu \u00e9lectronique ICOtec Nomad+ avec Bluetooth - Lucky-Hunter\" \/>\n<meta property=\"og:description\" content=\"Appel de jeu \u00e9lectronique ICOtec Nomad+ avec Bluetooth\" \/>\n<meta property=\"og:url\" content=\"https:\/\/staging.lucky-hunter.com\/fr\/product\/appel-de-jeu-electronique-icotec-nomad-avec-bluetooth\/\" \/>\n<meta property=\"og:site_name\" content=\"Lucky-Hunter\" \/>\n<meta property=\"og:image\" content=\"https:\/\/staging.lucky-hunter.com\/wp-content\/uploads\/2025\/08\/LK-735-removebg-e1756381030810.png\" \/>\n\t<meta property=\"og:image:width\" content=\"1100\" \/>\n\t<meta property=\"og:image:height\" content=\"1081\" \/>\n\t<meta property=\"og:image:type\" content=\"image\/png\" \/>\n<meta name=\"twitter:card\" content=\"summary_large_image\" \/>\n<meta name=\"twitter:label1\" content=\"Dur\u00e9e de lecture estim\u00e9e\" \/>\n\t<meta name=\"twitter:data1\" content=\"2 minutes\" \/>\n<script type=\"application\/ld+json\" class=\"yoast-schema-graph\">{\"@context\":\"https:\/\/schema.org\",\"@graph\":[{\"@type\":\"WebPage\",\"@id\":\"https:\/\/staging.lucky-hunter.com\/fr\/product\/appel-de-jeu-electronique-icotec-nomad-avec-bluetooth\/\",\"url\":\"https:\/\/staging.lucky-hunter.com\/fr\/product\/appel-de-jeu-electronique-icotec-nomad-avec-bluetooth\/\",\"name\":\"Appel de jeu \u00e9lectronique ICOtec Nomad+ avec Bluetooth - Lucky-Hunter\",\"isPartOf\":{\"@id\":\"https:\/\/staging.lucky-hunter.com\/#website\"},\"primaryImageOfPage\":{\"@id\":\"https:\/\/staging.lucky-hunter.com\/fr\/product\/appel-de-jeu-electronique-icotec-nomad-avec-bluetooth\/#primaryimage\"},\"image\":{\"@id\":\"https:\/\/staging.lucky-hunter.com\/fr\/product\/appel-de-jeu-electronique-icotec-nomad-avec-bluetooth\/#primaryimage\"},\"thumbnailUrl\":\"https:\/\/staging.lucky-hunter.com\/wp-content\/uploads\/2025\/08\/LK-735-removebg-e1756381030810.png\",\"datePublished\":\"2025-08-28T11:37:33+00:00\",\"dateModified\":\"2025-08-28T11:37:33+00:00\",\"description\":\"Appel de jeu \u00e9lectronique ICOtec Nomad+ avec Bluetooth\",\"breadcrumb\":{\"@id\":\"https:\/\/staging.lucky-hunter.com\/fr\/product\/appel-de-jeu-electronique-icotec-nomad-avec-bluetooth\/#breadcrumb\"},\"inLanguage\":\"fr-FR\",\"potentialAction\":[{\"@type\":\"ReadAction\",\"target\":[\"https:\/\/staging.lucky-hunter.com\/fr\/product\/appel-de-jeu-electronique-icotec-nomad-avec-bluetooth\/\"]}]},{\"@type\":\"ImageObject\",\"inLanguage\":\"fr-FR\",\"@id\":\"https:\/\/staging.lucky-hunter.com\/fr\/product\/appel-de-jeu-electronique-icotec-nomad-avec-bluetooth\/#primaryimage\",\"url\":\"https:\/\/staging.lucky-hunter.com\/wp-content\/uploads\/2025\/08\/LK-735-removebg-e1756381030810.png\",\"contentUrl\":\"https:\/\/staging.lucky-hunter.com\/wp-content\/uploads\/2025\/08\/LK-735-removebg-e1756381030810.png\",\"width\":1100,\"height\":1081},{\"@type\":\"BreadcrumbList\",\"@id\":\"https:\/\/staging.lucky-hunter.com\/fr\/product\/appel-de-jeu-electronique-icotec-nomad-avec-bluetooth\/#breadcrumb\",\"itemListElement\":[{\"@type\":\"ListItem\",\"position\":1,\"name\":\"Home\",\"item\":\"https:\/\/staging.lucky-hunter.com\/fr\/\"},{\"@type\":\"ListItem\",\"position\":2,\"name\":\"Boutique\",\"item\":\"https:\/\/staging.lucky-hunter.com\/fr\/shop\/\"},{\"@type\":\"ListItem\",\"position\":3,\"name\":\"Appel de jeu \u00e9lectronique ICOtec Nomad+ avec Bluetooth\"}]},{\"@type\":\"WebSite\",\"@id\":\"https:\/\/staging.lucky-hunter.com\/#website\",\"url\":\"https:\/\/staging.lucky-hunter.com\/\",\"name\":\"Lucky-Hunter\",\"description\":\"Gear Up or Give Up\",\"potentialAction\":[{\"@type\":\"SearchAction\",\"target\":{\"@type\":\"EntryPoint\",\"urlTemplate\":\"https:\/\/staging.lucky-hunter.com\/?s={search_term_string}\"},\"query-input\":{\"@type\":\"PropertyValueSpecification\",\"valueRequired\":true,\"valueName\":\"search_term_string\"}}],\"inLanguage\":\"fr-FR\"}]}<\/script>\n<!-- \/ Yoast SEO plugin. -->","yoast_head_json":{"title":"Appel de jeu \u00e9lectronique ICOtec Nomad+ avec Bluetooth - Lucky-Hunter","description":"Appel de jeu \u00e9lectronique ICOtec Nomad+ avec Bluetooth","robots":{"index":"noindex","follow":"follow","max-snippet":"max-snippet:-1","max-image-preview":"max-image-preview:large","max-video-preview":"max-video-preview:-1"},"og_locale":"fr_FR","og_type":"article","og_title":"Appel de jeu \u00e9lectronique ICOtec Nomad+ avec Bluetooth - Lucky-Hunter","og_description":"Appel de jeu \u00e9lectronique ICOtec Nomad+ avec Bluetooth","og_url":"https:\/\/staging.lucky-hunter.com\/fr\/product\/appel-de-jeu-electronique-icotec-nomad-avec-bluetooth\/","og_site_name":"Lucky-Hunter","og_image":[{"width":1100,"height":1081,"url":"https:\/\/staging.lucky-hunter.com\/wp-content\/uploads\/2025\/08\/LK-735-removebg-e1756381030810.png","type":"image\/png"}],"twitter_card":"summary_large_image","twitter_misc":{"Dur\u00e9e de lecture estim\u00e9e":"2 minutes"},"schema":{"@context":"https:\/\/schema.org","@graph":[{"@type":"WebPage","@id":"https:\/\/staging.lucky-hunter.com\/fr\/product\/appel-de-jeu-electronique-icotec-nomad-avec-bluetooth\/","url":"https:\/\/staging.lucky-hunter.com\/fr\/product\/appel-de-jeu-electronique-icotec-nomad-avec-bluetooth\/","name":"Appel de jeu \u00e9lectronique ICOtec Nomad+ avec Bluetooth - Lucky-Hunter","isPartOf":{"@id":"https:\/\/staging.lucky-hunter.com\/#website"},"primaryImageOfPage":{"@id":"https:\/\/staging.lucky-hunter.com\/fr\/product\/appel-de-jeu-electronique-icotec-nomad-avec-bluetooth\/#primaryimage"},"image":{"@id":"https:\/\/staging.lucky-hunter.com\/fr\/product\/appel-de-jeu-electronique-icotec-nomad-avec-bluetooth\/#primaryimage"},"thumbnailUrl":"https:\/\/staging.lucky-hunter.com\/wp-content\/uploads\/2025\/08\/LK-735-removebg-e1756381030810.png","datePublished":"2025-08-28T11:37:33+00:00","dateModified":"2025-08-28T11:37:33+00:00","description":"Appel de jeu \u00e9lectronique ICOtec Nomad+ avec Bluetooth","breadcrumb":{"@id":"https:\/\/staging.lucky-hunter.com\/fr\/product\/appel-de-jeu-electronique-icotec-nomad-avec-bluetooth\/#breadcrumb"},"inLanguage":"fr-FR","potentialAction":[{"@type":"ReadAction","target":["https:\/\/staging.lucky-hunter.com\/fr\/product\/appel-de-jeu-electronique-icotec-nomad-avec-bluetooth\/"]}]},{"@type":"ImageObject","inLanguage":"fr-FR","@id":"https:\/\/staging.lucky-hunter.com\/fr\/product\/appel-de-jeu-electronique-icotec-nomad-avec-bluetooth\/#primaryimage","url":"https:\/\/staging.lucky-hunter.com\/wp-content\/uploads\/2025\/08\/LK-735-removebg-e1756381030810.png","contentUrl":"https:\/\/staging.lucky-hunter.com\/wp-content\/uploads\/2025\/08\/LK-735-removebg-e1756381030810.png","width":1100,"height":1081},{"@type":"BreadcrumbList","@id":"https:\/\/staging.lucky-hunter.com\/fr\/product\/appel-de-jeu-electronique-icotec-nomad-avec-bluetooth\/#breadcrumb","itemListElement":[{"@type":"ListItem","position":1,"name":"Home","item":"https:\/\/staging.lucky-hunter.com\/fr\/"},{"@type":"ListItem","position":2,"name":"Boutique","item":"https:\/\/staging.lucky-hunter.com\/fr\/shop\/"},{"@type":"ListItem","position":3,"name":"Appel de jeu \u00e9lectronique ICOtec Nomad+ avec Bluetooth"}]},{"@type":"WebSite","@id":"https:\/\/staging.lucky-hunter.com\/#website","url":"https:\/\/staging.lucky-hunter.com\/","name":"Lucky-Hunter","description":"Gear Up or Give Up","potentialAction":[{"@type":"SearchAction","target":{"@type":"EntryPoint","urlTemplate":"https:\/\/staging.lucky-hunter.com\/?s={search_term_string}"},"query-input":{"@type":"PropertyValueSpecification","valueRequired":true,"valueName":"search_term_string"}}],"inLanguage":"fr-FR"}]}},"_links":{"self":[{"href":"https:\/\/staging.lucky-hunter.com\/fr\/wp-json\/wp\/v2\/product\/1380801"}],"collection":[{"href":"https:\/\/staging.lucky-hunter.com\/fr\/wp-json\/wp\/v2\/product"}],"about":[{"href":"https:\/\/staging.lucky-hunter.com\/fr\/wp-json\/wp\/v2\/types\/product"}],"wp:featuredmedia":[{"embeddable":true,"href":"https:\/\/staging.lucky-hunter.com\/fr\/wp-json\/wp\/v2\/media\/1380407"}],"wp:attachment":[{"href":"https:\/\/staging.lucky-hunter.com\/fr\/wp-json\/wp\/v2\/media?parent=1380801"}],"wp:term":[{"taxonomy":"product_brand","embeddable":true,"href":"https:\/\/staging.lucky-hunter.com\/fr\/wp-json\/wp\/v2\/product_brand?post=1380801"},{"taxonomy":"product_cat","embeddable":true,"href":"https:\/\/staging.lucky-hunter.com\/fr\/wp-json\/wp\/v2\/product_cat?post=1380801"},{"taxonomy":"product_tag","embeddable":true,"href":"https:\/\/staging.lucky-hunter.com\/fr\/wp-json\/wp\/v2\/product_tag?post=1380801"}],"curies":[{"name":"wp","href":"https:\/\/api.w.org\/{rel}","templated":true}]}}