{"id":1380788,"date":"2025-08-28T15:35:47","date_gmt":"2025-08-28T13:35:47","guid":{"rendered":"https:\/\/staging.lucky-hunter.com\/product\/icotec-night-stalker-appel-de-jeu-electronique-avec-bluetooth\/"},"modified":"2025-08-28T15:35:47","modified_gmt":"2025-08-28T13:35:47","slug":"icotec-night-stalker-appel-de-jeu-electronique-avec-bluetooth","status":"publish","type":"product","link":"https:\/\/staging.lucky-hunter.com\/fr\/product\/icotec-night-stalker-appel-de-jeu-electronique-avec-bluetooth\/","title":{"rendered":"ICOtec Night Stalker+ Appel de jeu \u00e9lectronique avec Bluetooth"},"content":{"rendered":"<h2><strong>Mod\u00e8le PRO ICOtec Night Stalker+ avec Bluetooth et t\u00e9l\u00e9commande<\/strong><\/h2>\n<div><strong><span style=\"color: #ed1c24;\">Le d\u00e9lai de livraison peut \u00eatre de 2 \u00e0 3 semaines pour cet article ; veuillez nous contacter pour conna\u00eetre l&#8217;\u00e9tat des stocks.<\/span><\/strong><\/div>\n<div><\/div>\n<div>L&#8217;appelant \u00e9lectronique ICOtec Night Stalker+ est le plus grand mod\u00e8le et est id\u00e9al pour la chasse aux appelants \u00e0 longue distance.<\/div>\n<div><\/div>\n<div>Son niveau sonore peut atteindre 130 DB ; pensez donc \u00e0 porter une protection auditive.<\/div>\n<div><\/div>\n<div>Fabriqu\u00e9 dans une qualit\u00e9 professionnelle reconnue, tant au niveau du bo\u00eetier que de la qualit\u00e9 sonore et du volume. La t\u00e9l\u00e9commande offre une longue port\u00e9e et est facile \u00e0 utiliser, m\u00eame par forte pulsation.<\/div>\n<div><\/div>\n<div>D\u00e9velopp\u00e9 par et pour les chasseurs de carnassiers professionnels exigeants en mati\u00e8re d&#8217;\u00e9quipement.<\/div>\n<div><\/div>\n<div><strong>Caract\u00e9ristiques :<\/strong><\/div>\n<div><\/div>\n<ul>\n<li>Contient 165 sons (dont 15 de Tony Tebbe de Predator University)<\/li>\n<li>T\u00e9l\u00e9commande GCX+ incluse<\/li>\n<li>Port\u00e9e Bluetooth jusqu&#8217;\u00e0 90 m\u00e8tres<\/li>\n<li>Son jusqu&#8217;\u00e0 130 dB ; pensez \u00e0 porter une protection auditive !<\/li>\n<li>Lancez 2 sons simultan\u00e9ment depuis la t\u00e9l\u00e9commande ou plusieurs sons simultan\u00e9ment depuis l&#8217;application Animal Audio<\/li>\n<li>Stockez jusqu&#8217;\u00e0 2 000 sons sur la carte SD 32 Go incluse<\/li>\n<li>Les sons inclus sont en 24 bits, mais peuvent \u00e9galement lire les fichiers .wav 16 et 32 bits<\/li>\n<li>Lit les fichiers .aaf et .wav<\/li>\n<li>Enregistrez les sons depuis votre smartphone via un lecteur de carte SD ou la carte SD du leurre<\/li>\n<li>Volume et clart\u00e9 du son am\u00e9lior\u00e9s<\/li>\n<li>1 c\u00e2ble mini-USB vers USB inclus pour le t\u00e9l\u00e9chargement des fichiers sonores et 1 c\u00e2ble suppl\u00e9mentaire inclus pour la synchronisation \u00e0 distance GCX+<\/li>\n<li>Peut \u00eatre mont\u00e9 sur un tr\u00e9pied (non inclus)<\/li>\n<li>Longue autonomie<\/li>\n<li>Utilisez 4 piles AA de haute qualit\u00e9 dans le leurre et 4 piles AA dans le T\u00e9l\u00e9commande (non incluse)<\/li>\n<li>D\u00e9couvrez de nouveaux sons d&#8217;ICOtec, JD Piatt et d&#8217;autres artistes sonores professionnels sur l&#8217;application Animal Audio (iOS\/Android).<\/li>\n<\/ul>\n<p><strong>Caract\u00e9ristiques de la t\u00e9l\u00e9commande GCX+ :<\/strong><\/p>\n<ul>\n<li>Port\u00e9e de 275 m<\/li>\n<li>Lancez 2 sons simultan\u00e9ment gr\u00e2ce aux boutons lecture et pause s\u00e9par\u00e9s<\/li>\n<li>Classement par cat\u00e9gorie de sons<\/li>\n<li>Grand \u00e9cran facile \u00e0 lire<\/li>\n<li>Options de visualisation jour et nuit<\/li>\n<li>Stockez jusqu&#8217;\u00e0 20 sons dans 2 banques de sons distinctes<\/li>\n<li>Proc\u00e9dez \u00e0 la lecture d&#8217;un son coaxial sp\u00e9cifique<\/li>\n<li>4 piles AA requises dans la t\u00e9l\u00e9commande (non incluses)<\/li>\n<\/ul>\n<div>ICOtec recommande d&#8217;\u00e9viter l&#8217;utilisation de piles Duracell dans ses leurres, car leur tension est trop faible. Il est \u00e9galement d\u00e9conseill\u00e9 d&#8217;utiliser des piles AA au lithium dans les t\u00e9l\u00e9commandes GCX+<\/div>\n","protected":false},"excerpt":{"rendered":"<p>L&#8217;appelant \u00e9lectronique ICOtec Night Stalker+ est le plus grand mod\u00e8le et est id\u00e9al pour la chasse aux appelants \u00e0 longue distance.<\/p>\n","protected":false},"featured_media":1380762,"template":"","meta":[],"product_brand":[9080],"product_cat":[8242],"product_tag":[],"yoast_head":"<!-- This site is optimized with the Yoast SEO plugin v24.3 - https:\/\/yoast.com\/wordpress\/plugins\/seo\/ -->\n<title>ICOtec Night Stalker+ Appel de jeu \u00e9lectronique avec Bluetooth - Lucky-Hunter<\/title>\n<meta name=\"description\" content=\"L&#039;appelant \u00e9lectronique ICOtec Night Stalker+ est le plus grand mod\u00e8le et est id\u00e9al pour la chasse aux appelants \u00e0 longue distance.\" \/>\n<meta name=\"robots\" content=\"noindex, follow, max-snippet:-1, max-image-preview:large, max-video-preview:-1\" \/>\n<meta property=\"og:locale\" content=\"fr_FR\" \/>\n<meta property=\"og:type\" content=\"article\" \/>\n<meta property=\"og:title\" content=\"ICOtec Night Stalker+ Appel de jeu \u00e9lectronique avec Bluetooth - Lucky-Hunter\" \/>\n<meta property=\"og:description\" content=\"L&#039;appelant \u00e9lectronique ICOtec Night Stalker+ est le plus grand mod\u00e8le et est id\u00e9al pour la chasse aux appelants \u00e0 longue distance.\" \/>\n<meta property=\"og:url\" content=\"https:\/\/staging.lucky-hunter.com\/fr\/product\/icotec-night-stalker-appel-de-jeu-electronique-avec-bluetooth\/\" \/>\n<meta property=\"og:site_name\" content=\"Lucky-Hunter\" \/>\n<meta property=\"og:image\" content=\"https:\/\/staging.lucky-hunter.com\/wp-content\/uploads\/2025\/08\/LK-740-removebg.png\" \/>\n\t<meta property=\"og:image:width\" content=\"1100\" \/>\n\t<meta property=\"og:image:height\" content=\"1100\" \/>\n\t<meta property=\"og:image:type\" content=\"image\/png\" \/>\n<meta name=\"twitter:card\" content=\"summary_large_image\" \/>\n<meta name=\"twitter:label1\" content=\"Dur\u00e9e de lecture estim\u00e9e\" \/>\n\t<meta name=\"twitter:data1\" content=\"2 minutes\" \/>\n<script type=\"application\/ld+json\" class=\"yoast-schema-graph\">{\"@context\":\"https:\/\/schema.org\",\"@graph\":[{\"@type\":\"WebPage\",\"@id\":\"https:\/\/staging.lucky-hunter.com\/fr\/product\/icotec-night-stalker-appel-de-jeu-electronique-avec-bluetooth\/\",\"url\":\"https:\/\/staging.lucky-hunter.com\/fr\/product\/icotec-night-stalker-appel-de-jeu-electronique-avec-bluetooth\/\",\"name\":\"ICOtec Night Stalker+ Appel de jeu \u00e9lectronique avec Bluetooth - Lucky-Hunter\",\"isPartOf\":{\"@id\":\"https:\/\/staging.lucky-hunter.com\/#website\"},\"primaryImageOfPage\":{\"@id\":\"https:\/\/staging.lucky-hunter.com\/fr\/product\/icotec-night-stalker-appel-de-jeu-electronique-avec-bluetooth\/#primaryimage\"},\"image\":{\"@id\":\"https:\/\/staging.lucky-hunter.com\/fr\/product\/icotec-night-stalker-appel-de-jeu-electronique-avec-bluetooth\/#primaryimage\"},\"thumbnailUrl\":\"https:\/\/staging.lucky-hunter.com\/wp-content\/uploads\/2025\/08\/LK-740-removebg.png\",\"datePublished\":\"2025-08-28T13:35:47+00:00\",\"dateModified\":\"2025-08-28T13:35:47+00:00\",\"description\":\"L'appelant \u00e9lectronique ICOtec Night Stalker+ est le plus grand mod\u00e8le et est id\u00e9al pour la chasse aux appelants \u00e0 longue distance.\",\"breadcrumb\":{\"@id\":\"https:\/\/staging.lucky-hunter.com\/fr\/product\/icotec-night-stalker-appel-de-jeu-electronique-avec-bluetooth\/#breadcrumb\"},\"inLanguage\":\"fr-FR\",\"potentialAction\":[{\"@type\":\"ReadAction\",\"target\":[\"https:\/\/staging.lucky-hunter.com\/fr\/product\/icotec-night-stalker-appel-de-jeu-electronique-avec-bluetooth\/\"]}]},{\"@type\":\"ImageObject\",\"inLanguage\":\"fr-FR\",\"@id\":\"https:\/\/staging.lucky-hunter.com\/fr\/product\/icotec-night-stalker-appel-de-jeu-electronique-avec-bluetooth\/#primaryimage\",\"url\":\"https:\/\/staging.lucky-hunter.com\/wp-content\/uploads\/2025\/08\/LK-740-removebg.png\",\"contentUrl\":\"https:\/\/staging.lucky-hunter.com\/wp-content\/uploads\/2025\/08\/LK-740-removebg.png\",\"width\":1100,\"height\":1100},{\"@type\":\"BreadcrumbList\",\"@id\":\"https:\/\/staging.lucky-hunter.com\/fr\/product\/icotec-night-stalker-appel-de-jeu-electronique-avec-bluetooth\/#breadcrumb\",\"itemListElement\":[{\"@type\":\"ListItem\",\"position\":1,\"name\":\"Home\",\"item\":\"https:\/\/staging.lucky-hunter.com\/fr\/\"},{\"@type\":\"ListItem\",\"position\":2,\"name\":\"Boutique\",\"item\":\"https:\/\/staging.lucky-hunter.com\/fr\/shop\/\"},{\"@type\":\"ListItem\",\"position\":3,\"name\":\"ICOtec Night Stalker+ Appel de jeu \u00e9lectronique avec Bluetooth\"}]},{\"@type\":\"WebSite\",\"@id\":\"https:\/\/staging.lucky-hunter.com\/#website\",\"url\":\"https:\/\/staging.lucky-hunter.com\/\",\"name\":\"Lucky-Hunter\",\"description\":\"Gear Up or Give Up\",\"potentialAction\":[{\"@type\":\"SearchAction\",\"target\":{\"@type\":\"EntryPoint\",\"urlTemplate\":\"https:\/\/staging.lucky-hunter.com\/?s={search_term_string}\"},\"query-input\":{\"@type\":\"PropertyValueSpecification\",\"valueRequired\":true,\"valueName\":\"search_term_string\"}}],\"inLanguage\":\"fr-FR\"}]}<\/script>\n<!-- \/ Yoast SEO plugin. -->","yoast_head_json":{"title":"ICOtec Night Stalker+ Appel de jeu \u00e9lectronique avec Bluetooth - Lucky-Hunter","description":"L'appelant \u00e9lectronique ICOtec Night Stalker+ est le plus grand mod\u00e8le et est id\u00e9al pour la chasse aux appelants \u00e0 longue distance.","robots":{"index":"noindex","follow":"follow","max-snippet":"max-snippet:-1","max-image-preview":"max-image-preview:large","max-video-preview":"max-video-preview:-1"},"og_locale":"fr_FR","og_type":"article","og_title":"ICOtec Night Stalker+ Appel de jeu \u00e9lectronique avec Bluetooth - Lucky-Hunter","og_description":"L'appelant \u00e9lectronique ICOtec Night Stalker+ est le plus grand mod\u00e8le et est id\u00e9al pour la chasse aux appelants \u00e0 longue distance.","og_url":"https:\/\/staging.lucky-hunter.com\/fr\/product\/icotec-night-stalker-appel-de-jeu-electronique-avec-bluetooth\/","og_site_name":"Lucky-Hunter","og_image":[{"width":1100,"height":1100,"url":"https:\/\/staging.lucky-hunter.com\/wp-content\/uploads\/2025\/08\/LK-740-removebg.png","type":"image\/png"}],"twitter_card":"summary_large_image","twitter_misc":{"Dur\u00e9e de lecture estim\u00e9e":"2 minutes"},"schema":{"@context":"https:\/\/schema.org","@graph":[{"@type":"WebPage","@id":"https:\/\/staging.lucky-hunter.com\/fr\/product\/icotec-night-stalker-appel-de-jeu-electronique-avec-bluetooth\/","url":"https:\/\/staging.lucky-hunter.com\/fr\/product\/icotec-night-stalker-appel-de-jeu-electronique-avec-bluetooth\/","name":"ICOtec Night Stalker+ Appel de jeu \u00e9lectronique avec Bluetooth - Lucky-Hunter","isPartOf":{"@id":"https:\/\/staging.lucky-hunter.com\/#website"},"primaryImageOfPage":{"@id":"https:\/\/staging.lucky-hunter.com\/fr\/product\/icotec-night-stalker-appel-de-jeu-electronique-avec-bluetooth\/#primaryimage"},"image":{"@id":"https:\/\/staging.lucky-hunter.com\/fr\/product\/icotec-night-stalker-appel-de-jeu-electronique-avec-bluetooth\/#primaryimage"},"thumbnailUrl":"https:\/\/staging.lucky-hunter.com\/wp-content\/uploads\/2025\/08\/LK-740-removebg.png","datePublished":"2025-08-28T13:35:47+00:00","dateModified":"2025-08-28T13:35:47+00:00","description":"L'appelant \u00e9lectronique ICOtec Night Stalker+ est le plus grand mod\u00e8le et est id\u00e9al pour la chasse aux appelants \u00e0 longue distance.","breadcrumb":{"@id":"https:\/\/staging.lucky-hunter.com\/fr\/product\/icotec-night-stalker-appel-de-jeu-electronique-avec-bluetooth\/#breadcrumb"},"inLanguage":"fr-FR","potentialAction":[{"@type":"ReadAction","target":["https:\/\/staging.lucky-hunter.com\/fr\/product\/icotec-night-stalker-appel-de-jeu-electronique-avec-bluetooth\/"]}]},{"@type":"ImageObject","inLanguage":"fr-FR","@id":"https:\/\/staging.lucky-hunter.com\/fr\/product\/icotec-night-stalker-appel-de-jeu-electronique-avec-bluetooth\/#primaryimage","url":"https:\/\/staging.lucky-hunter.com\/wp-content\/uploads\/2025\/08\/LK-740-removebg.png","contentUrl":"https:\/\/staging.lucky-hunter.com\/wp-content\/uploads\/2025\/08\/LK-740-removebg.png","width":1100,"height":1100},{"@type":"BreadcrumbList","@id":"https:\/\/staging.lucky-hunter.com\/fr\/product\/icotec-night-stalker-appel-de-jeu-electronique-avec-bluetooth\/#breadcrumb","itemListElement":[{"@type":"ListItem","position":1,"name":"Home","item":"https:\/\/staging.lucky-hunter.com\/fr\/"},{"@type":"ListItem","position":2,"name":"Boutique","item":"https:\/\/staging.lucky-hunter.com\/fr\/shop\/"},{"@type":"ListItem","position":3,"name":"ICOtec Night Stalker+ Appel de jeu \u00e9lectronique avec Bluetooth"}]},{"@type":"WebSite","@id":"https:\/\/staging.lucky-hunter.com\/#website","url":"https:\/\/staging.lucky-hunter.com\/","name":"Lucky-Hunter","description":"Gear Up or Give Up","potentialAction":[{"@type":"SearchAction","target":{"@type":"EntryPoint","urlTemplate":"https:\/\/staging.lucky-hunter.com\/?s={search_term_string}"},"query-input":{"@type":"PropertyValueSpecification","valueRequired":true,"valueName":"search_term_string"}}],"inLanguage":"fr-FR"}]}},"_links":{"self":[{"href":"https:\/\/staging.lucky-hunter.com\/fr\/wp-json\/wp\/v2\/product\/1380788"}],"collection":[{"href":"https:\/\/staging.lucky-hunter.com\/fr\/wp-json\/wp\/v2\/product"}],"about":[{"href":"https:\/\/staging.lucky-hunter.com\/fr\/wp-json\/wp\/v2\/types\/product"}],"wp:featuredmedia":[{"embeddable":true,"href":"https:\/\/staging.lucky-hunter.com\/fr\/wp-json\/wp\/v2\/media\/1380762"}],"wp:attachment":[{"href":"https:\/\/staging.lucky-hunter.com\/fr\/wp-json\/wp\/v2\/media?parent=1380788"}],"wp:term":[{"taxonomy":"product_brand","embeddable":true,"href":"https:\/\/staging.lucky-hunter.com\/fr\/wp-json\/wp\/v2\/product_brand?post=1380788"},{"taxonomy":"product_cat","embeddable":true,"href":"https:\/\/staging.lucky-hunter.com\/fr\/wp-json\/wp\/v2\/product_cat?post=1380788"},{"taxonomy":"product_tag","embeddable":true,"href":"https:\/\/staging.lucky-hunter.com\/fr\/wp-json\/wp\/v2\/product_tag?post=1380788"}],"curies":[{"name":"wp","href":"https:\/\/api.w.org\/{rel}","templated":true}]}}