{"id":1362475,"date":"2025-02-06T15:52:25","date_gmt":"2025-02-06T14:52:25","guid":{"rendered":"https:\/\/staging.lucky-hunter.com\/product\/final-approach-flotteurs-doie-degypte-paquet-de-6\/"},"modified":"2025-02-06T15:52:25","modified_gmt":"2025-02-06T14:52:25","slug":"final-approach-flotteurs-doie-degypte-paquet-de-6","status":"publish","type":"product","link":"https:\/\/staging.lucky-hunter.com\/fr\/product\/final-approach-flotteurs-doie-degypte-paquet-de-6\/","title":{"rendered":"Final Approach Flotteurs d&#8217;oie d&#8217;\u00c9gypte &#8211; Paquet de 6"},"content":{"rendered":"<h2><strong>Superbes leurres flottants d&#8217;oies d&#8217;\u00c9gypte de Final Approach<\/strong><\/h2>\n<div>Lot de 6 leurres flottants d&#8217;oies d&#8217;\u00c9gypte, de la qualit\u00e9 habituelle de la s\u00e9rie Final Approach Last Pass.<\/div>\n<div><\/div>\n<div>Con\u00e7u par Wayne Simkin, double champion du monde de sculpture d&#8217;appelants.<\/div>\n<div><\/div>\n<div>Fabriqu\u00e9s d&#8217;une seule pi\u00e8ce pour une durabilit\u00e9 optimale.<\/div>\n<div><\/div>\n<div>Fournis avec une quille lest\u00e9e, pr\u00eats \u00e0 recevoir un syst\u00e8me de lestage.<\/div>\n<div><\/div>\n<div>Les oies d&#8217;\u00c9gypte ont un plumage identique pour chaque sexe, mais les m\u00e2les sont g\u00e9n\u00e9ralement un peu plus grands. Leur plumage varie consid\u00e9rablement, certains oiseaux \u00e9tant plus gris et d&#8217;autres plus bruns. Cependant, cette variation n&#8217;a pas \u00e9t\u00e9 observ\u00e9e en fonction du sexe ou de l&#8217;\u00e2ge. En r\u00e9alit\u00e9, il ne s&#8217;agit pas d&#8217;une oie, mais plut\u00f4t d&#8217;un proche parent du tadorne de Belon, qu&#8217;il surpasse en taille.<\/div>\n","protected":false},"excerpt":{"rendered":"<p>Pack de 6 oies \u00e9gyptiennes flottantes dans la haute qualit\u00e9 habituelle que vous connaissez de la s\u00e9rie Final Approach Last Pass.<\/p>\n","protected":false},"featured_media":1362439,"template":"","meta":[],"product_brand":[8136],"product_cat":[8276],"product_tag":[],"yoast_head":"<!-- This site is optimized with the Yoast SEO plugin v24.3 - https:\/\/yoast.com\/wordpress\/plugins\/seo\/ -->\n<title>Final Approach Flotteurs d&#039;oie d&#039;\u00c9gypte - Paquet de 6 - Lucky-Hunter<\/title>\n<meta name=\"description\" content=\"Pack de 6 oies \u00e9gyptiennes flottantes dans la haute qualit\u00e9 habituelle que vous connaissez de la s\u00e9rie Final Approach Last Pass.\" \/>\n<meta name=\"robots\" content=\"noindex, follow, max-snippet:-1, max-image-preview:large, max-video-preview:-1\" \/>\n<meta property=\"og:locale\" content=\"fr_FR\" \/>\n<meta property=\"og:type\" content=\"article\" \/>\n<meta property=\"og:title\" content=\"Final Approach Flotteurs d&#039;oie d&#039;\u00c9gypte - Paquet de 6 - Lucky-Hunter\" \/>\n<meta property=\"og:description\" content=\"Pack de 6 oies \u00e9gyptiennes flottantes dans la haute qualit\u00e9 habituelle que vous connaissez de la s\u00e9rie Final Approach Last Pass.\" \/>\n<meta property=\"og:url\" content=\"https:\/\/staging.lucky-hunter.com\/fr\/product\/final-approach-flotteurs-doie-degypte-paquet-de-6\/\" \/>\n<meta property=\"og:site_name\" content=\"Lucky-Hunter\" \/>\n<meta property=\"og:image\" content=\"https:\/\/staging.lucky-hunter.com\/wp-content\/uploads\/2025\/02\/IMG_7314-removebg-e1756123706228.png\" \/>\n\t<meta property=\"og:image:width\" content=\"3024\" \/>\n\t<meta property=\"og:image:height\" content=\"4032\" \/>\n\t<meta property=\"og:image:type\" content=\"image\/png\" \/>\n<meta name=\"twitter:card\" content=\"summary_large_image\" \/>\n<meta name=\"twitter:label1\" content=\"Dur\u00e9e de lecture estim\u00e9e\" \/>\n\t<meta name=\"twitter:data1\" content=\"1 minute\" \/>\n<script type=\"application\/ld+json\" class=\"yoast-schema-graph\">{\"@context\":\"https:\/\/schema.org\",\"@graph\":[{\"@type\":\"WebPage\",\"@id\":\"https:\/\/staging.lucky-hunter.com\/fr\/product\/final-approach-flotteurs-doie-degypte-paquet-de-6\/\",\"url\":\"https:\/\/staging.lucky-hunter.com\/fr\/product\/final-approach-flotteurs-doie-degypte-paquet-de-6\/\",\"name\":\"Final Approach Flotteurs d'oie d'\u00c9gypte - Paquet de 6 - Lucky-Hunter\",\"isPartOf\":{\"@id\":\"https:\/\/staging.lucky-hunter.com\/#website\"},\"primaryImageOfPage\":{\"@id\":\"https:\/\/staging.lucky-hunter.com\/fr\/product\/final-approach-flotteurs-doie-degypte-paquet-de-6\/#primaryimage\"},\"image\":{\"@id\":\"https:\/\/staging.lucky-hunter.com\/fr\/product\/final-approach-flotteurs-doie-degypte-paquet-de-6\/#primaryimage\"},\"thumbnailUrl\":\"https:\/\/staging.lucky-hunter.com\/wp-content\/uploads\/2025\/02\/IMG_7314-removebg-e1756123706228.png\",\"datePublished\":\"2025-02-06T14:52:25+00:00\",\"dateModified\":\"2025-02-06T14:52:25+00:00\",\"description\":\"Pack de 6 oies \u00e9gyptiennes flottantes dans la haute qualit\u00e9 habituelle que vous connaissez de la s\u00e9rie Final Approach Last Pass.\",\"breadcrumb\":{\"@id\":\"https:\/\/staging.lucky-hunter.com\/fr\/product\/final-approach-flotteurs-doie-degypte-paquet-de-6\/#breadcrumb\"},\"inLanguage\":\"fr-FR\",\"potentialAction\":[{\"@type\":\"ReadAction\",\"target\":[\"https:\/\/staging.lucky-hunter.com\/fr\/product\/final-approach-flotteurs-doie-degypte-paquet-de-6\/\"]}]},{\"@type\":\"ImageObject\",\"inLanguage\":\"fr-FR\",\"@id\":\"https:\/\/staging.lucky-hunter.com\/fr\/product\/final-approach-flotteurs-doie-degypte-paquet-de-6\/#primaryimage\",\"url\":\"https:\/\/staging.lucky-hunter.com\/wp-content\/uploads\/2025\/02\/IMG_7314-removebg-e1756123706228.png\",\"contentUrl\":\"https:\/\/staging.lucky-hunter.com\/wp-content\/uploads\/2025\/02\/IMG_7314-removebg-e1756123706228.png\",\"width\":3024,\"height\":4032},{\"@type\":\"BreadcrumbList\",\"@id\":\"https:\/\/staging.lucky-hunter.com\/fr\/product\/final-approach-flotteurs-doie-degypte-paquet-de-6\/#breadcrumb\",\"itemListElement\":[{\"@type\":\"ListItem\",\"position\":1,\"name\":\"Home\",\"item\":\"https:\/\/staging.lucky-hunter.com\/fr\/\"},{\"@type\":\"ListItem\",\"position\":2,\"name\":\"Boutique\",\"item\":\"https:\/\/staging.lucky-hunter.com\/fr\/shop\/\"},{\"@type\":\"ListItem\",\"position\":3,\"name\":\"Final Approach Flotteurs d&#8217;oie d&#8217;\u00c9gypte &#8211; Paquet de 6\"}]},{\"@type\":\"WebSite\",\"@id\":\"https:\/\/staging.lucky-hunter.com\/#website\",\"url\":\"https:\/\/staging.lucky-hunter.com\/\",\"name\":\"Lucky-Hunter\",\"description\":\"Gear Up or Give Up\",\"potentialAction\":[{\"@type\":\"SearchAction\",\"target\":{\"@type\":\"EntryPoint\",\"urlTemplate\":\"https:\/\/staging.lucky-hunter.com\/?s={search_term_string}\"},\"query-input\":{\"@type\":\"PropertyValueSpecification\",\"valueRequired\":true,\"valueName\":\"search_term_string\"}}],\"inLanguage\":\"fr-FR\"}]}<\/script>\n<!-- \/ Yoast SEO plugin. -->","yoast_head_json":{"title":"Final Approach Flotteurs d'oie d'\u00c9gypte - Paquet de 6 - Lucky-Hunter","description":"Pack de 6 oies \u00e9gyptiennes flottantes dans la haute qualit\u00e9 habituelle que vous connaissez de la s\u00e9rie Final Approach Last Pass.","robots":{"index":"noindex","follow":"follow","max-snippet":"max-snippet:-1","max-image-preview":"max-image-preview:large","max-video-preview":"max-video-preview:-1"},"og_locale":"fr_FR","og_type":"article","og_title":"Final Approach Flotteurs d'oie d'\u00c9gypte - Paquet de 6 - Lucky-Hunter","og_description":"Pack de 6 oies \u00e9gyptiennes flottantes dans la haute qualit\u00e9 habituelle que vous connaissez de la s\u00e9rie Final Approach Last Pass.","og_url":"https:\/\/staging.lucky-hunter.com\/fr\/product\/final-approach-flotteurs-doie-degypte-paquet-de-6\/","og_site_name":"Lucky-Hunter","og_image":[{"url":"https:\/\/staging.lucky-hunter.com\/wp-content\/uploads\/2025\/02\/IMG_7314-removebg-e1756123706228.png","width":3024,"height":4032,"type":"image\/png"}],"twitter_card":"summary_large_image","twitter_misc":{"Dur\u00e9e de lecture estim\u00e9e":"1 minute"},"schema":{"@context":"https:\/\/schema.org","@graph":[{"@type":"WebPage","@id":"https:\/\/staging.lucky-hunter.com\/fr\/product\/final-approach-flotteurs-doie-degypte-paquet-de-6\/","url":"https:\/\/staging.lucky-hunter.com\/fr\/product\/final-approach-flotteurs-doie-degypte-paquet-de-6\/","name":"Final Approach Flotteurs d'oie d'\u00c9gypte - Paquet de 6 - Lucky-Hunter","isPartOf":{"@id":"https:\/\/staging.lucky-hunter.com\/#website"},"primaryImageOfPage":{"@id":"https:\/\/staging.lucky-hunter.com\/fr\/product\/final-approach-flotteurs-doie-degypte-paquet-de-6\/#primaryimage"},"image":{"@id":"https:\/\/staging.lucky-hunter.com\/fr\/product\/final-approach-flotteurs-doie-degypte-paquet-de-6\/#primaryimage"},"thumbnailUrl":"https:\/\/staging.lucky-hunter.com\/wp-content\/uploads\/2025\/02\/IMG_7314-removebg-e1756123706228.png","datePublished":"2025-02-06T14:52:25+00:00","dateModified":"2025-02-06T14:52:25+00:00","description":"Pack de 6 oies \u00e9gyptiennes flottantes dans la haute qualit\u00e9 habituelle que vous connaissez de la s\u00e9rie Final Approach Last Pass.","breadcrumb":{"@id":"https:\/\/staging.lucky-hunter.com\/fr\/product\/final-approach-flotteurs-doie-degypte-paquet-de-6\/#breadcrumb"},"inLanguage":"fr-FR","potentialAction":[{"@type":"ReadAction","target":["https:\/\/staging.lucky-hunter.com\/fr\/product\/final-approach-flotteurs-doie-degypte-paquet-de-6\/"]}]},{"@type":"ImageObject","inLanguage":"fr-FR","@id":"https:\/\/staging.lucky-hunter.com\/fr\/product\/final-approach-flotteurs-doie-degypte-paquet-de-6\/#primaryimage","url":"https:\/\/staging.lucky-hunter.com\/wp-content\/uploads\/2025\/02\/IMG_7314-removebg-e1756123706228.png","contentUrl":"https:\/\/staging.lucky-hunter.com\/wp-content\/uploads\/2025\/02\/IMG_7314-removebg-e1756123706228.png","width":3024,"height":4032},{"@type":"BreadcrumbList","@id":"https:\/\/staging.lucky-hunter.com\/fr\/product\/final-approach-flotteurs-doie-degypte-paquet-de-6\/#breadcrumb","itemListElement":[{"@type":"ListItem","position":1,"name":"Home","item":"https:\/\/staging.lucky-hunter.com\/fr\/"},{"@type":"ListItem","position":2,"name":"Boutique","item":"https:\/\/staging.lucky-hunter.com\/fr\/shop\/"},{"@type":"ListItem","position":3,"name":"Final Approach Flotteurs d&#8217;oie d&#8217;\u00c9gypte &#8211; Paquet de 6"}]},{"@type":"WebSite","@id":"https:\/\/staging.lucky-hunter.com\/#website","url":"https:\/\/staging.lucky-hunter.com\/","name":"Lucky-Hunter","description":"Gear Up or Give Up","potentialAction":[{"@type":"SearchAction","target":{"@type":"EntryPoint","urlTemplate":"https:\/\/staging.lucky-hunter.com\/?s={search_term_string}"},"query-input":{"@type":"PropertyValueSpecification","valueRequired":true,"valueName":"search_term_string"}}],"inLanguage":"fr-FR"}]}},"_links":{"self":[{"href":"https:\/\/staging.lucky-hunter.com\/fr\/wp-json\/wp\/v2\/product\/1362475"}],"collection":[{"href":"https:\/\/staging.lucky-hunter.com\/fr\/wp-json\/wp\/v2\/product"}],"about":[{"href":"https:\/\/staging.lucky-hunter.com\/fr\/wp-json\/wp\/v2\/types\/product"}],"wp:featuredmedia":[{"embeddable":true,"href":"https:\/\/staging.lucky-hunter.com\/fr\/wp-json\/wp\/v2\/media\/1362439"}],"wp:attachment":[{"href":"https:\/\/staging.lucky-hunter.com\/fr\/wp-json\/wp\/v2\/media?parent=1362475"}],"wp:term":[{"taxonomy":"product_brand","embeddable":true,"href":"https:\/\/staging.lucky-hunter.com\/fr\/wp-json\/wp\/v2\/product_brand?post=1362475"},{"taxonomy":"product_cat","embeddable":true,"href":"https:\/\/staging.lucky-hunter.com\/fr\/wp-json\/wp\/v2\/product_cat?post=1362475"},{"taxonomy":"product_tag","embeddable":true,"href":"https:\/\/staging.lucky-hunter.com\/fr\/wp-json\/wp\/v2\/product_tag?post=1362475"}],"curies":[{"name":"wp","href":"https:\/\/api.w.org\/{rel}","templated":true}]}}