{"id":1247141,"date":"2025-08-04T11:55:08","date_gmt":"2025-08-04T09:55:08","guid":{"rendered":"https:\/\/staging.lucky-hunter.com\/product\/harnais-de-traction-pour-cerfs\/"},"modified":"2025-08-04T11:55:08","modified_gmt":"2025-08-04T09:55:08","slug":"harnais-de-traction-pour-cerfs","status":"publish","type":"product","link":"https:\/\/staging.lucky-hunter.com\/fr\/product\/harnais-de-traction-pour-cerfs\/","title":{"rendered":"Harnais de traction pour cerfs"},"content":{"rendered":"<div>Harnais de traction pour cerfs de bonne qualit\u00e9 et durable, pour une manipulation ais\u00e9e.<\/div>\n<div><\/div>\n<div>Le harnais s&#8217;enroule facilement autour de la t\u00eate du cerf sans qu&#8217;il soit n\u00e9cessaire de l&#8217;attacher, ce qui permet de le ramener facilement \u00e0 la voiture sans surcharger votre dos.<\/div>\n<div><\/div>\n<div>Livr\u00e9 avec une poign\u00e9e rembourr\u00e9e en mousse robuste pour un confort optimal.<\/div>\n<div><\/div>\n<div>Longueur : 1,5 m\u00e8tre<\/div>\n<div><\/div>\n<div>Mat\u00e9riau : Nylon<\/div>\n","protected":false},"excerpt":{"rendered":"<p>Harnais de traction pour cerfs de bonne qualit\u00e9 et durable, pour une manipulation ais\u00e9e. Il s&#8217;enroule facilement autour de la t\u00eate du cerf sans qu&#8217;il soit n\u00e9cessaire de l&#8217;attacher.<\/p>\n","protected":false},"featured_media":1247120,"template":"","meta":[],"product_brand":[8121],"product_cat":[8155],"product_tag":[],"yoast_head":"<!-- This site is optimized with the Yoast SEO plugin v24.3 - https:\/\/yoast.com\/wordpress\/plugins\/seo\/ -->\n<title>Harnais de traction pour cerfs - Lucky-Hunter<\/title>\n<meta name=\"description\" content=\"Harnais de traction pour cerfs de bonne qualit\u00e9 et durable, pour une manipulation ais\u00e9e. Il s&#039;enroule facilement autour de la t\u00eate du cerf sans qu&#039;il soit n\u00e9cessaire de l&#039;attacher.\" \/>\n<meta name=\"robots\" content=\"noindex, follow, max-snippet:-1, max-image-preview:large, max-video-preview:-1\" \/>\n<meta property=\"og:locale\" content=\"fr_FR\" \/>\n<meta property=\"og:type\" content=\"article\" \/>\n<meta property=\"og:title\" content=\"Harnais de traction pour cerfs - Lucky-Hunter\" \/>\n<meta property=\"og:description\" content=\"Harnais de traction pour cerfs de bonne qualit\u00e9 et durable, pour une manipulation ais\u00e9e. Il s&#039;enroule facilement autour de la t\u00eate du cerf sans qu&#039;il soit n\u00e9cessaire de l&#039;attacher.\" \/>\n<meta property=\"og:url\" content=\"https:\/\/staging.lucky-hunter.com\/fr\/product\/harnais-de-traction-pour-cerfs\/\" \/>\n<meta property=\"og:site_name\" content=\"Lucky-Hunter\" \/>\n<meta property=\"og:image\" content=\"https:\/\/staging.lucky-hunter.com\/wp-content\/uploads\/2025\/08\/PU-854-removebg.png\" \/>\n\t<meta property=\"og:image:width\" content=\"640\" \/>\n\t<meta property=\"og:image:height\" content=\"640\" \/>\n\t<meta property=\"og:image:type\" content=\"image\/png\" \/>\n<meta name=\"twitter:card\" content=\"summary_large_image\" \/>\n<script type=\"application\/ld+json\" class=\"yoast-schema-graph\">{\"@context\":\"https:\/\/schema.org\",\"@graph\":[{\"@type\":\"WebPage\",\"@id\":\"https:\/\/staging.lucky-hunter.com\/fr\/product\/harnais-de-traction-pour-cerfs\/\",\"url\":\"https:\/\/staging.lucky-hunter.com\/fr\/product\/harnais-de-traction-pour-cerfs\/\",\"name\":\"Harnais de traction pour cerfs - Lucky-Hunter\",\"isPartOf\":{\"@id\":\"https:\/\/staging.lucky-hunter.com\/#website\"},\"primaryImageOfPage\":{\"@id\":\"https:\/\/staging.lucky-hunter.com\/fr\/product\/harnais-de-traction-pour-cerfs\/#primaryimage\"},\"image\":{\"@id\":\"https:\/\/staging.lucky-hunter.com\/fr\/product\/harnais-de-traction-pour-cerfs\/#primaryimage\"},\"thumbnailUrl\":\"https:\/\/staging.lucky-hunter.com\/wp-content\/uploads\/2025\/08\/PU-854-removebg.png\",\"datePublished\":\"2025-08-04T09:55:08+00:00\",\"dateModified\":\"2025-08-04T09:55:08+00:00\",\"description\":\"Harnais de traction pour cerfs de bonne qualit\u00e9 et durable, pour une manipulation ais\u00e9e. Il s'enroule facilement autour de la t\u00eate du cerf sans qu'il soit n\u00e9cessaire de l'attacher.\",\"breadcrumb\":{\"@id\":\"https:\/\/staging.lucky-hunter.com\/fr\/product\/harnais-de-traction-pour-cerfs\/#breadcrumb\"},\"inLanguage\":\"fr-FR\",\"potentialAction\":[{\"@type\":\"ReadAction\",\"target\":[\"https:\/\/staging.lucky-hunter.com\/fr\/product\/harnais-de-traction-pour-cerfs\/\"]}]},{\"@type\":\"ImageObject\",\"inLanguage\":\"fr-FR\",\"@id\":\"https:\/\/staging.lucky-hunter.com\/fr\/product\/harnais-de-traction-pour-cerfs\/#primaryimage\",\"url\":\"https:\/\/staging.lucky-hunter.com\/wp-content\/uploads\/2025\/08\/PU-854-removebg.png\",\"contentUrl\":\"https:\/\/staging.lucky-hunter.com\/wp-content\/uploads\/2025\/08\/PU-854-removebg.png\",\"width\":640,\"height\":640},{\"@type\":\"BreadcrumbList\",\"@id\":\"https:\/\/staging.lucky-hunter.com\/fr\/product\/harnais-de-traction-pour-cerfs\/#breadcrumb\",\"itemListElement\":[{\"@type\":\"ListItem\",\"position\":1,\"name\":\"Home\",\"item\":\"https:\/\/staging.lucky-hunter.com\/fr\/\"},{\"@type\":\"ListItem\",\"position\":2,\"name\":\"Boutique\",\"item\":\"https:\/\/staging.lucky-hunter.com\/fr\/shop\/\"},{\"@type\":\"ListItem\",\"position\":3,\"name\":\"Harnais de traction pour cerfs\"}]},{\"@type\":\"WebSite\",\"@id\":\"https:\/\/staging.lucky-hunter.com\/#website\",\"url\":\"https:\/\/staging.lucky-hunter.com\/\",\"name\":\"Lucky-Hunter\",\"description\":\"Gear Up or Give Up\",\"potentialAction\":[{\"@type\":\"SearchAction\",\"target\":{\"@type\":\"EntryPoint\",\"urlTemplate\":\"https:\/\/staging.lucky-hunter.com\/?s={search_term_string}\"},\"query-input\":{\"@type\":\"PropertyValueSpecification\",\"valueRequired\":true,\"valueName\":\"search_term_string\"}}],\"inLanguage\":\"fr-FR\"}]}<\/script>\n<!-- \/ Yoast SEO plugin. -->","yoast_head_json":{"title":"Harnais de traction pour cerfs - Lucky-Hunter","description":"Harnais de traction pour cerfs de bonne qualit\u00e9 et durable, pour une manipulation ais\u00e9e. Il s'enroule facilement autour de la t\u00eate du cerf sans qu'il soit n\u00e9cessaire de l'attacher.","robots":{"index":"noindex","follow":"follow","max-snippet":"max-snippet:-1","max-image-preview":"max-image-preview:large","max-video-preview":"max-video-preview:-1"},"og_locale":"fr_FR","og_type":"article","og_title":"Harnais de traction pour cerfs - Lucky-Hunter","og_description":"Harnais de traction pour cerfs de bonne qualit\u00e9 et durable, pour une manipulation ais\u00e9e. Il s'enroule facilement autour de la t\u00eate du cerf sans qu'il soit n\u00e9cessaire de l'attacher.","og_url":"https:\/\/staging.lucky-hunter.com\/fr\/product\/harnais-de-traction-pour-cerfs\/","og_site_name":"Lucky-Hunter","og_image":[{"width":640,"height":640,"url":"https:\/\/staging.lucky-hunter.com\/wp-content\/uploads\/2025\/08\/PU-854-removebg.png","type":"image\/png"}],"twitter_card":"summary_large_image","schema":{"@context":"https:\/\/schema.org","@graph":[{"@type":"WebPage","@id":"https:\/\/staging.lucky-hunter.com\/fr\/product\/harnais-de-traction-pour-cerfs\/","url":"https:\/\/staging.lucky-hunter.com\/fr\/product\/harnais-de-traction-pour-cerfs\/","name":"Harnais de traction pour cerfs - Lucky-Hunter","isPartOf":{"@id":"https:\/\/staging.lucky-hunter.com\/#website"},"primaryImageOfPage":{"@id":"https:\/\/staging.lucky-hunter.com\/fr\/product\/harnais-de-traction-pour-cerfs\/#primaryimage"},"image":{"@id":"https:\/\/staging.lucky-hunter.com\/fr\/product\/harnais-de-traction-pour-cerfs\/#primaryimage"},"thumbnailUrl":"https:\/\/staging.lucky-hunter.com\/wp-content\/uploads\/2025\/08\/PU-854-removebg.png","datePublished":"2025-08-04T09:55:08+00:00","dateModified":"2025-08-04T09:55:08+00:00","description":"Harnais de traction pour cerfs de bonne qualit\u00e9 et durable, pour une manipulation ais\u00e9e. Il s'enroule facilement autour de la t\u00eate du cerf sans qu'il soit n\u00e9cessaire de l'attacher.","breadcrumb":{"@id":"https:\/\/staging.lucky-hunter.com\/fr\/product\/harnais-de-traction-pour-cerfs\/#breadcrumb"},"inLanguage":"fr-FR","potentialAction":[{"@type":"ReadAction","target":["https:\/\/staging.lucky-hunter.com\/fr\/product\/harnais-de-traction-pour-cerfs\/"]}]},{"@type":"ImageObject","inLanguage":"fr-FR","@id":"https:\/\/staging.lucky-hunter.com\/fr\/product\/harnais-de-traction-pour-cerfs\/#primaryimage","url":"https:\/\/staging.lucky-hunter.com\/wp-content\/uploads\/2025\/08\/PU-854-removebg.png","contentUrl":"https:\/\/staging.lucky-hunter.com\/wp-content\/uploads\/2025\/08\/PU-854-removebg.png","width":640,"height":640},{"@type":"BreadcrumbList","@id":"https:\/\/staging.lucky-hunter.com\/fr\/product\/harnais-de-traction-pour-cerfs\/#breadcrumb","itemListElement":[{"@type":"ListItem","position":1,"name":"Home","item":"https:\/\/staging.lucky-hunter.com\/fr\/"},{"@type":"ListItem","position":2,"name":"Boutique","item":"https:\/\/staging.lucky-hunter.com\/fr\/shop\/"},{"@type":"ListItem","position":3,"name":"Harnais de traction pour cerfs"}]},{"@type":"WebSite","@id":"https:\/\/staging.lucky-hunter.com\/#website","url":"https:\/\/staging.lucky-hunter.com\/","name":"Lucky-Hunter","description":"Gear Up or Give Up","potentialAction":[{"@type":"SearchAction","target":{"@type":"EntryPoint","urlTemplate":"https:\/\/staging.lucky-hunter.com\/?s={search_term_string}"},"query-input":{"@type":"PropertyValueSpecification","valueRequired":true,"valueName":"search_term_string"}}],"inLanguage":"fr-FR"}]}},"_links":{"self":[{"href":"https:\/\/staging.lucky-hunter.com\/fr\/wp-json\/wp\/v2\/product\/1247141"}],"collection":[{"href":"https:\/\/staging.lucky-hunter.com\/fr\/wp-json\/wp\/v2\/product"}],"about":[{"href":"https:\/\/staging.lucky-hunter.com\/fr\/wp-json\/wp\/v2\/types\/product"}],"wp:featuredmedia":[{"embeddable":true,"href":"https:\/\/staging.lucky-hunter.com\/fr\/wp-json\/wp\/v2\/media\/1247120"}],"wp:attachment":[{"href":"https:\/\/staging.lucky-hunter.com\/fr\/wp-json\/wp\/v2\/media?parent=1247141"}],"wp:term":[{"taxonomy":"product_brand","embeddable":true,"href":"https:\/\/staging.lucky-hunter.com\/fr\/wp-json\/wp\/v2\/product_brand?post=1247141"},{"taxonomy":"product_cat","embeddable":true,"href":"https:\/\/staging.lucky-hunter.com\/fr\/wp-json\/wp\/v2\/product_cat?post=1247141"},{"taxonomy":"product_tag","embeddable":true,"href":"https:\/\/staging.lucky-hunter.com\/fr\/wp-json\/wp\/v2\/product_tag?post=1247141"}],"curies":[{"name":"wp","href":"https:\/\/api.w.org\/{rel}","templated":true}]}}