{"id":1225024,"date":"2025-07-31T15:39:46","date_gmt":"2025-07-31T13:39:46","guid":{"rendered":"https:\/\/staging.lucky-hunter.com\/product\/combinaison-camouflage-3d-avec-effets-de-feuilles-dangate\/"},"modified":"2025-07-31T15:39:46","modified_gmt":"2025-07-31T13:39:46","slug":"combinaison-camouflage-3d-avec-effets-de-feuilles-dangate","status":"publish","type":"product","link":"https:\/\/staging.lucky-hunter.com\/fr\/product\/combinaison-camouflage-3d-avec-effets-de-feuilles-dangate\/","title":{"rendered":"Combinaison camouflage 3D avec effets de feuilles &#8211; Dangate"},"content":{"rendered":"<p><span style=\"color: #333333;\">Combinaison camouflage 2 pi\u00e8ces pour toutes les situations de chasse<\/span><\/p>\n<div>Faites corps avec la nature avec cette combinaison camouflage Dangate compos\u00e9e d&#8217;un pantalon et d&#8217;une veste aux effets de feuilles 3D.<\/div>\n<div><\/div>\n<div>Disponible en tailles L\/2XL, cet ensemble est fabriqu\u00e9 dans des mati\u00e8res l\u00e9g\u00e8res qui vous prot\u00e8gent de la chaleur.<\/div>\n<div><\/div>\n<div>Id\u00e9al pour tous les types de chasse o\u00f9 vous devez vous dissimuler et o\u00f9 vous n&#8217;avez pas acc\u00e8s \u00e0 un aff\u00fbt.<\/div>\n","protected":false},"excerpt":{"rendered":"<p>Combinaison camouflage 2 pi\u00e8ces pour toutes les situations de chasse Faites corps avec la nature avec cette combinaison camouflage Dangate compos\u00e9e d&#8217;un pantalon et d&#8217;une veste aux effets de feuilles 3D. Disponible en tailles L\/2XL, cet ensemble est fabriqu\u00e9 dans des mati\u00e8res l\u00e9g\u00e8res qui vous prot\u00e8gent de la chaleur. Id\u00e9al pour tous les types de [&#8230;]\n","protected":false},"featured_media":1225001,"template":"","meta":[],"product_brand":[8121],"product_cat":[9228,9278],"product_tag":[],"yoast_head":"<!-- This site is optimized with the Yoast SEO plugin v24.3 - https:\/\/yoast.com\/wordpress\/plugins\/seo\/ -->\n<title>Combinaison camouflage 3D avec effets de feuilles - Dangate - Lucky-Hunter<\/title>\n<meta name=\"description\" content=\"Faites corps avec la nature avec cette combinaison camouflage Dangate compos\u00e9e d&#039;un pantalon et d&#039;une veste aux effets de feuilles 3D.\" \/>\n<meta name=\"robots\" content=\"noindex, follow, max-snippet:-1, max-image-preview:large, max-video-preview:-1\" \/>\n<meta property=\"og:locale\" content=\"fr_FR\" \/>\n<meta property=\"og:type\" content=\"article\" \/>\n<meta property=\"og:title\" content=\"Combinaison camouflage 3D avec effets de feuilles - Dangate - Lucky-Hunter\" \/>\n<meta property=\"og:description\" content=\"Faites corps avec la nature avec cette combinaison camouflage Dangate compos\u00e9e d&#039;un pantalon et d&#039;une veste aux effets de feuilles 3D.\" \/>\n<meta property=\"og:url\" content=\"https:\/\/staging.lucky-hunter.com\/fr\/product\/combinaison-camouflage-3d-avec-effets-de-feuilles-dangate\/\" \/>\n<meta property=\"og:site_name\" content=\"Lucky-Hunter\" \/>\n<meta property=\"og:image\" content=\"https:\/\/staging.lucky-hunter.com\/wp-content\/uploads\/2025\/07\/PU-851-removebg.png\" \/>\n\t<meta property=\"og:image:width\" content=\"800\" \/>\n\t<meta property=\"og:image:height\" content=\"800\" \/>\n\t<meta property=\"og:image:type\" content=\"image\/png\" \/>\n<meta name=\"twitter:card\" content=\"summary_large_image\" \/>\n<script type=\"application\/ld+json\" class=\"yoast-schema-graph\">{\"@context\":\"https:\/\/schema.org\",\"@graph\":[{\"@type\":\"WebPage\",\"@id\":\"https:\/\/staging.lucky-hunter.com\/fr\/product\/combinaison-camouflage-3d-avec-effets-de-feuilles-dangate\/\",\"url\":\"https:\/\/staging.lucky-hunter.com\/fr\/product\/combinaison-camouflage-3d-avec-effets-de-feuilles-dangate\/\",\"name\":\"Combinaison camouflage 3D avec effets de feuilles - Dangate - Lucky-Hunter\",\"isPartOf\":{\"@id\":\"https:\/\/staging.lucky-hunter.com\/#website\"},\"primaryImageOfPage\":{\"@id\":\"https:\/\/staging.lucky-hunter.com\/fr\/product\/combinaison-camouflage-3d-avec-effets-de-feuilles-dangate\/#primaryimage\"},\"image\":{\"@id\":\"https:\/\/staging.lucky-hunter.com\/fr\/product\/combinaison-camouflage-3d-avec-effets-de-feuilles-dangate\/#primaryimage\"},\"thumbnailUrl\":\"https:\/\/staging.lucky-hunter.com\/wp-content\/uploads\/2025\/07\/PU-851-removebg.png\",\"datePublished\":\"2025-07-31T13:39:46+00:00\",\"dateModified\":\"2025-07-31T13:39:46+00:00\",\"description\":\"Faites corps avec la nature avec cette combinaison camouflage Dangate compos\u00e9e d'un pantalon et d'une veste aux effets de feuilles 3D.\",\"breadcrumb\":{\"@id\":\"https:\/\/staging.lucky-hunter.com\/fr\/product\/combinaison-camouflage-3d-avec-effets-de-feuilles-dangate\/#breadcrumb\"},\"inLanguage\":\"fr-FR\",\"potentialAction\":[{\"@type\":\"ReadAction\",\"target\":[\"https:\/\/staging.lucky-hunter.com\/fr\/product\/combinaison-camouflage-3d-avec-effets-de-feuilles-dangate\/\"]}]},{\"@type\":\"ImageObject\",\"inLanguage\":\"fr-FR\",\"@id\":\"https:\/\/staging.lucky-hunter.com\/fr\/product\/combinaison-camouflage-3d-avec-effets-de-feuilles-dangate\/#primaryimage\",\"url\":\"https:\/\/staging.lucky-hunter.com\/wp-content\/uploads\/2025\/07\/PU-851-removebg.png\",\"contentUrl\":\"https:\/\/staging.lucky-hunter.com\/wp-content\/uploads\/2025\/07\/PU-851-removebg.png\",\"width\":800,\"height\":800},{\"@type\":\"BreadcrumbList\",\"@id\":\"https:\/\/staging.lucky-hunter.com\/fr\/product\/combinaison-camouflage-3d-avec-effets-de-feuilles-dangate\/#breadcrumb\",\"itemListElement\":[{\"@type\":\"ListItem\",\"position\":1,\"name\":\"Home\",\"item\":\"https:\/\/staging.lucky-hunter.com\/fr\/\"},{\"@type\":\"ListItem\",\"position\":2,\"name\":\"Boutique\",\"item\":\"https:\/\/staging.lucky-hunter.com\/fr\/shop\/\"},{\"@type\":\"ListItem\",\"position\":3,\"name\":\"Combinaison camouflage 3D avec effets de feuilles &#8211; Dangate\"}]},{\"@type\":\"WebSite\",\"@id\":\"https:\/\/staging.lucky-hunter.com\/#website\",\"url\":\"https:\/\/staging.lucky-hunter.com\/\",\"name\":\"Lucky-Hunter\",\"description\":\"Gear Up or Give Up\",\"potentialAction\":[{\"@type\":\"SearchAction\",\"target\":{\"@type\":\"EntryPoint\",\"urlTemplate\":\"https:\/\/staging.lucky-hunter.com\/?s={search_term_string}\"},\"query-input\":{\"@type\":\"PropertyValueSpecification\",\"valueRequired\":true,\"valueName\":\"search_term_string\"}}],\"inLanguage\":\"fr-FR\"}]}<\/script>\n<!-- \/ Yoast SEO plugin. -->","yoast_head_json":{"title":"Combinaison camouflage 3D avec effets de feuilles - Dangate - Lucky-Hunter","description":"Faites corps avec la nature avec cette combinaison camouflage Dangate compos\u00e9e d'un pantalon et d'une veste aux effets de feuilles 3D.","robots":{"index":"noindex","follow":"follow","max-snippet":"max-snippet:-1","max-image-preview":"max-image-preview:large","max-video-preview":"max-video-preview:-1"},"og_locale":"fr_FR","og_type":"article","og_title":"Combinaison camouflage 3D avec effets de feuilles - Dangate - Lucky-Hunter","og_description":"Faites corps avec la nature avec cette combinaison camouflage Dangate compos\u00e9e d'un pantalon et d'une veste aux effets de feuilles 3D.","og_url":"https:\/\/staging.lucky-hunter.com\/fr\/product\/combinaison-camouflage-3d-avec-effets-de-feuilles-dangate\/","og_site_name":"Lucky-Hunter","og_image":[{"width":800,"height":800,"url":"https:\/\/staging.lucky-hunter.com\/wp-content\/uploads\/2025\/07\/PU-851-removebg.png","type":"image\/png"}],"twitter_card":"summary_large_image","schema":{"@context":"https:\/\/schema.org","@graph":[{"@type":"WebPage","@id":"https:\/\/staging.lucky-hunter.com\/fr\/product\/combinaison-camouflage-3d-avec-effets-de-feuilles-dangate\/","url":"https:\/\/staging.lucky-hunter.com\/fr\/product\/combinaison-camouflage-3d-avec-effets-de-feuilles-dangate\/","name":"Combinaison camouflage 3D avec effets de feuilles - Dangate - Lucky-Hunter","isPartOf":{"@id":"https:\/\/staging.lucky-hunter.com\/#website"},"primaryImageOfPage":{"@id":"https:\/\/staging.lucky-hunter.com\/fr\/product\/combinaison-camouflage-3d-avec-effets-de-feuilles-dangate\/#primaryimage"},"image":{"@id":"https:\/\/staging.lucky-hunter.com\/fr\/product\/combinaison-camouflage-3d-avec-effets-de-feuilles-dangate\/#primaryimage"},"thumbnailUrl":"https:\/\/staging.lucky-hunter.com\/wp-content\/uploads\/2025\/07\/PU-851-removebg.png","datePublished":"2025-07-31T13:39:46+00:00","dateModified":"2025-07-31T13:39:46+00:00","description":"Faites corps avec la nature avec cette combinaison camouflage Dangate compos\u00e9e d'un pantalon et d'une veste aux effets de feuilles 3D.","breadcrumb":{"@id":"https:\/\/staging.lucky-hunter.com\/fr\/product\/combinaison-camouflage-3d-avec-effets-de-feuilles-dangate\/#breadcrumb"},"inLanguage":"fr-FR","potentialAction":[{"@type":"ReadAction","target":["https:\/\/staging.lucky-hunter.com\/fr\/product\/combinaison-camouflage-3d-avec-effets-de-feuilles-dangate\/"]}]},{"@type":"ImageObject","inLanguage":"fr-FR","@id":"https:\/\/staging.lucky-hunter.com\/fr\/product\/combinaison-camouflage-3d-avec-effets-de-feuilles-dangate\/#primaryimage","url":"https:\/\/staging.lucky-hunter.com\/wp-content\/uploads\/2025\/07\/PU-851-removebg.png","contentUrl":"https:\/\/staging.lucky-hunter.com\/wp-content\/uploads\/2025\/07\/PU-851-removebg.png","width":800,"height":800},{"@type":"BreadcrumbList","@id":"https:\/\/staging.lucky-hunter.com\/fr\/product\/combinaison-camouflage-3d-avec-effets-de-feuilles-dangate\/#breadcrumb","itemListElement":[{"@type":"ListItem","position":1,"name":"Home","item":"https:\/\/staging.lucky-hunter.com\/fr\/"},{"@type":"ListItem","position":2,"name":"Boutique","item":"https:\/\/staging.lucky-hunter.com\/fr\/shop\/"},{"@type":"ListItem","position":3,"name":"Combinaison camouflage 3D avec effets de feuilles &#8211; Dangate"}]},{"@type":"WebSite","@id":"https:\/\/staging.lucky-hunter.com\/#website","url":"https:\/\/staging.lucky-hunter.com\/","name":"Lucky-Hunter","description":"Gear Up or Give Up","potentialAction":[{"@type":"SearchAction","target":{"@type":"EntryPoint","urlTemplate":"https:\/\/staging.lucky-hunter.com\/?s={search_term_string}"},"query-input":{"@type":"PropertyValueSpecification","valueRequired":true,"valueName":"search_term_string"}}],"inLanguage":"fr-FR"}]}},"_links":{"self":[{"href":"https:\/\/staging.lucky-hunter.com\/fr\/wp-json\/wp\/v2\/product\/1225024"}],"collection":[{"href":"https:\/\/staging.lucky-hunter.com\/fr\/wp-json\/wp\/v2\/product"}],"about":[{"href":"https:\/\/staging.lucky-hunter.com\/fr\/wp-json\/wp\/v2\/types\/product"}],"wp:featuredmedia":[{"embeddable":true,"href":"https:\/\/staging.lucky-hunter.com\/fr\/wp-json\/wp\/v2\/media\/1225001"}],"wp:attachment":[{"href":"https:\/\/staging.lucky-hunter.com\/fr\/wp-json\/wp\/v2\/media?parent=1225024"}],"wp:term":[{"taxonomy":"product_brand","embeddable":true,"href":"https:\/\/staging.lucky-hunter.com\/fr\/wp-json\/wp\/v2\/product_brand?post=1225024"},{"taxonomy":"product_cat","embeddable":true,"href":"https:\/\/staging.lucky-hunter.com\/fr\/wp-json\/wp\/v2\/product_cat?post=1225024"},{"taxonomy":"product_tag","embeddable":true,"href":"https:\/\/staging.lucky-hunter.com\/fr\/wp-json\/wp\/v2\/product_tag?post=1225024"}],"curies":[{"name":"wp","href":"https:\/\/api.w.org\/{rel}","templated":true}]}}