{"id":1224931,"date":"2025-07-31T10:55:47","date_gmt":"2025-07-31T08:55:47","guid":{"rendered":"https:\/\/staging.lucky-hunter.com\/product\/lampe-de-poche-combinee-850-nm-940-nm-et-lumiere-blanche\/"},"modified":"2025-07-31T10:55:47","modified_gmt":"2025-07-31T08:55:47","slug":"lampe-de-poche-combinee-850-nm-940-nm-et-lumiere-blanche","status":"publish","type":"product","link":"https:\/\/staging.lucky-hunter.com\/fr\/product\/lampe-de-poche-combinee-850-nm-940-nm-et-lumiere-blanche\/","title":{"rendered":"Lampe de poche combin\u00e9e &#8211; 850 nm, 940 nm et lumi\u00e8re blanche"},"content":{"rendered":"<div>Cette lampe torche intelligente Dangate offre 3 fonctions en 1.<\/div>\n<div><\/div>\n<div>Elle peut \u00eatre utilis\u00e9e comme lampe infrarouge pour votre appareil de vision nocturne, avec un choix de 850 nm (port\u00e9e longue) ou 940 nm (invisible pour une port\u00e9e plus courte), ou comme lampe torche classique avec une puissante lumi\u00e8re blanche.<\/div>\n<div><\/div>\n<div>Fabriqu\u00e9e en aluminium T6061 robuste de qualit\u00e9 a\u00e9ronautique, cette lampe torche est con\u00e7ue pour durer de nombreuses ann\u00e9es.<\/div>\n<div><\/div>\n<div>Fonctionne avec une batterie rechargeable 18650 (incluse) pour une autonomie d&#8217;environ 1 heure et 30 minutes.<\/div>\n<div><\/div>\n<div>Un chargeur et une batterie suppl\u00e9mentaire sont disponibles sous la r\u00e9f\u00e9rence NV-0470.<\/div>\n<div><\/div>\n<div>\u00c9tanch\u00e9it\u00e9 IP68 et r\u00e9sistance aux chutes (1,5 m\u00e8tre), cette lampe torche est con\u00e7ue pour durer de nombreuses ann\u00e9es.<\/div>\n<div><\/div>\n<div>Elle mesure 139 mm de long, avec une t\u00eate de 35 mm et un tube de 25,4 mm de diam\u00e8tre.<\/div>\n<div><\/div>\n<div>Les rails de montage pour votre lunette de vision nocturne doivent \u00eatre achet\u00e9s aupr\u00e8s de votre armurier.<\/div>\n","protected":false},"excerpt":{"rendered":"<p>Cette lampe de poche intelligente Dangate poss\u00e8de 3 fonctions en 1. Elle peut \u00eatre utilis\u00e9e \u00e0 la fois comme lumi\u00e8re IR sur votre appareil de vision nocturne, o\u00f9 vous pouvez choisir entre 850 nm et 940 nm, et comme lampe de poche ordinaire.<\/p>\n","protected":false},"featured_media":60342,"template":"","meta":[],"product_brand":[8121],"product_cat":[9383],"product_tag":[],"yoast_head":"<!-- This site is optimized with the Yoast SEO plugin v24.3 - https:\/\/yoast.com\/wordpress\/plugins\/seo\/ -->\n<title>Lampe de poche combin\u00e9e - 850 nm, 940 nm et lumi\u00e8re blanche - Lucky-Hunter<\/title>\n<meta name=\"description\" content=\"Cette lampe de poche intelligente Dangate poss\u00e8de 3 fonctions en 1. Elle peut \u00eatre utilis\u00e9e \u00e0 la fois comme lumi\u00e8re IR sur votre appareil de vision nocturne, o\u00f9 vous pouvez choisir entre 850 nm et 940 nm, et comme lampe de poche ordinaire.\" \/>\n<meta name=\"robots\" content=\"noindex, follow, max-snippet:-1, max-image-preview:large, max-video-preview:-1\" \/>\n<meta property=\"og:locale\" content=\"fr_FR\" \/>\n<meta property=\"og:type\" content=\"article\" \/>\n<meta property=\"og:title\" content=\"Lampe de poche combin\u00e9e - 850 nm, 940 nm et lumi\u00e8re blanche - Lucky-Hunter\" \/>\n<meta property=\"og:description\" content=\"Cette lampe de poche intelligente Dangate poss\u00e8de 3 fonctions en 1. Elle peut \u00eatre utilis\u00e9e \u00e0 la fois comme lumi\u00e8re IR sur votre appareil de vision nocturne, o\u00f9 vous pouvez choisir entre 850 nm et 940 nm, et comme lampe de poche ordinaire.\" \/>\n<meta property=\"og:url\" content=\"https:\/\/staging.lucky-hunter.com\/fr\/product\/lampe-de-poche-combinee-850-nm-940-nm-et-lumiere-blanche\/\" \/>\n<meta property=\"og:site_name\" content=\"Lucky-Hunter\" \/>\n<meta property=\"og:image\" content=\"https:\/\/staging.lucky-hunter.com\/wp-content\/uploads\/2020\/01\/NV-0450.png\" \/>\n\t<meta property=\"og:image:width\" content=\"1000\" \/>\n\t<meta property=\"og:image:height\" content=\"1000\" \/>\n\t<meta property=\"og:image:type\" content=\"image\/png\" \/>\n<meta name=\"twitter:card\" content=\"summary_large_image\" \/>\n<meta name=\"twitter:label1\" content=\"Dur\u00e9e de lecture estim\u00e9e\" \/>\n\t<meta name=\"twitter:data1\" content=\"1 minute\" \/>\n<script type=\"application\/ld+json\" class=\"yoast-schema-graph\">{\"@context\":\"https:\/\/schema.org\",\"@graph\":[{\"@type\":\"WebPage\",\"@id\":\"https:\/\/staging.lucky-hunter.com\/fr\/product\/lampe-de-poche-combinee-850-nm-940-nm-et-lumiere-blanche\/\",\"url\":\"https:\/\/staging.lucky-hunter.com\/fr\/product\/lampe-de-poche-combinee-850-nm-940-nm-et-lumiere-blanche\/\",\"name\":\"Lampe de poche combin\u00e9e - 850 nm, 940 nm et lumi\u00e8re blanche - Lucky-Hunter\",\"isPartOf\":{\"@id\":\"https:\/\/staging.lucky-hunter.com\/#website\"},\"primaryImageOfPage\":{\"@id\":\"https:\/\/staging.lucky-hunter.com\/fr\/product\/lampe-de-poche-combinee-850-nm-940-nm-et-lumiere-blanche\/#primaryimage\"},\"image\":{\"@id\":\"https:\/\/staging.lucky-hunter.com\/fr\/product\/lampe-de-poche-combinee-850-nm-940-nm-et-lumiere-blanche\/#primaryimage\"},\"thumbnailUrl\":\"https:\/\/staging.lucky-hunter.com\/wp-content\/uploads\/2020\/01\/NV-0450.png\",\"datePublished\":\"2025-07-31T08:55:47+00:00\",\"dateModified\":\"2025-07-31T08:55:47+00:00\",\"description\":\"Cette lampe de poche intelligente Dangate poss\u00e8de 3 fonctions en 1. Elle peut \u00eatre utilis\u00e9e \u00e0 la fois comme lumi\u00e8re IR sur votre appareil de vision nocturne, o\u00f9 vous pouvez choisir entre 850 nm et 940 nm, et comme lampe de poche ordinaire.\",\"breadcrumb\":{\"@id\":\"https:\/\/staging.lucky-hunter.com\/fr\/product\/lampe-de-poche-combinee-850-nm-940-nm-et-lumiere-blanche\/#breadcrumb\"},\"inLanguage\":\"fr-FR\",\"potentialAction\":[{\"@type\":\"ReadAction\",\"target\":[\"https:\/\/staging.lucky-hunter.com\/fr\/product\/lampe-de-poche-combinee-850-nm-940-nm-et-lumiere-blanche\/\"]}]},{\"@type\":\"ImageObject\",\"inLanguage\":\"fr-FR\",\"@id\":\"https:\/\/staging.lucky-hunter.com\/fr\/product\/lampe-de-poche-combinee-850-nm-940-nm-et-lumiere-blanche\/#primaryimage\",\"url\":\"https:\/\/staging.lucky-hunter.com\/wp-content\/uploads\/2020\/01\/NV-0450.png\",\"contentUrl\":\"https:\/\/staging.lucky-hunter.com\/wp-content\/uploads\/2020\/01\/NV-0450.png\",\"width\":1000,\"height\":1000},{\"@type\":\"BreadcrumbList\",\"@id\":\"https:\/\/staging.lucky-hunter.com\/fr\/product\/lampe-de-poche-combinee-850-nm-940-nm-et-lumiere-blanche\/#breadcrumb\",\"itemListElement\":[{\"@type\":\"ListItem\",\"position\":1,\"name\":\"Home\",\"item\":\"https:\/\/staging.lucky-hunter.com\/fr\/\"},{\"@type\":\"ListItem\",\"position\":2,\"name\":\"Boutique\",\"item\":\"https:\/\/staging.lucky-hunter.com\/fr\/shop\/\"},{\"@type\":\"ListItem\",\"position\":3,\"name\":\"Lampe de poche combin\u00e9e &#8211; 850 nm, 940 nm et lumi\u00e8re blanche\"}]},{\"@type\":\"WebSite\",\"@id\":\"https:\/\/staging.lucky-hunter.com\/#website\",\"url\":\"https:\/\/staging.lucky-hunter.com\/\",\"name\":\"Lucky-Hunter\",\"description\":\"Gear Up or Give Up\",\"potentialAction\":[{\"@type\":\"SearchAction\",\"target\":{\"@type\":\"EntryPoint\",\"urlTemplate\":\"https:\/\/staging.lucky-hunter.com\/?s={search_term_string}\"},\"query-input\":{\"@type\":\"PropertyValueSpecification\",\"valueRequired\":true,\"valueName\":\"search_term_string\"}}],\"inLanguage\":\"fr-FR\"}]}<\/script>\n<!-- \/ Yoast SEO plugin. -->","yoast_head_json":{"title":"Lampe de poche combin\u00e9e - 850 nm, 940 nm et lumi\u00e8re blanche - Lucky-Hunter","description":"Cette lampe de poche intelligente Dangate poss\u00e8de 3 fonctions en 1. Elle peut \u00eatre utilis\u00e9e \u00e0 la fois comme lumi\u00e8re IR sur votre appareil de vision nocturne, o\u00f9 vous pouvez choisir entre 850 nm et 940 nm, et comme lampe de poche ordinaire.","robots":{"index":"noindex","follow":"follow","max-snippet":"max-snippet:-1","max-image-preview":"max-image-preview:large","max-video-preview":"max-video-preview:-1"},"og_locale":"fr_FR","og_type":"article","og_title":"Lampe de poche combin\u00e9e - 850 nm, 940 nm et lumi\u00e8re blanche - Lucky-Hunter","og_description":"Cette lampe de poche intelligente Dangate poss\u00e8de 3 fonctions en 1. Elle peut \u00eatre utilis\u00e9e \u00e0 la fois comme lumi\u00e8re IR sur votre appareil de vision nocturne, o\u00f9 vous pouvez choisir entre 850 nm et 940 nm, et comme lampe de poche ordinaire.","og_url":"https:\/\/staging.lucky-hunter.com\/fr\/product\/lampe-de-poche-combinee-850-nm-940-nm-et-lumiere-blanche\/","og_site_name":"Lucky-Hunter","og_image":[{"width":1000,"height":1000,"url":"https:\/\/staging.lucky-hunter.com\/wp-content\/uploads\/2020\/01\/NV-0450.png","type":"image\/png"}],"twitter_card":"summary_large_image","twitter_misc":{"Dur\u00e9e de lecture estim\u00e9e":"1 minute"},"schema":{"@context":"https:\/\/schema.org","@graph":[{"@type":"WebPage","@id":"https:\/\/staging.lucky-hunter.com\/fr\/product\/lampe-de-poche-combinee-850-nm-940-nm-et-lumiere-blanche\/","url":"https:\/\/staging.lucky-hunter.com\/fr\/product\/lampe-de-poche-combinee-850-nm-940-nm-et-lumiere-blanche\/","name":"Lampe de poche combin\u00e9e - 850 nm, 940 nm et lumi\u00e8re blanche - Lucky-Hunter","isPartOf":{"@id":"https:\/\/staging.lucky-hunter.com\/#website"},"primaryImageOfPage":{"@id":"https:\/\/staging.lucky-hunter.com\/fr\/product\/lampe-de-poche-combinee-850-nm-940-nm-et-lumiere-blanche\/#primaryimage"},"image":{"@id":"https:\/\/staging.lucky-hunter.com\/fr\/product\/lampe-de-poche-combinee-850-nm-940-nm-et-lumiere-blanche\/#primaryimage"},"thumbnailUrl":"https:\/\/staging.lucky-hunter.com\/wp-content\/uploads\/2020\/01\/NV-0450.png","datePublished":"2025-07-31T08:55:47+00:00","dateModified":"2025-07-31T08:55:47+00:00","description":"Cette lampe de poche intelligente Dangate poss\u00e8de 3 fonctions en 1. Elle peut \u00eatre utilis\u00e9e \u00e0 la fois comme lumi\u00e8re IR sur votre appareil de vision nocturne, o\u00f9 vous pouvez choisir entre 850 nm et 940 nm, et comme lampe de poche ordinaire.","breadcrumb":{"@id":"https:\/\/staging.lucky-hunter.com\/fr\/product\/lampe-de-poche-combinee-850-nm-940-nm-et-lumiere-blanche\/#breadcrumb"},"inLanguage":"fr-FR","potentialAction":[{"@type":"ReadAction","target":["https:\/\/staging.lucky-hunter.com\/fr\/product\/lampe-de-poche-combinee-850-nm-940-nm-et-lumiere-blanche\/"]}]},{"@type":"ImageObject","inLanguage":"fr-FR","@id":"https:\/\/staging.lucky-hunter.com\/fr\/product\/lampe-de-poche-combinee-850-nm-940-nm-et-lumiere-blanche\/#primaryimage","url":"https:\/\/staging.lucky-hunter.com\/wp-content\/uploads\/2020\/01\/NV-0450.png","contentUrl":"https:\/\/staging.lucky-hunter.com\/wp-content\/uploads\/2020\/01\/NV-0450.png","width":1000,"height":1000},{"@type":"BreadcrumbList","@id":"https:\/\/staging.lucky-hunter.com\/fr\/product\/lampe-de-poche-combinee-850-nm-940-nm-et-lumiere-blanche\/#breadcrumb","itemListElement":[{"@type":"ListItem","position":1,"name":"Home","item":"https:\/\/staging.lucky-hunter.com\/fr\/"},{"@type":"ListItem","position":2,"name":"Boutique","item":"https:\/\/staging.lucky-hunter.com\/fr\/shop\/"},{"@type":"ListItem","position":3,"name":"Lampe de poche combin\u00e9e &#8211; 850 nm, 940 nm et lumi\u00e8re blanche"}]},{"@type":"WebSite","@id":"https:\/\/staging.lucky-hunter.com\/#website","url":"https:\/\/staging.lucky-hunter.com\/","name":"Lucky-Hunter","description":"Gear Up or Give Up","potentialAction":[{"@type":"SearchAction","target":{"@type":"EntryPoint","urlTemplate":"https:\/\/staging.lucky-hunter.com\/?s={search_term_string}"},"query-input":{"@type":"PropertyValueSpecification","valueRequired":true,"valueName":"search_term_string"}}],"inLanguage":"fr-FR"}]}},"_links":{"self":[{"href":"https:\/\/staging.lucky-hunter.com\/fr\/wp-json\/wp\/v2\/product\/1224931"}],"collection":[{"href":"https:\/\/staging.lucky-hunter.com\/fr\/wp-json\/wp\/v2\/product"}],"about":[{"href":"https:\/\/staging.lucky-hunter.com\/fr\/wp-json\/wp\/v2\/types\/product"}],"wp:featuredmedia":[{"embeddable":true,"href":"https:\/\/staging.lucky-hunter.com\/fr\/wp-json\/wp\/v2\/media\/60342"}],"wp:attachment":[{"href":"https:\/\/staging.lucky-hunter.com\/fr\/wp-json\/wp\/v2\/media?parent=1224931"}],"wp:term":[{"taxonomy":"product_brand","embeddable":true,"href":"https:\/\/staging.lucky-hunter.com\/fr\/wp-json\/wp\/v2\/product_brand?post=1224931"},{"taxonomy":"product_cat","embeddable":true,"href":"https:\/\/staging.lucky-hunter.com\/fr\/wp-json\/wp\/v2\/product_cat?post=1224931"},{"taxonomy":"product_tag","embeddable":true,"href":"https:\/\/staging.lucky-hunter.com\/fr\/wp-json\/wp\/v2\/product_tag?post=1224931"}],"curies":[{"name":"wp","href":"https:\/\/api.w.org\/{rel}","templated":true}]}}