{"id":1224924,"date":"2025-07-31T12:53:21","date_gmt":"2025-07-31T10:53:21","guid":{"rendered":"https:\/\/staging.lucky-hunter.com\/product\/harnais-de-traction-pour-cerfs-do-all-outdoors\/"},"modified":"2025-07-31T15:01:31","modified_gmt":"2025-07-31T13:01:31","slug":"harnais-de-traction-pour-cerfs-do-all-outdoors","status":"publish","type":"product","link":"https:\/\/staging.lucky-hunter.com\/fr\/product\/harnais-de-traction-pour-cerfs-do-all-outdoors\/","title":{"rendered":"Harnais de traction pour cerfs &#8211; Do All Outdoors"},"content":{"rendered":"<div>Harnais de traction pour cerfs de haute qualit\u00e9 de Do All Outdoors pour une manipulation facile.<\/div>\n<div><\/div>\n<div>Le harnais s&#8217;enroule facilement autour de la t\u00eate du cerf sans avoir \u00e0 l&#8217;attacher, ce qui vous permet de le ramener facilement \u00e0 la voiture sans vous fatiguer le dos.<\/div>\n<div><\/div>\n<div>Livr\u00e9 avec une poign\u00e9e rembourr\u00e9e en mousse robuste pour un confort optimal.<\/div>\n<div><\/div>\n<div>Longueur : 1,5 m\u00e8tre<\/div>\n<div><\/div>\n<div>Mat\u00e9riau : Nylon<\/div>\n","protected":false},"excerpt":{"rendered":"<p>Harnais de haute qualit\u00e9 pour cerfs de Do All Outdoors, pour une manipulation ais\u00e9e des cerfs. Le harnais s&#8217;enroule facilement autour de la t\u00eate du cerf, sans qu&#8217;il soit n\u00e9cessaire de l&#8217;attacher.<\/p>\n","protected":false},"featured_media":1224733,"template":"","meta":[],"product_brand":[8134],"product_cat":[8155],"product_tag":[],"yoast_head":"<!-- This site is optimized with the Yoast SEO plugin v24.3 - https:\/\/yoast.com\/wordpress\/plugins\/seo\/ -->\n<title>Harnais de traction pour cerfs - Do All Outdoors - Lucky-Hunter<\/title>\n<meta name=\"description\" content=\"Harnais de haute qualit\u00e9 pour cerfs de Do All Outdoors, pour une manipulation ais\u00e9e des cerfs. Le harnais s&#039;enroule facilement autour de la t\u00eate du cerf, sans qu&#039;il soit n\u00e9cessaire de l&#039;attacher.\" \/>\n<meta name=\"robots\" content=\"noindex, follow, max-snippet:-1, max-image-preview:large, max-video-preview:-1\" \/>\n<meta property=\"og:locale\" content=\"fr_FR\" \/>\n<meta property=\"og:type\" content=\"article\" \/>\n<meta property=\"og:title\" content=\"Harnais de traction pour cerfs - Do All Outdoors - Lucky-Hunter\" \/>\n<meta property=\"og:description\" content=\"Harnais de haute qualit\u00e9 pour cerfs de Do All Outdoors, pour une manipulation ais\u00e9e des cerfs. Le harnais s&#039;enroule facilement autour de la t\u00eate du cerf, sans qu&#039;il soit n\u00e9cessaire de l&#039;attacher.\" \/>\n<meta property=\"og:url\" content=\"https:\/\/staging.lucky-hunter.com\/fr\/product\/harnais-de-traction-pour-cerfs-do-all-outdoors\/\" \/>\n<meta property=\"og:site_name\" content=\"Lucky-Hunter\" \/>\n<meta property=\"article:modified_time\" content=\"2025-07-31T13:01:31+00:00\" \/>\n<meta property=\"og:image\" content=\"https:\/\/staging.lucky-hunter.com\/wp-content\/uploads\/2025\/07\/VH-68-removebg-e1753959084518.png\" \/>\n\t<meta property=\"og:image:width\" content=\"1500\" \/>\n\t<meta property=\"og:image:height\" content=\"1500\" \/>\n\t<meta property=\"og:image:type\" content=\"image\/png\" \/>\n<meta name=\"twitter:card\" content=\"summary_large_image\" \/>\n<script type=\"application\/ld+json\" class=\"yoast-schema-graph\">{\"@context\":\"https:\/\/schema.org\",\"@graph\":[{\"@type\":\"WebPage\",\"@id\":\"https:\/\/staging.lucky-hunter.com\/fr\/product\/harnais-de-traction-pour-cerfs-do-all-outdoors\/\",\"url\":\"https:\/\/staging.lucky-hunter.com\/fr\/product\/harnais-de-traction-pour-cerfs-do-all-outdoors\/\",\"name\":\"Harnais de traction pour cerfs - Do All Outdoors - Lucky-Hunter\",\"isPartOf\":{\"@id\":\"https:\/\/staging.lucky-hunter.com\/#website\"},\"primaryImageOfPage\":{\"@id\":\"https:\/\/staging.lucky-hunter.com\/fr\/product\/harnais-de-traction-pour-cerfs-do-all-outdoors\/#primaryimage\"},\"image\":{\"@id\":\"https:\/\/staging.lucky-hunter.com\/fr\/product\/harnais-de-traction-pour-cerfs-do-all-outdoors\/#primaryimage\"},\"thumbnailUrl\":\"https:\/\/staging.lucky-hunter.com\/wp-content\/uploads\/2025\/07\/VH-68-removebg-e1753959084518.png\",\"datePublished\":\"2025-07-31T10:53:21+00:00\",\"dateModified\":\"2025-07-31T13:01:31+00:00\",\"description\":\"Harnais de haute qualit\u00e9 pour cerfs de Do All Outdoors, pour une manipulation ais\u00e9e des cerfs. Le harnais s'enroule facilement autour de la t\u00eate du cerf, sans qu'il soit n\u00e9cessaire de l'attacher.\",\"breadcrumb\":{\"@id\":\"https:\/\/staging.lucky-hunter.com\/fr\/product\/harnais-de-traction-pour-cerfs-do-all-outdoors\/#breadcrumb\"},\"inLanguage\":\"fr-FR\",\"potentialAction\":[{\"@type\":\"ReadAction\",\"target\":[\"https:\/\/staging.lucky-hunter.com\/fr\/product\/harnais-de-traction-pour-cerfs-do-all-outdoors\/\"]}]},{\"@type\":\"ImageObject\",\"inLanguage\":\"fr-FR\",\"@id\":\"https:\/\/staging.lucky-hunter.com\/fr\/product\/harnais-de-traction-pour-cerfs-do-all-outdoors\/#primaryimage\",\"url\":\"https:\/\/staging.lucky-hunter.com\/wp-content\/uploads\/2025\/07\/VH-68-removebg-e1753959084518.png\",\"contentUrl\":\"https:\/\/staging.lucky-hunter.com\/wp-content\/uploads\/2025\/07\/VH-68-removebg-e1753959084518.png\",\"width\":1500,\"height\":1500},{\"@type\":\"BreadcrumbList\",\"@id\":\"https:\/\/staging.lucky-hunter.com\/fr\/product\/harnais-de-traction-pour-cerfs-do-all-outdoors\/#breadcrumb\",\"itemListElement\":[{\"@type\":\"ListItem\",\"position\":1,\"name\":\"Home\",\"item\":\"https:\/\/staging.lucky-hunter.com\/fr\/\"},{\"@type\":\"ListItem\",\"position\":2,\"name\":\"Boutique\",\"item\":\"https:\/\/staging.lucky-hunter.com\/fr\/shop\/\"},{\"@type\":\"ListItem\",\"position\":3,\"name\":\"Harnais de traction pour cerfs &#8211; Do All Outdoors\"}]},{\"@type\":\"WebSite\",\"@id\":\"https:\/\/staging.lucky-hunter.com\/#website\",\"url\":\"https:\/\/staging.lucky-hunter.com\/\",\"name\":\"Lucky-Hunter\",\"description\":\"Gear Up or Give Up\",\"potentialAction\":[{\"@type\":\"SearchAction\",\"target\":{\"@type\":\"EntryPoint\",\"urlTemplate\":\"https:\/\/staging.lucky-hunter.com\/?s={search_term_string}\"},\"query-input\":{\"@type\":\"PropertyValueSpecification\",\"valueRequired\":true,\"valueName\":\"search_term_string\"}}],\"inLanguage\":\"fr-FR\"}]}<\/script>\n<!-- \/ Yoast SEO plugin. -->","yoast_head_json":{"title":"Harnais de traction pour cerfs - Do All Outdoors - Lucky-Hunter","description":"Harnais de haute qualit\u00e9 pour cerfs de Do All Outdoors, pour une manipulation ais\u00e9e des cerfs. Le harnais s'enroule facilement autour de la t\u00eate du cerf, sans qu'il soit n\u00e9cessaire de l'attacher.","robots":{"index":"noindex","follow":"follow","max-snippet":"max-snippet:-1","max-image-preview":"max-image-preview:large","max-video-preview":"max-video-preview:-1"},"og_locale":"fr_FR","og_type":"article","og_title":"Harnais de traction pour cerfs - Do All Outdoors - Lucky-Hunter","og_description":"Harnais de haute qualit\u00e9 pour cerfs de Do All Outdoors, pour une manipulation ais\u00e9e des cerfs. Le harnais s'enroule facilement autour de la t\u00eate du cerf, sans qu'il soit n\u00e9cessaire de l'attacher.","og_url":"https:\/\/staging.lucky-hunter.com\/fr\/product\/harnais-de-traction-pour-cerfs-do-all-outdoors\/","og_site_name":"Lucky-Hunter","article_modified_time":"2025-07-31T13:01:31+00:00","og_image":[{"width":1500,"height":1500,"url":"https:\/\/staging.lucky-hunter.com\/wp-content\/uploads\/2025\/07\/VH-68-removebg-e1753959084518.png","type":"image\/png"}],"twitter_card":"summary_large_image","schema":{"@context":"https:\/\/schema.org","@graph":[{"@type":"WebPage","@id":"https:\/\/staging.lucky-hunter.com\/fr\/product\/harnais-de-traction-pour-cerfs-do-all-outdoors\/","url":"https:\/\/staging.lucky-hunter.com\/fr\/product\/harnais-de-traction-pour-cerfs-do-all-outdoors\/","name":"Harnais de traction pour cerfs - Do All Outdoors - Lucky-Hunter","isPartOf":{"@id":"https:\/\/staging.lucky-hunter.com\/#website"},"primaryImageOfPage":{"@id":"https:\/\/staging.lucky-hunter.com\/fr\/product\/harnais-de-traction-pour-cerfs-do-all-outdoors\/#primaryimage"},"image":{"@id":"https:\/\/staging.lucky-hunter.com\/fr\/product\/harnais-de-traction-pour-cerfs-do-all-outdoors\/#primaryimage"},"thumbnailUrl":"https:\/\/staging.lucky-hunter.com\/wp-content\/uploads\/2025\/07\/VH-68-removebg-e1753959084518.png","datePublished":"2025-07-31T10:53:21+00:00","dateModified":"2025-07-31T13:01:31+00:00","description":"Harnais de haute qualit\u00e9 pour cerfs de Do All Outdoors, pour une manipulation ais\u00e9e des cerfs. Le harnais s'enroule facilement autour de la t\u00eate du cerf, sans qu'il soit n\u00e9cessaire de l'attacher.","breadcrumb":{"@id":"https:\/\/staging.lucky-hunter.com\/fr\/product\/harnais-de-traction-pour-cerfs-do-all-outdoors\/#breadcrumb"},"inLanguage":"fr-FR","potentialAction":[{"@type":"ReadAction","target":["https:\/\/staging.lucky-hunter.com\/fr\/product\/harnais-de-traction-pour-cerfs-do-all-outdoors\/"]}]},{"@type":"ImageObject","inLanguage":"fr-FR","@id":"https:\/\/staging.lucky-hunter.com\/fr\/product\/harnais-de-traction-pour-cerfs-do-all-outdoors\/#primaryimage","url":"https:\/\/staging.lucky-hunter.com\/wp-content\/uploads\/2025\/07\/VH-68-removebg-e1753959084518.png","contentUrl":"https:\/\/staging.lucky-hunter.com\/wp-content\/uploads\/2025\/07\/VH-68-removebg-e1753959084518.png","width":1500,"height":1500},{"@type":"BreadcrumbList","@id":"https:\/\/staging.lucky-hunter.com\/fr\/product\/harnais-de-traction-pour-cerfs-do-all-outdoors\/#breadcrumb","itemListElement":[{"@type":"ListItem","position":1,"name":"Home","item":"https:\/\/staging.lucky-hunter.com\/fr\/"},{"@type":"ListItem","position":2,"name":"Boutique","item":"https:\/\/staging.lucky-hunter.com\/fr\/shop\/"},{"@type":"ListItem","position":3,"name":"Harnais de traction pour cerfs &#8211; Do All Outdoors"}]},{"@type":"WebSite","@id":"https:\/\/staging.lucky-hunter.com\/#website","url":"https:\/\/staging.lucky-hunter.com\/","name":"Lucky-Hunter","description":"Gear Up or Give Up","potentialAction":[{"@type":"SearchAction","target":{"@type":"EntryPoint","urlTemplate":"https:\/\/staging.lucky-hunter.com\/?s={search_term_string}"},"query-input":{"@type":"PropertyValueSpecification","valueRequired":true,"valueName":"search_term_string"}}],"inLanguage":"fr-FR"}]}},"_links":{"self":[{"href":"https:\/\/staging.lucky-hunter.com\/fr\/wp-json\/wp\/v2\/product\/1224924"}],"collection":[{"href":"https:\/\/staging.lucky-hunter.com\/fr\/wp-json\/wp\/v2\/product"}],"about":[{"href":"https:\/\/staging.lucky-hunter.com\/fr\/wp-json\/wp\/v2\/types\/product"}],"wp:featuredmedia":[{"embeddable":true,"href":"https:\/\/staging.lucky-hunter.com\/fr\/wp-json\/wp\/v2\/media\/1224733"}],"wp:attachment":[{"href":"https:\/\/staging.lucky-hunter.com\/fr\/wp-json\/wp\/v2\/media?parent=1224924"}],"wp:term":[{"taxonomy":"product_brand","embeddable":true,"href":"https:\/\/staging.lucky-hunter.com\/fr\/wp-json\/wp\/v2\/product_brand?post=1224924"},{"taxonomy":"product_cat","embeddable":true,"href":"https:\/\/staging.lucky-hunter.com\/fr\/wp-json\/wp\/v2\/product_cat?post=1224924"},{"taxonomy":"product_tag","embeddable":true,"href":"https:\/\/staging.lucky-hunter.com\/fr\/wp-json\/wp\/v2\/product_tag?post=1224924"}],"curies":[{"name":"wp","href":"https:\/\/api.w.org\/{rel}","templated":true}]}}