{"id":105984,"date":"2024-04-13T12:27:23","date_gmt":"2024-04-13T10:27:23","guid":{"rendered":"https:\/\/staging.lucky-hunter.com\/?post_type=product&#038;p=105984"},"modified":"2024-08-22T14:30:32","modified_gmt":"2024-08-22T12:30:32","slug":"spypoint-flex-m-28mp","status":"publish","type":"product","link":"https:\/\/staging.lucky-hunter.com\/fr\/product\/spypoint-flex-m-28mp\/","title":{"rendered":"Spypoint FLEX-M | 28MP"},"content":{"rendered":"<h2><strong>Cam\u00e9ra de chasse avec fonction de transmission vers l&#8217;application Spypoint<\/strong><\/h2>\n<div>La nouvelle Spypoint Flex-M remplace le mod\u00e8le populaire LINK MICRO et fonctionne bien s\u00fbr avec l&#8217;application Spypoint que vous connaissez.<\/div>\n<div><\/div>\n<div>Avec ses 28 m\u00e9gapixels, la Flex-M offre une meilleure qualit\u00e9 d&#8217;image que la LINK MICRO et peut enregistrer des vid\u00e9os avec son.<\/div>\n<div><\/div>\n<div>Dans l&#8217;application, vous pouvez voir les mises \u00e0 jour sur la temp\u00e9rature \u00e0 l&#8217;emplacement de la cam\u00e9ra ainsi que la technologie r\u00e9volutionnaire BUCK TRACKER, aliment\u00e9e par la reconnaissance d&#8217;images par IA, qui permet de filtrer les images par esp\u00e8ce animale.<\/div>\n<p><strong>Caract\u00e9ristiques principales :<\/strong><\/p>\n<ul>\n<li>Toujours le meilleur r\u00e9seau partout en Europe<\/li>\n<li>L&#8217;antenne et le modem sont parfaitement synchronis\u00e9s et se connectent automatiquement au r\u00e9seau le plus puissant.<\/li>\n<li>D\u00e9clencheur flexible<\/li>\n<li>Ajuste la vitesse de r\u00e9ponse de la cam\u00e9ra \u00e0 l&#8217;environnement.<\/li>\n<li>Vid\u00e9o de 15 secondes avec son pouvant \u00eatre envoy\u00e9e \u00e0 l&#8217;application Spypoint.<\/li>\n<\/ul>\n<p><strong>Photo :<\/strong><\/p>\n<ul>\n<li>28 m\u00e9gapixels<\/li>\n<li>LEDs Low Glow<\/li>\n<li>Vid\u00e9o 720P avec son<\/li>\n<li>Vitesse de d\u00e9clenchement de 0,4 sec. Bouton de d\u00e9clenchement flexible<\/li>\n<li>Port\u00e9e du flash IR jusqu&#8217;\u00e0 28 m<\/li>\n<\/ul>\n<p><strong>Mobile :<\/strong><\/p>\n<ul>\n<li>Plan de donn\u00e9es gratuit avec 100 images*<\/li>\n<li>Transmission d&#8217;images rapide en LTE<\/li>\n<li>Carte SIM incluse et compatible avec la plupart des pays europ\u00e9ens<br \/>\n(La cam\u00e9ra ne peut \u00eatre utilis\u00e9e qu&#8217;avec la carte SIM incluse (SIM-LOCK))<\/li>\n<li>Cam\u00e9ra enti\u00e8rement configurable via l&#8217;application GRATUITE.<\/li>\n<\/ul>\n<p><strong>M\u00e9moire\/Alimentation :<\/strong><\/p>\n<ul>\n<li>N\u00e9cessite une carte m\u00e9moire MicroSD jusqu&#8217;\u00e0 32 Go (non incluse).<\/li>\n<li>N\u00e9cessite 8 piles AA (non incluses)<\/li>\n<li>Peut utiliser une batterie lithium LIT-22 (non incluse).<\/li>\n<\/ul>\n","protected":false},"excerpt":{"rendered":"<p>La nouvelle Spypoint Flex-M remplace le mod\u00e8le populaire LINK MICRO et fonctionne bien s\u00fbr avec l&#8217;application Spypoint que vous connaissez.<\/p>\n<p>&nbsp;<\/p>\n","protected":false},"featured_media":106008,"template":"","meta":[],"product_brand":[8209],"product_cat":[8241],"product_tag":[],"yoast_head":"<!-- This site is optimized with the Yoast SEO plugin v24.3 - https:\/\/yoast.com\/wordpress\/plugins\/seo\/ -->\n<title>Spypoint FLEX-M | 28MP | Obtenez la v\u00f4tre sur Lucky-Hunter.com<\/title>\n<meta name=\"description\" content=\"La nouvelle Spypoint Flex-M remplace le mod\u00e8le populaire LINK MICRO et fonctionne bien s\u00fbr avec l&#039;application Spypoint que vous connaissez.\" \/>\n<meta name=\"robots\" content=\"noindex, follow, max-snippet:-1, max-image-preview:large, max-video-preview:-1\" \/>\n<meta property=\"og:locale\" content=\"fr_FR\" \/>\n<meta property=\"og:type\" content=\"article\" \/>\n<meta property=\"og:title\" content=\"Spypoint FLEX-M | 28MP | Obtenez la v\u00f4tre sur Lucky-Hunter.com\" \/>\n<meta property=\"og:description\" content=\"La nouvelle Spypoint Flex-M remplace le mod\u00e8le populaire LINK MICRO et fonctionne bien s\u00fbr avec l&#039;application Spypoint que vous connaissez.\" \/>\n<meta property=\"og:url\" content=\"https:\/\/staging.lucky-hunter.com\/product\/spypoint-flex-m-28mp\/\" \/>\n<meta property=\"og:site_name\" content=\"Lucky-Hunter\" \/>\n<meta property=\"article:modified_time\" content=\"2024-08-22T12:30:32+00:00\" \/>\n<meta property=\"og:image\" content=\"https:\/\/staging.lucky-hunter.com\/wp-content\/uploads\/2024\/04\/680615-1.png\" \/>\n\t<meta property=\"og:image:width\" content=\"500\" \/>\n\t<meta property=\"og:image:height\" content=\"500\" \/>\n\t<meta property=\"og:image:type\" content=\"image\/png\" \/>\n<meta name=\"twitter:card\" content=\"summary_large_image\" \/>\n<meta name=\"twitter:label1\" content=\"Dur\u00e9e de lecture estim\u00e9e\" \/>\n\t<meta name=\"twitter:data1\" content=\"2 minutes\" \/>\n<script type=\"application\/ld+json\" class=\"yoast-schema-graph\">{\"@context\":\"https:\/\/schema.org\",\"@graph\":[{\"@type\":\"WebPage\",\"@id\":\"https:\/\/staging.lucky-hunter.com\/product\/spypoint-flex-m-28mp\/\",\"url\":\"https:\/\/staging.lucky-hunter.com\/product\/spypoint-flex-m-28mp\/\",\"name\":\"Spypoint FLEX-M | 28MP | Obtenez la v\u00f4tre sur Lucky-Hunter.com\",\"isPartOf\":{\"@id\":\"https:\/\/staging.lucky-hunter.com\/#website\"},\"primaryImageOfPage\":{\"@id\":\"https:\/\/staging.lucky-hunter.com\/product\/spypoint-flex-m-28mp\/#primaryimage\"},\"image\":{\"@id\":\"https:\/\/staging.lucky-hunter.com\/product\/spypoint-flex-m-28mp\/#primaryimage\"},\"thumbnailUrl\":\"https:\/\/staging.lucky-hunter.com\/wp-content\/uploads\/2024\/04\/680615-1.png\",\"datePublished\":\"2024-04-13T10:27:23+00:00\",\"dateModified\":\"2024-08-22T12:30:32+00:00\",\"description\":\"La nouvelle Spypoint Flex-M remplace le mod\u00e8le populaire LINK MICRO et fonctionne bien s\u00fbr avec l'application Spypoint que vous connaissez.\",\"breadcrumb\":{\"@id\":\"https:\/\/staging.lucky-hunter.com\/product\/spypoint-flex-m-28mp\/#breadcrumb\"},\"inLanguage\":\"fr-FR\",\"potentialAction\":[{\"@type\":\"ReadAction\",\"target\":[\"https:\/\/staging.lucky-hunter.com\/product\/spypoint-flex-m-28mp\/\"]}]},{\"@type\":\"ImageObject\",\"inLanguage\":\"fr-FR\",\"@id\":\"https:\/\/staging.lucky-hunter.com\/product\/spypoint-flex-m-28mp\/#primaryimage\",\"url\":\"https:\/\/staging.lucky-hunter.com\/wp-content\/uploads\/2024\/04\/680615-1.png\",\"contentUrl\":\"https:\/\/staging.lucky-hunter.com\/wp-content\/uploads\/2024\/04\/680615-1.png\",\"width\":500,\"height\":500},{\"@type\":\"BreadcrumbList\",\"@id\":\"https:\/\/staging.lucky-hunter.com\/product\/spypoint-flex-m-28mp\/#breadcrumb\",\"itemListElement\":[{\"@type\":\"ListItem\",\"position\":1,\"name\":\"Home\",\"item\":\"https:\/\/staging.lucky-hunter.com\/fr\/\"},{\"@type\":\"ListItem\",\"position\":2,\"name\":\"Boutique\",\"item\":\"https:\/\/staging.lucky-hunter.com\/fr\/shop\/\"},{\"@type\":\"ListItem\",\"position\":3,\"name\":\"Spypoint FLEX-M | 28MP\"}]},{\"@type\":\"WebSite\",\"@id\":\"https:\/\/staging.lucky-hunter.com\/#website\",\"url\":\"https:\/\/staging.lucky-hunter.com\/\",\"name\":\"Lucky-Hunter\",\"description\":\"Gear Up or Give Up\",\"potentialAction\":[{\"@type\":\"SearchAction\",\"target\":{\"@type\":\"EntryPoint\",\"urlTemplate\":\"https:\/\/staging.lucky-hunter.com\/?s={search_term_string}\"},\"query-input\":{\"@type\":\"PropertyValueSpecification\",\"valueRequired\":true,\"valueName\":\"search_term_string\"}}],\"inLanguage\":\"fr-FR\"}]}<\/script>\n<!-- \/ Yoast SEO plugin. -->","yoast_head_json":{"title":"Spypoint FLEX-M | 28MP | Obtenez la v\u00f4tre sur Lucky-Hunter.com","description":"La nouvelle Spypoint Flex-M remplace le mod\u00e8le populaire LINK MICRO et fonctionne bien s\u00fbr avec l'application Spypoint que vous connaissez.","robots":{"index":"noindex","follow":"follow","max-snippet":"max-snippet:-1","max-image-preview":"max-image-preview:large","max-video-preview":"max-video-preview:-1"},"og_locale":"fr_FR","og_type":"article","og_title":"Spypoint FLEX-M | 28MP | Obtenez la v\u00f4tre sur Lucky-Hunter.com","og_description":"La nouvelle Spypoint Flex-M remplace le mod\u00e8le populaire LINK MICRO et fonctionne bien s\u00fbr avec l'application Spypoint que vous connaissez.","og_url":"https:\/\/staging.lucky-hunter.com\/product\/spypoint-flex-m-28mp\/","og_site_name":"Lucky-Hunter","article_modified_time":"2024-08-22T12:30:32+00:00","og_image":[{"width":500,"height":500,"url":"https:\/\/staging.lucky-hunter.com\/wp-content\/uploads\/2024\/04\/680615-1.png","type":"image\/png"}],"twitter_card":"summary_large_image","twitter_misc":{"Dur\u00e9e de lecture estim\u00e9e":"2 minutes"},"schema":{"@context":"https:\/\/schema.org","@graph":[{"@type":"WebPage","@id":"https:\/\/staging.lucky-hunter.com\/product\/spypoint-flex-m-28mp\/","url":"https:\/\/staging.lucky-hunter.com\/product\/spypoint-flex-m-28mp\/","name":"Spypoint FLEX-M | 28MP | Obtenez la v\u00f4tre sur Lucky-Hunter.com","isPartOf":{"@id":"https:\/\/staging.lucky-hunter.com\/#website"},"primaryImageOfPage":{"@id":"https:\/\/staging.lucky-hunter.com\/product\/spypoint-flex-m-28mp\/#primaryimage"},"image":{"@id":"https:\/\/staging.lucky-hunter.com\/product\/spypoint-flex-m-28mp\/#primaryimage"},"thumbnailUrl":"https:\/\/staging.lucky-hunter.com\/wp-content\/uploads\/2024\/04\/680615-1.png","datePublished":"2024-04-13T10:27:23+00:00","dateModified":"2024-08-22T12:30:32+00:00","description":"La nouvelle Spypoint Flex-M remplace le mod\u00e8le populaire LINK MICRO et fonctionne bien s\u00fbr avec l'application Spypoint que vous connaissez.","breadcrumb":{"@id":"https:\/\/staging.lucky-hunter.com\/product\/spypoint-flex-m-28mp\/#breadcrumb"},"inLanguage":"fr-FR","potentialAction":[{"@type":"ReadAction","target":["https:\/\/staging.lucky-hunter.com\/product\/spypoint-flex-m-28mp\/"]}]},{"@type":"ImageObject","inLanguage":"fr-FR","@id":"https:\/\/staging.lucky-hunter.com\/product\/spypoint-flex-m-28mp\/#primaryimage","url":"https:\/\/staging.lucky-hunter.com\/wp-content\/uploads\/2024\/04\/680615-1.png","contentUrl":"https:\/\/staging.lucky-hunter.com\/wp-content\/uploads\/2024\/04\/680615-1.png","width":500,"height":500},{"@type":"BreadcrumbList","@id":"https:\/\/staging.lucky-hunter.com\/product\/spypoint-flex-m-28mp\/#breadcrumb","itemListElement":[{"@type":"ListItem","position":1,"name":"Home","item":"https:\/\/staging.lucky-hunter.com\/fr\/"},{"@type":"ListItem","position":2,"name":"Boutique","item":"https:\/\/staging.lucky-hunter.com\/fr\/shop\/"},{"@type":"ListItem","position":3,"name":"Spypoint FLEX-M | 28MP"}]},{"@type":"WebSite","@id":"https:\/\/staging.lucky-hunter.com\/#website","url":"https:\/\/staging.lucky-hunter.com\/","name":"Lucky-Hunter","description":"Gear Up or Give Up","potentialAction":[{"@type":"SearchAction","target":{"@type":"EntryPoint","urlTemplate":"https:\/\/staging.lucky-hunter.com\/?s={search_term_string}"},"query-input":{"@type":"PropertyValueSpecification","valueRequired":true,"valueName":"search_term_string"}}],"inLanguage":"fr-FR"}]}},"_links":{"self":[{"href":"https:\/\/staging.lucky-hunter.com\/fr\/wp-json\/wp\/v2\/product\/105984"}],"collection":[{"href":"https:\/\/staging.lucky-hunter.com\/fr\/wp-json\/wp\/v2\/product"}],"about":[{"href":"https:\/\/staging.lucky-hunter.com\/fr\/wp-json\/wp\/v2\/types\/product"}],"wp:featuredmedia":[{"embeddable":true,"href":"https:\/\/staging.lucky-hunter.com\/fr\/wp-json\/wp\/v2\/media\/106008"}],"wp:attachment":[{"href":"https:\/\/staging.lucky-hunter.com\/fr\/wp-json\/wp\/v2\/media?parent=105984"}],"wp:term":[{"taxonomy":"product_brand","embeddable":true,"href":"https:\/\/staging.lucky-hunter.com\/fr\/wp-json\/wp\/v2\/product_brand?post=105984"},{"taxonomy":"product_cat","embeddable":true,"href":"https:\/\/staging.lucky-hunter.com\/fr\/wp-json\/wp\/v2\/product_cat?post=105984"},{"taxonomy":"product_tag","embeddable":true,"href":"https:\/\/staging.lucky-hunter.com\/fr\/wp-json\/wp\/v2\/product_tag?post=105984"}],"curies":[{"name":"wp","href":"https:\/\/api.w.org\/{rel}","templated":true}]}}