{"id":65045,"date":"2023-11-08T12:22:20","date_gmt":"2023-11-08T11:22:20","guid":{"rendered":"https:\/\/staging.lucky-hunter.com\/expeditions-compensees-climat\/"},"modified":"2023-11-21T15:42:12","modified_gmt":"2023-11-21T14:42:12","slug":"expeditions-compensees-climat","status":"publish","type":"page","link":"https:\/\/staging.lucky-hunter.com\/fr\/expeditions-compensees-climat\/","title":{"rendered":"expeditions-compensees-climat"},"content":{"rendered":"\n<div class=\"row\"  id=\"row-481545145\">\n\n\n\t<div id=\"col-1108962625\" class=\"col medium-1 small-12 large-1\"  >\n\t\t\t\t<div class=\"col-inner\"  >\n\t\t\t\n\t\t\t\n\n\n\t\t<\/div>\n\t\t\t\t\t<\/div>\n\n\t\n\n\t<div id=\"col-1198753227\" class=\"col medium-10 small-12 large-10\"  >\n\t\t\t\t<div class=\"col-inner\"  >\n\t\t\t\n\t\t\t\n\n<div class=\"text-center\"><div class=\"is-divider divider clearfix\" style=\"background-color:rgb(230, 230, 240);\"><\/div><\/div>\r\n\r\n\r\n\r\n<div style=\"text-align: justify;\">\r\n<h1 style=\"text-align: center;\">Envois compens\u00e9s pour le climat<\/h1>\r\n<p style=\"text-align: center;\"><strong>Lucky Hunter privil\u00e9gie la livraison compens\u00e9e pour le climat et des emballages durables<\/strong><\/p>\r\n<p>Lorsque vous achetez votre \u00e9quipement de chasse chez Lucky Hunter, vous b\u00e9n\u00e9ficiez d&#8217;une livraison compens\u00e9e pour le climat en tant que standard <strong>sans aucun co\u00fbt suppl\u00e9mentaire<\/strong>, ce qui vous permet en tant que client de soutenir facilement des initiatives visant \u00e0 r\u00e9duire notre empreinte climatique. Nous veillons \u00e0 ce que nos partenaires en mati\u00e8re de fret et de logistique soient engag\u00e9s dans la r\u00e9duction des \u00e9missions de CO2 et proposent de compenser le climat pour le transport qu&#8217;ils fournissent.<\/p>\r\n<p>La compensation climatique n&#8217;est pas la solution id\u00e9ale, mais tant que la technologie et l&#8217;infrastructure actuelles ne peuvent pas r\u00e9duire compl\u00e8tement les \u00e9missions de CO2 d\u00e8s le d\u00e9part, c&#8217;est l&#8217;une des meilleures options dans le secteur des transports pour compenser l&#8217;empreinte CO2. Vous pouvez en savoir plus sur l&#8217;engagement des diff\u00e9rents transporteurs pour le climat ci-dessous :<\/p>\r\n<ul>\r\n<li><a href=\"https:\/\/gls-group.com\/DK\/en\/about-gls\/sustainability\/additional-initiatives\/\">GLS<\/a><\/li>\r\n<li><a href=\"https:\/\/www.dsv.com\/en-gb\/sustainability-esg\">DSV<\/a><\/li>\r\n<\/ul>\r\n<p>Chez Lucky Hunter, cela fait de nombreuses ann\u00e9es que nous acceptons des bo\u00eetes en carton et des mat\u00e9riaux d&#8217;emballage des commer\u00e7ants de la ville ou des citoyens qui passent d\u00e9poser leurs emballages usag\u00e9s. Nous les r\u00e9utilisons pour nos envois, r\u00e9duisant ainsi consid\u00e9rablement le besoin d&#8217;acheter de nouveaux mat\u00e9riaux d&#8217;emballage. Si vous vous demandez parfois pourquoi votre colis de Lucky Hunter est livr\u00e9 dans une bo\u00eete d&#8217;articles de coiffure ou de bouteilles de vin, alors vous avez re\u00e7u un colis avec une empreinte climatique r\u00e9duite. Apr\u00e8s tout, ce n&#8217;est qu&#8217;une bo\u00eete qui doit transporter vos marchandises command\u00e9es en toute s\u00e9curit\u00e9 de notre entrep\u00f4t jusqu&#8217;\u00e0 vous !<\/p>\r\n<p>Si vous avez une cam\u00e9ra de chasse ou envisagez d&#8217;en acheter une, nous avons des mod\u00e8les aliment\u00e9s par des batteries rechargeables ou des powerbanks et panneaux solaires accompagnants, qui remplacent le besoin d&#8217;un grand nombre de batteries devant \u00eatre \u00e9limin\u00e9es apr\u00e8s utilisation.<\/p>\r\n<p>Lucky Hunter propose des produits de qualit\u00e9 qui peuvent r\u00e9sister \u00e0 l&#8217;usage ann\u00e9e apr\u00e8s ann\u00e9e. Un \u00e9quipement de chasse durable n&#8217;est pas seulement plus agr\u00e9able \u00e0 la chasse, mais g\u00e9n\u00e8re \u00e9galement moins de d\u00e9chets, r\u00e9duisant ainsi la pression sur notre climat.<\/p>\r\n<\/div>\r\n\n\n\t\t<\/div>\n\t\t\t\t\t<\/div>\n\n\t\n\n\t<div id=\"col-1697545954\" class=\"col medium-1 small-12 large-1\"  >\n\t\t\t\t<div class=\"col-inner\"  >\n\t\t\t\n\t\t\t\n\n\n\t\t<\/div>\n\t\t\t\t\t<\/div>\n\n\t\n\n<\/div>\n\n","protected":false},"excerpt":{"rendered":"","protected":false},"author":17864,"featured_media":0,"parent":0,"menu_order":0,"comment_status":"closed","ping_status":"closed","template":"","meta":{"footnotes":""},"yoast_head":"<!-- This site is optimized with the Yoast SEO plugin v24.3 - https:\/\/yoast.com\/wordpress\/plugins\/seo\/ -->\n<title>expeditions-compensees-climat - Lucky-Hunter<\/title>\n<meta name=\"robots\" content=\"noindex, follow, max-snippet:-1, max-image-preview:large, max-video-preview:-1\" \/>\n<meta property=\"og:locale\" content=\"fr_FR\" \/>\n<meta property=\"og:type\" content=\"article\" \/>\n<meta property=\"og:title\" content=\"expeditions-compensees-climat - Lucky-Hunter\" \/>\n<meta property=\"og:url\" content=\"https:\/\/staging.lucky-hunter.com\/fr\/expeditions-compensees-climat\/\" \/>\n<meta property=\"og:site_name\" content=\"Lucky-Hunter\" \/>\n<meta property=\"article:modified_time\" content=\"2023-11-21T14:42:12+00:00\" \/>\n<meta name=\"twitter:card\" content=\"summary_large_image\" \/>\n<meta name=\"twitter:label1\" content=\"Dur\u00e9e de lecture estim\u00e9e\" \/>\n\t<meta name=\"twitter:data1\" content=\"2 minutes\" \/>\n<script type=\"application\/ld+json\" class=\"yoast-schema-graph\">{\"@context\":\"https:\/\/schema.org\",\"@graph\":[{\"@type\":\"WebPage\",\"@id\":\"https:\/\/staging.lucky-hunter.com\/fr\/expeditions-compensees-climat\/\",\"url\":\"https:\/\/staging.lucky-hunter.com\/fr\/expeditions-compensees-climat\/\",\"name\":\"expeditions-compensees-climat - Lucky-Hunter\",\"isPartOf\":{\"@id\":\"https:\/\/staging.lucky-hunter.com\/#website\"},\"datePublished\":\"2023-11-08T11:22:20+00:00\",\"dateModified\":\"2023-11-21T14:42:12+00:00\",\"breadcrumb\":{\"@id\":\"https:\/\/staging.lucky-hunter.com\/fr\/expeditions-compensees-climat\/#breadcrumb\"},\"inLanguage\":\"fr-FR\",\"potentialAction\":[{\"@type\":\"ReadAction\",\"target\":[\"https:\/\/staging.lucky-hunter.com\/fr\/expeditions-compensees-climat\/\"]}]},{\"@type\":\"BreadcrumbList\",\"@id\":\"https:\/\/staging.lucky-hunter.com\/fr\/expeditions-compensees-climat\/#breadcrumb\",\"itemListElement\":[{\"@type\":\"ListItem\",\"position\":1,\"name\":\"Home\",\"item\":\"https:\/\/staging.lucky-hunter.com\/fr\/\"},{\"@type\":\"ListItem\",\"position\":2,\"name\":\"expeditions-compensees-climat\"}]},{\"@type\":\"WebSite\",\"@id\":\"https:\/\/staging.lucky-hunter.com\/#website\",\"url\":\"https:\/\/staging.lucky-hunter.com\/\",\"name\":\"Lucky-Hunter\",\"description\":\"Gear Up or Give Up\",\"potentialAction\":[{\"@type\":\"SearchAction\",\"target\":{\"@type\":\"EntryPoint\",\"urlTemplate\":\"https:\/\/staging.lucky-hunter.com\/?s={search_term_string}\"},\"query-input\":{\"@type\":\"PropertyValueSpecification\",\"valueRequired\":true,\"valueName\":\"search_term_string\"}}],\"inLanguage\":\"fr-FR\"}]}<\/script>\n<!-- \/ Yoast SEO plugin. -->","yoast_head_json":{"title":"expeditions-compensees-climat - Lucky-Hunter","robots":{"index":"noindex","follow":"follow","max-snippet":"max-snippet:-1","max-image-preview":"max-image-preview:large","max-video-preview":"max-video-preview:-1"},"og_locale":"fr_FR","og_type":"article","og_title":"expeditions-compensees-climat - Lucky-Hunter","og_url":"https:\/\/staging.lucky-hunter.com\/fr\/expeditions-compensees-climat\/","og_site_name":"Lucky-Hunter","article_modified_time":"2023-11-21T14:42:12+00:00","twitter_card":"summary_large_image","twitter_misc":{"Dur\u00e9e de lecture estim\u00e9e":"2 minutes"},"schema":{"@context":"https:\/\/schema.org","@graph":[{"@type":"WebPage","@id":"https:\/\/staging.lucky-hunter.com\/fr\/expeditions-compensees-climat\/","url":"https:\/\/staging.lucky-hunter.com\/fr\/expeditions-compensees-climat\/","name":"expeditions-compensees-climat - Lucky-Hunter","isPartOf":{"@id":"https:\/\/staging.lucky-hunter.com\/#website"},"datePublished":"2023-11-08T11:22:20+00:00","dateModified":"2023-11-21T14:42:12+00:00","breadcrumb":{"@id":"https:\/\/staging.lucky-hunter.com\/fr\/expeditions-compensees-climat\/#breadcrumb"},"inLanguage":"fr-FR","potentialAction":[{"@type":"ReadAction","target":["https:\/\/staging.lucky-hunter.com\/fr\/expeditions-compensees-climat\/"]}]},{"@type":"BreadcrumbList","@id":"https:\/\/staging.lucky-hunter.com\/fr\/expeditions-compensees-climat\/#breadcrumb","itemListElement":[{"@type":"ListItem","position":1,"name":"Home","item":"https:\/\/staging.lucky-hunter.com\/fr\/"},{"@type":"ListItem","position":2,"name":"expeditions-compensees-climat"}]},{"@type":"WebSite","@id":"https:\/\/staging.lucky-hunter.com\/#website","url":"https:\/\/staging.lucky-hunter.com\/","name":"Lucky-Hunter","description":"Gear Up or Give Up","potentialAction":[{"@type":"SearchAction","target":{"@type":"EntryPoint","urlTemplate":"https:\/\/staging.lucky-hunter.com\/?s={search_term_string}"},"query-input":{"@type":"PropertyValueSpecification","valueRequired":true,"valueName":"search_term_string"}}],"inLanguage":"fr-FR"}]}},"_links":{"self":[{"href":"https:\/\/staging.lucky-hunter.com\/fr\/wp-json\/wp\/v2\/pages\/65045"}],"collection":[{"href":"https:\/\/staging.lucky-hunter.com\/fr\/wp-json\/wp\/v2\/pages"}],"about":[{"href":"https:\/\/staging.lucky-hunter.com\/fr\/wp-json\/wp\/v2\/types\/page"}],"author":[{"embeddable":true,"href":"https:\/\/staging.lucky-hunter.com\/fr\/wp-json\/wp\/v2\/users\/17864"}],"replies":[{"embeddable":true,"href":"https:\/\/staging.lucky-hunter.com\/fr\/wp-json\/wp\/v2\/comments?post=65045"}],"version-history":[{"count":1,"href":"https:\/\/staging.lucky-hunter.com\/fr\/wp-json\/wp\/v2\/pages\/65045\/revisions"}],"predecessor-version":[{"id":65046,"href":"https:\/\/staging.lucky-hunter.com\/fr\/wp-json\/wp\/v2\/pages\/65045\/revisions\/65046"}],"wp:attachment":[{"href":"https:\/\/staging.lucky-hunter.com\/fr\/wp-json\/wp\/v2\/media?parent=65045"}],"curies":[{"name":"wp","href":"https:\/\/api.w.org\/{rel}","templated":true}]}}