{"id":32203,"date":"2017-06-26T12:44:41","date_gmt":"2017-06-26T10:44:41","guid":{"rendered":"https:\/\/staging.lucky-hunter.com\/contactez-nous\/"},"modified":"2024-02-06T09:49:03","modified_gmt":"2024-02-06T08:49:03","slug":"contactez-nous","status":"publish","type":"page","link":"https:\/\/staging.lucky-hunter.com\/fr\/contactez-nous\/","title":{"rendered":"Contactez-nous"},"content":{"rendered":"\n<div class=\"row\"  id=\"row-994151416\">\n\n\n\t<div id=\"col-1836939361\" class=\"col medium-4 small-12 large-4\"  >\n\t\t\t\t<div class=\"col-inner\"  >\n\t\t\t\n\t\t\t\n\n<div class=\"container section-title-container\" ><h3 class=\"section-title section-title-center\"><b><\/b><span class=\"section-title-main\" ><i class=\"icon-envelop\" ><\/i>Besoin d&apos;aide ?<\/span><b><\/b><\/h3><\/div>\n\n<p data-animate=\"fadeIn\" data-animated=\"true\">Vous avez des questions concernant notre boutique en ligne ou nos produits ? Alors n&#8217;h\u00e9sitez pas \u00e0 nous contacter pour obtenir de l&#8217;aide.<\/p>\n\n\t\t<\/div>\n\t\t\t\t\t<\/div>\n\n\t\n\n\t<div id=\"col-1525845225\" class=\"col medium-4 small-12 large-4\"  >\n\t\t\t\t<div class=\"col-inner\"  >\n\t\t\t\n\t\t\t\n\n<div class=\"container section-title-container\" ><h3 class=\"section-title section-title-center\"><b><\/b><span class=\"section-title-main\" ><i class=\"icon-envelop\" ><\/i>E-MAIL<\/span><b><\/b><\/h3><\/div>\n\n<a data-animate=\"bounceIn\" href=\"mailto:info@lucky-hunter.com\" target=\"_self\" class=\"button primary expand\"  >\n    <span>INFO@LUCKY-HUNTER.COM<\/span>\n  <\/a>\n\n\n\n\t\t<\/div>\n\t\t\t\t\n<style>\n#col-1525845225 > .col-inner {\n  padding: 0px 0px 0px 0px;\n  margin: 0px 0px 0px 0px;\n}\n<\/style>\n\t<\/div>\n\n\t\n\n\t<div id=\"col-1493516749\" class=\"col medium-4 small-12 large-4\"  >\n\t\t\t\t<div class=\"col-inner\"  >\n\t\t\t\n\t\t\t\n\n<div class=\"container section-title-container\" ><h3 class=\"section-title section-title-center\"><b><\/b><span class=\"section-title-main\" ><i class=\"icon-envelop\" ><\/i>ADRESSE<\/span><b><\/b><\/h3><\/div>\n\n<p style=\"text-align: center;\" data-animate=\"fadeIn\" data-animated=\"true\"><strong>LUCKY HUNTER<br><\/strong><br>CVR: 33042620<br>Hadsundvej 22b<br>9575 Terndrup<br>Danemark<\/p>\r\n<p style=\"text-align: center;\" data-animate=\"fadeIn\" data-animated=\"true\"><a href=\"tel:+4587769973\">+45 87769973<\/a><\/p>\n\n\t\t<\/div>\n\t\t\t\t\n<style>\n#col-1493516749 > .col-inner {\n  padding: 0px 0px 0px 0px;\n  margin: 0px 0px -44px 0px;\n}\n<\/style>\n\t<\/div>\n\n\t\n\n\n<style>\n#row-994151416 > .col > .col-inner {\n  padding: 26px 0px 0px 0px;\n}\n<\/style>\n<\/div>\n\n  <div class=\"banner has-hover\" id=\"banner-509491729\">\n          <div class=\"banner-inner fill\">\n        <div class=\"banner-bg fill\" >\n            <div class=\"bg fill bg-fill bg-loaded\"><\/div>\n                                    \n                    <\/div>\n\t\t\n        <div class=\"banner-layers container\">\n            <div class=\"fill banner-link\"><\/div>            \n\n   <div id=\"text-box-172855688\" class=\"text-box banner-layer x50 md-x50 lg-x50 y95 md-y95 lg-y95 res-text\">\n                     <div data-animate=\"fadeInUp\">           <div class=\"text-box-content text \">\n              \n              <div class=\"text-inner text-center\">\n                  \n\n<h1><span style=\"font-size: 90%;\">L&#8217;\u00e9quipe LUCKY HUNTER<\/span><\/h1>\r\n<p><span style=\"font-size: 130%;\">est pr\u00eate \u00e0 vous aider avec votre commande, support produit<br>ou toute question que vous pourriez avoir concernant notre gamme de produits.<\/span><\/p>\r\n<h3><span style=\"font-size: 85%;\">N&#8217;h\u00e9sitez pas \u00e0 nous contacter directement par email ou t\u00e9l\u00e9phone<\/span><\/h3>\n\n              <\/div>\n           <\/div>\n       <\/div>                     \n<style>\n#text-box-172855688 .text-box-content {\n  background-color: rgba(255, 255, 255, 0.65);\n  font-size: 100%;\n}\n#text-box-172855688 .text-inner {\n  padding: 0px 0px 13px 0px;\n}\n#text-box-172855688 {\n  width: 79%;\n}\n<\/style>\n    <\/div>\n \n\n        <\/div>\n      <\/div>\n\n            \n<style>\n#banner-509491729 {\n  padding-top: 593px;\n}\n#banner-509491729 .bg.bg-loaded {\n  background-image: url(https:\/\/staging.lucky-hunter.com\/wp-content\/uploads\/2021\/08\/TeamDangate.png);\n}\n#banner-509491729 .bg {\n  background-position: 10% 0%;\n}\n<\/style>\n  <\/div>\n\n\n","protected":false},"excerpt":{"rendered":"","protected":false},"author":1705,"featured_media":0,"parent":0,"menu_order":0,"comment_status":"closed","ping_status":"closed","template":"","meta":{"footnotes":""},"yoast_head":"<!-- This site is optimized with the Yoast SEO plugin v24.3 - https:\/\/yoast.com\/wordpress\/plugins\/seo\/ -->\n<title>Contactez-nous - Lucky-Hunter<\/title>\n<meta name=\"robots\" content=\"noindex, follow, max-snippet:-1, max-image-preview:large, max-video-preview:-1\" \/>\n<meta property=\"og:locale\" content=\"fr_FR\" \/>\n<meta property=\"og:type\" content=\"article\" \/>\n<meta property=\"og:title\" content=\"Contactez-nous - Lucky-Hunter\" \/>\n<meta property=\"og:url\" content=\"https:\/\/staging.lucky-hunter.com\/contact-us\/\" \/>\n<meta property=\"og:site_name\" content=\"Lucky-Hunter\" \/>\n<meta property=\"article:modified_time\" content=\"2024-02-06T08:49:03+00:00\" \/>\n<meta name=\"twitter:card\" content=\"summary_large_image\" \/>\n<meta name=\"twitter:label1\" content=\"Dur\u00e9e de lecture estim\u00e9e\" \/>\n\t<meta name=\"twitter:data1\" content=\"1 minute\" \/>\n<script type=\"application\/ld+json\" class=\"yoast-schema-graph\">{\"@context\":\"https:\/\/schema.org\",\"@graph\":[{\"@type\":\"WebPage\",\"@id\":\"https:\/\/staging.lucky-hunter.com\/contact-us\/\",\"url\":\"https:\/\/staging.lucky-hunter.com\/contact-us\/\",\"name\":\"Contactez-nous - Lucky-Hunter\",\"isPartOf\":{\"@id\":\"https:\/\/staging.lucky-hunter.com\/#website\"},\"datePublished\":\"2017-06-26T10:44:41+00:00\",\"dateModified\":\"2024-02-06T08:49:03+00:00\",\"breadcrumb\":{\"@id\":\"https:\/\/staging.lucky-hunter.com\/contact-us\/#breadcrumb\"},\"inLanguage\":\"fr-FR\",\"potentialAction\":[{\"@type\":\"ReadAction\",\"target\":[\"https:\/\/staging.lucky-hunter.com\/contact-us\/\"]}]},{\"@type\":\"BreadcrumbList\",\"@id\":\"https:\/\/staging.lucky-hunter.com\/contact-us\/#breadcrumb\",\"itemListElement\":[{\"@type\":\"ListItem\",\"position\":1,\"name\":\"Home\",\"item\":\"https:\/\/staging.lucky-hunter.com\/fr\/\"},{\"@type\":\"ListItem\",\"position\":2,\"name\":\"Contactez-nous\"}]},{\"@type\":\"WebSite\",\"@id\":\"https:\/\/staging.lucky-hunter.com\/#website\",\"url\":\"https:\/\/staging.lucky-hunter.com\/\",\"name\":\"Lucky-Hunter\",\"description\":\"Gear Up or Give Up\",\"potentialAction\":[{\"@type\":\"SearchAction\",\"target\":{\"@type\":\"EntryPoint\",\"urlTemplate\":\"https:\/\/staging.lucky-hunter.com\/?s={search_term_string}\"},\"query-input\":{\"@type\":\"PropertyValueSpecification\",\"valueRequired\":true,\"valueName\":\"search_term_string\"}}],\"inLanguage\":\"fr-FR\"}]}<\/script>\n<!-- \/ Yoast SEO plugin. -->","yoast_head_json":{"title":"Contactez-nous - Lucky-Hunter","robots":{"index":"noindex","follow":"follow","max-snippet":"max-snippet:-1","max-image-preview":"max-image-preview:large","max-video-preview":"max-video-preview:-1"},"og_locale":"fr_FR","og_type":"article","og_title":"Contactez-nous - Lucky-Hunter","og_url":"https:\/\/staging.lucky-hunter.com\/contact-us\/","og_site_name":"Lucky-Hunter","article_modified_time":"2024-02-06T08:49:03+00:00","twitter_card":"summary_large_image","twitter_misc":{"Dur\u00e9e de lecture estim\u00e9e":"1 minute"},"schema":{"@context":"https:\/\/schema.org","@graph":[{"@type":"WebPage","@id":"https:\/\/staging.lucky-hunter.com\/contact-us\/","url":"https:\/\/staging.lucky-hunter.com\/contact-us\/","name":"Contactez-nous - Lucky-Hunter","isPartOf":{"@id":"https:\/\/staging.lucky-hunter.com\/#website"},"datePublished":"2017-06-26T10:44:41+00:00","dateModified":"2024-02-06T08:49:03+00:00","breadcrumb":{"@id":"https:\/\/staging.lucky-hunter.com\/contact-us\/#breadcrumb"},"inLanguage":"fr-FR","potentialAction":[{"@type":"ReadAction","target":["https:\/\/staging.lucky-hunter.com\/contact-us\/"]}]},{"@type":"BreadcrumbList","@id":"https:\/\/staging.lucky-hunter.com\/contact-us\/#breadcrumb","itemListElement":[{"@type":"ListItem","position":1,"name":"Home","item":"https:\/\/staging.lucky-hunter.com\/fr\/"},{"@type":"ListItem","position":2,"name":"Contactez-nous"}]},{"@type":"WebSite","@id":"https:\/\/staging.lucky-hunter.com\/#website","url":"https:\/\/staging.lucky-hunter.com\/","name":"Lucky-Hunter","description":"Gear Up or Give Up","potentialAction":[{"@type":"SearchAction","target":{"@type":"EntryPoint","urlTemplate":"https:\/\/staging.lucky-hunter.com\/?s={search_term_string}"},"query-input":{"@type":"PropertyValueSpecification","valueRequired":true,"valueName":"search_term_string"}}],"inLanguage":"fr-FR"}]}},"_links":{"self":[{"href":"https:\/\/staging.lucky-hunter.com\/fr\/wp-json\/wp\/v2\/pages\/32203"}],"collection":[{"href":"https:\/\/staging.lucky-hunter.com\/fr\/wp-json\/wp\/v2\/pages"}],"about":[{"href":"https:\/\/staging.lucky-hunter.com\/fr\/wp-json\/wp\/v2\/types\/page"}],"author":[{"embeddable":true,"href":"https:\/\/staging.lucky-hunter.com\/fr\/wp-json\/wp\/v2\/users\/1705"}],"replies":[{"embeddable":true,"href":"https:\/\/staging.lucky-hunter.com\/fr\/wp-json\/wp\/v2\/comments?post=32203"}],"version-history":[{"count":2,"href":"https:\/\/staging.lucky-hunter.com\/fr\/wp-json\/wp\/v2\/pages\/32203\/revisions"}],"predecessor-version":[{"id":74504,"href":"https:\/\/staging.lucky-hunter.com\/fr\/wp-json\/wp\/v2\/pages\/32203\/revisions\/74504"}],"wp:attachment":[{"href":"https:\/\/staging.lucky-hunter.com\/fr\/wp-json\/wp\/v2\/media?parent=32203"}],"curies":[{"name":"wp","href":"https:\/\/api.w.org\/{rel}","templated":true}]}}