{"id":32201,"date":"2018-05-24T15:16:05","date_gmt":"2018-05-24T13:16:05","guid":{"rendered":"https:\/\/staging.lucky-hunter.com\/donnees-personnelles\/"},"modified":"2022-09-26T13:22:52","modified_gmt":"2022-09-26T11:22:52","slug":"donnees-personnelles","status":"publish","type":"page","link":"https:\/\/staging.lucky-hunter.com\/fr\/donnees-personnelles\/","title":{"rendered":"Donn\u00e9es personnelles"},"content":{"rendered":"\n<ol>\n<li>Qui est responsable des informations vous concernant ?<\/li>\n<li>\u00c0 quelles fins utilisons-nous les informations vous concernant ?<\/li>\n<li>Quelle est la base de notre traitement des informations vous concernant ?<\/li>\n<li>Avec qui partageons-nous les informations vous concernant ?<\/li>\n<li>Pendant combien de temps conservons-nous les informations vous concernant ?<\/li>\n<li>Quels sont vos droits et o\u00f9 pouvez-vous vous plaindre ?<\/li>\n<\/ol>\n<h2>1. Qui est responsable des informations vous concernant ?<\/h2>\n<p>Responsable du traitement de vos informations personnelles :<br>Lucky-Hunter.com<br>Hadsundvej 22B<br>9575 Terndrup<br>VAT: DK33042620<br>info@lucky-hunter.com<\/p>\n<h2>2. \u00c0 quelles fins utilisons-nous les informations vous concernant ?<\/h2>\n<p>Nous traitons vos informations personnelles aux fins suivantes :<\/p>\n<ul>\n<li>Livraison des services\/biens convenus par commande en ligne sur notre<br>site Web ou par accord de paiement de facture.<\/li>\n<li>Envoi de newsletters (vous pouvez toujours vous d\u00e9sinscrire de notre newsletter).<\/li>\n<li>Cr\u00e9ation d&#8217;un abonnement carte SIM.<\/li>\n<li>Statistiques et analyses pour am\u00e9liorer nos produits et services.<\/li>\n<li>En cas de non-paiement et de r\u00e9clamations l\u00e9gales encourues.<\/li>\n<li>L\u2019envoi de donn\u00e9es personnelles peut \u00eatre n\u00e9cessaire dans le cadre de la conclusion d&#8217;un \u00e9ventuel contrat pour la livraison de produits ou de services. Dans ces situations, nous ne serons pas en mesure de vous proposer nos produits ou services \u00e0 moins que vous ne nous fournissiez les informations requises.<\/li>\n<li>Nous nous effor\u00e7ons toujours d&#8217;am\u00e9liorer notre service et, \u00e0 ce titre, il peut arriver que nous envoyions des demandes Trustpilot \u00e0 nos clients, de temps \u00e0 autre.<\/li>\n<\/ul>\n<h2>3. Quelle est la base de notre traitement des informations vous concernant ?<\/h2>\n<p>Notre traitement des donn\u00e9es personnelles repose toujours sur une base l\u00e9gale.<br>Nous pouvons traiter vos informations personnelles sur la base suivante :<\/p>\n<ul>\n<li>Le traitement est n\u00e9cessaire pour ex\u00e9cuter une commande ou un contrat vous concernant ou pour la mise en \u0153uvre de mesures prises \u00e0 votre demande avant la conclusion d&#8217;un contrat, par exemple lorsque vous effectuez des achats sur notre site Web ou commandez des marchandises avec paiement sur facture.<\/li>\n<li>Le traitement est n\u00e9cessaire pour se conformer \u00e0 une obligation l\u00e9gale de Lucky-Hunter.com, telle que le traitement et le stockage des informations de transaction conform\u00e9ment \u00e0 la loi comptable.<\/li>\n<li>Le traitement est n\u00e9cessaire pour cr\u00e9er des \u00e9tiquettes de colis pour l&#8217;envoi de votre commande.<\/li>\n<\/ul>\n<h2>4. Avec qui partageons-nous les informations vous concernant ?<\/h2>\n<p>Nous partageons des informations vous concernant :<\/p>\n<ul>\n<li>Avec nos collaborateurs danois des services informatiques (d\u00e9veloppeur de site Web, \u00e9tiquettes de colis, syst\u00e8mes de paiement, transporteur).<\/li>\n<li>En interne chez Lucky-Hunter.com<\/li>\n<li>Avec des auditeurs externes.<\/li>\n<li>Avec les pouvoirs publics, si requis par la loi.<\/li>\n<li>Via des archives d&#8217;avertissement qui identifient des transactions \u00e0 risque dans le but de lutter contre la fraude en ligne (organis\u00e9e).<\/li>\n<\/ul>\n<h2>5. Pendant combien de temps conservons-nous les informations vous concernant ?<\/h2>\n<ul>\n<li>Les informations associ\u00e9es \u00e0 une commande ou \u00e0 une transaction de service sont conserv\u00e9es pendant 6 ans en application de la loi comptable.<\/li>\n<li>Les informations associ\u00e9es \u00e0 notre Newsletter sont conserv\u00e9es tant que vous souhaitez recevoir des informations de notre part sur les nouveaux produits et offres.<\/li>\n<\/ul>\n<h2>6. Quels sont vos droits et o\u00f9 pouvez-vous vous plaindre ?<\/h2>\n<p>En tant que client de Lucky-Hunter.com, vous disposez des droits suivants :<\/p>\n<ul>\n<li>Aper\u00e7u et correction de vos informations personnelles dans nos syst\u00e8mes<\/li>\n<li>Suppression sur demande (voir ci-dessous).<\/li>\n<li>Portabilit\u00e9 des donn\u00e9es, c&#8217;est-\u00e0-dire que sur demande, vous pouvez obtenir les informations que vous<br>avez fournies \u00e0 Lucky-Hunter.com dans un format structur\u00e9, clair et lisible par machine.<\/li>\n<li>Possibilit\u00e9 de retirer votre consentement. Le retrait du consentement n&#8217;affecte pas la l\u00e9galit\u00e9 du traitement fond\u00e9e sur le consentement pr\u00e9alable.<\/li>\n<li>Possibilit\u00e9 de s&#8217;opposer au profilage.<\/li>\n<li>Possibilit\u00e9 d&#8217;exiger la limitation du traitement des donn\u00e9es personnelles.<\/li>\n<li>En tant que client Lucky-Hunter.com, vous avez le droit de consulter et de corriger les informations vous concernant \u00e0 tout moment, ainsi que la possibilit\u00e9 de retirer votre consentement au traitement des donn\u00e9es personnelles.<br>Vous pouvez \u00e0 tout moment demander que vos informations personnelles sur Lucky-Hunter.com soient supprim\u00e9es. Vos informations seront supprim\u00e9es sur votre demande, si l&#8217;un des crit\u00e8res suivants s&#8217;applique :<\/li>\n<li>Les informations semblent incorrectes<\/li>\n<li>Les informations ne sont plus n\u00e9cessaires pour atteindre le but pour lequel elles ont \u00e9t\u00e9 collect\u00e9es<\/li>\n<li>Les informations semblent avoir \u00e9t\u00e9 trait\u00e9es ill\u00e9galement.<\/li>\n<\/ul>\n<p>Si vous pensez que Lucky-Hunter.com traite vos informations personnelles de mani\u00e8re ill\u00e9gale, vous pouvez, conform\u00e9ment \u00e0 l&#8217;article 77 du R\u00e8glement sur les donn\u00e9es personnelles,<br>d\u00e9poser une plainte aupr\u00e8s d&#8217;une autorit\u00e9 de contr\u00f4le du pays dans lequel vous avez votre r\u00e9sidence habituelle, votre lieu de travail ou celui o\u00f9 l&#8217;infraction all\u00e9gu\u00e9e s&#8217;est produite.<\/p>\n\n","protected":false},"excerpt":{"rendered":"","protected":false},"author":1705,"featured_media":0,"parent":0,"menu_order":0,"comment_status":"closed","ping_status":"closed","template":"page-blank-title-center.php","meta":{"footnotes":""},"yoast_head":"<!-- This site is optimized with the Yoast SEO plugin v24.3 - https:\/\/yoast.com\/wordpress\/plugins\/seo\/ -->\n<title>Donn\u00e9es personnelles - Lucky-Hunter<\/title>\n<meta name=\"robots\" content=\"noindex, follow, max-snippet:-1, max-image-preview:large, max-video-preview:-1\" \/>\n<meta property=\"og:locale\" content=\"fr_FR\" \/>\n<meta property=\"og:type\" content=\"article\" \/>\n<meta property=\"og:title\" content=\"Donn\u00e9es personnelles - Lucky-Hunter\" \/>\n<meta property=\"og:url\" content=\"https:\/\/staging.lucky-hunter.com\/personal-data\/\" \/>\n<meta property=\"og:site_name\" content=\"Lucky-Hunter\" \/>\n<meta property=\"article:modified_time\" content=\"2022-09-26T11:22:52+00:00\" \/>\n<meta name=\"twitter:card\" content=\"summary_large_image\" \/>\n<meta name=\"twitter:label1\" content=\"Dur\u00e9e de lecture estim\u00e9e\" \/>\n\t<meta name=\"twitter:data1\" content=\"4 minutes\" \/>\n<script type=\"application\/ld+json\" class=\"yoast-schema-graph\">{\"@context\":\"https:\/\/schema.org\",\"@graph\":[{\"@type\":\"WebPage\",\"@id\":\"https:\/\/staging.lucky-hunter.com\/personal-data\/\",\"url\":\"https:\/\/staging.lucky-hunter.com\/personal-data\/\",\"name\":\"Donn\u00e9es personnelles - Lucky-Hunter\",\"isPartOf\":{\"@id\":\"https:\/\/staging.lucky-hunter.com\/#website\"},\"datePublished\":\"2018-05-24T13:16:05+00:00\",\"dateModified\":\"2022-09-26T11:22:52+00:00\",\"breadcrumb\":{\"@id\":\"https:\/\/staging.lucky-hunter.com\/personal-data\/#breadcrumb\"},\"inLanguage\":\"fr-FR\",\"potentialAction\":[{\"@type\":\"ReadAction\",\"target\":[\"https:\/\/staging.lucky-hunter.com\/personal-data\/\"]}]},{\"@type\":\"BreadcrumbList\",\"@id\":\"https:\/\/staging.lucky-hunter.com\/personal-data\/#breadcrumb\",\"itemListElement\":[{\"@type\":\"ListItem\",\"position\":1,\"name\":\"Home\",\"item\":\"https:\/\/staging.lucky-hunter.com\/fr\/\"},{\"@type\":\"ListItem\",\"position\":2,\"name\":\"Donn\u00e9es personnelles\"}]},{\"@type\":\"WebSite\",\"@id\":\"https:\/\/staging.lucky-hunter.com\/#website\",\"url\":\"https:\/\/staging.lucky-hunter.com\/\",\"name\":\"Lucky-Hunter\",\"description\":\"Gear Up or Give Up\",\"potentialAction\":[{\"@type\":\"SearchAction\",\"target\":{\"@type\":\"EntryPoint\",\"urlTemplate\":\"https:\/\/staging.lucky-hunter.com\/?s={search_term_string}\"},\"query-input\":{\"@type\":\"PropertyValueSpecification\",\"valueRequired\":true,\"valueName\":\"search_term_string\"}}],\"inLanguage\":\"fr-FR\"}]}<\/script>\n<!-- \/ Yoast SEO plugin. -->","yoast_head_json":{"title":"Donn\u00e9es personnelles - Lucky-Hunter","robots":{"index":"noindex","follow":"follow","max-snippet":"max-snippet:-1","max-image-preview":"max-image-preview:large","max-video-preview":"max-video-preview:-1"},"og_locale":"fr_FR","og_type":"article","og_title":"Donn\u00e9es personnelles - Lucky-Hunter","og_url":"https:\/\/staging.lucky-hunter.com\/personal-data\/","og_site_name":"Lucky-Hunter","article_modified_time":"2022-09-26T11:22:52+00:00","twitter_card":"summary_large_image","twitter_misc":{"Dur\u00e9e de lecture estim\u00e9e":"4 minutes"},"schema":{"@context":"https:\/\/schema.org","@graph":[{"@type":"WebPage","@id":"https:\/\/staging.lucky-hunter.com\/personal-data\/","url":"https:\/\/staging.lucky-hunter.com\/personal-data\/","name":"Donn\u00e9es personnelles - Lucky-Hunter","isPartOf":{"@id":"https:\/\/staging.lucky-hunter.com\/#website"},"datePublished":"2018-05-24T13:16:05+00:00","dateModified":"2022-09-26T11:22:52+00:00","breadcrumb":{"@id":"https:\/\/staging.lucky-hunter.com\/personal-data\/#breadcrumb"},"inLanguage":"fr-FR","potentialAction":[{"@type":"ReadAction","target":["https:\/\/staging.lucky-hunter.com\/personal-data\/"]}]},{"@type":"BreadcrumbList","@id":"https:\/\/staging.lucky-hunter.com\/personal-data\/#breadcrumb","itemListElement":[{"@type":"ListItem","position":1,"name":"Home","item":"https:\/\/staging.lucky-hunter.com\/fr\/"},{"@type":"ListItem","position":2,"name":"Donn\u00e9es personnelles"}]},{"@type":"WebSite","@id":"https:\/\/staging.lucky-hunter.com\/#website","url":"https:\/\/staging.lucky-hunter.com\/","name":"Lucky-Hunter","description":"Gear Up or Give Up","potentialAction":[{"@type":"SearchAction","target":{"@type":"EntryPoint","urlTemplate":"https:\/\/staging.lucky-hunter.com\/?s={search_term_string}"},"query-input":{"@type":"PropertyValueSpecification","valueRequired":true,"valueName":"search_term_string"}}],"inLanguage":"fr-FR"}]}},"_links":{"self":[{"href":"https:\/\/staging.lucky-hunter.com\/fr\/wp-json\/wp\/v2\/pages\/32201"}],"collection":[{"href":"https:\/\/staging.lucky-hunter.com\/fr\/wp-json\/wp\/v2\/pages"}],"about":[{"href":"https:\/\/staging.lucky-hunter.com\/fr\/wp-json\/wp\/v2\/types\/page"}],"author":[{"embeddable":true,"href":"https:\/\/staging.lucky-hunter.com\/fr\/wp-json\/wp\/v2\/users\/1705"}],"replies":[{"embeddable":true,"href":"https:\/\/staging.lucky-hunter.com\/fr\/wp-json\/wp\/v2\/comments?post=32201"}],"version-history":[{"count":1,"href":"https:\/\/staging.lucky-hunter.com\/fr\/wp-json\/wp\/v2\/pages\/32201\/revisions"}],"predecessor-version":[{"id":32202,"href":"https:\/\/staging.lucky-hunter.com\/fr\/wp-json\/wp\/v2\/pages\/32201\/revisions\/32202"}],"wp:attachment":[{"href":"https:\/\/staging.lucky-hunter.com\/fr\/wp-json\/wp\/v2\/media?parent=32201"}],"curies":[{"name":"wp","href":"https:\/\/api.w.org\/{rel}","templated":true}]}}