{"id":56621,"date":"2018-01-31T09:04:42","date_gmt":"2018-01-31T08:04:42","guid":{"rendered":"https:\/\/staging.lucky-hunter.com\/product\/weisskirchen-call-vixen\/"},"modified":"2018-01-31T09:04:42","modified_gmt":"2018-01-31T08:04:42","slug":"weisskirchen-call-vixen","status":"publish","type":"product","link":"https:\/\/staging.lucky-hunter.com\/es\/product\/weisskirchen-call-vixen\/","title":{"rendered":"Weisskirchen Call &#8211; Vixen en celo"},"content":{"rendered":"<h2>Llamada de juego Weisskirchen &#8211; Vixen in Heat<\/h2>\n<p>La flauta de zorro es un instrumento que ya utilizaban nuestros antepasados para buscar zorros. The Weisskirchen Call &#8211; Vixen in Heat tiene como objetivo replicar los sonidos que hace una zorra en celo que busca pareja en el \u00e1rea. Esto seguramente atraer\u00e1 a los zorros machos luchadores que buscan pareja.<\/p>\n<p>Imagina una zorra gimiendo cuando est\u00e1 en celo o cuando busca pareja; esta llamada es un poco m\u00e1s delicada y n\u00edtida como una peque\u00f1a campana.<\/p>\n<p>Un humano puede escuchar esta llamada a corta distancia, pero un zorro puede escucharla hasta a 800 metros de distancia.<\/p>\n<p>Esta llamada funciona mejor entre finales de noviembre y marzo. Sin embargo, esta llamada se puede utilizar de manera realista durante todo el a\u00f1o de manera efectiva.<\/p>\n<p>Hecho de madera de cerezo preciosa, esta llamada viene completa con instrucciones detalladas y DVD. Esto te permitir\u00e1 practicar antes de comenzar a llamar de verdad, adem\u00e1s de escuchar c\u00f3mo deber\u00eda sonarle al zorro.<\/p>\n","protected":false},"excerpt":{"rendered":"<p>Imagina una zorra gimiendo cuando est\u00e1 en celo o cuando busca pareja, esta llamada es un poco m\u00e1s delicada y n\u00edtida como una peque\u00f1a campana.\u00a0Un humano puede escuchar esta llamada a corta distancia, pero un zorro puede escucharla hasta a 800 metros de distancia.<\/p>\n","protected":false},"featured_media":43225,"template":"","meta":[],"product_brand":[9088],"product_cat":[8638],"product_tag":[9499],"yoast_head":"<!-- This site is optimized with the Yoast SEO plugin v24.3 - https:\/\/yoast.com\/wordpress\/plugins\/seo\/ -->\n<title>Llamada Weisskirchen - Vixen in Heat: Llamadas de juego | Cazador afortunado<\/title>\n<meta name=\"description\" content=\"Imita a una zorra en celo. La llamada Weisskirchen - Vixen in Heat es perfecta para atraer zorros machos luchadores. Se puede utilizar durante todo el a\u00f1o para el efecto.\" \/>\n<meta name=\"robots\" content=\"noindex, follow, max-snippet:-1, max-image-preview:large, max-video-preview:-1\" \/>\n<meta property=\"og:locale\" content=\"es_ES\" \/>\n<meta property=\"og:type\" content=\"article\" \/>\n<meta property=\"og:title\" content=\"Llamada de juego Weisskirchen - Vixen in Heat | Cazador afortunado\" \/>\n<meta property=\"og:description\" content=\"Imita a una zorra en celo. La llamada Weisskirchen - Vixen in Heat es perfecta para atraer zorros machos luchadores. Se puede utilizar durante todo el a\u00f1o para el efecto.\" \/>\n<meta property=\"og:url\" content=\"https:\/\/staging.lucky-hunter.com\/es\/product\/weisskirchen-call-vixen\/\" \/>\n<meta property=\"og:site_name\" content=\"Lucky-Hunter\" \/>\n<meta property=\"og:image\" content=\"https:\/\/staging.lucky-hunter.com\/wp-content\/uploads\/2018\/01\/510520-1.png\" \/>\n\t<meta property=\"og:image:width\" content=\"1000\" \/>\n\t<meta property=\"og:image:height\" content=\"1000\" \/>\n\t<meta property=\"og:image:type\" content=\"image\/png\" \/>\n<meta name=\"twitter:card\" content=\"summary_large_image\" \/>\n<meta name=\"twitter:title\" content=\"Llamada de juego Weisskirchen - Vixen in Heat | Cazador afortunado\" \/>\n<meta name=\"twitter:description\" content=\"Imita a una zorra en celo. La llamada Weisskirchen - Vixen in Heat es perfecta para atraer zorros machos luchadores. Se puede utilizar durante todo el a\u00f1o para el efecto.\" \/>\n<meta name=\"twitter:label1\" content=\"Tiempo de lectura\" \/>\n\t<meta name=\"twitter:data1\" content=\"1 minuto\" \/>\n<script type=\"application\/ld+json\" class=\"yoast-schema-graph\">{\"@context\":\"https:\/\/schema.org\",\"@graph\":[{\"@type\":\"WebPage\",\"@id\":\"https:\/\/staging.lucky-hunter.com\/es\/product\/weisskirchen-call-vixen\/\",\"url\":\"https:\/\/staging.lucky-hunter.com\/es\/product\/weisskirchen-call-vixen\/\",\"name\":\"Llamada Weisskirchen - Vixen in Heat: Llamadas de juego | Cazador afortunado\",\"isPartOf\":{\"@id\":\"https:\/\/staging.lucky-hunter.com\/#website\"},\"primaryImageOfPage\":{\"@id\":\"https:\/\/staging.lucky-hunter.com\/es\/product\/weisskirchen-call-vixen\/#primaryimage\"},\"image\":{\"@id\":\"https:\/\/staging.lucky-hunter.com\/es\/product\/weisskirchen-call-vixen\/#primaryimage\"},\"thumbnailUrl\":\"https:\/\/staging.lucky-hunter.com\/wp-content\/uploads\/2018\/01\/510520-1.png\",\"datePublished\":\"2018-01-31T08:04:42+00:00\",\"dateModified\":\"2018-01-31T08:04:42+00:00\",\"description\":\"Imita a una zorra en celo. La llamada Weisskirchen - Vixen in Heat es perfecta para atraer zorros machos luchadores. Se puede utilizar durante todo el a\u00f1o para el efecto.\",\"breadcrumb\":{\"@id\":\"https:\/\/staging.lucky-hunter.com\/es\/product\/weisskirchen-call-vixen\/#breadcrumb\"},\"inLanguage\":\"es\",\"potentialAction\":[{\"@type\":\"ReadAction\",\"target\":[\"https:\/\/staging.lucky-hunter.com\/es\/product\/weisskirchen-call-vixen\/\"]}]},{\"@type\":\"ImageObject\",\"inLanguage\":\"es\",\"@id\":\"https:\/\/staging.lucky-hunter.com\/es\/product\/weisskirchen-call-vixen\/#primaryimage\",\"url\":\"https:\/\/staging.lucky-hunter.com\/wp-content\/uploads\/2018\/01\/510520-1.png\",\"contentUrl\":\"https:\/\/staging.lucky-hunter.com\/wp-content\/uploads\/2018\/01\/510520-1.png\",\"width\":1000,\"height\":1000},{\"@type\":\"BreadcrumbList\",\"@id\":\"https:\/\/staging.lucky-hunter.com\/es\/product\/weisskirchen-call-vixen\/#breadcrumb\",\"itemListElement\":[{\"@type\":\"ListItem\",\"position\":1,\"name\":\"Home\",\"item\":\"https:\/\/staging.lucky-hunter.com\/es\/\"},{\"@type\":\"ListItem\",\"position\":2,\"name\":\"Tienda\",\"item\":\"https:\/\/staging.lucky-hunter.com\/es\/tienda\/\"},{\"@type\":\"ListItem\",\"position\":3,\"name\":\"Weisskirchen Call &#8211; Vixen en celo\"}]},{\"@type\":\"WebSite\",\"@id\":\"https:\/\/staging.lucky-hunter.com\/#website\",\"url\":\"https:\/\/staging.lucky-hunter.com\/\",\"name\":\"Lucky-Hunter\",\"description\":\"Gear Up or Give Up\",\"potentialAction\":[{\"@type\":\"SearchAction\",\"target\":{\"@type\":\"EntryPoint\",\"urlTemplate\":\"https:\/\/staging.lucky-hunter.com\/?s={search_term_string}\"},\"query-input\":{\"@type\":\"PropertyValueSpecification\",\"valueRequired\":true,\"valueName\":\"search_term_string\"}}],\"inLanguage\":\"es\"}]}<\/script>\n<!-- \/ Yoast SEO plugin. -->","yoast_head_json":{"title":"Llamada Weisskirchen - Vixen in Heat: Llamadas de juego | Cazador afortunado","description":"Imita a una zorra en celo. La llamada Weisskirchen - Vixen in Heat es perfecta para atraer zorros machos luchadores. Se puede utilizar durante todo el a\u00f1o para el efecto.","robots":{"index":"noindex","follow":"follow","max-snippet":"max-snippet:-1","max-image-preview":"max-image-preview:large","max-video-preview":"max-video-preview:-1"},"og_locale":"es_ES","og_type":"article","og_title":"Llamada de juego Weisskirchen - Vixen in Heat | Cazador afortunado","og_description":"Imita a una zorra en celo. La llamada Weisskirchen - Vixen in Heat es perfecta para atraer zorros machos luchadores. Se puede utilizar durante todo el a\u00f1o para el efecto.","og_url":"https:\/\/staging.lucky-hunter.com\/es\/product\/weisskirchen-call-vixen\/","og_site_name":"Lucky-Hunter","og_image":[{"width":1000,"height":1000,"url":"https:\/\/staging.lucky-hunter.com\/wp-content\/uploads\/2018\/01\/510520-1.png","type":"image\/png"}],"twitter_card":"summary_large_image","twitter_title":"Llamada de juego Weisskirchen - Vixen in Heat | Cazador afortunado","twitter_description":"Imita a una zorra en celo. La llamada Weisskirchen - Vixen in Heat es perfecta para atraer zorros machos luchadores. Se puede utilizar durante todo el a\u00f1o para el efecto.","twitter_misc":{"Tiempo de lectura":"1 minuto"},"schema":{"@context":"https:\/\/schema.org","@graph":[{"@type":"WebPage","@id":"https:\/\/staging.lucky-hunter.com\/es\/product\/weisskirchen-call-vixen\/","url":"https:\/\/staging.lucky-hunter.com\/es\/product\/weisskirchen-call-vixen\/","name":"Llamada Weisskirchen - Vixen in Heat: Llamadas de juego | Cazador afortunado","isPartOf":{"@id":"https:\/\/staging.lucky-hunter.com\/#website"},"primaryImageOfPage":{"@id":"https:\/\/staging.lucky-hunter.com\/es\/product\/weisskirchen-call-vixen\/#primaryimage"},"image":{"@id":"https:\/\/staging.lucky-hunter.com\/es\/product\/weisskirchen-call-vixen\/#primaryimage"},"thumbnailUrl":"https:\/\/staging.lucky-hunter.com\/wp-content\/uploads\/2018\/01\/510520-1.png","datePublished":"2018-01-31T08:04:42+00:00","dateModified":"2018-01-31T08:04:42+00:00","description":"Imita a una zorra en celo. La llamada Weisskirchen - Vixen in Heat es perfecta para atraer zorros machos luchadores. Se puede utilizar durante todo el a\u00f1o para el efecto.","breadcrumb":{"@id":"https:\/\/staging.lucky-hunter.com\/es\/product\/weisskirchen-call-vixen\/#breadcrumb"},"inLanguage":"es","potentialAction":[{"@type":"ReadAction","target":["https:\/\/staging.lucky-hunter.com\/es\/product\/weisskirchen-call-vixen\/"]}]},{"@type":"ImageObject","inLanguage":"es","@id":"https:\/\/staging.lucky-hunter.com\/es\/product\/weisskirchen-call-vixen\/#primaryimage","url":"https:\/\/staging.lucky-hunter.com\/wp-content\/uploads\/2018\/01\/510520-1.png","contentUrl":"https:\/\/staging.lucky-hunter.com\/wp-content\/uploads\/2018\/01\/510520-1.png","width":1000,"height":1000},{"@type":"BreadcrumbList","@id":"https:\/\/staging.lucky-hunter.com\/es\/product\/weisskirchen-call-vixen\/#breadcrumb","itemListElement":[{"@type":"ListItem","position":1,"name":"Home","item":"https:\/\/staging.lucky-hunter.com\/es\/"},{"@type":"ListItem","position":2,"name":"Tienda","item":"https:\/\/staging.lucky-hunter.com\/es\/tienda\/"},{"@type":"ListItem","position":3,"name":"Weisskirchen Call &#8211; Vixen en celo"}]},{"@type":"WebSite","@id":"https:\/\/staging.lucky-hunter.com\/#website","url":"https:\/\/staging.lucky-hunter.com\/","name":"Lucky-Hunter","description":"Gear Up or Give Up","potentialAction":[{"@type":"SearchAction","target":{"@type":"EntryPoint","urlTemplate":"https:\/\/staging.lucky-hunter.com\/?s={search_term_string}"},"query-input":{"@type":"PropertyValueSpecification","valueRequired":true,"valueName":"search_term_string"}}],"inLanguage":"es"}]}},"_links":{"self":[{"href":"https:\/\/staging.lucky-hunter.com\/es\/wp-json\/wp\/v2\/product\/56621"}],"collection":[{"href":"https:\/\/staging.lucky-hunter.com\/es\/wp-json\/wp\/v2\/product"}],"about":[{"href":"https:\/\/staging.lucky-hunter.com\/es\/wp-json\/wp\/v2\/types\/product"}],"wp:featuredmedia":[{"embeddable":true,"href":"https:\/\/staging.lucky-hunter.com\/es\/wp-json\/wp\/v2\/media\/43225"}],"wp:attachment":[{"href":"https:\/\/staging.lucky-hunter.com\/es\/wp-json\/wp\/v2\/media?parent=56621"}],"wp:term":[{"taxonomy":"product_brand","embeddable":true,"href":"https:\/\/staging.lucky-hunter.com\/es\/wp-json\/wp\/v2\/product_brand?post=56621"},{"taxonomy":"product_cat","embeddable":true,"href":"https:\/\/staging.lucky-hunter.com\/es\/wp-json\/wp\/v2\/product_cat?post=56621"},{"taxonomy":"product_tag","embeddable":true,"href":"https:\/\/staging.lucky-hunter.com\/es\/wp-json\/wp\/v2\/product_tag?post=56621"}],"curies":[{"name":"wp","href":"https:\/\/api.w.org\/{rel}","templated":true}]}}