{"id":65057,"date":"2023-11-08T12:22:20","date_gmt":"2023-11-08T11:22:20","guid":{"rendered":"https:\/\/staging.lucky-hunter.com\/envios-compensados-climaticamente\/"},"modified":"2023-11-21T15:50:10","modified_gmt":"2023-11-21T14:50:10","slug":"envios-compensados-climaticamente","status":"publish","type":"page","link":"https:\/\/staging.lucky-hunter.com\/es\/envios-compensados-climaticamente\/","title":{"rendered":"Envios-compensados-climaticamente"},"content":{"rendered":"\n<div class=\"row\"  id=\"row-1619903751\">\n\n\n\t<div id=\"col-865853744\" class=\"col medium-1 small-12 large-1\"  >\n\t\t\t\t<div class=\"col-inner\"  >\n\t\t\t\n\t\t\t\n\n\n\t\t<\/div>\n\t\t\t\t\t<\/div>\n\n\t\n\n\t<div id=\"col-1044929048\" class=\"col medium-10 small-12 large-10\"  >\n\t\t\t\t<div class=\"col-inner\"  >\n\t\t\t\n\t\t\t\n\n<div class=\"text-center\"><div class=\"is-divider divider clearfix\" style=\"background-color:rgb(230, 230, 240);\"><\/div><\/div>\r\n\r\n\r\n\r\n<div style=\"text-align: justify;\">\r\n<h1 style=\"text-align: center;\">Env\u00edos compensados clim\u00e1ticamente<\/h1>\r\n<p style=\"text-align: center;\"><strong>Lucky Hunter prioriza la entrega compensada clim\u00e1ticamente y el embalaje sostenible<\/strong><\/p>\r\n<p>Cuando compras tu equipo de caza en Lucky Hunter, obtienes una entrega compensada clim\u00e1ticamente como est\u00e1ndar <strong>sin ning\u00fan costo adicional<\/strong>, facilit\u00e1ndote como cliente el apoyo a iniciativas destinadas a reducir nuestra huella clim\u00e1tica. Nos aseguramos de que nuestros socios en carga y log\u00edstica se enfoquen en reducir las emisiones de CO2 y ofrezcan compensar el clima por el transporte que proporcionan.<\/p>\r\n<p>La compensaci\u00f3n clim\u00e1tica no es la soluci\u00f3n ideal, pero mientras la tecnolog\u00eda y la infraestructura actuales no puedan reducir completamente las emisiones de CO2 desde el principio, es una de las mejores opciones dentro del sector del transporte para compensar la huella de CO2. Puedes leer m\u00e1s sobre el enfoque de los diferentes transportistas en el clima a continuaci\u00f3n:<\/p>\r\n<ul>\r\n<li><a href=\"https:\/\/gls-group.com\/DK\/en\/about-gls\/sustainability\/additional-initiatives\/\">GLS<\/a><\/li>\r\n<li><a href=\"https:\/\/www.dsv.com\/en-gb\/sustainability-esg\">DSV<\/a><\/li>\r\n<\/ul>\r\n<p>En Lucky Hunter, durante muchos a\u00f1os hemos aceptado cajas de cart\u00f3n y materiales de embalaje de los comerciantes de la ciudad o ciudadanos que pasan y dejan sus empaques usados. Los reutilizamos para nuestros env\u00edos, reduciendo as\u00ed significativamente la necesidad de comprar nuevos materiales de embalaje. Si alguna vez te preguntas por qu\u00e9 tu paquete de Lucky Hunter se entrega en una caja de art\u00edculos de peluquer\u00eda o botellas de vino, entonces has recibido un paquete con una huella clim\u00e1tica reducida. Despu\u00e9s de todo, es simplemente una caja que debe transportar tus bienes ordenados de forma segura desde nuestro almac\u00e9n hasta ti.<\/p>\r\n<p>Si tienes una c\u00e1mara de caza o est\u00e1s considerando comprar una, tenemos modelos que funcionan con bater\u00edas recargables o bancos de energ\u00eda y paneles solares acompa\u00f1antes, que reemplazan la necesidad de una gran cantidad de bater\u00edas que deben desecharse despu\u00e9s del uso.<\/p>\r\n<p>Lucky Hunter se ocupa de productos de calidad que pueden resistir el uso a\u00f1o tras a\u00f1o. Un equipo de caza duradero no solo es m\u00e1s agradable durante la caza, sino que menos residuos tambi\u00e9n reducen la presi\u00f3n sobre nuestro clima.<\/p>\r\n<\/div>\r\n\n\n\t\t<\/div>\n\t\t\t\t\t<\/div>\n\n\t\n\n\t<div id=\"col-664640540\" class=\"col medium-1 small-12 large-1\"  >\n\t\t\t\t<div class=\"col-inner\"  >\n\t\t\t\n\t\t\t\n\n\n\t\t<\/div>\n\t\t\t\t\t<\/div>\n\n\t\n\n<\/div>\n\n","protected":false},"excerpt":{"rendered":"","protected":false},"author":17864,"featured_media":0,"parent":0,"menu_order":0,"comment_status":"closed","ping_status":"closed","template":"","meta":{"footnotes":""},"yoast_head":"<!-- This site is optimized with the Yoast SEO plugin v24.3 - https:\/\/yoast.com\/wordpress\/plugins\/seo\/ -->\n<title>Envios-compensados-climaticamente - Lucky-Hunter<\/title>\n<meta name=\"robots\" content=\"noindex, follow, max-snippet:-1, max-image-preview:large, max-video-preview:-1\" \/>\n<meta property=\"og:locale\" content=\"es_ES\" \/>\n<meta property=\"og:type\" content=\"article\" \/>\n<meta property=\"og:title\" content=\"Envios-compensados-climaticamente - Lucky-Hunter\" \/>\n<meta property=\"og:url\" content=\"https:\/\/staging.lucky-hunter.com\/es\/envios-compensados-climaticamente\/\" \/>\n<meta property=\"og:site_name\" content=\"Lucky-Hunter\" \/>\n<meta property=\"article:modified_time\" content=\"2023-11-21T14:50:10+00:00\" \/>\n<meta name=\"twitter:card\" content=\"summary_large_image\" \/>\n<meta name=\"twitter:label1\" content=\"Tiempo de lectura\" \/>\n\t<meta name=\"twitter:data1\" content=\"2 minutos\" \/>\n<script type=\"application\/ld+json\" class=\"yoast-schema-graph\">{\"@context\":\"https:\/\/schema.org\",\"@graph\":[{\"@type\":\"WebPage\",\"@id\":\"https:\/\/staging.lucky-hunter.com\/es\/envios-compensados-climaticamente\/\",\"url\":\"https:\/\/staging.lucky-hunter.com\/es\/envios-compensados-climaticamente\/\",\"name\":\"Envios-compensados-climaticamente - Lucky-Hunter\",\"isPartOf\":{\"@id\":\"https:\/\/staging.lucky-hunter.com\/#website\"},\"datePublished\":\"2023-11-08T11:22:20+00:00\",\"dateModified\":\"2023-11-21T14:50:10+00:00\",\"breadcrumb\":{\"@id\":\"https:\/\/staging.lucky-hunter.com\/es\/envios-compensados-climaticamente\/#breadcrumb\"},\"inLanguage\":\"es\",\"potentialAction\":[{\"@type\":\"ReadAction\",\"target\":[\"https:\/\/staging.lucky-hunter.com\/es\/envios-compensados-climaticamente\/\"]}]},{\"@type\":\"BreadcrumbList\",\"@id\":\"https:\/\/staging.lucky-hunter.com\/es\/envios-compensados-climaticamente\/#breadcrumb\",\"itemListElement\":[{\"@type\":\"ListItem\",\"position\":1,\"name\":\"Home\",\"item\":\"https:\/\/staging.lucky-hunter.com\/es\/\"},{\"@type\":\"ListItem\",\"position\":2,\"name\":\"Envios-compensados-climaticamente\"}]},{\"@type\":\"WebSite\",\"@id\":\"https:\/\/staging.lucky-hunter.com\/#website\",\"url\":\"https:\/\/staging.lucky-hunter.com\/\",\"name\":\"Lucky-Hunter\",\"description\":\"Gear Up or Give Up\",\"potentialAction\":[{\"@type\":\"SearchAction\",\"target\":{\"@type\":\"EntryPoint\",\"urlTemplate\":\"https:\/\/staging.lucky-hunter.com\/?s={search_term_string}\"},\"query-input\":{\"@type\":\"PropertyValueSpecification\",\"valueRequired\":true,\"valueName\":\"search_term_string\"}}],\"inLanguage\":\"es\"}]}<\/script>\n<!-- \/ Yoast SEO plugin. -->","yoast_head_json":{"title":"Envios-compensados-climaticamente - Lucky-Hunter","robots":{"index":"noindex","follow":"follow","max-snippet":"max-snippet:-1","max-image-preview":"max-image-preview:large","max-video-preview":"max-video-preview:-1"},"og_locale":"es_ES","og_type":"article","og_title":"Envios-compensados-climaticamente - Lucky-Hunter","og_url":"https:\/\/staging.lucky-hunter.com\/es\/envios-compensados-climaticamente\/","og_site_name":"Lucky-Hunter","article_modified_time":"2023-11-21T14:50:10+00:00","twitter_card":"summary_large_image","twitter_misc":{"Tiempo de lectura":"2 minutos"},"schema":{"@context":"https:\/\/schema.org","@graph":[{"@type":"WebPage","@id":"https:\/\/staging.lucky-hunter.com\/es\/envios-compensados-climaticamente\/","url":"https:\/\/staging.lucky-hunter.com\/es\/envios-compensados-climaticamente\/","name":"Envios-compensados-climaticamente - Lucky-Hunter","isPartOf":{"@id":"https:\/\/staging.lucky-hunter.com\/#website"},"datePublished":"2023-11-08T11:22:20+00:00","dateModified":"2023-11-21T14:50:10+00:00","breadcrumb":{"@id":"https:\/\/staging.lucky-hunter.com\/es\/envios-compensados-climaticamente\/#breadcrumb"},"inLanguage":"es","potentialAction":[{"@type":"ReadAction","target":["https:\/\/staging.lucky-hunter.com\/es\/envios-compensados-climaticamente\/"]}]},{"@type":"BreadcrumbList","@id":"https:\/\/staging.lucky-hunter.com\/es\/envios-compensados-climaticamente\/#breadcrumb","itemListElement":[{"@type":"ListItem","position":1,"name":"Home","item":"https:\/\/staging.lucky-hunter.com\/es\/"},{"@type":"ListItem","position":2,"name":"Envios-compensados-climaticamente"}]},{"@type":"WebSite","@id":"https:\/\/staging.lucky-hunter.com\/#website","url":"https:\/\/staging.lucky-hunter.com\/","name":"Lucky-Hunter","description":"Gear Up or Give Up","potentialAction":[{"@type":"SearchAction","target":{"@type":"EntryPoint","urlTemplate":"https:\/\/staging.lucky-hunter.com\/?s={search_term_string}"},"query-input":{"@type":"PropertyValueSpecification","valueRequired":true,"valueName":"search_term_string"}}],"inLanguage":"es"}]}},"_links":{"self":[{"href":"https:\/\/staging.lucky-hunter.com\/es\/wp-json\/wp\/v2\/pages\/65057"}],"collection":[{"href":"https:\/\/staging.lucky-hunter.com\/es\/wp-json\/wp\/v2\/pages"}],"about":[{"href":"https:\/\/staging.lucky-hunter.com\/es\/wp-json\/wp\/v2\/types\/page"}],"author":[{"embeddable":true,"href":"https:\/\/staging.lucky-hunter.com\/es\/wp-json\/wp\/v2\/users\/17864"}],"replies":[{"embeddable":true,"href":"https:\/\/staging.lucky-hunter.com\/es\/wp-json\/wp\/v2\/comments?post=65057"}],"version-history":[{"count":1,"href":"https:\/\/staging.lucky-hunter.com\/es\/wp-json\/wp\/v2\/pages\/65057\/revisions"}],"predecessor-version":[{"id":65058,"href":"https:\/\/staging.lucky-hunter.com\/es\/wp-json\/wp\/v2\/pages\/65057\/revisions\/65058"}],"wp:attachment":[{"href":"https:\/\/staging.lucky-hunter.com\/es\/wp-json\/wp\/v2\/media?parent=65057"}],"curies":[{"name":"wp","href":"https:\/\/api.w.org\/{rel}","templated":true}]}}