{"id":65059,"date":"2023-11-08T12:22:20","date_gmt":"2023-11-08T11:22:20","guid":{"rendered":"https:\/\/staging.lucky-hunter.com\/klimakompensierte-versendungen\/"},"modified":"2023-11-21T15:51:23","modified_gmt":"2023-11-21T14:51:23","slug":"klimakompensierte-versendungen","status":"publish","type":"page","link":"https:\/\/staging.lucky-hunter.com\/de\/klimakompensierte-versendungen\/","title":{"rendered":"Klimakompensierte-versendungen"},"content":{"rendered":"\n<div class=\"row\"  id=\"row-1134755706\">\n\n\n\t<div id=\"col-156847238\" class=\"col medium-1 small-12 large-1\"  >\n\t\t\t\t<div class=\"col-inner\"  >\n\t\t\t\n\t\t\t\n\n\n\t\t<\/div>\n\t\t\t\t\t<\/div>\n\n\t\n\n\t<div id=\"col-2057824089\" class=\"col medium-10 small-12 large-10\"  >\n\t\t\t\t<div class=\"col-inner\"  >\n\t\t\t\n\t\t\t\n\n<div class=\"text-center\"><div class=\"is-divider divider clearfix\" style=\"background-color:rgb(230, 230, 240);\"><\/div><\/div>\r\n\r\n\r\n\r\n<div style=\"text-align: justify;\">\r\n<h1 style=\"text-align: center;\">Klimakompensierte Sendungen<\/h1>\r\n<p style=\"text-align: center;\"><strong>Lucky Hunter priorisiert klimakompensierte Lieferung und nachhaltige Verpackung<\/strong><\/p>\r\n<p>Wenn Sie Ihre Jagdausr\u00fcstung bei Lucky Hunter kaufen, erhalten Sie standardm\u00e4\u00dfig eine klimakompensierte Lieferung <strong>ohne zus\u00e4tzliche Kosten<\/strong>, was es Ihnen als Kunde leicht macht, Initiativen zur Reduzierung unseres Klima-Fu\u00dfabdrucks zu unterst\u00fctzen. Wir stellen sicher, dass unsere Partner im Fracht- und Logistikbereich darauf abzielen, CO2-Emissionen zu reduzieren und bieten an, f\u00fcr den von ihnen bereitgestellten Transport einen Klimaausgleich zu leisten.<\/p>\r\n<p>Klimakompensation ist nicht die ideale L\u00f6sung, aber solange die aktuelle Technologie und Infrastruktur CO2-Emissionen von Anfang an nicht vollst\u00e4ndig reduzieren k\u00f6nnen, ist sie eine der besten Optionen im Transportsektor, um den CO2-Fu\u00dfabdruck zu kompensieren. Sie k\u00f6nnen unten mehr \u00fcber den Klimafokus der verschiedenen Spediteure lesen:<\/p>\r\n<ul>\r\n<li><a href=\"https:\/\/gls-group.com\/DK\/en\/about-gls\/sustainability\/additional-initiatives\/\">GLS<\/a><\/li>\r\n<li><a href=\"https:\/\/www.dsv.com\/en-gb\/sustainability-esg\">DSV<\/a><\/li>\r\n<\/ul>\r\n<p>Bei Lucky Hunter akzeptieren wir seit vielen Jahren Kartons und Verpackungsmaterialien von H\u00e4ndlern der Stadt oder von B\u00fcrgern, die ihre gebrauchten Verpackungen vorbeibringen. Wir verwenden sie f\u00fcr unsere Sendungen und reduzieren so deutlich den Bedarf an neuen Verpackungsmaterialien. Wenn Sie sich manchmal fragen, warum Ihr Paket von Lucky Hunter in einem Karton von Friseurartikeln oder Weinflaschen geliefert wird, dann haben Sie ein Paket mit reduziertem Klima-Fu\u00dfabdruck erhalten. Schlie\u00dflich ist es nur eine Box, die Ihre bestellten Waren sicher von unserem Lager zu Ihnen transportieren soll!<\/p>\r\n<p>Wenn Sie eine Wildkamera haben oder daran denken, eine zu kaufen, haben wir Modelle, die mit wiederaufladbaren Batterien oder begleitenden Powerbanks und Solarpanels betrieben werden, die den Bedarf an einer gro\u00dfen Anzahl von Batterien, die nach Gebrauch entsorgt werden m\u00fcssen, ersetzen.<\/p>\r\n<p>Lucky Hunter handelt mit Qualit\u00e4tsprodukten, die Jahr f\u00fcr Jahr verwendet werden k\u00f6nnen. Jagdausr\u00fcstung, die lange h\u00e4lt, macht nicht nur mehr Spa\u00df bei der Jagd, sondern weniger Abfall reduziert auch die Belastung unseres Klimas.<\/p>\r\n<\/div>\r\n\n\n\t\t<\/div>\n\t\t\t\t\t<\/div>\n\n\t\n\n\t<div id=\"col-891330434\" class=\"col medium-1 small-12 large-1\"  >\n\t\t\t\t<div class=\"col-inner\"  >\n\t\t\t\n\t\t\t\n\n\n\t\t<\/div>\n\t\t\t\t\t<\/div>\n\n\t\n\n<\/div>\n\n","protected":false},"excerpt":{"rendered":"","protected":false},"author":17864,"featured_media":0,"parent":0,"menu_order":0,"comment_status":"closed","ping_status":"closed","template":"","meta":{"footnotes":""},"yoast_head":"<!-- This site is optimized with the Yoast SEO plugin v24.3 - https:\/\/yoast.com\/wordpress\/plugins\/seo\/ -->\n<title>Klimakompensierte-versendungen - Lucky-Hunter<\/title>\n<meta name=\"robots\" content=\"noindex, follow, max-snippet:-1, max-image-preview:large, max-video-preview:-1\" \/>\n<meta property=\"og:locale\" content=\"de_DE\" \/>\n<meta property=\"og:type\" content=\"article\" \/>\n<meta property=\"og:title\" content=\"Klimakompensierte-versendungen - Lucky-Hunter\" \/>\n<meta property=\"og:url\" content=\"https:\/\/staging.lucky-hunter.com\/de\/klimakompensierte-versendungen\/\" \/>\n<meta property=\"og:site_name\" content=\"Lucky-Hunter\" \/>\n<meta property=\"article:modified_time\" content=\"2023-11-21T14:51:23+00:00\" \/>\n<meta name=\"twitter:card\" content=\"summary_large_image\" \/>\n<meta name=\"twitter:label1\" content=\"Gesch\u00e4tzte Lesezeit\" \/>\n\t<meta name=\"twitter:data1\" content=\"2 Minuten\" \/>\n<script type=\"application\/ld+json\" class=\"yoast-schema-graph\">{\"@context\":\"https:\/\/schema.org\",\"@graph\":[{\"@type\":\"WebPage\",\"@id\":\"https:\/\/staging.lucky-hunter.com\/de\/klimakompensierte-versendungen\/\",\"url\":\"https:\/\/staging.lucky-hunter.com\/de\/klimakompensierte-versendungen\/\",\"name\":\"Klimakompensierte-versendungen - Lucky-Hunter\",\"isPartOf\":{\"@id\":\"https:\/\/staging.lucky-hunter.com\/#website\"},\"datePublished\":\"2023-11-08T11:22:20+00:00\",\"dateModified\":\"2023-11-21T14:51:23+00:00\",\"breadcrumb\":{\"@id\":\"https:\/\/staging.lucky-hunter.com\/de\/klimakompensierte-versendungen\/#breadcrumb\"},\"inLanguage\":\"de-DE\",\"potentialAction\":[{\"@type\":\"ReadAction\",\"target\":[\"https:\/\/staging.lucky-hunter.com\/de\/klimakompensierte-versendungen\/\"]}]},{\"@type\":\"BreadcrumbList\",\"@id\":\"https:\/\/staging.lucky-hunter.com\/de\/klimakompensierte-versendungen\/#breadcrumb\",\"itemListElement\":[{\"@type\":\"ListItem\",\"position\":1,\"name\":\"Home\",\"item\":\"https:\/\/staging.lucky-hunter.com\/de\/\"},{\"@type\":\"ListItem\",\"position\":2,\"name\":\"Klimakompensierte-versendungen\"}]},{\"@type\":\"WebSite\",\"@id\":\"https:\/\/staging.lucky-hunter.com\/#website\",\"url\":\"https:\/\/staging.lucky-hunter.com\/\",\"name\":\"Lucky-Hunter\",\"description\":\"Gear Up or Give Up\",\"potentialAction\":[{\"@type\":\"SearchAction\",\"target\":{\"@type\":\"EntryPoint\",\"urlTemplate\":\"https:\/\/staging.lucky-hunter.com\/?s={search_term_string}\"},\"query-input\":{\"@type\":\"PropertyValueSpecification\",\"valueRequired\":true,\"valueName\":\"search_term_string\"}}],\"inLanguage\":\"de-DE\"}]}<\/script>\n<!-- \/ Yoast SEO plugin. -->","yoast_head_json":{"title":"Klimakompensierte-versendungen - Lucky-Hunter","robots":{"index":"noindex","follow":"follow","max-snippet":"max-snippet:-1","max-image-preview":"max-image-preview:large","max-video-preview":"max-video-preview:-1"},"og_locale":"de_DE","og_type":"article","og_title":"Klimakompensierte-versendungen - Lucky-Hunter","og_url":"https:\/\/staging.lucky-hunter.com\/de\/klimakompensierte-versendungen\/","og_site_name":"Lucky-Hunter","article_modified_time":"2023-11-21T14:51:23+00:00","twitter_card":"summary_large_image","twitter_misc":{"Gesch\u00e4tzte Lesezeit":"2 Minuten"},"schema":{"@context":"https:\/\/schema.org","@graph":[{"@type":"WebPage","@id":"https:\/\/staging.lucky-hunter.com\/de\/klimakompensierte-versendungen\/","url":"https:\/\/staging.lucky-hunter.com\/de\/klimakompensierte-versendungen\/","name":"Klimakompensierte-versendungen - Lucky-Hunter","isPartOf":{"@id":"https:\/\/staging.lucky-hunter.com\/#website"},"datePublished":"2023-11-08T11:22:20+00:00","dateModified":"2023-11-21T14:51:23+00:00","breadcrumb":{"@id":"https:\/\/staging.lucky-hunter.com\/de\/klimakompensierte-versendungen\/#breadcrumb"},"inLanguage":"de-DE","potentialAction":[{"@type":"ReadAction","target":["https:\/\/staging.lucky-hunter.com\/de\/klimakompensierte-versendungen\/"]}]},{"@type":"BreadcrumbList","@id":"https:\/\/staging.lucky-hunter.com\/de\/klimakompensierte-versendungen\/#breadcrumb","itemListElement":[{"@type":"ListItem","position":1,"name":"Home","item":"https:\/\/staging.lucky-hunter.com\/de\/"},{"@type":"ListItem","position":2,"name":"Klimakompensierte-versendungen"}]},{"@type":"WebSite","@id":"https:\/\/staging.lucky-hunter.com\/#website","url":"https:\/\/staging.lucky-hunter.com\/","name":"Lucky-Hunter","description":"Gear Up or Give Up","potentialAction":[{"@type":"SearchAction","target":{"@type":"EntryPoint","urlTemplate":"https:\/\/staging.lucky-hunter.com\/?s={search_term_string}"},"query-input":{"@type":"PropertyValueSpecification","valueRequired":true,"valueName":"search_term_string"}}],"inLanguage":"de-DE"}]}},"_links":{"self":[{"href":"https:\/\/staging.lucky-hunter.com\/de\/wp-json\/wp\/v2\/pages\/65059"}],"collection":[{"href":"https:\/\/staging.lucky-hunter.com\/de\/wp-json\/wp\/v2\/pages"}],"about":[{"href":"https:\/\/staging.lucky-hunter.com\/de\/wp-json\/wp\/v2\/types\/page"}],"author":[{"embeddable":true,"href":"https:\/\/staging.lucky-hunter.com\/de\/wp-json\/wp\/v2\/users\/17864"}],"replies":[{"embeddable":true,"href":"https:\/\/staging.lucky-hunter.com\/de\/wp-json\/wp\/v2\/comments?post=65059"}],"version-history":[{"count":1,"href":"https:\/\/staging.lucky-hunter.com\/de\/wp-json\/wp\/v2\/pages\/65059\/revisions"}],"predecessor-version":[{"id":65060,"href":"https:\/\/staging.lucky-hunter.com\/de\/wp-json\/wp\/v2\/pages\/65059\/revisions\/65060"}],"wp:attachment":[{"href":"https:\/\/staging.lucky-hunter.com\/de\/wp-json\/wp\/v2\/media?parent=65059"}],"curies":[{"name":"wp","href":"https:\/\/api.w.org\/{rel}","templated":true}]}}