{"id":44756,"date":"2016-12-07T15:22:26","date_gmt":"2016-12-07T14:22:26","guid":{"rendered":"https:\/\/staging.lucky-hunter.com\/marken\/"},"modified":"2022-09-22T12:37:32","modified_gmt":"2022-09-22T10:37:32","slug":"marken","status":"publish","type":"page","link":"https:\/\/staging.lucky-hunter.com\/de\/marken\/","title":{"rendered":"Marken"},"content":{"rendered":"\n<div class=\"row\"  id=\"row-1400432894\">\n\n\n\t<div id=\"col-632472986\" class=\"col small-12 large-12\"  >\n\t\t\t\t<div class=\"col-inner\"  >\n\t\t\t\n\t\t\t\n\n<h5 style=\"text-align: center;\"> <\/h5>\n<h2 class=\"uppercase\" style=\"text-align: center;\">MARKEN, DIE WIR LIEBEN<\/h2>\n<p style=\"text-align: left;\">Hier bei Lucky Hunter finden Sie alle gro\u00dfen Jagdmarken und Produkte f\u00fcr viele verschiedene Jagdarten.<\/p>\n<p>Mit mehr als 10 Jahren Erfahrung im Verkauf von Jagdausr\u00fcstung f\u00fcr passionierte J\u00e4ger sind wir auch oft die Ersten auf dem Markt, die neue Produkte einf\u00fchren. So haben Sie die M\u00f6glichkeit, die neueste Jagdausr\u00fcstung in die H\u00e4nde zu bekommen.<\/p>\n\n\t\t<\/div>\n\t\t\t\t\t<\/div>\n\n\t\n\n<\/div>\n<div class=\"row\"  id=\"row-274505978\">\n\n\n\t<div id=\"col-158734491\" class=\"col medium-3 small-6 large-3\"  >\n\t\t\t\t<div class=\"col-inner\"  >\n\t\t\t\n\t\t\t\n\n\t<div class=\"img has-hover x md-x lg-x y md-y lg-y\" id=\"image_1790997447\">\n\t\t<a class=\"\" href=\"https:\/\/staging.lucky-hunter.com\/brand\/avery\/\" >\t\t\t\t\t\t<div class=\"img-inner dark\" >\n\t\t\t<img decoding=\"async\" width=\"600\" height=\"300\" src=\"https:\/\/staging.lucky-hunter.com\/wp-content\/uploads\/2021\/08\/Avery.png\" class=\"attachment-large size-large\" alt=\"\" srcset=\"https:\/\/staging.lucky-hunter.com\/wp-content\/uploads\/2021\/08\/Avery.png 600w, https:\/\/staging.lucky-hunter.com\/wp-content\/uploads\/2021\/08\/Avery-300x150.png 300w\" sizes=\"(max-width: 600px) 100vw, 600px\" \/>\t\t\t\t\t\t\n\t\t\t\t\t<\/div>\n\t\t\t\t\t\t<\/a>\t\t\n<style>\n#image_1790997447 {\n  width: 100%;\n}\n<\/style>\n\t<\/div>\n\t\n\n\n\t\t<\/div>\n\t\t\t\t\t<\/div>\n\n\t\n\n\t<div id=\"col-1567388157\" class=\"col medium-3 small-6 large-3\"  >\n\t\t\t\t<div class=\"col-inner\"  >\n\t\t\t\n\t\t\t\n\n\t<div class=\"img has-hover x md-x lg-x y md-y lg-y\" id=\"image_1024895227\">\n\t\t<a class=\"\" href=\"https:\/\/staging.lucky-hunter.com\/brand\/avian-x\/\" >\t\t\t\t\t\t<div class=\"img-inner dark\" >\n\t\t\t<img decoding=\"async\" width=\"600\" height=\"300\" src=\"https:\/\/staging.lucky-hunter.com\/wp-content\/uploads\/2021\/08\/AvianX.png\" class=\"attachment-large size-large\" alt=\"\" srcset=\"https:\/\/staging.lucky-hunter.com\/wp-content\/uploads\/2021\/08\/AvianX.png 600w, https:\/\/staging.lucky-hunter.com\/wp-content\/uploads\/2021\/08\/AvianX-300x150.png 300w\" sizes=\"(max-width: 600px) 100vw, 600px\" \/>\t\t\t\t\t\t\n\t\t\t\t\t<\/div>\n\t\t\t\t\t\t<\/a>\t\t\n<style>\n#image_1024895227 {\n  width: 100%;\n}\n<\/style>\n\t<\/div>\n\t\n\n\n\t\t<\/div>\n\t\t\t\t\t<\/div>\n\n\t\n\n\t<div id=\"col-442885587\" class=\"col medium-3 small-6 large-3\"  >\n\t\t\t\t<div class=\"col-inner\"  >\n\t\t\t\n\t\t\t\n\n\t<div class=\"img has-hover x md-x lg-x y md-y lg-y\" id=\"image_506441643\">\n\t\t<a class=\"\" href=\"https:\/\/staging.lucky-hunter.com\/brand\/banded\/\" >\t\t\t\t\t\t<div class=\"img-inner dark\" >\n\t\t\t<img decoding=\"async\" width=\"600\" height=\"300\" src=\"https:\/\/staging.lucky-hunter.com\/wp-content\/uploads\/2021\/08\/Banded.png\" class=\"attachment-large size-large\" alt=\"\" srcset=\"https:\/\/staging.lucky-hunter.com\/wp-content\/uploads\/2021\/08\/Banded.png 600w, https:\/\/staging.lucky-hunter.com\/wp-content\/uploads\/2021\/08\/Banded-300x150.png 300w\" sizes=\"(max-width: 600px) 100vw, 600px\" \/>\t\t\t\t\t\t\n\t\t\t\t\t<\/div>\n\t\t\t\t\t\t<\/a>\t\t\n<style>\n#image_506441643 {\n  width: 100%;\n}\n<\/style>\n\t<\/div>\n\t\n\n\n\t\t<\/div>\n\t\t\t\t\t<\/div>\n\n\t\n\n\t<div id=\"col-994782029\" class=\"col medium-3 small-6 large-3\"  >\n\t\t\t\t<div class=\"col-inner\"  >\n\t\t\t\n\t\t\t\n\n\t<div class=\"img has-hover x md-x lg-x y md-y lg-y\" id=\"image_923201788\">\n\t\t<a class=\"\" href=\"https:\/\/staging.lucky-hunter.com\/brand\/beavertail\/\" >\t\t\t\t\t\t<div class=\"img-inner dark\" >\n\t\t\t<img decoding=\"async\" width=\"600\" height=\"300\" src=\"https:\/\/staging.lucky-hunter.com\/wp-content\/uploads\/2021\/08\/Beavertail.png\" class=\"attachment-large size-large\" alt=\"\" srcset=\"https:\/\/staging.lucky-hunter.com\/wp-content\/uploads\/2021\/08\/Beavertail.png 600w, https:\/\/staging.lucky-hunter.com\/wp-content\/uploads\/2021\/08\/Beavertail-300x150.png 300w\" sizes=\"(max-width: 600px) 100vw, 600px\" \/>\t\t\t\t\t\t\n\t\t\t\t\t<\/div>\n\t\t\t\t\t\t<\/a>\t\t\n<style>\n#image_923201788 {\n  width: 100%;\n}\n<\/style>\n\t<\/div>\n\t\n\n\n\t\t<\/div>\n\t\t\t\t\t<\/div>\n\n\t\n\n<\/div>\n<div class=\"row\"  id=\"row-1970838731\">\n\n\n\t<div id=\"col-1790853199\" class=\"col medium-3 small-6 large-3\"  >\n\t\t\t\t<div class=\"col-inner\"  >\n\t\t\t\n\t\t\t\n\n\t<div class=\"img has-hover x md-x lg-x y md-y lg-y\" id=\"image_1715863651\">\n\t\t<a class=\"\" href=\"https:\/\/staging.lucky-hunter.com\/brand\/big-als-silhouette-decoys\/\" >\t\t\t\t\t\t<div class=\"img-inner dark\" >\n\t\t\t<img decoding=\"async\" width=\"600\" height=\"300\" src=\"https:\/\/staging.lucky-hunter.com\/wp-content\/uploads\/2021\/08\/Big-Als-Decoys.png\" class=\"attachment-large size-large\" alt=\"\" srcset=\"https:\/\/staging.lucky-hunter.com\/wp-content\/uploads\/2021\/08\/Big-Als-Decoys.png 600w, https:\/\/staging.lucky-hunter.com\/wp-content\/uploads\/2021\/08\/Big-Als-Decoys-300x150.png 300w\" sizes=\"(max-width: 600px) 100vw, 600px\" \/>\t\t\t\t\t\t\n\t\t\t\t\t<\/div>\n\t\t\t\t\t\t<\/a>\t\t\n<style>\n#image_1715863651 {\n  width: 100%;\n}\n<\/style>\n\t<\/div>\n\t\n\n\n\t\t<\/div>\n\t\t\t\t\t<\/div>\n\n\t\n\n\t<div id=\"col-2005215658\" class=\"col medium-3 small-6 large-3\"  >\n\t\t\t\t<div class=\"col-inner\"  >\n\t\t\t\n\t\t\t\n\n\t<div class=\"img has-hover x md-x lg-x y md-y lg-y\" id=\"image_412027594\">\n\t\t<a class=\"\" href=\"https:\/\/staging.lucky-hunter.com\/brand\/bolyguard\/\" >\t\t\t\t\t\t<div class=\"img-inner dark\" >\n\t\t\t<img decoding=\"async\" width=\"600\" height=\"300\" src=\"https:\/\/staging.lucky-hunter.com\/wp-content\/uploads\/2021\/08\/Bolyguard.png\" class=\"attachment-large size-large\" alt=\"\" srcset=\"https:\/\/staging.lucky-hunter.com\/wp-content\/uploads\/2021\/08\/Bolyguard.png 600w, https:\/\/staging.lucky-hunter.com\/wp-content\/uploads\/2021\/08\/Bolyguard-300x150.png 300w\" sizes=\"(max-width: 600px) 100vw, 600px\" \/>\t\t\t\t\t\t\n\t\t\t\t\t<\/div>\n\t\t\t\t\t\t<\/a>\t\t\n<style>\n#image_412027594 {\n  width: 100%;\n}\n<\/style>\n\t<\/div>\n\t\n\n\n\t\t<\/div>\n\t\t\t\t\t<\/div>\n\n\t\n\n\t<div id=\"col-1821927406\" class=\"col medium-3 small-6 large-3\"  >\n\t\t\t\t<div class=\"col-inner\"  >\n\t\t\t\n\t\t\t\n\n\t<div class=\"img has-hover x md-x lg-x y md-y lg-y\" id=\"image_1942720335\">\n\t\t<a class=\"\" href=\"https:\/\/staging.lucky-hunter.com\/brand\/dangate\/\" >\t\t\t\t\t\t<div class=\"img-inner dark\" >\n\t\t\t<img decoding=\"async\" width=\"600\" height=\"300\" src=\"https:\/\/staging.lucky-hunter.com\/wp-content\/uploads\/2021\/08\/Dangate.png\" class=\"attachment-large size-large\" alt=\"\" srcset=\"https:\/\/staging.lucky-hunter.com\/wp-content\/uploads\/2021\/08\/Dangate.png 600w, https:\/\/staging.lucky-hunter.com\/wp-content\/uploads\/2021\/08\/Dangate-300x150.png 300w\" sizes=\"(max-width: 600px) 100vw, 600px\" \/>\t\t\t\t\t\t\n\t\t\t\t\t<\/div>\n\t\t\t\t\t\t<\/a>\t\t\n<style>\n#image_1942720335 {\n  width: 100%;\n}\n<\/style>\n\t<\/div>\n\t\n\n\n\t\t<\/div>\n\t\t\t\t\t<\/div>\n\n\t\n\n\t<div id=\"col-1439820963\" class=\"col medium-3 small-6 large-3\"  >\n\t\t\t\t<div class=\"col-inner\"  >\n\t\t\t\n\t\t\t\n\n\t<div class=\"img has-hover x md-x lg-x y md-y lg-y\" id=\"image_279657528\">\n\t\t<a class=\"\" href=\"\/?product_brand=dan_thompson\" >\t\t\t\t\t\t<div class=\"img-inner dark\" >\n\t\t\t<img decoding=\"async\" width=\"600\" height=\"300\" src=\"https:\/\/staging.lucky-hunter.com\/wp-content\/uploads\/2021\/08\/Dan-Thompson.png\" class=\"attachment-large size-large\" alt=\"\" srcset=\"https:\/\/staging.lucky-hunter.com\/wp-content\/uploads\/2021\/08\/Dan-Thompson.png 600w, https:\/\/staging.lucky-hunter.com\/wp-content\/uploads\/2021\/08\/Dan-Thompson-300x150.png 300w\" sizes=\"(max-width: 600px) 100vw, 600px\" \/>\t\t\t\t\t\t\n\t\t\t\t\t<\/div>\n\t\t\t\t\t\t<\/a>\t\t\n<style>\n#image_279657528 {\n  width: 100%;\n}\n<\/style>\n\t<\/div>\n\t\n\n\n\t\t<\/div>\n\t\t\t\t\t<\/div>\n\n\t\n\n<\/div>\n<div class=\"row\"  id=\"row-399633880\">\n\n\n\t<div id=\"col-676485484\" class=\"col medium-3 small-6 large-3\"  >\n\t\t\t\t<div class=\"col-inner\"  >\n\t\t\t\n\t\t\t\n\n\t<div class=\"img has-hover x md-x lg-x y md-y lg-y\" id=\"image_1742309761\">\n\t\t<a class=\"\" href=\"https:\/\/staging.lucky-hunter.com\/brand\/do-all-outdoors\/\" >\t\t\t\t\t\t<div class=\"img-inner dark\" >\n\t\t\t<img decoding=\"async\" width=\"600\" height=\"300\" src=\"https:\/\/staging.lucky-hunter.com\/wp-content\/uploads\/2021\/08\/DoAllOutdoors.png\" class=\"attachment-large size-large\" alt=\"\" srcset=\"https:\/\/staging.lucky-hunter.com\/wp-content\/uploads\/2021\/08\/DoAllOutdoors.png 600w, https:\/\/staging.lucky-hunter.com\/wp-content\/uploads\/2021\/08\/DoAllOutdoors-300x150.png 300w\" sizes=\"(max-width: 600px) 100vw, 600px\" \/>\t\t\t\t\t\t\n\t\t\t\t\t<\/div>\n\t\t\t\t\t\t<\/a>\t\t\n<style>\n#image_1742309761 {\n  width: 100%;\n}\n<\/style>\n\t<\/div>\n\t\n\n\n\t\t<\/div>\n\t\t\t\t\t<\/div>\n\n\t\n\n\t<div id=\"col-854455124\" class=\"col medium-3 small-6 large-3\"  >\n\t\t\t\t<div class=\"col-inner\"  >\n\t\t\t\n\t\t\t\n\n\t<div class=\"img has-hover x md-x lg-x y md-y lg-y\" id=\"image_1398369769\">\n\t\t<a class=\"\" href=\"https:\/\/staging.lucky-hunter.com\/brand\/final-approach-waterfowl\/\" >\t\t\t\t\t\t<div class=\"img-inner dark\" >\n\t\t\t<img decoding=\"async\" width=\"600\" height=\"300\" src=\"https:\/\/staging.lucky-hunter.com\/wp-content\/uploads\/2021\/08\/Final-Approach.png\" class=\"attachment-large size-large\" alt=\"\" srcset=\"https:\/\/staging.lucky-hunter.com\/wp-content\/uploads\/2021\/08\/Final-Approach.png 600w, https:\/\/staging.lucky-hunter.com\/wp-content\/uploads\/2021\/08\/Final-Approach-300x150.png 300w\" sizes=\"(max-width: 600px) 100vw, 600px\" \/>\t\t\t\t\t\t\n\t\t\t\t\t<\/div>\n\t\t\t\t\t\t<\/a>\t\t\n<style>\n#image_1398369769 {\n  width: 100%;\n}\n<\/style>\n\t<\/div>\n\t\n\n\n\t\t<\/div>\n\t\t\t\t\t<\/div>\n\n\t\n\n\t<div id=\"col-128386523\" class=\"col medium-3 small-6 large-3\"  >\n\t\t\t\t<div class=\"col-inner\"  >\n\t\t\t\n\t\t\t\n\n\t<div class=\"img has-hover x md-x lg-x y md-y lg-y\" id=\"image_1133238148\">\n\t\t<a class=\"\" href=\"\/?product_brand=ghg_greenhead_gear\" >\t\t\t\t\t\t<div class=\"img-inner dark\" >\n\t\t\t<img decoding=\"async\" width=\"600\" height=\"300\" src=\"https:\/\/staging.lucky-hunter.com\/wp-content\/uploads\/2021\/08\/GHG.png\" class=\"attachment-large size-large\" alt=\"\" srcset=\"https:\/\/staging.lucky-hunter.com\/wp-content\/uploads\/2021\/08\/GHG.png 600w, https:\/\/staging.lucky-hunter.com\/wp-content\/uploads\/2021\/08\/GHG-300x150.png 300w\" sizes=\"(max-width: 600px) 100vw, 600px\" \/>\t\t\t\t\t\t\n\t\t\t\t\t<\/div>\n\t\t\t\t\t\t<\/a>\t\t\n<style>\n#image_1133238148 {\n  width: 100%;\n}\n<\/style>\n\t<\/div>\n\t\n\n\n\t\t<\/div>\n\t\t\t\t\t<\/div>\n\n\t\n\n\t<div id=\"col-249468700\" class=\"col medium-3 small-6 large-3\"  >\n\t\t\t\t<div class=\"col-inner\"  >\n\t\t\t\n\t\t\t\n\n\t<div class=\"img has-hover x md-x lg-x y md-y lg-y\" id=\"image_461909325\">\n\t\t<a class=\"\" href=\"https:\/\/staging.lucky-hunter.com\/brand\/haydels\/\" >\t\t\t\t\t\t<div class=\"img-inner dark\" >\n\t\t\t<img decoding=\"async\" width=\"600\" height=\"300\" src=\"https:\/\/staging.lucky-hunter.com\/wp-content\/uploads\/2021\/08\/Haydels.webp\" class=\"attachment-large size-large\" alt=\"\" srcset=\"https:\/\/staging.lucky-hunter.com\/wp-content\/uploads\/2021\/08\/Haydels.webp 600w, https:\/\/staging.lucky-hunter.com\/wp-content\/uploads\/2021\/08\/Haydels-300x150.webp 300w\" sizes=\"(max-width: 600px) 100vw, 600px\" \/>\t\t\t\t\t\t\n\t\t\t\t\t<\/div>\n\t\t\t\t\t\t<\/a>\t\t\n<style>\n#image_461909325 {\n  width: 100%;\n}\n<\/style>\n\t<\/div>\n\t\n\n\n\t\t<\/div>\n\t\t\t\t\t<\/div>\n\n\t\n\n<\/div>\n<div class=\"row\"  id=\"row-2056576998\">\n\n\n\t<div id=\"col-1632823353\" class=\"col medium-3 small-6 large-3\"  >\n\t\t\t\t<div class=\"col-inner\"  >\n\t\t\t\n\t\t\t\n\n\t<div class=\"img has-hover x md-x lg-x y md-y lg-y\" id=\"image_31150711\">\n\t\t<a class=\"\" href=\"\/?product_brand=lucky_duck\" >\t\t\t\t\t\t<div class=\"img-inner dark\" >\n\t\t\t<img decoding=\"async\" width=\"600\" height=\"300\" src=\"https:\/\/staging.lucky-hunter.com\/wp-content\/uploads\/2021\/08\/Lucky-Duck.png\" class=\"attachment-large size-large\" alt=\"\" srcset=\"https:\/\/staging.lucky-hunter.com\/wp-content\/uploads\/2021\/08\/Lucky-Duck.png 600w, https:\/\/staging.lucky-hunter.com\/wp-content\/uploads\/2021\/08\/Lucky-Duck-300x150.png 300w\" sizes=\"(max-width: 600px) 100vw, 600px\" \/>\t\t\t\t\t\t\n\t\t\t\t\t<\/div>\n\t\t\t\t\t\t<\/a>\t\t\n<style>\n#image_31150711 {\n  width: 100%;\n}\n<\/style>\n\t<\/div>\n\t\n\n\n\t\t<\/div>\n\t\t\t\t\t<\/div>\n\n\t\n\n\t<div id=\"col-702002521\" class=\"col medium-3 small-6 large-3\"  >\n\t\t\t\t<div class=\"col-inner\"  >\n\t\t\t\n\t\t\t\n\n\t<div class=\"img has-hover x md-x lg-x y md-y lg-y\" id=\"image_540985195\">\n\t\t<a class=\"\" href=\"https:\/\/staging.lucky-hunter.com\/brand\/mojo\/\" >\t\t\t\t\t\t<div class=\"img-inner dark\" >\n\t\t\t<img decoding=\"async\" width=\"600\" height=\"300\" src=\"https:\/\/staging.lucky-hunter.com\/wp-content\/uploads\/2021\/08\/Mojo-Outdoors.png\" class=\"attachment-large size-large\" alt=\"\" srcset=\"https:\/\/staging.lucky-hunter.com\/wp-content\/uploads\/2021\/08\/Mojo-Outdoors.png 600w, https:\/\/staging.lucky-hunter.com\/wp-content\/uploads\/2021\/08\/Mojo-Outdoors-300x150.png 300w\" sizes=\"(max-width: 600px) 100vw, 600px\" \/>\t\t\t\t\t\t\n\t\t\t\t\t<\/div>\n\t\t\t\t\t\t<\/a>\t\t\n<style>\n#image_540985195 {\n  width: 100%;\n}\n<\/style>\n\t<\/div>\n\t\n\n\n\t\t<\/div>\n\t\t\t\t\t<\/div>\n\n\t\n\n\t<div id=\"col-1565383633\" class=\"col medium-3 small-6 large-3\"  >\n\t\t\t\t<div class=\"col-inner\"  >\n\t\t\t\n\t\t\t\n\n\t<div class=\"img has-hover x md-x lg-x y md-y lg-y\" id=\"image_1739178974\">\n\t\t<a class=\"\" href=\"\/?product_brand=rigem_right\" >\t\t\t\t\t\t<div class=\"img-inner dark\" >\n\t\t\t<img decoding=\"async\" width=\"600\" height=\"300\" src=\"https:\/\/staging.lucky-hunter.com\/wp-content\/uploads\/2021\/08\/Rig-Em-Right.png\" class=\"attachment-large size-large\" alt=\"\" srcset=\"https:\/\/staging.lucky-hunter.com\/wp-content\/uploads\/2021\/08\/Rig-Em-Right.png 600w, https:\/\/staging.lucky-hunter.com\/wp-content\/uploads\/2021\/08\/Rig-Em-Right-300x150.png 300w\" sizes=\"(max-width: 600px) 100vw, 600px\" \/>\t\t\t\t\t\t\n\t\t\t\t\t<\/div>\n\t\t\t\t\t\t<\/a>\t\t\n<style>\n#image_1739178974 {\n  width: 100%;\n}\n<\/style>\n\t<\/div>\n\t\n\n\n\t\t<\/div>\n\t\t\t\t\t<\/div>\n\n\t\n\n\t<div id=\"col-1860983810\" class=\"col medium-3 small-6 large-3\"  >\n\t\t\t\t<div class=\"col-inner\"  >\n\t\t\t\n\t\t\t\n\n\t<div class=\"img has-hover x md-x lg-x y md-y lg-y\" id=\"image_431698332\">\n\t\t<a class=\"\" href=\"https:\/\/staging.lucky-hunter.com\/brand\/sillosocks\/\" >\t\t\t\t\t\t<div class=\"img-inner dark\" >\n\t\t\t<img decoding=\"async\" width=\"600\" height=\"300\" src=\"https:\/\/staging.lucky-hunter.com\/wp-content\/uploads\/2021\/08\/Sillosocks.png\" class=\"attachment-large size-large\" alt=\"\" srcset=\"https:\/\/staging.lucky-hunter.com\/wp-content\/uploads\/2021\/08\/Sillosocks.png 600w, https:\/\/staging.lucky-hunter.com\/wp-content\/uploads\/2021\/08\/Sillosocks-300x150.png 300w\" sizes=\"(max-width: 600px) 100vw, 600px\" \/>\t\t\t\t\t\t\n\t\t\t\t\t<\/div>\n\t\t\t\t\t\t<\/a>\t\t\n<style>\n#image_431698332 {\n  width: 100%;\n}\n<\/style>\n\t<\/div>\n\t\n\n\n\t\t<\/div>\n\t\t\t\t\t<\/div>\n\n\t\n\n<\/div>\n<div class=\"row\"  id=\"row-1761833871\">\n\n\n\t<div id=\"col-527885912\" class=\"col medium-3 small-6 large-3\"  >\n\t\t\t\t<div class=\"col-inner\"  >\n\t\t\t\n\t\t\t\n\n\t<div class=\"img has-hover x md-x lg-x y md-y lg-y\" id=\"image_1608168064\">\n\t\t<a class=\"\" href=\"https:\/\/staging.lucky-hunter.com\/brand\/spypoint\/\" >\t\t\t\t\t\t<div class=\"img-inner dark\" >\n\t\t\t<img decoding=\"async\" width=\"600\" height=\"300\" src=\"https:\/\/staging.lucky-hunter.com\/wp-content\/uploads\/2021\/08\/Spypoint.png\" class=\"attachment-large size-large\" alt=\"\" srcset=\"https:\/\/staging.lucky-hunter.com\/wp-content\/uploads\/2021\/08\/Spypoint.png 600w, https:\/\/staging.lucky-hunter.com\/wp-content\/uploads\/2021\/08\/Spypoint-300x150.png 300w\" sizes=\"(max-width: 600px) 100vw, 600px\" \/>\t\t\t\t\t\t\n\t\t\t\t\t<\/div>\n\t\t\t\t\t\t<\/a>\t\t\n<style>\n#image_1608168064 {\n  width: 100%;\n}\n<\/style>\n\t<\/div>\n\t\n\n\n\t\t<\/div>\n\t\t\t\t\t<\/div>\n\n\t\n\n\t<div id=\"col-405004378\" class=\"col medium-3 small-6 large-3\"  >\n\t\t\t\t<div class=\"col-inner\"  >\n\t\t\t\n\t\t\t\n\n\t<div class=\"img has-hover x md-x lg-x y md-y lg-y\" id=\"image_1194539607\">\n\t\t<a class=\"\" href=\"\/?product_brand=zink_calls\" >\t\t\t\t\t\t<div class=\"img-inner dark\" >\n\t\t\t<img decoding=\"async\" width=\"600\" height=\"300\" src=\"https:\/\/staging.lucky-hunter.com\/wp-content\/uploads\/2021\/08\/Zink-Calls.png\" class=\"attachment-large size-large\" alt=\"\" srcset=\"https:\/\/staging.lucky-hunter.com\/wp-content\/uploads\/2021\/08\/Zink-Calls.png 600w, https:\/\/staging.lucky-hunter.com\/wp-content\/uploads\/2021\/08\/Zink-Calls-300x150.png 300w\" sizes=\"(max-width: 600px) 100vw, 600px\" \/>\t\t\t\t\t\t\n\t\t\t\t\t<\/div>\n\t\t\t\t\t\t<\/a>\t\t\n<style>\n#image_1194539607 {\n  width: 100%;\n}\n<\/style>\n\t<\/div>\n\t\n\n\n\t\t<\/div>\n\t\t\t\t\t<\/div>\n\n\t\n\n\t<div id=\"col-1456776784\" class=\"col medium-3 small-6 large-3\"  >\n\t\t\t\t<div class=\"col-inner\"  >\n\t\t\t\n\t\t\t\n\n\n\t\t<\/div>\n\t\t\t\t\t<\/div>\n\n\t\n\n\t<div id=\"col-1642536208\" class=\"col medium-3 small-6 large-3\"  >\n\t\t\t\t<div class=\"col-inner\"  >\n\t\t\t\n\t\t\t\n\n\n\t\t<\/div>\n\t\t\t\t\t<\/div>\n\n\t\n\n<\/div>\n\n","protected":false},"excerpt":{"rendered":"","protected":false},"author":1,"featured_media":0,"parent":0,"menu_order":0,"comment_status":"closed","ping_status":"closed","template":"page-blank.php","meta":{"footnotes":""},"yoast_head":"<!-- This site is optimized with the Yoast SEO plugin v24.3 - https:\/\/yoast.com\/wordpress\/plugins\/seo\/ -->\n<title>Marken - Lucky-Hunter<\/title>\n<meta name=\"robots\" content=\"noindex, follow, max-snippet:-1, max-image-preview:large, max-video-preview:-1\" \/>\n<meta property=\"og:locale\" content=\"de_DE\" \/>\n<meta property=\"og:type\" content=\"article\" \/>\n<meta property=\"og:title\" content=\"Marken - Lucky-Hunter\" \/>\n<meta property=\"og:url\" content=\"https:\/\/staging.lucky-hunter.com\/brands\/\" \/>\n<meta property=\"og:site_name\" content=\"Lucky-Hunter\" \/>\n<meta property=\"article:modified_time\" content=\"2022-09-22T10:37:32+00:00\" \/>\n<meta name=\"twitter:card\" content=\"summary_large_image\" \/>\n<meta name=\"twitter:label1\" content=\"Gesch\u00e4tzte Lesezeit\" \/>\n\t<meta name=\"twitter:data1\" content=\"2 Minuten\" \/>\n<script type=\"application\/ld+json\" class=\"yoast-schema-graph\">{\"@context\":\"https:\/\/schema.org\",\"@graph\":[{\"@type\":\"WebPage\",\"@id\":\"https:\/\/staging.lucky-hunter.com\/brands\/\",\"url\":\"https:\/\/staging.lucky-hunter.com\/brands\/\",\"name\":\"Marken - Lucky-Hunter\",\"isPartOf\":{\"@id\":\"https:\/\/staging.lucky-hunter.com\/#website\"},\"datePublished\":\"2016-12-07T14:22:26+00:00\",\"dateModified\":\"2022-09-22T10:37:32+00:00\",\"breadcrumb\":{\"@id\":\"https:\/\/staging.lucky-hunter.com\/brands\/#breadcrumb\"},\"inLanguage\":\"de-DE\",\"potentialAction\":[{\"@type\":\"ReadAction\",\"target\":[\"https:\/\/staging.lucky-hunter.com\/brands\/\"]}]},{\"@type\":\"BreadcrumbList\",\"@id\":\"https:\/\/staging.lucky-hunter.com\/brands\/#breadcrumb\",\"itemListElement\":[{\"@type\":\"ListItem\",\"position\":1,\"name\":\"Home\",\"item\":\"https:\/\/staging.lucky-hunter.com\/de\/\"},{\"@type\":\"ListItem\",\"position\":2,\"name\":\"Marken\"}]},{\"@type\":\"WebSite\",\"@id\":\"https:\/\/staging.lucky-hunter.com\/#website\",\"url\":\"https:\/\/staging.lucky-hunter.com\/\",\"name\":\"Lucky-Hunter\",\"description\":\"Gear Up or Give Up\",\"potentialAction\":[{\"@type\":\"SearchAction\",\"target\":{\"@type\":\"EntryPoint\",\"urlTemplate\":\"https:\/\/staging.lucky-hunter.com\/?s={search_term_string}\"},\"query-input\":{\"@type\":\"PropertyValueSpecification\",\"valueRequired\":true,\"valueName\":\"search_term_string\"}}],\"inLanguage\":\"de-DE\"}]}<\/script>\n<!-- \/ Yoast SEO plugin. -->","yoast_head_json":{"title":"Marken - Lucky-Hunter","robots":{"index":"noindex","follow":"follow","max-snippet":"max-snippet:-1","max-image-preview":"max-image-preview:large","max-video-preview":"max-video-preview:-1"},"og_locale":"de_DE","og_type":"article","og_title":"Marken - Lucky-Hunter","og_url":"https:\/\/staging.lucky-hunter.com\/brands\/","og_site_name":"Lucky-Hunter","article_modified_time":"2022-09-22T10:37:32+00:00","twitter_card":"summary_large_image","twitter_misc":{"Gesch\u00e4tzte Lesezeit":"2 Minuten"},"schema":{"@context":"https:\/\/schema.org","@graph":[{"@type":"WebPage","@id":"https:\/\/staging.lucky-hunter.com\/brands\/","url":"https:\/\/staging.lucky-hunter.com\/brands\/","name":"Marken - Lucky-Hunter","isPartOf":{"@id":"https:\/\/staging.lucky-hunter.com\/#website"},"datePublished":"2016-12-07T14:22:26+00:00","dateModified":"2022-09-22T10:37:32+00:00","breadcrumb":{"@id":"https:\/\/staging.lucky-hunter.com\/brands\/#breadcrumb"},"inLanguage":"de-DE","potentialAction":[{"@type":"ReadAction","target":["https:\/\/staging.lucky-hunter.com\/brands\/"]}]},{"@type":"BreadcrumbList","@id":"https:\/\/staging.lucky-hunter.com\/brands\/#breadcrumb","itemListElement":[{"@type":"ListItem","position":1,"name":"Home","item":"https:\/\/staging.lucky-hunter.com\/de\/"},{"@type":"ListItem","position":2,"name":"Marken"}]},{"@type":"WebSite","@id":"https:\/\/staging.lucky-hunter.com\/#website","url":"https:\/\/staging.lucky-hunter.com\/","name":"Lucky-Hunter","description":"Gear Up or Give Up","potentialAction":[{"@type":"SearchAction","target":{"@type":"EntryPoint","urlTemplate":"https:\/\/staging.lucky-hunter.com\/?s={search_term_string}"},"query-input":{"@type":"PropertyValueSpecification","valueRequired":true,"valueName":"search_term_string"}}],"inLanguage":"de-DE"}]}},"_links":{"self":[{"href":"https:\/\/staging.lucky-hunter.com\/de\/wp-json\/wp\/v2\/pages\/44756"}],"collection":[{"href":"https:\/\/staging.lucky-hunter.com\/de\/wp-json\/wp\/v2\/pages"}],"about":[{"href":"https:\/\/staging.lucky-hunter.com\/de\/wp-json\/wp\/v2\/types\/page"}],"author":[{"embeddable":true,"href":"https:\/\/staging.lucky-hunter.com\/de\/wp-json\/wp\/v2\/users\/1"}],"replies":[{"embeddable":true,"href":"https:\/\/staging.lucky-hunter.com\/de\/wp-json\/wp\/v2\/comments?post=44756"}],"version-history":[{"count":1,"href":"https:\/\/staging.lucky-hunter.com\/de\/wp-json\/wp\/v2\/pages\/44756\/revisions"}],"predecessor-version":[{"id":44757,"href":"https:\/\/staging.lucky-hunter.com\/de\/wp-json\/wp\/v2\/pages\/44756\/revisions\/44757"}],"wp:attachment":[{"href":"https:\/\/staging.lucky-hunter.com\/de\/wp-json\/wp\/v2\/media?parent=44756"}],"curies":[{"name":"wp","href":"https:\/\/api.w.org\/{rel}","templated":true}]}}